{"id":58985,"date":"2026-02-05T13:51:31","date_gmt":"2026-02-05T12:51:31","guid":{"rendered":"https:\/\/ubucha.pl\/bezsen-caffe-latte-250mg-g-woreczki-kofeinowe\/"},"modified":"2026-04-23T09:37:44","modified_gmt":"2026-04-23T07:37:44","slug":"bezsen-caffe-latte-250-mg-g-koffeinbeutel","status":"publish","type":"product","link":"https:\/\/ubucha.pl\/de\/bezsen-caffe-latte-250mg-g-woreczki-kofeinowe\/","title":{"rendered":"Schlaflosigkeit \u2013 Koffeinbeutel f\u00fcr CAF\u00c9 LATTE (250 mg\/g)"},"content":{"rendered":"<h2>SCHLAFLOSIGKEIT \u2013 Caffe Latte: Koffein-Energie im praktischen Beutel<\/h2>\n<p>Tr\u00e4umen Sie von einem morgendlichen Energieschub, der wie Ihr Lieblings-Latte aus dem Caf\u00e9 schmeckt? <strong>SCHLAFLOSIGKEIT \u2013 Caff\u00e8 Latte<\/strong> Es ist die perfekte Mischung aus dem Aroma frisch gemahlenen Kaffees und einer zarten, milchigen S\u00fc\u00dfe, die jeden Schluck zu einem Moment der Entspannung und Belebung macht. Es ist eine sanfte, aber dennoch wirkungsvolle Dosis Koffein, die Sie aufweckt, Ihnen Energie schenkt und Ihre Konzentration verbessert \u2013 ganz ohne unn\u00f6tigen Stress.<\/p>\n<h3>Warum SLEEPLESSNESS \u2013 Caffe Latte w\u00e4hlen?<\/h3>\n<p>Wenn Sie in jeder Situation einen schnellen und nat\u00fcrlichen Energieschub brauchen, ist BEZSEN \u2013 Caffe Latte genau das Richtige f\u00fcr Sie. Dank des praktischen Beutels genie\u00dfen Sie den Geschmack und die Vorteile von Kaffee jederzeit und \u00fcberall. Ob bei der Arbeit, beim Lernen oder in der kurzen Pause \u2013 Ihr Lieblings-Latte ist jetzt immer griffbereit. Er gibt Ihnen Energie, ohne den Magen zu belasten, den herk\u00f6mmlicher Kaffee oft verursacht.<\/p>\n<p>Der feine, cremige Geschmack ist perfekt f\u00fcr alle, die subtile Aromen sch\u00e4tzen und zu starken, bitteren Kaffee nicht m\u00f6gen. SCHLAFLOSIGKEIT \u2013 Caff\u00e8 Latte vereint Genuss und Funktionalit\u00e4t und ist Ihr Verb\u00fcndeter im Kampf gegen morgendliche M\u00fcdigkeit und Konzentrationsschw\u00e4chen.<\/p>\n<h3>Zusammensetzung des Produkts<\/h3>\n<p>Das Produkt besteht aus sorgf\u00e4ltig ausgew\u00e4hlten Zutaten, die einen einzigartigen Geschmack erzeugen und eine optimale Koffeindosis liefern:<\/p>\n<ul>\n<li>Nat\u00fcrlich gemahlener Kaffee<\/li>\n<li>Milchige Aromen und feine Milchzutaten<\/li>\n<li>Koffein in einer pr\u00e4zisen Dosis<\/li>\n<li>Ohne unn\u00f6tige Zusatzstoffe und k\u00fcnstliche Substanzen<\/li>\n<\/ul>\n<h3>Wie verwendet man SLEEPLESSNESS \u2013 Caffe Latte?<\/h3>\n<p>Die Anwendung von BEZSEN \u2013 Caffe Latte ist unglaublich einfach und bequem. Einfach den Beutel in den Mund nehmen, und die Inhaltsstoffe entfalten ihre Wirkung fast sofort. Die perfekte L\u00f6sung, wenn Sie schnell einen Energieschub brauchen, aber keine Zeit f\u00fcr die Zubereitung von herk\u00f6mmlichem Kaffee haben oder keine Lust auf Energy-Drinks mit unangenehmem Geschmack.<\/p>\n<h3>Wichtigste Produktmerkmale<\/h3>\n<table style=\"border-collapse: collapse; width: 100%; max-width: 600px;\" border=\"1\" cellspacing=\"0\" cellpadding=\"8\">\n<thead>\n<tr style=\"background-color: #f2f2f2;\">\n<th>Merkmal<\/th>\n<th>Beschreibung<\/th>\n<\/tr>\n<\/thead>\n<tbody>\n<tr>\n<td>Formular<\/td>\n<td>Koffeinbeutel mit einem Gewicht von 0,6 g<\/td>\n<\/tr>\n<tr>\n<td>Koffeingehalt<\/td>\n<td>Verschiedene Varianten zur Auswahl: 85 mg, 170 mg, 250 mg (derzeit nicht verf\u00fcgbar)<\/td>\n<\/tr>\n<tr>\n<td>Geschmack<\/td>\n<td>Ein delikater Latte mit einem Hauch von milchiger S\u00fc\u00dfe<\/td>\n<\/tr>\n<tr>\n<td>Anmeldung<\/td>\n<td>Schnelle Stimulation und verbesserte Konzentration<\/td>\n<\/tr>\n<tr>\n<td>Zweck<\/td>\n<td>F\u00fcr Erwachsene, die eine praktische Alternative zu Kaffee suchen<\/td>\n<\/tr>\n<\/tbody>\n<\/table>\n<h3>Nutzerbewertungen<\/h3>\n<p>Nutzer sch\u00e4tzen BEZSEN \u2013 Caffe Latte f\u00fcr seine praktische Anwendung und den nat\u00fcrlichen Geschmack. Es liegt nicht schwer im Magen und sorgt gleichzeitig f\u00fcr einen sp\u00fcrbaren Energieschub. Viele Kunden heben hervor, dass es die perfekte Wahl f\u00fcr einen schnellen Energieschub ist, ohne Nervosit\u00e4t oder \u00dcberstimulation auszul\u00f6sen. Die praktischen und einfach zu handhabenden Beutel sind im hektischen Alltag unverzichtbar.<\/p>\n<h3>Zus\u00e4tzliche Informationen und Anleitungen<\/h3>\n<ul>\n<li><strong>Lagerung:<\/strong> Lagern Sie das Produkt an einem k\u00fchlen, trockenen Ort und sch\u00fctzen Sie es vor direkter Sonneneinstrahlung, um Frische und Aroma zu erhalten.<\/li>\n<li><strong>Sicherheit:<\/strong> Dieses Produkt ist nur f\u00fcr Personen \u00fcber 18 Jahren bestimmt. Es wird nicht empfohlen f\u00fcr schwangere oder stillende Frauen oder f\u00fcr Personen mit Koffeinempfindlichkeit.<\/li>\n<li><strong>Anwendungen:<\/strong> Perfekt f\u00fcr Arbeit, Studium, Reisen und als schneller Energieschub vor dem Training oder einer geselligen Zusammenkunft.<\/li>\n<\/ul>\n<h3>Probieren Sie auch die anderen BEZSEN-Sorten.<\/h3>\n<p>Wenn Sie gerne mit Aromen experimentieren, sollten Sie dieses hier unbedingt auch probieren. <em>Schlaflosigkeit Zitronengras<\/em> und <em>Schlaflosigkeit Saurer Apfel<\/em> \u2013 Dies sind gleicherma\u00dfen einzigartige Vorschl\u00e4ge, die Ihre t\u00e4gliche Koffeinzufuhr abwechslungsreicher gestalten werden.<\/p>\n<p>W\u00e4hlen Sie <strong>SCHLAFLOSIGKEIT \u2013 Caff\u00e8 Latte<\/strong> Erleben Sie den Unterschied in Komfort, Geschmack und Wirksamkeit \u2013 alles in einem kleinen Beutel!<\/p>","protected":false},"excerpt":{"rendered":"<p>Schlaflosigkeit \u2013 Caff\u00e8 Latte vereint sanfte, milchige S\u00fc\u00dfe mit der belebenden Wirkung von Koffein. Jede Packung verstr\u00f6mt den Duft frisch gemahlenen Kaffees und entf\u00fchrt Sie gedanklich direkt in Ihr Lieblingscaf\u00e9 \u2013 in einer praktischen, handlichen Verpackung.<\/p>\n<p>Der zarte, cremige Geschmack mit einem deutlichen Koffeinkick ist ideal, um schnell wach zu werden und sich stressfrei zu konzentrieren. Dank der 0,6-g-Packung haben Sie Ihren Lieblingsgeschmack immer griffbereit.<\/p>\n<p>Probieren Sie SLEEPLESSNESS \u2013 Caffe Latte und f\u00fchlen Sie sich wieder energiegeladen. W\u00e4hlen Sie Ihre Koffein-Variante und starten Sie mit einer Portion Genuss und Stimulation in den Tag!<\/p>","protected":false},"featured_media":59094,"comment_status":"open","ping_status":"closed","template":"","meta":{"_acf_changed":false,"_gspb_post_css":"","rank_math_title":"","rank_math_description":"","rank_math_focus_keyword":"","rank_math_facebook_title":"","rank_math_facebook_description":"","rank_math_twitter_title":"","rank_math_twitter_description":""},"product_brand":[500],"product_cat":[339],"product_tag":[],"woo-feed-brand":[],"class_list":{"0":"post-58985","1":"product","2":"type-product","3":"status-publish","4":"has-post-thumbnail","6":"product_brand-bezzer","7":"product_cat-woreczki","9":"first","10":"outofstock","11":"taxable","12":"shipping-taxable","13":"purchasable","14":"product-type-simple"},"ct_brands":[{"id":500,"name":"BEZZER","slug":"bezzer"}],"acf":[],"_links":{"self":[{"href":"https:\/\/ubucha.pl\/de\/wp-json\/wp\/v2\/product\/58985","targetHints":{"allow":["GET"]}}],"collection":[{"href":"https:\/\/ubucha.pl\/de\/wp-json\/wp\/v2\/product"}],"about":[{"href":"https:\/\/ubucha.pl\/de\/wp-json\/wp\/v2\/types\/product"}],"replies":[{"embeddable":true,"href":"https:\/\/ubucha.pl\/de\/wp-json\/wp\/v2\/comments?post=58985"}],"wp:featuredmedia":[{"embeddable":true,"href":"https:\/\/ubucha.pl\/de\/wp-json\/wp\/v2\/media\/59094"}],"wp:attachment":[{"href":"https:\/\/ubucha.pl\/de\/wp-json\/wp\/v2\/media?parent=58985"}],"wp:term":[{"taxonomy":"product_brand","embeddable":true,"href":"https:\/\/ubucha.pl\/de\/wp-json\/wp\/v2\/product_brand?post=58985"},{"taxonomy":"product_cat","embeddable":true,"href":"https:\/\/ubucha.pl\/de\/wp-json\/wp\/v2\/product_cat?post=58985"},{"taxonomy":"product_tag","embeddable":true,"href":"https:\/\/ubucha.pl\/de\/wp-json\/wp\/v2\/product_tag?post=58985"},{"taxonomy":"woo-feed-brand","embeddable":true,"href":"https:\/\/ubucha.pl\/de\/wp-json\/wp\/v2\/woo-feed-brand?post=58985"}],"curies":[{"name":"wp","href":"https:\/\/api.w.org\/{rel}","templated":true}]}}