{"id":58976,"date":"2026-02-05T13:50:50","date_gmt":"2026-02-05T12:50:50","guid":{"rendered":"https:\/\/ubucha.pl\/bezsen-bubble-gum-170mg-g-woreczki-kofeinowe\/"},"modified":"2026-04-29T21:10:35","modified_gmt":"2026-04-29T19:10:35","slug":"schlaflose-kaugummibeutel-mit-170-mg-koffein","status":"publish","type":"product","link":"https:\/\/ubucha.pl\/de\/bezsen-bubble-gum-170mg-g-woreczki-kofeinowe\/","title":{"rendered":"Schlaflosigkeit \u2013 Kaugummi (170 mg\/g) Koffeinbeutel"},"content":{"rendered":"<h2>SLEEPLESSNESS \u2013 Bubble Gum: Energie und der Geschmack von Kaugummi in einem<\/h2>\n<p>Lust auf einen kraftvollen Energieschub auf v\u00f6llig neue und unterhaltsame Art? SLEEPLESSNESS \u2013 Bubble Gum sind innovative Koffeinbeutel, die dich in eine Welt voller unbeschwerter Momente und Spa\u00df entf\u00fchren. Der einzigartige Geschmack von klassischem Kaugummi, bekannt aus der Kindheit, \u00fcberrascht mit seiner S\u00fc\u00dfe und setzt gleichzeitig einen starken Koffeinkick frei. Eine Kombination aus Nostalgie und moderner Energietechnologie \u2013 perfekt f\u00fcr alle, die einen schnellen Energieschub brauchen, ohne zu Kaffee oder Energy-Drinks greifen zu m\u00fcssen.<\/p>\n<h3>Was macht SLEEPLESS \u2013 Bubble Gum so einzigartig?<\/h3>\n<p>Das ist nicht irgendein Koffeinprodukt. <strong>das Wesen der Freude und der Kraft<\/strong> Verpackt in praktischen Beuteln, die Sie immer dabei haben k\u00f6nnen, ist jede Anwendung eine kleine Explosion von Geschmack und Energie, die im K\u00f6rper anh\u00e4lt, Sie wieder auf die Beine bringt und Ihnen erm\u00f6glicht, einen aktiven Tag zu genie\u00dfen.<\/p>\n<h3>Zusammensetzung und Koffeingehalt<\/h3>\n<p>Schlaflosigkeit \u2013 Bubble Gum enth\u00e4lt Koffein in seiner nat\u00fcrlichen Form, pr\u00e4zise dosiert f\u00fcr Energie ohne \u00dcberreizung. Jede T\u00fcte wiegt 0,6 g und enth\u00e4lt satte 85 mg Koffein pro Gramm, was Wirksamkeit und schnelle Stimulation garantiert.<\/p>\n<table style=\"border-collapse: collapse; width: 100%; max-width: 600px;\" border=\"1\" cellspacing=\"0\" cellpadding=\"8\">\n<thead>\n<tr style=\"background-color: #f2f2f2;\">\n<th>Merkmal<\/th>\n<th>Einzelheiten<\/th>\n<\/tr>\n<\/thead>\n<tbody>\n<tr>\n<td>Name des Produkts<\/td>\n<td>Schlaflosigkeit \u2013 Kaugummi<\/td>\n<\/tr>\n<tr>\n<td>Gewicht der Tasche<\/td>\n<td>0,6 g<\/td>\n<\/tr>\n<tr>\n<td>Koffeingehalt<\/td>\n<td>85 mg\/g<\/td>\n<\/tr>\n<tr>\n<td>Geschmack<\/td>\n<td>Kaugummi<\/td>\n<\/tr>\n<tr>\n<td>Zweck<\/td>\n<td>Nat\u00fcrliche Stimulation und Energie in praktischer Form<\/td>\n<\/tr>\n<\/tbody>\n<\/table>\n<h3>Wie verwendet man SLEEPLESSNESS \u2013 Bubble Gum?<\/h3>\n<p>Die Anwendung von SLEEPLESSNESS \u2013 Bubble Gum ist unglaublich einfach und bequem. Nehmen Sie einfach den Beutel aus der Verpackung und legen Sie ihn in den Mund, damit das Koffein langsam freigesetzt wird. Der s\u00fc\u00dfe Kaugummigeschmack sorgt f\u00fcr ein angenehmes Geschmackserlebnis, und der Energieschub durch das Koffein setzt allm\u00e4hlich ein und h\u00e4lt lange an. Es ist eine hervorragende Alternative f\u00fcr alle, die ihre Leistungsf\u00e4higkeit schnell und effektiv steigern m\u00f6chten, ohne auf Kaffee oder Energy-Drinks zur\u00fcckgreifen zu m\u00fcssen.<\/p>\n<h3>Warum SLEEPLESSNESS \u2013 Bubble Gum w\u00e4hlen?<\/h3>\n<p>Suchen Sie ein Produkt, das k\u00f6stlichen Geschmack mit effektiver Wirkung vereint? SLEEPLESSNESS \u2013 Bubble Gum ist die Antwort! Vergessen Sie herk\u00f6mmliche Koffeinformen \u2013 hier bekommen Sie \u2026 <strong>Energie in einer unterhaltsamen und praktischen Form, die Sie immer bei sich haben k\u00f6nnen<\/strong>. Nichts ist so wirkungsvoll wie ein Kindheitsfavorit, jetzt mit dem zus\u00e4tzlichen Vorteil von Koffein f\u00fcr Erwachsene.<\/p>\n<h3>Nutzerbewertungen<\/h3>\n<p>Nutzer loben SLEEPLESSNESS \u2013 Bubble Gum f\u00fcr <em>intensiver Geschmack und schnelle Wirkung<\/em>. Viele sch\u00e4tzen die einfache Anwendung und die Tatsache, dass das Produkt keinen unangenehmen Nachgeschmack oder ein Gef\u00fchl der \u00dcberdosierung hinterl\u00e4sst. Es ist eine hervorragende Wahl f\u00fcr aktive Menschen, die einen schnellen t\u00e4glichen Energieschub ben\u00f6tigen.<\/p>\n<h3>Zus\u00e4tzliche Informationen<\/h3>\n<ul>\n<li><strong>Lagerung:<\/strong> Lagern Sie das Produkt an einem k\u00fchlen, trockenen Ort, fern von W\u00e4rmequellen und direkter Sonneneinstrahlung, um den vollen Geschmack und die Koffeinwirkung zu erhalten.<\/li>\n<li><strong>Sicherheit:<\/strong> Dieses Produkt ist nur f\u00fcr Personen \u00fcber 18 Jahren bestimmt. Die empfohlene Tagesdosis an Koffein darf nicht \u00fcberschritten werden.<\/li>\n<li><strong>Beispiele f\u00fcr die Verwendung:<\/strong> Ideal f\u00fcr Arbeit, Studium, Training oder lange Reisen, wenn Sie einen schnellen und effektiven Energieschub ben\u00f6tigen, ohne auf herk\u00f6mmliche Energy-Drinks zur\u00fcckgreifen zu m\u00fcssen.<\/li>\n<\/ul>\n<p>Erleben Sie noch heute die Freude und Energie von BEZSEN \u2013 Bubble Gum und sehen Sie, wie einfach sich Genuss und Wirksamkeit verbinden lassen!<\/p>","protected":false},"excerpt":{"rendered":"<ul>\n<li>Bezsen Koffeinbeutel \u2013 170 mg\/g Koffein, Gewicht 0,6 g<\/li>\n<li>Nostalgischer Kaugummigeschmack<\/li>\n<li>Schnelle Stimulation \u2013 eine Alternative zu Kaffee und Energy-Drinks<\/li>\n<li>Praktisches Design im Taschenformat \u2013 \u00fcberall einsetzbar<\/li>\n<li>Unterst\u00fctzung f\u00fcr die Konzentration bei der Arbeit oder beim Lernen<\/li>\n<\/ul>","protected":false},"featured_media":59049,"comment_status":"open","ping_status":"closed","template":"","meta":{"_acf_changed":false,"_gspb_post_css":"","rank_math_title":"Bezsen Bubble Gum 170 mg\/g \u2014 woreczki kofeinowe | u Bucha","rank_math_description":"Bezsen Bubble Gum 170 mg\/g \u2014 woreczki kofeinowe o smaku nostalgicznej gumy balonowej. Waga 0,6 g, szybkie pobudzenie bez kawy i napoj\u00f3w energetycznych.","rank_math_focus_keyword":"Bezsen Bubble Gum","rank_math_facebook_title":"Bezsen Bubble Gum \u2014 woreczki kofeinowe 170 mg\/g","rank_math_facebook_description":"Kofeinowe woreczki Bezsen w smaku Bubble Gum \u2014 170 mg\/g, 0,6 g. Szybkie pobudzenie i koncentracja, bez kawy.","rank_math_twitter_title":"Bezsen Bubble Gum 170 mg\/g","rank_math_twitter_description":"Woreczki kofeinowe, smak gumy balonowej. Waga 0,6 g, szybki przyp\u0142yw energii."},"product_brand":[500],"product_cat":[339],"product_tag":[],"woo-feed-brand":[],"class_list":{"0":"post-58976","1":"product","2":"type-product","3":"status-publish","4":"has-post-thumbnail","6":"product_brand-bezzer","7":"product_cat-woreczki","9":"first","10":"instock","11":"taxable","12":"shipping-taxable","13":"purchasable","14":"product-type-simple"},"ct_brands":[{"id":500,"name":"BEZZER","slug":"bezzer"}],"acf":[],"_links":{"self":[{"href":"https:\/\/ubucha.pl\/de\/wp-json\/wp\/v2\/product\/58976","targetHints":{"allow":["GET"]}}],"collection":[{"href":"https:\/\/ubucha.pl\/de\/wp-json\/wp\/v2\/product"}],"about":[{"href":"https:\/\/ubucha.pl\/de\/wp-json\/wp\/v2\/types\/product"}],"replies":[{"embeddable":true,"href":"https:\/\/ubucha.pl\/de\/wp-json\/wp\/v2\/comments?post=58976"}],"wp:featuredmedia":[{"embeddable":true,"href":"https:\/\/ubucha.pl\/de\/wp-json\/wp\/v2\/media\/59049"}],"wp:attachment":[{"href":"https:\/\/ubucha.pl\/de\/wp-json\/wp\/v2\/media?parent=58976"}],"wp:term":[{"taxonomy":"product_brand","embeddable":true,"href":"https:\/\/ubucha.pl\/de\/wp-json\/wp\/v2\/product_brand?post=58976"},{"taxonomy":"product_cat","embeddable":true,"href":"https:\/\/ubucha.pl\/de\/wp-json\/wp\/v2\/product_cat?post=58976"},{"taxonomy":"product_tag","embeddable":true,"href":"https:\/\/ubucha.pl\/de\/wp-json\/wp\/v2\/product_tag?post=58976"},{"taxonomy":"woo-feed-brand","embeddable":true,"href":"https:\/\/ubucha.pl\/de\/wp-json\/wp\/v2\/woo-feed-brand?post=58976"}],"curies":[{"name":"wp","href":"https:\/\/api.w.org\/{rel}","templated":true}]}}