{"id":5862,"date":"2025-09-26T13:45:56","date_gmt":"2025-09-26T11:45:56","guid":{"rendered":"https:\/\/ubucha.pl\/kosmos-susz-konopny-cbda-65-konopny-buch\/"},"modified":"2025-10-20T12:23:16","modified_gmt":"2025-10-20T10:23:16","slug":"cosmos-getrockneter-hanf-cbd-65-hanfbluten","status":"publish","type":"product","link":"https:\/\/ubucha.pl\/de\/kosmos-susz-konopny-cbda-65-konopny-buch\/","title":{"rendered":"Cosmos - CBDA Hanfsamen ~ 6.5% - Hanf Buch"},"content":{"rendered":"<hr class=\"wp-block-separator has-alpha-channel-opacity\" \/>\n\n\n\n<figure class=\"wp-block-embed is-type-video is-provider-youtube wp-block-embed-youtube wp-embed-aspect-16-9 wp-has-aspect-ratio\"><div class=\"wp-block-embed__wrapper\">\n<iframe loading=\"lazy\" title=\"Buchas Raumtrockner im Test\" width=\"1290\" height=\"726\" src=\"https:\/\/www.youtube.com\/embed\/KvjX-cOYHzM?feature=oembed\" frameborder=\"0\" allow=\"accelerometer; autoplay; clipboard-write; encrypted-media; gyroscope; picture-in-picture; web-share\" referrerpolicy=\"strict-origin-when-cross-origin\" allowfullscreen><\/iframe>\n<\/div><\/figure>\n\n\n\n<p class=\"has-text-align-center\"><strong>TERPENE<\/strong><\/p>\n\n\n\n<p class=\"has-text-align-center\">B-Pinen 140<\/p>\n\n\n\n<p class=\"has-text-align-center\">(1S)-(+)-3-Caren &lt;10<\/p>\n\n\n\n<p class=\"has-text-align-center\">D-Limonen 663<\/p>\n\n\n\n<p class=\"has-text-align-center\">p-Cymol &lt;10<\/p>\n\n\n\n<p class=\"has-text-align-center\">A-Terpinolen 26<\/p>\n\n\n\n<p class=\"has-text-align-center\">Linalool 432<\/p>\n\n\n\n<p class=\"has-text-align-center\">(+)-Borneol &lt;10<\/p>\n\n\n\n<p class=\"has-text-align-center\">(1S)-(-)-Campher &lt;10<\/p>\n\n\n\n<p class=\"has-text-align-center\">(-)-alpha-Terpineol 156<\/p>\n\n\n\n<p class=\"has-text-align-center\">Geraniol &lt;10<\/p>\n\n\n\n<p class=\"has-text-align-center\">trans-Caryophyllen 1131<\/p>\n\n\n\n<p class=\"has-text-align-center\">cis-Nerolidol &lt;10<\/p>\n\n\n\n<p class=\"has-text-align-center\">beta-Eudesmol 1002<\/p>\n\n\n\n<p class=\"has-text-align-center\">Phytol 218<\/p>\n\n\n\n<p class=\"has-text-align-center\">Myrcen 526<\/p>\n\n\n\n<figure class=\"wp-block-image aligncenter size-full\"><img decoding=\"async\" src=\"https:\/\/konopnybuch.pl\/wp-content\/uploads\/2022\/07\/kosmos-susz-konopny-cbda-65-konopny-buch.jpg\" alt=\"Cosmos - CBDA Hanfsamen ~ 6.5% - Hanf Buch\" class=\"wp-image-13035\" title=\"Cosmos - CBDA Hanfsamen ~ 6.5% - Hanf Buch\" \/><figcaption><\/figcaption><\/figure>\n\n\n\n<p class=\"has-text-align-center\">\u2014\u2014\u2013<\/p>\n\n\n\n<p class=\"has-text-align-center\"><strong>Qualit\u00e4t<\/strong><\/p>\n\n\n\n<p>Bei Hemp Buch streben wir stets nach h\u00f6chster Qualit\u00e4t. Deshalb sind unsere Produkte zertifiziert: POLISH PRODUCT, BIO Standard, Global GAP, HACCP, GACP \u2013 hier gibt es keinen Raum f\u00fcr Kompromisse.,&nbsp;<a href=\"https:\/\/konopnybuch.pl\/tradzik-leczenie-z-zastosowaniem-konopi-i-cbd\/\" rel=\"nofollow noopener\" target=\"_blank\">Gesundheit<\/a>&nbsp;etwas Heiliges!<\/p>\n\n\n\n<p class=\"has-text-align-center\">\u2014\u2014\u2013<\/p>\n\n\n\n<p class=\"has-text-align-center\"><strong>Detaillierte Informationen:<\/strong><\/p>\n\n\n\n<p>\u2022 Legales Produkt aus zertifiziertem Saatgut, polnischer Produktstandard. Bio-Standard. Global GAP, HACCP, GACP.<br>\u2022&nbsp;<a href=\"https:\/\/konopnybuch.pl\/czy-thc-obniza-poziom-testosteronu\/\" rel=\"nofollow noopener\" target=\"_blank\">THC<\/a>&nbsp;Unterhalb von 0,351 TP3T keine berauschende Wirkung<br>\u2022 100% nat\u00fcrlich, vollst\u00e4ndig zertifiziert<br>\u2022 Manuelle Beschneidung\/Ernte<\/p>\n\n\n\n<p class=\"has-text-align-center\">\u2014\u2014\u2013<\/p>\n\n\n\n<p class=\"has-text-align-center\"><strong>GRATIS \u2013 INTEGRA-BEUTEL!<\/strong>&nbsp;<\/p>\n\n\n\n<p>Wir m\u00f6chten, dass Sie die Qualit\u00e4t und den Geschmack unserer Kr\u00e4uter voll und ganz genie\u00dfen. Deshalb enth\u00e4lt dieses Produkt einen Feuchtigkeitsregulierungsbeutel von Integra. Dieses neue Produkt sorgt daf\u00fcr, dass Ihre Bl\u00fcten lange in hervorragendem Zustand bleiben!<\/p>\n\n\n\n<p>Erh\u00e4ltlich in den Gewichten: 2 g\/4 g\/6 g<\/p>\n\n\n\n<p class=\"has-text-align-center\">\u2014\u2014\u2013<\/p>\n\n\n\n<p>Cannabis Sativa L.<\/p>\n\n\n\n<p>CBD\/CBG-haltiges Kraut ist keine psychoaktive Substanz. Es handelt sich um ein legales Produkt, das in der EU zum Verkauf zugelassen ist.<\/p>\n\n\n\n<p>Dieses Produkt ist zur Verdampfung\/Aromatherapie bestimmt. Nicht zum Rauchen oder Verzehr geeignet.<\/p>\n\n\n\n<p>Sobald die Verpackung ge\u00f6ffnet\/das Siegel gebrochen ist, \u00fcbernehmen wir keine Verantwortung mehr f\u00fcr den Inhalt.<\/p>\n\n\n\n<p>Gem\u00e4\u00df den Bestimmungen der Verordnung (EU) 2015\/2283 des Europ\u00e4ischen Parlaments und des Rates vom 25. November 2015 \u00fcber neuartige Lebensmittel (\u2026) ABl. L 327 vom 11.12.2015, S. 1.) teilen wir Ihnen mit, dass getrocknete Hanfbl\u00fcten bis zur Kl\u00e4rung der Angelegenheit auf EU-Ebene nur zur \u00e4u\u00dferlichen Anwendung bestimmt sind.<\/p>\n\n\n\n<p><\/p>","protected":false},"excerpt":{"rendered":"<p><b><img loading=\"lazy\" decoding=\"async\" class=\"size-full wp-image-12712 alignleft\" src=\"https:\/\/konopnybuch.pl\/wp-content\/uploads\/2022\/06\/silver-cloud-indoor-susz-konopny-cbg-12-konopny-buch.png\" alt=\"\" width=\"32\" height=\"32\" \/>Produkt POLSKI. <br \/><\/b>Standard BIO. Global GAP, HACCP, GACP.<\/p>\n<p>\u015awie\u017cy, \u017cywiczny susz o zawarto\u015bci <strong>THCA &lt; 0.29%<\/strong>. Bogaty w <strong>CBDA<\/strong>: 6,68% i co ciekawe, <strong>posiada a\u017c 0,73% CBGA<\/strong> &#8211; jest to bardzo nietypowa odmiana.<\/p>\n<p>[cg_accordion title=&#8221;Zawarto\u015b\u0107 kannabinoid\u00f3w&#8221;]<\/p>\n<p><strong>THCA<\/strong>: 0,29%<\/p>\n<p><strong>CBDA<\/strong>: 6,68%<\/p>\n<p><strong>CBGA<\/strong>: 0,73%<\/p>\n<p><a href=\"https:\/\/konopnybuch.pl\/wp-content\/uploads\/2022\/06\/Kosmos-\u2013-Susz-Konopny-CBDA-65-\u2013-Konopny-Buch3.pdf\">Zobacz akredytowane badania w formie PDF&#8217;a.<\/a><\/p>\n<p>[\/cg_accordion] [cg_accordion title=&#8221;<strong>GRATIS \u2013 SASZETKA INTEGRA<\/strong>&#8222;]<\/p>\n<p><strong>INTEGRA ochroni przed utrat\u0105 tego co kochasz &#8211; terpen\u00f3w, aromatu oraz efektu smakowego.<\/strong><\/p>\n<p>Dost\u0119pna w gramaturze:<\/p>\n<p>2G\/4G\/6G [\/cg_accordion]<\/p>\n","protected":false},"featured_media":2581,"comment_status":"open","ping_status":"open","template":"","meta":{"_acf_changed":false,"_gspb_post_css":"","rank_math_title":"","rank_math_description":"","rank_math_focus_keyword":"","rank_math_facebook_title":"","rank_math_facebook_description":"","rank_math_twitter_title":"","rank_math_twitter_description":""},"product_brand":[],"product_cat":[110],"product_tag":[],"woo-feed-brand":[],"class_list":{"0":"post-5862","1":"product","2":"type-product","3":"status-publish","4":"has-post-thumbnail","6":"product_cat-susz","8":"first","9":"outofstock","10":"purchasable","11":"product-type-simple"},"ct_brands":[],"acf":[],"_links":{"self":[{"href":"https:\/\/ubucha.pl\/de\/wp-json\/wp\/v2\/product\/5862","targetHints":{"allow":["GET"]}}],"collection":[{"href":"https:\/\/ubucha.pl\/de\/wp-json\/wp\/v2\/product"}],"about":[{"href":"https:\/\/ubucha.pl\/de\/wp-json\/wp\/v2\/types\/product"}],"replies":[{"embeddable":true,"href":"https:\/\/ubucha.pl\/de\/wp-json\/wp\/v2\/comments?post=5862"}],"wp:featuredmedia":[{"embeddable":true,"href":"https:\/\/ubucha.pl\/de\/wp-json\/wp\/v2\/media\/2581"}],"wp:attachment":[{"href":"https:\/\/ubucha.pl\/de\/wp-json\/wp\/v2\/media?parent=5862"}],"wp:term":[{"taxonomy":"product_brand","embeddable":true,"href":"https:\/\/ubucha.pl\/de\/wp-json\/wp\/v2\/product_brand?post=5862"},{"taxonomy":"product_cat","embeddable":true,"href":"https:\/\/ubucha.pl\/de\/wp-json\/wp\/v2\/product_cat?post=5862"},{"taxonomy":"product_tag","embeddable":true,"href":"https:\/\/ubucha.pl\/de\/wp-json\/wp\/v2\/product_tag?post=5862"},{"taxonomy":"woo-feed-brand","embeddable":true,"href":"https:\/\/ubucha.pl\/de\/wp-json\/wp\/v2\/woo-feed-brand?post=5862"}],"curies":[{"name":"wp","href":"https:\/\/api.w.org\/{rel}","templated":true}]}}