{"id":5852,"date":"2025-09-26T13:45:13","date_gmt":"2025-09-26T11:45:13","guid":{"rendered":"https:\/\/ubucha.pl\/hemp-shot-strong-underground-cytryna-ananas-600mg-fs-100ml\/"},"modified":"2026-04-23T12:04:09","modified_gmt":"2026-04-23T10:04:09","slug":"hanf-schuss-stark-untergrund-zitrone-ananas-600mg-fs-100ml","status":"publish","type":"product","link":"https:\/\/ubucha.pl\/de\/hemp-shot-strong-underground-cytryna-ananas-600mg-fs-100ml\/","title":{"rendered":"Hanf Shot Strong Underground (Zitrone-Ananas) - 600mg FS 100ml"},"content":{"rendered":"<h2>Hanf Shot Strong Underground (Zitrone-Ananas) - die nat\u00fcrliche Kraft des Hanfs in einem praktischen Shake<\/h2>\n<p>Suchen Sie nach einem Nahrungserg\u00e4nzungsmittel, das die nat\u00fcrlichen Inhaltsstoffe von Cannabis mit dem erfrischenden Geschmack von Zitrone und Ananas kombiniert? <strong>Hanf Shot Strong Underground (Zitrone-Ananas) 600mg FS 100ml<\/strong> ist ein Produkt, das nur f\u00fcr Sie hergestellt wurde. Es ist ein Hanf-Shot mit einem vollen Spektrum an Phyton\u00e4hrstoffen, der Sie mit bis zu 600 mg nat\u00fcrlichen Flavonoiden, Terpenen und 1725 mg Hanfsamen\u00f6l pro Portion (5 ml) versorgt. Was sind die Vorteile seiner Verwendung? Finden Sie heraus, warum es sich lohnt, es vorr\u00e4tig zu haben!<\/p>\n<h3>Warum zeichnet sich Hemp Shot Strong Underground auf dem Markt aus?<\/h3>\n<p>Dieses Nahrungserg\u00e4nzungsmittel wurde ausschlie\u00dflich aus nat\u00fcrlichen Zutaten von h\u00f6chster Qualit\u00e4t zusammengestellt. Das faserige Hanfsamen\u00f6l enth\u00e4lt das gesamte Spektrum an Phyton\u00e4hrstoffen, die den K\u00f6rper bei der t\u00e4glichen Balance und Regeneration unterst\u00fctzen. Dar\u00fcber hinaus wurde das Produkt mit Vitamin C (16 mg, das 20% RWS* entspricht), L-Theanin (10 mg) und pulverisierten Melissenbl\u00e4ttern (5 mg) angereichert, die eine beruhigende Wirkung auf das Nervensystem haben.<\/p>\n<p>Dar\u00fcber hinaus enth\u00e4lt das Pr\u00e4parat Koffein (32 mg\/100 ml), das die Energie und die Konzentration steigert. F\u00fcr wen ist dieser Shot also geeignet? F\u00fcr Erwachsene, die eine nat\u00fcrliche psycho-physische Unterst\u00fctzung sch\u00e4tzen, ohne dass die Wirkung getr\u00fcbt wird, ideal vor k\u00f6rperlichen und geistigen Aktivit\u00e4ten oder zur Entspannung nach einem anstrengenden Tag.<\/p>\n<h3>Ein Geschmack, der erfrischt und Energie spendet<\/h3>\n<p>Kann ein Hanfshot lecker schmecken? Eindeutig ja! Die Kombination aus saftiger Zitrone und tropischer Ananas erzeugt eine einzigartige, frische und erfrischende Geschmacksnote, die jeden Liebhaber nat\u00fcrlicher Nahrungserg\u00e4nzungsmittel \u00fcberraschen wird. Viele Nutzer betonen, dass der Geschmack perfekt ausgewogen ist - nicht zu s\u00fc\u00df, nicht zu sauer, ideal f\u00fcr den t\u00e4glichen Gebrauch.<\/p>\n<h3>Wie verwendet man Hemp Shot Strong Underground?<\/h3>\n<p>Es wird empfohlen, Folgendes zu konsumieren <strong>5 ml einmal am Tag<\/strong>. Das Produkt wird mit einem praktischen Messbecher geliefert, der die genaue Dosierung erleichtert. Am besten nehmen Sie den Shot auf leichten Magen ein, damit die Wirkstoffe schnell aufgenommen werden und wirken k\u00f6nnen. Die Wirkung tritt in der Regel nach etwa 30 Minuten bis 2 Stunden ein, je nach individueller Veranlagung und k\u00f6rperlicher Verfassung.<\/p>\n<p>Denken Sie daran, die empfohlene Tagesdosis nicht zu \u00fcberschreiten, da ein \u00fcberm\u00e4\u00dfiger Verzehr eine abf\u00fchrende Wirkung haben kann. Dieses Produkt ist nicht f\u00fcr Personen unter 18 Jahren, schwangere Frauen oder w\u00e4hrend der Stillzeit bestimmt.<\/p>\n<h3>Inhaltsstoffe - nat\u00fcrliche Kraft und das gesamte Spektrum der Phyton\u00e4hrstoffe<\/h3>\n<table style=\"border-collapse: collapse;width: 100%;max-width: 600px\" border=\"1\" cellspacing=\"0\" cellpadding=\"8\">\n<thead>\n<tr>\n<th>Komponente<\/th>\n<th>Inhalt pro 100 ml<\/th>\n<th>Beschreibung und Vorteile<\/th>\n<\/tr>\n<\/thead>\n<tbody>\n<tr>\n<td>Wasser<\/td>\n<td>\u2014<\/td>\n<td>Die Basis des Produkts, bietet Leichtigkeit und Frische.<\/td>\n<\/tr>\n<tr>\n<td>Hanfsamen\u00f6l<\/td>\n<td>34,5 g<\/td>\n<td>Quelle wertvoller Omega-Fetts\u00e4uren, volles Spektrum an gesundheitsf\u00f6rdernden Phyton\u00e4hrstoffen.<\/td>\n<\/tr>\n<tr>\n<td>Zucker<\/td>\n<td>\u2014<\/td>\n<td>Es verleiht nat\u00fcrliche S\u00fc\u00dfe und einen angenehmen Geschmack.<\/td>\n<\/tr>\n<tr>\n<td>Apfelsaft<\/td>\n<td>12%<\/td>\n<td>Nat\u00fcrlicher Saft, der den Geschmack und den N\u00e4hrwert verbessert.<\/td>\n<\/tr>\n<tr>\n<td>Birnensaft<\/td>\n<td>11,3%<\/td>\n<td>Zarte S\u00fc\u00dfe und nat\u00fcrliche Frische.<\/td>\n<\/tr>\n<tr>\n<td>Ananas- und Zitronenaroma<\/td>\n<td>\u2014<\/td>\n<td>Nat\u00fcrliche Geschmacksnoten, erfrischend und die sensorischen Eigenschaften verbessernd.<\/td>\n<\/tr>\n<tr>\n<td>L-Ascorbins\u00e4ure (Vitamin C)<\/td>\n<td>16 mg (20% RWS*)<\/td>\n<td>Es ist ein starkes Antioxidans, das die Immunit\u00e4t und die Regeneration des K\u00f6rpers unterst\u00fctzt.<\/td>\n<\/tr>\n<tr>\n<td>L-Theanin<\/td>\n<td>10 mg<\/td>\n<td>Ein Inhaltsstoff mit entspannender und konzentrationsf\u00f6rdernder Wirkung.<\/td>\n<\/tr>\n<tr>\n<td>Pulverisierte Zitronenmelissebl\u00e4tter<\/td>\n<td>5 mg<\/td>\n<td>Es ist ein nat\u00fcrliches Beruhigungsmittel und hilft, Stress und Spannungen abzubauen.<\/td>\n<\/tr>\n<tr>\n<td>Koffein<\/td>\n<td>32 mg\/100 ml<\/td>\n<td>Es verleiht Energie und f\u00f6rdert die geistige Wachheit.<\/td>\n<\/tr>\n<tr>\n<td>Stabilisatoren und Konservierungsmittel<\/td>\n<td>Natriumbenzoat, Kaliumsorbat, Gummis (Xanthan, Akazie, Guar), Zitronens\u00e4ure<\/td>\n<td>Sie gew\u00e4hrleisten die Haltbarkeit und Konsistenz des Produkts.<\/td>\n<\/tr>\n<\/tbody>\n<\/table>\n<h3>N\u00e4hrwert pro 100 ml<\/h3>\n<ul>\n<li>Energiewert: 1461 kJ \/ 354 kcal<\/li>\n<li>Fett: 32,8 g (davon ges\u00e4ttigte Fetts\u00e4uren: 3,3 g)<\/li>\n<li>Kohlenhydrate: 11,8 g (davon Zucker: 11,2 g)<\/li>\n<li>Eiwei\u00df: &lt;0,5 g<\/li>\n<li>Salz: 0 g<\/li>\n<\/ul>\n<h3>Nutzerbewertungen - was sagen sie \u00fcber Hemp Shot Strong Underground?<\/h3>\n<p>Dieser Hanfshot wird von Kunden gelobt, die seine Wirkung und seinen Geschmack loben. Benutzer <em>filip886<\/em> nannte es \u201eden bisher besten Schuss\u201d und betonte seine Wirksamkeit. Pawe\u0142 Guzylak sch\u00e4tzte die Potenz und das Terpenprofil, das deutlich im Geschmack zu sp\u00fcren ist, sowie die stimulierende Wirkung ohne den Muddling-Effekt.<\/p>\n<p>Viele Kunden erw\u00e4hnen, dass das Produkt eine starke Wirkung hat, die sie nach einem anstrengenden Tag schnell wieder auf die Beine bringt, w\u00e4hrend sie sich entspannen und abschalten k\u00f6nnen. Der Zitronen- und Ananasgeschmack wird oft als erfrischend und angenehm beschrieben und macht die t\u00e4gliche Anwendung zu einem angenehmen Ritual.<\/p>\n<h3>Wie bewahre ich Hemp Shot Strong Underground auf und wie verwende ich es sicher?<\/h3>\n<ul>\n<li>Bei Zimmertemperatur an einem trockenen und dunklen Ort aufbewahren.<\/li>\n<li>Nach dem \u00d6ffnen im K\u00fchlschrank aufbewahren und innerhalb von 21 Tagen verbrauchen.<\/li>\n<li>Das Produkt ist nur f\u00fcr Erwachsene (18+) bestimmt.<\/li>\n<li>Nicht in der Schwangerschaft, Stillzeit oder bei Kindern anwenden.<\/li>\n<li>Vermeiden Sie die Kombination mit anderen Produkten, die Koffein enthalten oder \u00e4hnliche Wirkungen haben.<\/li>\n<li>Nicht vor dem Fahren verwenden.<\/li>\n<\/ul>\n<h3>Anwendungsbeispiele - wie kann man sich die Kraft von Cannabis im Alltag zunutze machen?<\/h3>\n<p><strong>Vor k\u00f6rperlicher Aktivit\u00e4t<\/strong> - Der Schuss eignet sich hervorragend zur Stimulierung und Energetisierung, zur Verbesserung von Leistung und Konzentration. <strong>Nach einem anstrengenden Arbeits- oder Studientag<\/strong> - hilft Ihnen, sich zu entspannen, Spannungen und Stress abzubauen, ohne schl\u00e4frig zu werden. <strong>In Momenten der M\u00fcdigkeit und des Energiemangels<\/strong> - schnelle Unterst\u00fctzung f\u00fcr den K\u00f6rper auf nat\u00fcrliche Art und Weise.<\/p>\n<p>Dank der praktischen 100-ml-Flasche und des Spenders l\u00e4sst es sich \u00fcberallhin mitnehmen - zur Arbeit, ins Fitnessstudio oder unterwegs.<\/p>\n<h3>Zusammenfassung<\/h3>\n<p><strong>Hanf Shot Strong Underground (Zitrone-Ananas) 600mg FS 100ml<\/strong> ist ein Nahrungserg\u00e4nzungsmittel, das die nat\u00fcrliche Kraft von Hanf\u00f6l, eine F\u00fclle von Phyton\u00e4hrstoffen, Vitamin C, L-Theanin, Zitronenmelisse und Koffein kombiniert. Sein erfrischender Geschmack und seine wirksame Wirkung machen es zu einem Produkt, das man immer zur Hand haben sollte, wenn man eine nat\u00fcrliche Unterst\u00fctzung f\u00fcr K\u00f6rper und Geist sucht.<\/p>\n<p>Warten Sie nicht, sondern schlie\u00dfen Sie sich den Reihen der zufriedenen Nutzer an und sehen Sie, wie Hemp Shot Ihre t\u00e4gliche Fitness und Ihr Wohlbefinden verbessern kann!<\/p>","protected":false},"excerpt":{"rendered":"<p>Entdecken Sie die Kraft der Natur mit Hemp Shot Strong Underground mit erfrischendem Zitronen- und Ananasgeschmack! Dieser 100ml Shot enth\u00e4lt bis zu 600mg des gesamten Spektrums an Phyton\u00e4hrstoffen, Flavonoiden und Terpenen, um Ihren K\u00f6rper und Geist zu unterst\u00fctzen.<\/p>\n<p>Jede Portion enth\u00e4lt 1725 mg Hanfsamen\u00f6l, 20% RWS Vitamin C, L-Theanin und Zitronenmelisse, die zusammen f\u00fcr nat\u00fcrliche Energie und Entspannung sorgen, ohne dass die Wirkung getr\u00fcbt wird. Perfekt f\u00fcr einen anstrengenden Tag, k\u00f6rperliche Aktivit\u00e4t oder Momente der Entspannung.<\/p>\n<p>Bestellen Sie jetzt und profitieren Sie von der Aktion - sp\u00fcren Sie den Unterschied durch hochwertige Zutaten und au\u00dfergew\u00f6hnlichen Geschmack!<\/p>","protected":false},"featured_media":2567,"comment_status":"open","ping_status":"closed","template":"","meta":{"_acf_changed":false,"_gspb_post_css":""},"product_brand":[],"product_cat":[98],"product_tag":[],"woo-feed-brand":[],"class_list":{"0":"post-5852","1":"product","2":"type-product","3":"status-publish","4":"has-post-thumbnail","6":"product_cat-shoty","8":"first","9":"outofstock","10":"sale","11":"purchasable","12":"product-type-simple"},"ct_brands":[],"acf":[],"_links":{"self":[{"href":"https:\/\/ubucha.pl\/de\/wp-json\/wp\/v2\/product\/5852","targetHints":{"allow":["GET"]}}],"collection":[{"href":"https:\/\/ubucha.pl\/de\/wp-json\/wp\/v2\/product"}],"about":[{"href":"https:\/\/ubucha.pl\/de\/wp-json\/wp\/v2\/types\/product"}],"replies":[{"embeddable":true,"href":"https:\/\/ubucha.pl\/de\/wp-json\/wp\/v2\/comments?post=5852"}],"wp:featuredmedia":[{"embeddable":true,"href":"https:\/\/ubucha.pl\/de\/wp-json\/wp\/v2\/media\/2567"}],"wp:attachment":[{"href":"https:\/\/ubucha.pl\/de\/wp-json\/wp\/v2\/media?parent=5852"}],"wp:term":[{"taxonomy":"product_brand","embeddable":true,"href":"https:\/\/ubucha.pl\/de\/wp-json\/wp\/v2\/product_brand?post=5852"},{"taxonomy":"product_cat","embeddable":true,"href":"https:\/\/ubucha.pl\/de\/wp-json\/wp\/v2\/product_cat?post=5852"},{"taxonomy":"product_tag","embeddable":true,"href":"https:\/\/ubucha.pl\/de\/wp-json\/wp\/v2\/product_tag?post=5852"},{"taxonomy":"woo-feed-brand","embeddable":true,"href":"https:\/\/ubucha.pl\/de\/wp-json\/wp\/v2\/woo-feed-brand?post=5852"}],"curies":[{"name":"wp","href":"https:\/\/api.w.org\/{rel}","templated":true}]}}