{"id":58349,"date":"2026-01-22T14:00:56","date_gmt":"2026-01-22T13:00:56","guid":{"rendered":"https:\/\/ubucha.pl\/euphoria-ultimate-rolling-station-mistyczna-zestaw-9-elementowy-kompletne-rozwiazanie-wszystko-w-jednym\/"},"modified":"2026-04-22T08:42:07","modified_gmt":"2026-04-22T06:42:07","slug":"euphoria-ultimate-rolling-station-mystical-9-teiliges-set-komplettlosung","status":"publish","type":"product","link":"https:\/\/ubucha.pl\/de\/euphoria-ultimate-rolling-station-mistyczna-zestaw-9-elementowy-kompletne-rozwiazanie-wszystko-w-jednym\/","title":{"rendered":"EUPHORIA \u2013 Ultimate Rolling Station \u2013 Mystical (9-teiliges Set) \u2013 die komplette All-in-One-L\u00f6sung\u201e"},"content":{"rendered":"<p><strong>Komplette Rollstation \u2013 Stil, Ordnung und maximale Funktionalit\u00e4t<\/strong><\/p>\n<p>Wir stellen vor: <strong>EUPHORIA Die ultimative Rolling Station \u2013 Mystisch<\/strong> \u2014 eine voll ausgestattete Schraubstation, die die Vorbereitung erleichtert <strong>sauber, schnell und ordentlich<\/strong>. Dank seines durchdachten Designs und seiner unverwechselbaren Grafik <strong>Mystisch<\/strong> diese Verbindungen <strong>Funktionalit\u00e4t gepaart mit einem einzigartigen Look<\/strong>, das im Regal und im t\u00e4glichen Gebrauch hervorsticht.<\/p>\n<p>Dies ist die perfekte L\u00f6sung f\u00fcr alle, die wollen <strong>alles an einem Ort<\/strong> \u2014 kein Durcheinander, keine Kompromisse und kein Suchen nach Werkzeugen in verschiedenen Taschen oder Kisten.<\/p>\n<h3><strong>Was macht Rolling Station EUPHORIA \u2013 Mystical so einzigartig?<\/strong><\/h3>\n<ul>\n<li>\ud83e\uddf0 <strong>Komplettes Set mit 9 Teilen<\/strong> \u2013 Alles, was Sie zum Drehen ben\u00f6tigen, in einem Ger\u00e4t<\/li>\n<li>\ud83d\udccf <strong>Universelle Passform<\/strong> \u2013 Kompatibel mit den g\u00e4ngigen Kegelgr\u00f6\u00dfen 1\u00bc und King Size.<\/li>\n<li>\ud83d\udee0\ufe0f <strong>Robuste Konstruktion<\/strong> \u2013 Metalloberfl\u00e4che und robustes ABS-Geh\u00e4use<\/li>\n<li>\ud83e\uddb5 <strong>Klappbare, stabile Beine<\/strong> \u2013 Gew\u00e4hrleistung von Arbeitskomfort an verschiedenen Orten<\/li>\n<li>\ud83c\udf0c <strong>Design Mystical<\/strong> \u2013 faszinierende Grafiken, die ins Auge fallen und dem Ganzen Charakter verleihen.<\/li>\n<li>\ud83e\uddf9 <strong>Leicht zu reinigen<\/strong> \u2013 Das Set enth\u00e4lt eine B\u00fcrste, um alles sauber zu halten<\/li>\n<\/ul>\n<h3><strong>Setinhalt (9 Artikel)<\/strong><\/h3>\n<ul>\n<li>1 \u00d7 Schraubstation mit Metalloberfl\u00e4che<\/li>\n<li>2 \u00d7 1\u00bc Kegelhalter<\/li>\n<li>2 x King Size Kegelhalter<\/li>\n<li>2 \u00d7 Stecker<\/li>\n<li>1 \u00d7 Manipulationssicherung<\/li>\n<li>1 \u00d7 Reinigungsb\u00fcrste<\/li>\n<\/ul>\n<h3><strong>Spezifikation<\/strong><\/h3>\n<ul>\n<li><strong>Abmessungen:<\/strong> ca. 14 \u00d7 10,5 cm<\/li>\n<li><strong>Materialien:<\/strong> Metall, ABS-Kunststoff<\/li>\n<li><strong>Farbe \/ Muster:<\/strong> Mystisch (mystische, auff\u00e4llige Grafiken)<\/li>\n<li><strong>Zweck:<\/strong> zum Rollen von getrockneten Kr\u00e4utern und Gew\u00fcrzen<\/li>\n<li><strong>Wiederverwendbar<\/strong><\/li>\n<\/ul>\n<p><strong>EUPHORIA Die ultimative Rolling Station \u2013 Mystisch<\/strong> ist die perfekte Wahl f\u00fcr Liebhaber von Rollzubeh\u00f6r, die Wert legen. <strong>Funktionalit\u00e4t, Ordnung und einzigartiger Stil<\/strong> in einem eleganten Set.<\/p>\n<p>&nbsp;<\/p>","protected":false},"excerpt":{"rendered":"<p>Wir stellen vor: <strong>EUPHORIA Die ultimative Rolling Station \u2013 Mystisch<\/strong> \u2014 eine voll ausgestattete Schraubstation, die die Vorbereitung erleichtert <strong>sauber, schnell und ordentlich<\/strong>. Dank seines durchdachten Designs und seiner unverwechselbaren Grafik <strong>Mystisch<\/strong> diese Verbindungen <strong>Funktionalit\u00e4t gepaart mit einem einzigartigen Look<\/strong>, das im Regal und im t\u00e4glichen Gebrauch hervorsticht.<\/p>","protected":false},"featured_media":58412,"comment_status":"open","ping_status":"closed","template":"","meta":{"_acf_changed":false,"_gspb_post_css":""},"product_brand":[133],"product_cat":[468],"product_tag":[],"woo-feed-brand":[],"class_list":{"0":"post-58349","1":"product","2":"type-product","3":"status-publish","4":"has-post-thumbnail","6":"product_brand-euphoria","7":"product_cat-przechowywanie","9":"first","10":"outofstock","11":"taxable","12":"shipping-taxable","13":"purchasable","14":"product-type-simple"},"ct_brands":[{"id":133,"name":"Euphorie","slug":"euphorie"}],"acf":[],"_links":{"self":[{"href":"https:\/\/ubucha.pl\/de\/wp-json\/wp\/v2\/product\/58349","targetHints":{"allow":["GET"]}}],"collection":[{"href":"https:\/\/ubucha.pl\/de\/wp-json\/wp\/v2\/product"}],"about":[{"href":"https:\/\/ubucha.pl\/de\/wp-json\/wp\/v2\/types\/product"}],"replies":[{"embeddable":true,"href":"https:\/\/ubucha.pl\/de\/wp-json\/wp\/v2\/comments?post=58349"}],"wp:featuredmedia":[{"embeddable":true,"href":"https:\/\/ubucha.pl\/de\/wp-json\/wp\/v2\/media\/58412"}],"wp:attachment":[{"href":"https:\/\/ubucha.pl\/de\/wp-json\/wp\/v2\/media?parent=58349"}],"wp:term":[{"taxonomy":"product_brand","embeddable":true,"href":"https:\/\/ubucha.pl\/de\/wp-json\/wp\/v2\/product_brand?post=58349"},{"taxonomy":"product_cat","embeddable":true,"href":"https:\/\/ubucha.pl\/de\/wp-json\/wp\/v2\/product_cat?post=58349"},{"taxonomy":"product_tag","embeddable":true,"href":"https:\/\/ubucha.pl\/de\/wp-json\/wp\/v2\/product_tag?post=58349"},{"taxonomy":"woo-feed-brand","embeddable":true,"href":"https:\/\/ubucha.pl\/de\/wp-json\/wp\/v2\/woo-feed-brand?post=58349"}],"curies":[{"name":"wp","href":"https:\/\/api.w.org\/{rel}","templated":true}]}}