{"id":58343,"date":"2026-01-22T14:00:42","date_gmt":"2026-01-22T13:00:42","guid":{"rendered":"https:\/\/ubucha.pl\/euphoria-ultimate-rolling-station-psychedeliczna-zestaw-9-elementowy-kompletne-rozwiazanie-wszystko-w-jednym\/"},"modified":"2026-04-22T08:41:46","modified_gmt":"2026-04-22T06:41:46","slug":"euphoria-ultimate-psychedelic-rolling-station-9-teiliges-set-komplettlosung","status":"publish","type":"product","link":"https:\/\/ubucha.pl\/de\/euphoria-ultimate-rolling-station-psychedeliczna-zestaw-9-elementowy-kompletne-rozwiazanie-wszystko-w-jednym\/","title":{"rendered":"EUPHORIA \u2013 Ultimate Rolling Station \u2013 Psychedelic (9-teiliges Set) \u2013 die komplette All-in-One-L\u00f6sung\u201e"},"content":{"rendered":"<p><strong>Komplette Rolling Station \u2013 alles in einem, im psychedelischen Stil<\/strong><\/p>\n<p>Erkunden Sie <strong>EUPHORIA Die ultimative Rolling Station \u2013 Psychedelic<\/strong> \u2014 eine voll ausgestattete, kompakte Schraubstation, die kombiniert <strong>Maximale Funktionalit\u00e4t in einem gewagten, psychedelischen Design<\/strong>. Dies ist das perfekte Set f\u00fcr alle, die haben m\u00f6chten <strong>Alle Schraubzubeh\u00f6rteile an einem Ort<\/strong> \u2014 kein Chaos, kein Versch\u00fctten und kein Suchen nach Werkzeugen im ganzen Haus.<\/p>\n<p>Unverwechselbare Grafiken <strong>Psychedelisch<\/strong> Dadurch hebt sich dieses Modell von klassischen Bahnh\u00f6fen ab und f\u00fcgt sich perfekt in moderne, kreative R\u00e4ume ein.<\/p>\n<h3><strong>Warum Rolling Station EUPHORIA \u2013 Psychedelic w\u00e4hlen?<\/strong><\/h3>\n<ul>\n<li>\ud83e\uddf0 <strong>Komplettes 9-in-1-Set<\/strong> \u2013 alle notwendigen Werkzeuge in einem Ger\u00e4t<\/li>\n<li>\ud83d\udccf <strong>Universelle Passform<\/strong> \u2013 kompatibel mit den Gr\u00f6\u00dfen 1\u00bc und King Size<\/li>\n<li>\ud83d\udee0\ufe0f <strong>Robuste Konstruktion<\/strong> \u2013 Metalloberfl\u00e4che und robustes ABS-Geh\u00e4use<\/li>\n<li>\ud83e\uddb5 <strong>Stabile, klappbare Beine<\/strong> \u2013 praktisch f\u00fcr zu Hause und auf Reisen<\/li>\n<li>\ud83c\udfa8 <strong>Psychedelisches Design<\/strong> \u2013 ikonische, farbenfrohe Grafiken, die ins Auge fallen<\/li>\n<li>\ud83e\uddf9 <strong>Leicht zu reinigen<\/strong> \u2013 Eine B\u00fcrste zum Sauberhalten ist im Lieferumfang enthalten.<\/li>\n<\/ul>\n<h3><strong>Setinhalt (9 Artikel)<\/strong><\/h3>\n<ul>\n<li>1 \u00d7 Schraubstation mit Metalloberfl\u00e4che<\/li>\n<li>2 \u00d7 1\u00bc Kegelhalter<\/li>\n<li>2 x King Size Kegelhalter<\/li>\n<li>2 \u00d7 Stecker<\/li>\n<li>1 \u00d7 Manipulationssicherung<\/li>\n<li>1 \u00d7 Reinigungsb\u00fcrste<\/li>\n<\/ul>\n<h3><strong>Spezifikation<\/strong><\/h3>\n<ul>\n<li><strong>Abmessungen:<\/strong> ca. 14 \u00d7 10,5 cm<\/li>\n<li><strong>Materialien:<\/strong> Metall, ABS-Kunststoff<\/li>\n<li><strong>Farbe \/ Muster:<\/strong> Psychedelisch (psychedelische Grafiken)<\/li>\n<li><strong>Zweck:<\/strong> zum Rollen von getrockneten Kr\u00e4utern und Gew\u00fcrzen<\/li>\n<li><strong>Wiederverwendbar<\/strong><\/li>\n<\/ul>\n<p><strong>EUPHORIA Die ultimative Rolling Station \u2013 Psychedelic<\/strong> ist die perfekte Wahl f\u00fcr jeden Fan von stilvollem Rollzubeh\u00f6r, der Wert legt auf <strong>Ordnung, Komfort und einzigartiges Erscheinungsbild<\/strong> in einem kompakten Set.<\/p>\n<p>&nbsp;<\/p>","protected":false},"excerpt":{"rendered":"<h2><strong>EUPHORIA The Ultimate Rolling Station \u2013 Psychedelic (Set mit 9 St\u00fcck)<\/strong><\/h2>\n<p><strong>Komplette Rolling Station \u2013 alles in einem, im psychedelischen Stil<\/strong><\/p>\n<p>Erkunden Sie <strong>EUPHORIA Die ultimative Rolling Station \u2013 Psychedelic<\/strong> \u2014 eine voll ausgestattete, kompakte Schraubstation, die kombiniert <strong>Maximale Funktionalit\u00e4t in einem gewagten, psychedelischen Design<\/strong>. Dies ist das perfekte Set f\u00fcr alle, die haben m\u00f6chten <strong>Alle Schraubzubeh\u00f6rteile an einem Ort<\/strong> \u2014 kein Chaos, kein Versch\u00fctten und kein Suchen nach Werkzeugen im ganzen Haus.<\/p>","protected":false},"featured_media":58417,"comment_status":"open","ping_status":"closed","template":"","meta":{"_acf_changed":false,"_gspb_post_css":""},"product_brand":[133],"product_cat":[468],"product_tag":[],"woo-feed-brand":[],"class_list":{"0":"post-58343","1":"product","2":"type-product","3":"status-publish","4":"has-post-thumbnail","6":"product_brand-euphoria","7":"product_cat-przechowywanie","9":"first","10":"outofstock","11":"taxable","12":"shipping-taxable","13":"purchasable","14":"product-type-simple"},"ct_brands":[{"id":133,"name":"Euphorie","slug":"euphorie"}],"acf":[],"_links":{"self":[{"href":"https:\/\/ubucha.pl\/de\/wp-json\/wp\/v2\/product\/58343","targetHints":{"allow":["GET"]}}],"collection":[{"href":"https:\/\/ubucha.pl\/de\/wp-json\/wp\/v2\/product"}],"about":[{"href":"https:\/\/ubucha.pl\/de\/wp-json\/wp\/v2\/types\/product"}],"replies":[{"embeddable":true,"href":"https:\/\/ubucha.pl\/de\/wp-json\/wp\/v2\/comments?post=58343"}],"wp:featuredmedia":[{"embeddable":true,"href":"https:\/\/ubucha.pl\/de\/wp-json\/wp\/v2\/media\/58417"}],"wp:attachment":[{"href":"https:\/\/ubucha.pl\/de\/wp-json\/wp\/v2\/media?parent=58343"}],"wp:term":[{"taxonomy":"product_brand","embeddable":true,"href":"https:\/\/ubucha.pl\/de\/wp-json\/wp\/v2\/product_brand?post=58343"},{"taxonomy":"product_cat","embeddable":true,"href":"https:\/\/ubucha.pl\/de\/wp-json\/wp\/v2\/product_cat?post=58343"},{"taxonomy":"product_tag","embeddable":true,"href":"https:\/\/ubucha.pl\/de\/wp-json\/wp\/v2\/product_tag?post=58343"},{"taxonomy":"woo-feed-brand","embeddable":true,"href":"https:\/\/ubucha.pl\/de\/wp-json\/wp\/v2\/woo-feed-brand?post=58343"}],"curies":[{"name":"wp","href":"https:\/\/api.w.org\/{rel}","templated":true}]}}