{"id":58136,"date":"2026-01-20T11:22:50","date_gmt":"2026-01-20T10:22:50","guid":{"rendered":"https:\/\/ubucha.pl\/herbata-konopna-spokoj-50g-truskawka-melisa-l-teanina\/"},"modified":"2026-03-13T13:51:21","modified_gmt":"2026-03-13T12:51:21","slug":"hanftee-50g-erdbeere-zitronenmelisse-l-theanin","status":"publish","type":"product","link":"https:\/\/ubucha.pl\/de\/herbata-konopna-spokoj-50g-truskawka-melisa-l-teanina\/","title":{"rendered":"Hanftee PEACE 50g \u2013 Erdbeere &amp; Zitronenmelisse + L-Theanin"},"content":{"rendered":"<h2>Hanftee 50g PEACE \u2013 Erdbeere &amp; Zitronenmelisse + L-Theanin<\/h2>\n<p>Suchen Sie nach einer nat\u00fcrlichen M\u00f6glichkeit, nach einem anstrengenden Tag zu entspannen? SOK\u00d3J Hanftee mit Erdbeer- und Zitronenmelissenaroma ist die perfekte Wahl f\u00fcr alle, die sich nach einem Moment der Ruhe und Entspannung sehnen. Die Kombination aus Hanf, Zitronenmelisse, Hagebutten und einer einzigartigen Dosis L-Theanin ergibt einen Aufguss, der die Nerven beruhigt, Stress abbaut und einen erholsamen Schlaf f\u00f6rdert \u2013 ohne dabei M\u00fcdigkeit oder Schl\u00e4frigkeit zu verursachen.<\/p>\n<h3>Warum lohnt es sich, PEACE-Tee zu w\u00e4hlen?<\/h3>\n<p>Diese einzigartige Mischung ist ein t\u00e4gliches Ritual, das Ihnen einen Moment der Ruhe schenkt, Ihnen hilft, innere Harmonie zu finden und K\u00f6rper und Geist zu entspannen. Ihre Wirkung ist wissenschaftlich belegt, und der fruchtige Erdbeergeschmack mit einem Hauch von Zitronenmelisse macht jede Tasse zu einem wahren Genuss.<\/p>\n<ul>\n<li><strong>F\u00f6rdert die Entspannung und verbessert die Schlafqualit\u00e4t<\/strong> \u2013 perfekt f\u00fcr den Abend oder kurz vor dem Schlafengehen<\/li>\n<li><strong>Reduziert Nervosit\u00e4t und Stress<\/strong>, was dazu beitr\u00e4gt, das emotionale Gleichgewicht wiederzuerlangen<\/li>\n<li><strong>Enth\u00e4lt L-Theanin<\/strong> \u2013 eine nat\u00fcrliche Aminos\u00e4ure in einer Menge von 32 mg pro Portion (2 g), die f\u00fcr ihre entspannenden Eigenschaften ohne M\u00fcdigkeit bekannt ist<\/li>\n<li><strong>Fruchtiger, angenehmer Erdbeer- und Rosengeschmack<\/strong> \u2013 perfekte Balance zwischen Zartheit und S\u00fc\u00dfe<\/li>\n<li><strong>Sanfte Unterst\u00fctzung des Nervensystems mit CBD<\/strong> \u2013 ist in Hanfbl\u00e4ttern enthalten, verbessert das Wohlbefinden und stabilisiert die Stimmung<\/li>\n<\/ul>\n<h3>Inhaltsstoffe \u2013 eine nat\u00fcrliche Zusammensetzung f\u00fcr Ruhe und Regeneration<\/h3>\n<p>Jede einzelne Teezutat wurde sorgf\u00e4ltig ausgew\u00e4hlt, um die anderen zu erg\u00e4nzen und eine harmonische Mischung mit beruhigenden und st\u00e4rkenden Eigenschaften zu schaffen:<\/p>\n<table style=\"border-collapse: collapse; width: 100%; max-width: 600px;\" border=\"1\" cellspacing=\"0\" cellpadding=\"8\">\n<thead>\n<tr>\n<th>Komponente<\/th>\n<th>Beschreibung und Vorteile<\/th>\n<\/tr>\n<\/thead>\n<tbody>\n<tr>\n<td>Hanfbl\u00e4tter (Cannabis Sativa L.)<\/td>\n<td>F\u00f6rderung des Wohlbefindens und nat\u00fcrlicher Ruhe dank des CBD-Gehalts, der auf das Endocannabinoid-System wirkt, das f\u00fcr emotionales Gleichgewicht, Schlaf und Stressreaktion verantwortlich ist.<\/td>\n<\/tr>\n<tr>\n<td>Melissa<\/td>\n<td>Es ist f\u00fcr seine beruhigenden Eigenschaften bekannt und hilft, Spannungen abzubauen und die Schlafqualit\u00e4t durch Beruhigung des Nervensystems zu verbessern.<\/td>\n<\/tr>\n<tr>\n<td>Hagebutte<\/td>\n<td>Als reichhaltige Quelle f\u00fcr Vitamin C unterst\u00fctzt es den K\u00f6rper im Kampf gegen oxidativen Stress, st\u00e4rkt das Immunsystem und f\u00f6rdert die Regeneration.<\/td>\n<\/tr>\n<tr>\n<td>Getrocknete Erdbeeren<\/td>\n<td>Es verleiht dem Aufguss nat\u00fcrliche S\u00fc\u00dfe und Frische und macht ihn dadurch besonders schmackhaft und fruchtig.<\/td>\n<\/tr>\n<tr>\n<td>L-Theanin (32 mg\/Portion)<\/td>\n<td>Eine nat\u00fcrliche Aminos\u00e4ure, die Entspannung f\u00f6rdert, ohne Schl\u00e4frigkeit oder Mattigkeit zu verursachen, und gleichzeitig Konzentration und Stimmung verbessert.<\/td>\n<\/tr>\n<\/tbody>\n<\/table>\n<h3>Wie wendet man PEACE-Tee an?<\/h3>\n<p>M\u00f6chten Sie die Vorteile dieses einzigartigen Aufgusses optimal nutzen? Die Zubereitung ist schnell und einfach \u2013 hier unsere Empfehlung:<\/p>\n<ol>\n<li>Messen Sie 1 Teel\u00f6ffel Tee (ungef\u00e4hr 2 g) ab.<\/li>\n<li>Um die empfindlichen Wirkstoffe nicht zu zerst\u00f6ren, gie\u00dfen Sie hei\u00dfes Wasser mit einer Temperatur von 80\u201385 \u00b0C dar\u00fcber.<\/li>\n<li>Den Aufguss abdecken und 4\u20136 Minuten ziehen lassen, damit sich das volle Aroma und die Inhaltsstoffe entfalten k\u00f6nnen.<\/li>\n<li>Konzentriere dich und genie\u00dfe einen Moment der Ruhe und Entspannung.<\/li>\n<\/ol>\n<p>Der regelm\u00e4\u00dfige Konsum von PEACE-Tee kann die Schlafqualit\u00e4t verbessern, nerv\u00f6se Anspannung reduzieren und ein Gef\u00fchl mentalen Wohlbefindens f\u00f6rdern.<\/p>\n<h3>Sicherheit und Rechtm\u00e4\u00dfigkeit<\/h3>\n<p>SOK\u00d3J-Tee ist ein nat\u00fcrliches, legales Nahrungserg\u00e4nzungsmittel (1001 \u00b5g\/l THC), das alle gesetzlichen Standards der Europ\u00e4ischen Union und Polens erf\u00fcllt. Der THC-Gehalt ist minimal (&lt;0,31 \u00b5g\/l THC), wodurch keine psychoaktiven Wirkungen und eine sichere Anwendung gew\u00e4hrleistet sind. Das Produkt wurde laborgepr\u00fcft; Qualit\u00e4ts- und Zusammensetzungszertifikate sind auf Anfrage erh\u00e4ltlich.<\/p>\n<h3>Nutzerbewertungen<\/h3>\n<p>Kunden loben den SOK\u00d3J-Tee f\u00fcr seine Wirksamkeit beim Stressabbau und der Verbesserung der Schlafqualit\u00e4t sowie f\u00fcr seinen angenehmen, fruchtigen Geschmack, der ihr abendliches Ritual zu etwas Besonderem macht. Viele berichten, dass dieser Tee ihnen ruhigere Abende und fr\u00f6hlichere Morgen beschert.<\/p>\n<h3>Zus\u00e4tzliche Hinweise zur Verwendung und Lagerung<\/h3>\n<ul>\n<li>Bewahren Sie Tee an einem trockenen, schattigen Ort in einem dicht verschlossenen Beh\u00e4lter auf, um Frische und Aroma zu erhalten.<\/li>\n<li>Die empfohlene Tagesdosis darf nicht \u00fcberschritten werden \u2013 das Produkt ist f\u00fcr Erwachsene bestimmt.<\/li>\n<li>PEACE-Tee eignet sich perfekt als Teil eines abendlichen Entspannungsrituals, aber auch als sanfte Methode, um nach einem anstrengenden Tag Stress abzubauen.<\/li>\n<li>Man kann es pur trinken oder mit nat\u00fcrlichem Honig, der den Geschmack verfeinert und zus\u00e4tzlich den Hals beruhigt.<\/li>\n<\/ul>\n<h3>Zusammenfassung \u2013 den Tag in Harmonie ausklingen lassen<\/h3>\n<p>Bestellen Sie den PEACE \u2013 Erdbeer-Zitronenmelisse + L-Theanin Hanftee und g\u00f6nnen Sie sich einen Moment wahrer Entspannung. Dieser Tee ist die ideale Wahl f\u00fcr alle, die Wert auf nat\u00fcrliche Methoden zur Pflege ihrer mentalen und k\u00f6rperlichen Gesundheit legen und den einzigartigen Geschmack von fruchtigem Kr\u00e4utertee genie\u00dfen m\u00f6chten. Entdecken Sie die Kraft von Ruhe und Regeneration in jeder Tasse!<\/p>","protected":false},"excerpt":{"rendered":"<p>Entdecken Sie die Kraft nat\u00fcrlicher Entspannung mit dem Hanftee SOK\u00d3J \u2013 Erdbeere &amp; Zitronenmelisse mit L-Theanin. Diese einzigartige Mischung vereint die positiven Eigenschaften von Hanf, Zitronenmelisse und Hagebutte und f\u00f6rdert Ruhe, Stressabbau und einen erholsamen Schlaf. Der fruchtige Geschmack von Erdbeere und Rose macht jeden Abend zu einem wohltuenden Entspannungsritual.<\/p>\n<p>Dank 32 mg nat\u00fcrlichem L-Theanin pro Portion wirkt dieser Tee beruhigend, ohne M\u00fcdigkeit zu verursachen. Er ist ideal f\u00fcr alle, die nach einem anstrengenden Tag Ruhe und Entspannung suchen. Das Produkt in 100% ist legal, sicher und entspricht h\u00f6chsten Qualit\u00e4tsstandards.<\/p>\n<p>Bestellen Sie noch heute und genie\u00dfen Sie ruhige Abende voller Entspannung und Ausgeglichenheit!<\/p>","protected":false},"featured_media":58135,"comment_status":"open","ping_status":"closed","template":"","meta":{"_acf_changed":false,"_gspb_post_css":"","rank_math_title":"","rank_math_description":"","rank_math_focus_keyword":"","rank_math_facebook_title":"","rank_math_facebook_description":"","rank_math_twitter_title":"","rank_math_twitter_description":""},"product_brand":[499],"product_cat":[308],"product_tag":[],"woo-feed-brand":[],"class_list":{"0":"post-58136","1":"product","2":"type-product","3":"status-publish","4":"has-post-thumbnail","6":"product_brand-bio-canna","7":"product_cat-herbaty","9":"first","10":"outofstock","11":"taxable","12":"shipping-taxable","13":"purchasable","14":"product-type-simple"},"ct_brands":[{"id":499,"name":"Bio-Cannabis","slug":"bio-canna"}],"acf":[],"_links":{"self":[{"href":"https:\/\/ubucha.pl\/de\/wp-json\/wp\/v2\/product\/58136","targetHints":{"allow":["GET"]}}],"collection":[{"href":"https:\/\/ubucha.pl\/de\/wp-json\/wp\/v2\/product"}],"about":[{"href":"https:\/\/ubucha.pl\/de\/wp-json\/wp\/v2\/types\/product"}],"replies":[{"embeddable":true,"href":"https:\/\/ubucha.pl\/de\/wp-json\/wp\/v2\/comments?post=58136"}],"wp:featuredmedia":[{"embeddable":true,"href":"https:\/\/ubucha.pl\/de\/wp-json\/wp\/v2\/media\/58135"}],"wp:attachment":[{"href":"https:\/\/ubucha.pl\/de\/wp-json\/wp\/v2\/media?parent=58136"}],"wp:term":[{"taxonomy":"product_brand","embeddable":true,"href":"https:\/\/ubucha.pl\/de\/wp-json\/wp\/v2\/product_brand?post=58136"},{"taxonomy":"product_cat","embeddable":true,"href":"https:\/\/ubucha.pl\/de\/wp-json\/wp\/v2\/product_cat?post=58136"},{"taxonomy":"product_tag","embeddable":true,"href":"https:\/\/ubucha.pl\/de\/wp-json\/wp\/v2\/product_tag?post=58136"},{"taxonomy":"woo-feed-brand","embeddable":true,"href":"https:\/\/ubucha.pl\/de\/wp-json\/wp\/v2\/woo-feed-brand?post=58136"}],"curies":[{"name":"wp","href":"https:\/\/api.w.org\/{rel}","templated":true}]}}