{"id":58115,"date":"2026-01-20T11:21:56","date_gmt":"2026-01-20T10:21:56","guid":{"rendered":"https:\/\/ubucha.pl\/herbata-konopna-naturalna-20g\/"},"modified":"2026-04-10T17:38:49","modified_gmt":"2026-04-10T15:38:49","slug":"naturlicher-hanftee-20-g","status":"publish","type":"product","link":"https:\/\/ubucha.pl\/de\/herbata-konopna-naturalna-20g\/","title":{"rendered":"Nat\u00fcrlicher Hanftee 20 g"},"content":{"rendered":"<h2>Hanftee 20 g NAT\u00dcRLICH \u2013 Nat\u00fcrliche Balance f\u00fcr K\u00f6rper und Geist<\/h2>\n<p>Suchen Sie nach einer nat\u00fcrlichen M\u00f6glichkeit, Ihre t\u00e4gliche Gesundheit und Ihr Wohlbefinden zu unterst\u00fctzen? NATURAL Hanftee ist ein 100% nat\u00fcrliches Nahrungserg\u00e4nzungsmittel, das aus den hochwertigsten Bl\u00fcten, Bl\u00e4ttern und Samen der Hanfpflanze hergestellt wird (<em>Cannabis Sativa L.<\/em>Dank seines Reichtums an nat\u00fcrlich vorkommenden Cannabinoiden wie CBD, CBDA, CBG, CBN und vielen anderen ist es eine ausgezeichnete Wahl f\u00fcr diejenigen, die eine umfassende Unterst\u00fctzung f\u00fcr das Nervensystem, das Verdauungssystem und das allgemeine Wohlbefinden suchen.<\/p>\n<h3>Welche Vorteile bietet nat\u00fcrlicher Hanftee?<\/h3>\n<p>Wussten Sie, dass Hanftee Ihnen helfen kann, Ihr inneres Gleichgewicht und Ihre innere Ruhe wiederzuerlangen? Dank seiner nat\u00fcrlichen Inhaltsstoffe:<\/p>\n<ul>\n<li>Unterst\u00fctzt die Regeneration des K\u00f6rpers und stellt die nat\u00fcrliche Harmonie wieder her.<\/li>\n<li>Es hilft Ihnen, nach einem stressigen Tag zur Ruhe zu kommen und sich zu entspannen.<\/li>\n<li>Liefert wertvolle Cannabinoide, Terpene und Flavonoide<\/li>\n<li>Unterst\u00fctzt die ordnungsgem\u00e4\u00dfe Funktion des Verdauungssystems und der Gehirnfunktion<\/li>\n<\/ul>\n<h3>Einzigartige Komposition \u2013 der Reichtum der Natur in jeder Tasse<\/h3>\n<p>Was macht unseren Tee so einzigartig? Er enth\u00e4lt ein volles Spektrum an aktiven Inhaltsstoffen direkt aus der Natur, die harmonisch zusammenwirken und Ihren K\u00f6rper auf vielf\u00e4ltige Weise unterst\u00fctzen. Zu den Inhaltsstoffen geh\u00f6ren:<\/p>\n<table style=\"border-collapse: collapse;width: 100%;max-width: 600px\" border=\"1\" cellspacing=\"0\" cellpadding=\"8\">\n<thead>\n<tr style=\"background-color: #f2f2f2\">\n<th>Komponente<\/th>\n<th>Beschreibung und Vorteile<\/th>\n<\/tr>\n<\/thead>\n<tbody>\n<tr>\n<td>Hanfbl\u00fcten und -bl\u00e4tter<\/td>\n<td>Eine Quelle von Cannabinoiden und nat\u00fcrlichen Verbindungen, die das Gleichgewicht des K\u00f6rpers unterst\u00fctzen.<\/td>\n<\/tr>\n<tr>\n<td>Vollst\u00e4ndiges Spektrum an Cannabinoiden (CBD, CBDA, CBG, CBN, CBC, CBGA, THC &lt;0,2%)<\/td>\n<td>Nat\u00fcrliche Wirkstoffe, die auf das Endocannabinoid-System einwirken und so die Immunit\u00e4t, den Schlaf, den Stressabbau und den Appetit unterst\u00fctzen.<\/td>\n<\/tr>\n<tr>\n<td>Omega-3- und Omega-6-Fetts\u00e4uren<\/td>\n<td>Sie unterst\u00fctzen die Gesundheit von Herz und Nervensystem und besitzen entz\u00fcndungshemmende Eigenschaften.<\/td>\n<\/tr>\n<tr>\n<td>Vitamine B und E<\/td>\n<td>Sie st\u00e4rken das Immunsystem und verbessern den Zustand von Haut und Haar.<\/td>\n<\/tr>\n<tr>\n<td>Phenole und Flavonoide<\/td>\n<td>Leistungsstarke Antioxidantien, die die Zellen vor oxidativem Stress sch\u00fctzen.<\/td>\n<\/tr>\n<\/tbody>\n<\/table>\n<h3>Warum Hanftee mit CBD w\u00e4hlen?<\/h3>\n<p>Das in Hanf enthaltene CBD wird aufgrund seiner vielf\u00e4ltigen Wirkungen auf den K\u00f6rper gesch\u00e4tzt. Es unterst\u00fctzt auf nat\u00fcrliche Weise die ordnungsgem\u00e4\u00dfe Funktion des Endocannabinoid-Systems, welches Immunit\u00e4t, Schlaf-Wach-Rhythmus, Stress und Appetit reguliert. Regelm\u00e4\u00dfiger Konsum von Hanftee kann folgende Vorteile bieten:<\/p>\n<ul>\n<li>St\u00e4rkung der nat\u00fcrlichen Immunit\u00e4t und Verringerung des M\u00fcdigkeitsgef\u00fchls.<\/li>\n<li>Eine angenehme, nat\u00fcrliche Erw\u00e4rmung an kalten Tagen<\/li>\n<li>Wohltuend f\u00fcr K\u00f6rper und Geist, perfekt zum Entspannen nach einem anstrengenden Tag<\/li>\n<li>Verbesserung des Wohlbefindens und Unterst\u00fctzung der Regeneration des K\u00f6rpers<\/li>\n<\/ul>\n<h3>Wie bereitet man einen nat\u00fcrlichen Hanftee-Aufguss zu?<\/h3>\n<p>Um die gesundheitlichen Vorteile und das Aroma von Tee voll auszusch\u00f6pfen, befolgen Sie diese einfachen Tipps:<\/p>\n<ol>\n<li>Messen Sie 1 Teel\u00f6ffel (ungef\u00e4hr 2 g getrockneten Hanf) ab.<\/li>\n<li>Gie\u00dfen Sie hei\u00dfes Wasser mit einer Temperatur von 80\u201385 \u00b0C dar\u00fcber \u2013 vermeiden Sie kochendes Wasser, um den Verlust wertvoller Inhaltsstoffe zu verhindern.<\/li>\n<li>Das Gef\u00e4\u00df abdecken und 4\u20136 Minuten ziehen lassen.<\/li>\n<li>Genie\u00dfen Sie nach dem Aufbr\u00fchen das nat\u00fcrliche Aroma und die wohltuende Wirkung des Aufgusses.<\/li>\n<\/ol>\n<p>Die empfohlene Tagesdosis darf nicht \u00fcberschritten werden. Dieses Produkt ist f\u00fcr Erwachsene bestimmt.<\/p>\n<h3>Sicherheit, Legalit\u00e4t und Zertifizierung \u2013 w\u00e4hlen Sie ein bew\u00e4hrtes Produkt<\/h3>\n<p>NATURAL Hemp Tea ist ein vollkommen legales und sicheres Nahrungserg\u00e4nzungsmittel, das alle geltenden gesetzlichen Standards in Polen und der Europ\u00e4ischen Union erf\u00fcllt:<\/p>\n<ul>\n<li>Ein THC-Gehalt unter 0,31 % zeigt keine psychoaktive Wirkung.<\/li>\n<li>Das Produkt wurde strengen Qualit\u00e4tspr\u00fcfungen unterzogen.<\/li>\n<li>Es verf\u00fcgt \u00fcber Zertifikate, die seine Zusammensetzung und Anwendungssicherheit best\u00e4tigen.<\/li>\n<li>100% hat eine nat\u00fcrliche Zusammensetzung und ist frei von k\u00fcnstlichen Zusatzstoffen und Chemikalien.<\/li>\n<\/ul>\n<p>Haben Sie Fragen? Kontaktieren Sie uns, und wir senden Ihnen die vollst\u00e4ndige Dokumentation und die Qualit\u00e4tszertifikate zu.<\/p>\n<h3>Verwendungsm\u00f6glichkeiten von Hanftee \u2013 f\u00fcr welche Anl\u00e4sse eignet er sich ideal?<\/h3>\n<p>Nat\u00fcrlicher Hanftee ist das perfekte Produkt f\u00fcr jede Tageszeit:<\/p>\n<ul>\n<li>Beginnen Sie Ihren Tag mit einer Tasse f\u00fcr nat\u00fcrliche Energie und Unterst\u00fctzung Ihres Nervensystems.<\/li>\n<li>In Momenten der Entspannung nach der Arbeit hilft es Ihnen, zur Ruhe zu kommen und Stress abzubauen.<\/li>\n<li>Ein abendliches Ritual mit Hanftee hilft Ihnen, leichter einzuschlafen und Ihren K\u00f6rper zu regenerieren.<\/li>\n<\/ul>\n<h3>Nutzerbewertungen \u2013 was sagen sie \u00fcber NATURAL Tee?<\/h3>\n<p>Nutzer loben den Tee f\u00fcr seinen milden, ausgewogenen Geschmack und seine ausgepr\u00e4gt entspannende Wirkung. Viele berichten von besserem Schlaf, gesteigertem Wohlbefinden und gr\u00f6\u00dferer Widerstandsf\u00e4higkeit gegen\u00fcber Alltagsstress. Der Tee wird zudem wegen seines koffeinfreien Inhalts und seiner nat\u00fcrlichen Zutaten gesch\u00e4tzt, sodass er bedenkenlos und ohne Nebenwirkungen genossen werden kann.<\/p>\n<h3>Hinweise zur Lagerung und Verwendung<\/h3>\n<ul>\n<li>Trocken, k\u00fchl und vor Sonnenlicht gesch\u00fctzt lagern.<\/li>\n<li>Verschlie\u00dfen Sie die Verpackung nach jedem Gebrauch wieder fest, um Frische und Eigenschaften zu erhalten.<\/li>\n<li>Regelm\u00e4\u00dfige Anwendung sorgt f\u00fcr langfristige gesundheitliche Vorteile.<\/li>\n<\/ul>\n<p>Heute bestellen <strong>Hanftee 20g NAT\u00dcRLICH<\/strong> Entdecken Sie die Kraft der Natur, die K\u00f6rper und Geist t\u00e4glich st\u00e4rkt. G\u00f6nnen Sie sich einen Moment der Ruhe, Ausgeglichenheit und bewussten Gesundheitsf\u00fcrsorge \u2013 ohne Kompromisse!<\/p>","protected":false},"excerpt":{"rendered":"<p>Entdecken Sie die nat\u00fcrliche Kraft von Hanf mit DR JOINT 20g Hanftee! Dieses nat\u00fcrliche Nahrungserg\u00e4nzungsmittel (100%) ist reich an einem vollen Spektrum an Cannabinoiden, darunter CBD, CBDA und CBG, die das Nerven- und Verdauungssystem unterst\u00fctzen und das Wohlbefinden verbessern.<\/p>\n<p>Tee hilft Ihnen, zur Ruhe zu kommen, sich zu entspannen und Ihr Immunsystem zu st\u00e4rken. Er enth\u00e4lt wertvolle Omega-3- und Omega-6-Fetts\u00e4uren, die Vitamine B und E sowie Flavonoide \u2013 eine harmonische Mischung direkt aus der Natur.<\/p>\n<p>Einfach zuzubereiten \u2013 einfach 1 Teel\u00f6ffel mit hei\u00dfem Wasser \u00fcbergie\u00dfen und 4\u20136 Minuten ziehen lassen. Legal, sicher und zertifiziert, ideal f\u00fcr ein t\u00e4gliches Ritual f\u00fcr Gesundheit und Wohlbefinden.<\/p>\n<p>Bestellen Sie noch heute und genie\u00dfen Sie nat\u00fcrliche Unterst\u00fctzung f\u00fcr K\u00f6rper und Geist!<\/p>","protected":false},"featured_media":58114,"comment_status":"open","ping_status":"closed","template":"","meta":{"_acf_changed":false,"_gspb_post_css":"","rank_math_title":"","rank_math_description":"","rank_math_focus_keyword":"","rank_math_facebook_title":"","rank_math_facebook_description":"","rank_math_twitter_title":"","rank_math_twitter_description":""},"product_brand":[499],"product_cat":[308],"product_tag":[],"woo-feed-brand":[],"class_list":{"0":"post-58115","1":"product","2":"type-product","3":"status-publish","4":"has-post-thumbnail","6":"product_brand-bio-canna","7":"product_cat-herbaty","9":"first","10":"outofstock","11":"taxable","12":"shipping-taxable","13":"purchasable","14":"product-type-simple"},"ct_brands":[{"id":499,"name":"Bio-Cannabis","slug":"bio-canna"}],"acf":[],"_links":{"self":[{"href":"https:\/\/ubucha.pl\/de\/wp-json\/wp\/v2\/product\/58115","targetHints":{"allow":["GET"]}}],"collection":[{"href":"https:\/\/ubucha.pl\/de\/wp-json\/wp\/v2\/product"}],"about":[{"href":"https:\/\/ubucha.pl\/de\/wp-json\/wp\/v2\/types\/product"}],"replies":[{"embeddable":true,"href":"https:\/\/ubucha.pl\/de\/wp-json\/wp\/v2\/comments?post=58115"}],"wp:featuredmedia":[{"embeddable":true,"href":"https:\/\/ubucha.pl\/de\/wp-json\/wp\/v2\/media\/58114"}],"wp:attachment":[{"href":"https:\/\/ubucha.pl\/de\/wp-json\/wp\/v2\/media?parent=58115"}],"wp:term":[{"taxonomy":"product_brand","embeddable":true,"href":"https:\/\/ubucha.pl\/de\/wp-json\/wp\/v2\/product_brand?post=58115"},{"taxonomy":"product_cat","embeddable":true,"href":"https:\/\/ubucha.pl\/de\/wp-json\/wp\/v2\/product_cat?post=58115"},{"taxonomy":"product_tag","embeddable":true,"href":"https:\/\/ubucha.pl\/de\/wp-json\/wp\/v2\/product_tag?post=58115"},{"taxonomy":"woo-feed-brand","embeddable":true,"href":"https:\/\/ubucha.pl\/de\/wp-json\/wp\/v2\/woo-feed-brand?post=58115"}],"curies":[{"name":"wp","href":"https:\/\/api.w.org\/{rel}","templated":true}]}}