{"id":5810,"date":"2025-09-26T13:44:15","date_gmt":"2025-09-26T11:44:15","guid":{"rendered":"https:\/\/ubucha.pl\/you-rock-hempshot-80mg-marakuja-cannabis-boys\/"},"modified":"2025-10-20T12:22:07","modified_gmt":"2025-10-20T10:22:07","slug":"sie-rocken-hanfshot-80mg-maracuja-cannabis-jungs","status":"publish","type":"product","link":"https:\/\/ubucha.pl\/de\/you-rock-hempshot-80mg-marakuja-cannabis-boys\/","title":{"rendered":"Sie rocken! HanfShot 80mg Maracuja Cannabis Boys"},"content":{"rendered":"<section class=\"section\">\n<div class=\"item item-12\">\n<h2><strong>Passionsfrucht-Shots \u2013 Hanf-Shot, du bist der Hammer!<\/strong><\/h2>\n<p><span style=\"font-size: revert;color: initial\">Nahrungserg\u00e4nzungsmittel <strong>Du bist spitze!<\/strong> ,\u201dHemp Shot\u201d mit \u201ePassionsfrucht\u201c-Geschmack und zugesetztem Hanf\u00f6l, enth\u00e4lt 80 mg nat\u00fcrliche Phyton\u00e4hrstoffe, Flavonoide und Terpene pro Portion. <a href=\"https:\/\/konopnybuch.pl\/kategoria\/zywnosc\/shoty-konopne\/\" rel=\"nofollow noopener\" target=\"_blank\">,,Schu\u00df<\/a> Hanf\u201d sorgt daf\u00fcr, dass Sie sich erholen und entspannen.<\/span><\/p>\n<\/div>\n<\/section>\n<section class=\"section\">\n<div class=\"item item-12\">\n<section class=\"text-item\"><b>Cannabis-Boys-Produkte werden ausschlie\u00dflich aus nat\u00fcrlichen Zutaten hergestellt.<\/b>Das so gewonnene Hanf\u00f6l enth\u00e4lt das gesamte Spektrum nat\u00fcrlich vorkommender Hanf\u00f6le. Inhalt: 100 ml<\/p>\n<p>Zutaten: Wasser, Zucker, Mangop\u00fcree (20%), Passionsfruchtp\u00fcree (10%), Hanf\u00f6l (5 ml\/100 ml), Stabilisatoren: Xanthan, Gummi arabicum, Guarkernmehl, Aroma, Emulgator: Lecithine (aus Soja), Konservierungsstoffe: Natriumbenzoat, Kaliumsorbat.<\/p>\n<p>Der THC-Gehalt aller Nahrungserg\u00e4nzungsmittel und Produkte, die zum oralen Verzehr bestimmt sind und \u00fcber diese Website verkauft werden, liegt unterhalb der Nachweisgrenze.<\/p>\n<p>Die im Shop enthaltenen Produkte \u00fcberschreiten nicht 0,2% \u03949THC , \u03949THCa , \u03948THC , \u03948THCa<\/p>\n<\/section>\n<\/div>\n<\/section>\n<section class=\"section\">\n<div class=\"item item-12\">\n<section class=\"text-item\"><b>N\u00e4hrwert pro 100 ml:<\/b>Brennwert: 842 kJ \/ 203 kcal Fett: 14,3 g, davon ges\u00e4ttigte Fetts\u00e4uren: 1,4 g<\/p>\n<p>Kohlenhydrate: 16,5 g, davon Zucker: 15,4 g<\/p>\n<p>Eiwei\u00df: &lt;0,5g<\/p>\n<p>Salz: 0 g<\/p>\n<h2>Dosierung und Aufbewahrung<\/h2>\n<ul>\n<li>Empfohlene Dosis 5 ml<\/li>\n<li>Das Produkt enth\u00e4lt etwa 20 Dosen \u00e0 5 ml.<\/li>\n<li>Bei Raumtemperatur an einem trockenen und dunklen Ort au\u00dferhalb der Reichweite von Kindern aufbewahren.<\/li>\n<li>Nach dem \u00d6ffnen im K\u00fchlschrank aufbewahren (Temperatur unter 5 Grad) und innerhalb von 21 Tagen verbrauchen.<\/li>\n<\/ul>\n<\/section>\n<\/div>\n<\/section>","protected":false},"excerpt":{"rendered":"<p><span style=\"font-size: revert;color: initial\">Hemp Shot Nahrungserg\u00e4nzungsmittel mit Passionsfruchtgeschmack und zugesetztem Hanf\u00f6l, enth\u00e4lt 80 mg nat\u00fcrliche Phyton\u00e4hrstoffe, Flavonoide und Terpene pro Portion. <a href=\"https:\/\/konopnybuch.pl\/kategoria\/zywnosc\/shoty-konopne\/\">,,Schu\u00df<\/a> Hanf\u201d sorgt daf\u00fcr, dass Sie sich erholen und entspannen.<\/span><\/p>","protected":false},"featured_media":2485,"comment_status":"open","ping_status":"open","template":"","meta":{"_acf_changed":false,"_gspb_post_css":"","rank_math_title":"","rank_math_description":"","rank_math_focus_keyword":"","rank_math_facebook_title":"","rank_math_facebook_description":"","rank_math_twitter_title":"","rank_math_twitter_description":""},"product_brand":[],"product_cat":[98],"product_tag":[],"woo-feed-brand":[],"class_list":{"0":"post-5810","1":"product","2":"type-product","3":"status-publish","4":"has-post-thumbnail","6":"product_cat-shoty","8":"first","9":"outofstock","10":"purchasable","11":"product-type-simple"},"ct_brands":[],"acf":[],"_links":{"self":[{"href":"https:\/\/ubucha.pl\/de\/wp-json\/wp\/v2\/product\/5810","targetHints":{"allow":["GET"]}}],"collection":[{"href":"https:\/\/ubucha.pl\/de\/wp-json\/wp\/v2\/product"}],"about":[{"href":"https:\/\/ubucha.pl\/de\/wp-json\/wp\/v2\/types\/product"}],"replies":[{"embeddable":true,"href":"https:\/\/ubucha.pl\/de\/wp-json\/wp\/v2\/comments?post=5810"}],"wp:featuredmedia":[{"embeddable":true,"href":"https:\/\/ubucha.pl\/de\/wp-json\/wp\/v2\/media\/2485"}],"wp:attachment":[{"href":"https:\/\/ubucha.pl\/de\/wp-json\/wp\/v2\/media?parent=5810"}],"wp:term":[{"taxonomy":"product_brand","embeddable":true,"href":"https:\/\/ubucha.pl\/de\/wp-json\/wp\/v2\/product_brand?post=5810"},{"taxonomy":"product_cat","embeddable":true,"href":"https:\/\/ubucha.pl\/de\/wp-json\/wp\/v2\/product_cat?post=5810"},{"taxonomy":"product_tag","embeddable":true,"href":"https:\/\/ubucha.pl\/de\/wp-json\/wp\/v2\/product_tag?post=5810"},{"taxonomy":"woo-feed-brand","embeddable":true,"href":"https:\/\/ubucha.pl\/de\/wp-json\/wp\/v2\/woo-feed-brand?post=5810"}],"curies":[{"name":"wp","href":"https:\/\/api.w.org\/{rel}","templated":true}]}}