{"id":58094,"date":"2026-01-20T10:31:23","date_gmt":"2026-01-20T09:31:23","guid":{"rendered":"https:\/\/ubucha.pl\/cannova-30-cbd\/"},"modified":"2026-04-23T09:36:58","modified_gmt":"2026-04-23T07:36:58","slug":"cannova-30-cbd","status":"publish","type":"product","link":"https:\/\/ubucha.pl\/de\/cannova-30-cbd\/","title":{"rendered":"CANNOVA 30% CBD"},"content":{"rendered":"<h2>Cannova 30% Hanf\u00f6l \u2013 Die nat\u00fcrliche Kraft des Hanfs in jedem Tropfen<\/h2>\n<p>Suchen Sie ein Naturprodukt, das Ihre Gesundheit und Ihr Wohlbefinden unterst\u00fctzt? <strong>Cannova 30% Hanf\u00f6l 10 ml<\/strong> Dies ist eine ausgezeichnete Wahl f\u00fcr alle, die Wert auf nat\u00fcrliche und wirksame L\u00f6sungen legen. Dieses \u00d6l mit seiner hohen Konzentration an 30% CBD (Cannabidiol) ist ideal f\u00fcr alle, die die Vorteile von Hanf in ihrer t\u00e4glichen Pflege und Therapie optimal nutzen m\u00f6chten. Haben Sie sich jemals gefragt, warum Hanf\u00f6l immer beliebter wird? Wir erkl\u00e4ren es Ihnen!<\/p>\n<h3>Was macht Cannova 30% Hanf\u00f6l so einzigartig?<\/h3>\n<p>Dieses Hanf\u00f6l ist ein hochkonzentrierter Extrakt mit einem beeindruckenden CBD-Gehalt von 301 % \u2013 einem der wichtigsten Cannabinoide aus Hanf. Dadurch ist es ein wirkungsvolles Produkt, das das Nervensystem unterst\u00fctzen und zur Erhaltung gesunder K\u00f6rperfunktionen beitragen kann. Das \u00d6l ist nat\u00fcrlich und wird aus hochwertigen Rohstoffen gewonnen, was Sicherheit und Wirksamkeit garantiert.<\/p>\n<h3>Welche Vorteile bietet die Verwendung von Cannova 30% \u00d6l?<\/h3>\n<p>Cannova Hanf\u00f6l unterst\u00fctzt nicht nur Ihren K\u00f6rper, sondern verbessert auch Ihre Lebensqualit\u00e4t. Die hohe CBD-Konzentration f\u00f6rdert Entspannung, l\u00f6st Verspannungen und st\u00e4rkt die nat\u00fcrlichen Abwehrkr\u00e4fte des K\u00f6rpers. Es ist ideal f\u00fcr alle, die ihr Wohlbefinden auf nat\u00fcrliche Weise steigern m\u00f6chten \u2013 ganz ohne die psychoaktive Wirkung von THC. Wussten Sie, dass dieses \u00d6l auch f\u00fcr seine entz\u00fcndungshemmenden und antioxidativen Eigenschaften gesch\u00e4tzt wird?<\/p>\n<h3>Zusammensetzung des Produkts<\/h3>\n<table style=\"border-collapse: collapse;width: 100%\" border=\"1\" cellspacing=\"0\" cellpadding=\"8\">\n<thead>\n<tr>\n<th>Komponente<\/th>\n<th>Beschreibung<\/th>\n<\/tr>\n<\/thead>\n<tbody>\n<tr>\n<td>Hanf\u00f6l<\/td>\n<td>Nat\u00fcrlicher Hanfextrakt mit 301 % CBD, THC-frei<\/td>\n<\/tr>\n<tr>\n<td>Tr\u00e4ger\u00f6l<\/td>\n<td>MCT-\u00d6l oder ein anderes nat\u00fcrliches Tr\u00e4ger\u00f6l \u2013 f\u00f6rdert die CBD-Aufnahme<\/td>\n<\/tr>\n<tr>\n<td>Andere Zutaten<\/td>\n<td>Keine synthetischen Zusatzstoffe oder k\u00fcnstlichen Konservierungsstoffe<\/td>\n<\/tr>\n<\/tbody>\n<\/table>\n<h3>Wie verwendet man Cannova 30% Hanf\u00f6l?<\/h3>\n<p>Die Anwendung von Cannova-\u00d6l ist denkbar einfach und bequem. Geben Sie mit der beiliegenden Pipette 1\u20132 Tropfen \u00d6l unter Ihre Zunge und behalten Sie es dort etwa 60 Sekunden lang, damit die Inhaltsstoffe direkt in Ihren Blutkreislauf aufgenommen werden k\u00f6nnen. Es wird empfohlen, das \u00d6l 1\u20132 Mal t\u00e4glich anzuwenden. Am besten passen Sie die Dosis jedoch Ihren individuellen Bed\u00fcrfnissen und Vorlieben an.<\/p>\n<h3>Warum sollte man sich f\u00fcr dieses Hanf\u00f6l entscheiden?<\/h3>\n<p>Suchen Sie ein Produkt, das h\u00f6chste Qualit\u00e4t und Wirksamkeit vereint? Cannova 30% Hanf\u00f6l garantiert Reinheit, Nat\u00fcrlichkeit und Wirksamkeit. Es ist die ideale Wahl f\u00fcr aktive und gestresste Menschen sowie f\u00fcr alle, die ihr allgemeines Wohlbefinden verbessern m\u00f6chten. Das Produkt ist sicher und THC-frei, hat daher keine psychoaktive Wirkung und bietet gleichzeitig ein umfassendes Spektrum an gesundheitlichen Vorteilen.<\/p>\n<h3>Nutzerbewertungen<\/h3>\n<p>Anwender sch\u00e4tzen Cannova 30% \u00d6l f\u00fcr seine Wirksamkeit und einfache Anwendung. Viele berichten von einer deutlichen Verbesserung des Wohlbefindens bereits nach wenigen Tagen regelm\u00e4\u00dfiger Anwendung. Besonders gesch\u00e4tzt werden die nat\u00fcrliche Zusammensetzung und das Fehlen von Nebenwirkungen. Dieses Produkt genie\u00dft das Vertrauen von Einsteigern und erfahrenen Hanf\u00f6l-Anwendern gleicherma\u00dfen.<\/p>\n<h3>Zus\u00e4tzliche Informationen und Anleitungen<\/h3>\n<ul>\n<li><strong>Lagerung:<\/strong> Um die Eigenschaften des \u00d6ls l\u00e4nger zu erhalten, sollte es an einem k\u00fchlen, trockenen Ort, fern von Licht und W\u00e4rmequellen, aufbewahrt werden.<\/li>\n<li><strong>Sicherheit:<\/strong> Das Produkt ist vollkommen nat\u00fcrlich und sicher. Dennoch wird empfohlen, einen Arzt zu konsultieren, wenn Sie schwanger sind, stillen oder Medikamente einnehmen.<\/li>\n<li><strong>Anwendung:<\/strong> Das \u00d6l Cannova 30% kann als nat\u00fcrliche Unterst\u00fctzung in der t\u00e4glichen Gesundheitspflege, als Hilfsmittel zur Entspannung und als Erg\u00e4nzung zu unterst\u00fctzenden Therapien verwendet werden.<\/li>\n<\/ul>\n<p>Vertraue der Natur und w\u00e4hle <strong>Cannova 30% Hanf\u00f6l 10 ml<\/strong> \u2013 die nat\u00fcrliche Kraft von Hanf in einer praktischen Verpackung, die Sie immer griffbereit haben k\u00f6nnen!<\/p>","protected":false},"excerpt":{"rendered":"<p><strong>Cannova 30%, \u00d6l 10 ml<\/strong> ist ein Naturprodukt mit einer hohen Konzentration an Wirkstoffen, ideal f\u00fcr Menschen, die eine effektive und einfach anzuwendende Form der Nahrungserg\u00e4nzung suchen.<\/p>\n<p>Dank seiner \u00f6lhaltigen Formel zieht das Produkt schnell ein und gew\u00e4hrleistet so eine langanhaltende Wirkung und maximale Bioverf\u00fcgbarkeit. Ideal sowohl f\u00fcr die t\u00e4gliche Anwendung als auch als unterst\u00fctzende Behandlung in Situationen, die eine zus\u00e4tzliche medizinische Versorgung erfordern.<\/p>\n<p>Die handliche 10-ml-Flasche macht Cannova zum idealen Begleiter f\u00fcr unterwegs. Entscheiden Sie sich f\u00fcr ein Produkt, das Qualit\u00e4t, Nat\u00fcrlichkeit und Wirksamkeit vereint \u2013 sp\u00fcren Sie den Unterschied noch heute!<\/p>\n<p>Bestellen Sie jetzt und genie\u00dfen Sie die Vorz\u00fcge der Natur in praktischer \u00d6lform.<\/p>","protected":false},"featured_media":58093,"comment_status":"open","ping_status":"closed","template":"","meta":{"_acf_changed":false,"_gspb_post_css":"","rank_math_title":"","rank_math_description":"","rank_math_focus_keyword":"","rank_math_facebook_title":"","rank_math_facebook_description":"","rank_math_twitter_title":"","rank_math_twitter_description":""},"product_brand":[497],"product_cat":[126],"product_tag":[],"woo-feed-brand":[],"class_list":{"0":"post-58094","1":"product","2":"type-product","3":"status-publish","4":"has-post-thumbnail","6":"product_brand-cannova","7":"product_cat-olejki","9":"first","10":"outofstock","11":"taxable","12":"shipping-taxable","13":"purchasable","14":"product-type-simple"},"ct_brands":[{"id":497,"name":"Cannova","slug":"cannova"}],"acf":[],"_links":{"self":[{"href":"https:\/\/ubucha.pl\/de\/wp-json\/wp\/v2\/product\/58094","targetHints":{"allow":["GET"]}}],"collection":[{"href":"https:\/\/ubucha.pl\/de\/wp-json\/wp\/v2\/product"}],"about":[{"href":"https:\/\/ubucha.pl\/de\/wp-json\/wp\/v2\/types\/product"}],"replies":[{"embeddable":true,"href":"https:\/\/ubucha.pl\/de\/wp-json\/wp\/v2\/comments?post=58094"}],"wp:featuredmedia":[{"embeddable":true,"href":"https:\/\/ubucha.pl\/de\/wp-json\/wp\/v2\/media\/58093"}],"wp:attachment":[{"href":"https:\/\/ubucha.pl\/de\/wp-json\/wp\/v2\/media?parent=58094"}],"wp:term":[{"taxonomy":"product_brand","embeddable":true,"href":"https:\/\/ubucha.pl\/de\/wp-json\/wp\/v2\/product_brand?post=58094"},{"taxonomy":"product_cat","embeddable":true,"href":"https:\/\/ubucha.pl\/de\/wp-json\/wp\/v2\/product_cat?post=58094"},{"taxonomy":"product_tag","embeddable":true,"href":"https:\/\/ubucha.pl\/de\/wp-json\/wp\/v2\/product_tag?post=58094"},{"taxonomy":"woo-feed-brand","embeddable":true,"href":"https:\/\/ubucha.pl\/de\/wp-json\/wp\/v2\/woo-feed-brand?post=58094"}],"curies":[{"name":"wp","href":"https:\/\/api.w.org\/{rel}","templated":true}]}}