{"id":5808,"date":"2025-09-26T13:44:15","date_gmt":"2025-09-26T11:44:15","guid":{"rendered":"https:\/\/ubucha.pl\/poduszka-joint-gibon-xxl-rollajohn-the-big-j\/"},"modified":"2026-05-10T03:16:07","modified_gmt":"2026-05-10T01:16:07","slug":"pillow-joint-gibbon-xxl-rollajohn-the-big-j","status":"publish","type":"product","link":"https:\/\/ubucha.pl\/de\/poduszka-joint-gibon-xxl-rollajohn-the-big-j\/","title":{"rendered":"JOINT Gibbon-Kissen XXL RollaJohn The Big J"},"content":{"rendered":"<section class=\"section\">\n<div class=\"item item-6\">\n<section class=\"text-item\">\n<h1>BIG J Blunt Kissen von RollaJohn<\/h1>\n<p>Einzigartig und das gr\u00f6\u00dfte <strong>ein Kissen in Form eines stumpfen<\/strong>! <b>Gelenkkissen\u00a0<\/b>Das Produkt von RollaJohn ist perfekt \u2013 praktisch, unterhaltsam, einzigartig und von hoher Qualit\u00e4t!<\/p>\n<p><b>Big J Blunt Kissen<\/b> Es wird komplett in Polen aus hochwertigsten Materialien hergestellt. Schau es dir an! Willst du es nicht auch mal umarmen?<\/p>\n<\/section>\n<\/div>\n<div class=\"item item-6\">\n<section class=\"image-item\"><img decoding=\"async\" alt=\"PODUSZKA JOINT gibon\u00a0XXL RollaJohn The Big J - Akcesoria\" title=\"PODUSZKA JOINT gibon\u00a0XXL RollaJohn The Big J - Akcesoria\" src=\"https:\/\/upload.cdn.baselinker.com\/products\/3020369\/9686c727178675ff433381e6fdafe2e2.jpg\" \/><\/section>\n<\/div>\n<\/section>\n<section class=\"section\">\n<div class=\"item item-6\">\n<section class=\"image-item\"><img decoding=\"async\" alt=\"PODUSZKA JOINT gibon\u00a0XXL RollaJohn The Big J - Akcesoria\" title=\"PODUSZKA JOINT gibon\u00a0XXL RollaJohn The Big J - Akcesoria\" src=\"https:\/\/upload.cdn.baselinker.com\/products\/3020369\/25a6a10f1c4a74af519b3d227f5aec44.jpg\" \/><\/section>\n<\/div>\n<div class=\"item item-6\">\n<section class=\"text-item\">Zus\u00e4tzlich f\u00fcr <b>FREI<\/b> Big J befindet sich in guter Gesellschaft:<\/p>\n<ul>\n<li>Taschenaschenbecher<\/li>\n<li>\u00d6ko-Brosch\u00fcren<\/li>\n<li>Zwei St\u00f6cke RollaJohn<\/li>\n<\/ul>\n<\/section>\n<\/div>\n<\/section>\n<section class=\"section\">\n<div class=\"item item-6\">\n<section class=\"image-item\"><img decoding=\"async\" alt=\"PODUSZKA JOINT gibon\u00a0XXL RollaJohn The Big J - Akcesoria\" title=\"PODUSZKA JOINT gibon\u00a0XXL RollaJohn The Big J - Akcesoria\" src=\"https:\/\/upload.cdn.baselinker.com\/products\/3020369\/eadeb540ea4340d82bb37800221366ac.jpg\" \/><\/section>\n<\/div>\n<div class=\"item item-6\">\n<section class=\"image-item\"><img decoding=\"async\" alt=\"PODUSZKA JOINT gibon\u00a0XXL RollaJohn The Big J - Akcesoria\" title=\"PODUSZKA JOINT gibon\u00a0XXL RollaJohn The Big J - Akcesoria\" src=\"https:\/\/upload.cdn.baselinker.com\/products\/3020369\/effd6522311da55a658d186d4764635c.jpg\" \/><\/section>\n<\/div>\n<\/section>\n<section class=\"section\">\n<div class=\"item item-12\">\n<section class=\"text-item\"><b>Hohe Qualit\u00e4t,<\/b> Der fotorealistische Druck wird selbst die anspruchsvollsten Kunden zufriedenstellen. <b>Kunstkenner 420<\/b>. Das Druckverfahren gew\u00e4hrleistet eine lange Haltbarkeit <b>Haltbarkeit<\/b>. Wir haben uns um jedes Detail gek\u00fcmmert. Zum Schluss haben wir dem Ganzen noch den letzten Schliff gegeben. <b>\u00d6ko-Leder.<\/b><\/p>\n<\/section>\n<\/div>\n<\/section>\n<section class=\"section\">\n<div class=\"item item-6\">\n<section class=\"text-item\">\n<h1>Wie gro\u00df ist J?<\/h1>\n<p>Waage <b>1,2 kg<\/b><\/p>\n<p>Abmessungen <b>150 x 30<\/b><\/p>\n<p>Gr\u00f6\u00dfe - <b>Das gr\u00f6\u00dfte der Stadt<\/b><\/p>\n<p>Farbe - <b>Frisch gemahlene Knospen<\/b><\/p>\n<p>Form - <b>Dicker Lolo<\/b><\/p>\n<p>Material - <b>Polyester<\/b><\/p>\n<p>Bef\u00fcllung \u2013 <b>Hypoallergene Kunstdaunen<\/b><\/p>\n<\/section>\n<\/div>\n<div class=\"item item-6\">\n<section class=\"image-item\"><img decoding=\"async\" alt=\"PODUSZKA JOINT gibon\u00a0XXL RollaJohn The Big J - Akcesoria\" title=\"PODUSZKA JOINT gibon\u00a0XXL RollaJohn The Big J - Akcesoria\" src=\"https:\/\/upload.cdn.baselinker.com\/products\/3020369\/00ecbe7f4c96a5fc9dfaa4181da1c981.jpg\" \/><\/section>\n<\/div>\n<\/section>\n<section class=\"section\">\n<div class=\"item item-12\">\n<section class=\"text-item\">Eines ist sicher \u2013 das ist das beste Geschenk, das man sich f\u00fcr einen 420-Fan vorstellen kann!<\/p>\n<p>#haspzol #rollajohn #gift<\/p>\n<\/section>\n<\/div>\n<\/section>\n<section class=\"section\">\n<div class=\"item item-6\">\n<section class=\"image-item\"><img decoding=\"async\" alt=\"PODUSZKA JOINT gibon\u00a0XXL RollaJohn The Big J - Akcesoria\" title=\"PODUSZKA JOINT gibon\u00a0XXL RollaJohn The Big J - Akcesoria\" src=\"https:\/\/upload.cdn.baselinker.com\/products\/3020369\/3a7b257527ff25c4a0b3520f18442df7.jpg\" \/><\/section>\n<\/div>\n<div class=\"item item-6\">\n<section class=\"image-item\"><img decoding=\"async\" alt=\"PODUSZKA JOINT gibon\u00a0XXL RollaJohn The Big J - Akcesoria\" title=\"PODUSZKA JOINT gibon\u00a0XXL RollaJohn The Big J - Akcesoria\" src=\"https:\/\/upload.cdn.baselinker.com\/products\/3020369\/384ad2f26c48c3978a34c24970fb232d.jpg\" \/><\/section>\n<\/div>\n<\/section>\n<section class=\"section\">\n<div class=\"item item-12\">\n<section class=\"image-item\"><img decoding=\"async\" alt=\"PODUSZKA JOINT gibon\u00a0XXL RollaJohn The Big J - Akcesoria\" title=\"PODUSZKA JOINT gibon\u00a0XXL RollaJohn The Big J - Akcesoria\" src=\"https:\/\/upload.cdn.baselinker.com\/products\/3020369\/1c4567f9674a1ae54df493f5a5ab3d63.jpg\" \/><\/section>\n<\/div>\n<\/section>","protected":false},"excerpt":{"rendered":"<ul>\n<li>Poduszka w kszta\u0142cie jointa XXL RollaJohn \u2013 najwi\u0119ksza \u201eBig J&#8221; 150 x 30 cm<\/li>\n<li>Materia\u0142: poliester z hipoalergicznym sztucznym puchem<\/li>\n<li>Wysokiej jako\u015bci foto-realistyczny nadruk metod\u0105 sublimacji<\/li>\n<li>R\u0119czna produkcja w Polsce \u2013 ka\u017cda sztuka unikatowa<\/li>\n<li>W zestawie: kieszonkowa popielniczka, eko broszura, dwie wlepy RollaJohn<\/li>\n<\/ul>","protected":false},"featured_media":2472,"comment_status":"open","ping_status":"open","template":"","meta":{"_acf_changed":false,"_gspb_post_css":"","rank_math_title":"Poduszka joint XXL RollaJohn Big J \u2013 gibon | u Bucha","rank_math_description":"Poduszka joint XXL RollaJohn Big J \u2013 najwi\u0119ksza poduszka w kszta\u0142cie blanta. Wymiary 150 x 30 cm, waga 1,2 kg, poliester, sublimacja, r\u0119czna produkcja.","rank_math_focus_keyword":"poduszka joint XXL RollaJohn","rank_math_facebook_title":"Poduszka joint XXL RollaJohn Big J","rank_math_facebook_description":"Najwi\u0119ksza \u201eBig J\" w kszta\u0142cie blanta \u2013 150 x 30 cm, 1,2 kg poliester, fotorealistyczny nadruk sublimacyjny. R\u0119czna produkcja w Polsce.","rank_math_twitter_title":"Poduszka joint XXL RollaJohn Big J","rank_math_twitter_description":"Big J \u2013 poduszka w kszta\u0142cie jointa, 150 x 30 cm, poliester, sublimacja, r\u0119czna produkcja."},"product_brand":[],"product_cat":[136],"product_tag":[],"woo-feed-brand":[],"class_list":{"0":"post-5808","1":"product","2":"type-product","3":"status-publish","4":"has-post-thumbnail","6":"product_cat-akcesoria","8":"first","9":"outofstock","10":"purchasable","11":"product-type-simple"},"ct_brands":[],"acf":[],"_links":{"self":[{"href":"https:\/\/ubucha.pl\/de\/wp-json\/wp\/v2\/product\/5808","targetHints":{"allow":["GET"]}}],"collection":[{"href":"https:\/\/ubucha.pl\/de\/wp-json\/wp\/v2\/product"}],"about":[{"href":"https:\/\/ubucha.pl\/de\/wp-json\/wp\/v2\/types\/product"}],"replies":[{"embeddable":true,"href":"https:\/\/ubucha.pl\/de\/wp-json\/wp\/v2\/comments?post=5808"}],"wp:featuredmedia":[{"embeddable":true,"href":"https:\/\/ubucha.pl\/de\/wp-json\/wp\/v2\/media\/2472"}],"wp:attachment":[{"href":"https:\/\/ubucha.pl\/de\/wp-json\/wp\/v2\/media?parent=5808"}],"wp:term":[{"taxonomy":"product_brand","embeddable":true,"href":"https:\/\/ubucha.pl\/de\/wp-json\/wp\/v2\/product_brand?post=5808"},{"taxonomy":"product_cat","embeddable":true,"href":"https:\/\/ubucha.pl\/de\/wp-json\/wp\/v2\/product_cat?post=5808"},{"taxonomy":"product_tag","embeddable":true,"href":"https:\/\/ubucha.pl\/de\/wp-json\/wp\/v2\/product_tag?post=5808"},{"taxonomy":"woo-feed-brand","embeddable":true,"href":"https:\/\/ubucha.pl\/de\/wp-json\/wp\/v2\/woo-feed-brand?post=5808"}],"curies":[{"name":"wp","href":"https:\/\/api.w.org\/{rel}","templated":true}]}}