{"id":5758,"date":"2025-09-26T13:43:42","date_gmt":"2025-09-26T11:43:42","guid":{"rendered":"https:\/\/ubucha.pl\/hemp-shot-og-kush-liczi-490mg-fs-100ml\/"},"modified":"2025-10-20T14:06:32","modified_gmt":"2025-10-20T12:06:32","slug":"hanf-schuss-og-kush-lychee-490mg-fs-100ml","status":"publish","type":"product","link":"https:\/\/ubucha.pl\/de\/hemp-shot-og-kush-liczi-490mg-fs-100ml\/","title":{"rendered":"Hanf Shot OG Kush (Lychee) - 490mg FS 100ml"},"content":{"rendered":"<p>NEUE VERSION 2024 \u2013 490 mg<\/p>\n<p><strong>Hanf-Schuss<\/strong><\/p>\n<p><strong>Cannabis-Boys-Produkte werden ausschlie\u00dflich aus nat\u00fcrlichen Zutaten hergestellt.<\/strong><\/p>\n<p>Das daraus resultierende Faserhanf\u00f6l enth\u00e4lt das gesamte Spektrum des nat\u00fcrlich vorkommenden Hanfs.<\/p>\n<p><strong>Dosierung und Lagerung:<br \/>\n<\/strong><br \/>\nEmpfohlene Dosis 5 ml<br \/>\nDas Produkt enth\u00e4lt etwa 20 Dosen \u00e0 5 ml.<br \/>\nBei Raumtemperatur an einem trockenen und dunklen Ort au\u00dferhalb der Reichweite von Kindern aufbewahren.<br \/>\nNach dem \u00d6ffnen im K\u00fchlschrank aufbewahren (Temperatur unter 5 Grad) und innerhalb von 21 Tagen verbrauchen.<\/p>\n<p><strong>N\u00e4hrwert pro 100 ml:<br \/>\n<\/strong><br \/>\nEnergiewert: 1314 kJ \/ 318 kcal<br \/>\nFett: 28,5 g, davon ges\u00e4ttigte Fetts\u00e4uren: 2,9 g<br \/>\nKohlenhydrate: 11,8 g, davon Zucker: 11,1 g<br \/>\nEiwei\u00df: &lt;0,5g<br \/>\nSalz: 0 g<\/p>\n<p><strong>Zusammensetzung des Produkts:<\/strong><\/p>\n<p>Wasser, Hanf\u00f6l (30 ml\/100 ml), Apfelsaft aus konzentriertem Apfelsaft (12%), Birnensaft aus konzentriertem Birnensaft (11.3%), Zucker, Aroma, S\u00e4uerungsmittel: Zitronens\u00e4ure, Stabilisatoren: Xanthan, Gummi arabicum, Guarkernmehl, Aroma, Emulgator: Lecithine (aus Soja), Konservierungsstoffe: Natriumbenzoat, Kaliumsorbat.<\/p>\n<p>Der THC-Gehalt in allen Nahrungserg\u00e4nzungsmitteln und Produkten, die f\u00fcr den oralen Verzehr bestimmt sind und \u00fcber diese Website verkauft werden, liegt unter der Nachweisgrenze.<\/p>\n<p>Die im Shop enthaltenen Produkte \u00fcberschreiten nicht 0,2% \u03949THC , \u03949THCa , \u03948THC , \u03948THCa<\/p>","protected":false},"excerpt":{"rendered":"<p><strong>NEUE VERSION 2024 \u2013 490 mg<\/strong><\/p>\n<p>Ein Nahrungserg\u00e4nzungsmittel mit OG KUSH Terpenen und Hanf\u00f6l, das 480 mg nat\u00fcrliche Phyton\u00e4hrstoffe pro Portion enth\u00e4lt.<\/p>\n<p>Es handelt sich bei 100% um ein nat\u00fcrliches, legales Produkt, das einzige mit einer solchen synergistischen Wirkung von Phyton\u00e4hrstoffen.<\/p>\n<ul>\n<li>Fassungsverm\u00f6gen - 100 ml<\/li>\n<li>Das Produkt enth\u00e4lt 20 Dosen von<\/li>\n<\/ul>","protected":false},"featured_media":9338,"comment_status":"open","ping_status":"closed","template":"","meta":{"_acf_changed":false,"_gspb_post_css":"","rank_math_title":"","rank_math_description":"","rank_math_focus_keyword":"","rank_math_facebook_title":"","rank_math_facebook_description":"","rank_math_twitter_title":"","rank_math_twitter_description":""},"product_brand":[],"product_cat":[98],"product_tag":[],"woo-feed-brand":[],"class_list":{"0":"post-5758","1":"product","2":"type-product","3":"status-publish","4":"has-post-thumbnail","6":"product_cat-shoty","8":"first","9":"outofstock","10":"purchasable","11":"product-type-simple"},"ct_brands":[],"acf":[],"_links":{"self":[{"href":"https:\/\/ubucha.pl\/de\/wp-json\/wp\/v2\/product\/5758","targetHints":{"allow":["GET"]}}],"collection":[{"href":"https:\/\/ubucha.pl\/de\/wp-json\/wp\/v2\/product"}],"about":[{"href":"https:\/\/ubucha.pl\/de\/wp-json\/wp\/v2\/types\/product"}],"replies":[{"embeddable":true,"href":"https:\/\/ubucha.pl\/de\/wp-json\/wp\/v2\/comments?post=5758"}],"wp:featuredmedia":[{"embeddable":true,"href":"https:\/\/ubucha.pl\/de\/wp-json\/wp\/v2\/media\/9338"}],"wp:attachment":[{"href":"https:\/\/ubucha.pl\/de\/wp-json\/wp\/v2\/media?parent=5758"}],"wp:term":[{"taxonomy":"product_brand","embeddable":true,"href":"https:\/\/ubucha.pl\/de\/wp-json\/wp\/v2\/product_brand?post=5758"},{"taxonomy":"product_cat","embeddable":true,"href":"https:\/\/ubucha.pl\/de\/wp-json\/wp\/v2\/product_cat?post=5758"},{"taxonomy":"product_tag","embeddable":true,"href":"https:\/\/ubucha.pl\/de\/wp-json\/wp\/v2\/product_tag?post=5758"},{"taxonomy":"woo-feed-brand","embeddable":true,"href":"https:\/\/ubucha.pl\/de\/wp-json\/wp\/v2\/woo-feed-brand?post=5758"}],"curies":[{"name":"wp","href":"https:\/\/api.w.org\/{rel}","templated":true}]}}