{"id":5756,"date":"2025-09-26T13:43:42","date_gmt":"2025-09-26T11:43:42","guid":{"rendered":"https:\/\/ubucha.pl\/hemp-shot-gelato-lody-420mg-fs-100ml\/"},"modified":"2025-10-20T12:21:42","modified_gmt":"2025-10-20T10:21:42","slug":"hanf-schuss-gelato-eiscreme-420mg-fs-100ml","status":"publish","type":"product","link":"https:\/\/ubucha.pl\/de\/hemp-shot-gelato-lody-420mg-fs-100ml\/","title":{"rendered":"Hanf Shot Gelato (Eiscreme) - 420mg FS 100ml"},"content":{"rendered":"<p><strong>Hanf-Schuss<\/strong><\/p>\n<p><strong>Cannabis-Boys-Produkte werden ausschlie\u00dflich aus nat\u00fcrlichen Zutaten hergestellt.<\/strong><\/p>\n<p>Das daraus resultierende Faserhanf\u00f6l enth\u00e4lt das gesamte Spektrum des nat\u00fcrlich vorkommenden Hanfs.<\/p>\n<p><strong>Dosierung und Lagerung:<br \/>\n<\/strong><br \/>\nEmpfohlene Dosis 5 ml<br \/>\nDas Produkt enth\u00e4lt etwa 20 Dosen \u00e0 5 ml.<br \/>\nBei Raumtemperatur an einem trockenen und dunklen Ort au\u00dferhalb der Reichweite von Kindern aufbewahren.<br \/>\nNach dem \u00d6ffnen im K\u00fchlschrank aufbewahren (Temperatur unter 5 Grad) und innerhalb von 21 Tagen verbrauchen.<\/p>\n<p><strong>N\u00e4hrwert pro 100 ml:<\/strong><\/p>\n<p>Energiewert: 1128kJ\/273kcal<br \/>\nFett: 23,8 g, davon ges\u00e4ttigte Fetts\u00e4uren: 2,4 g.<br \/>\nKohlenhydrate: 11,8 g, davon Zucker 11,2 g<br \/>\nEiwei\u00df: &lt;0,5g<br \/>\nSalz : 0g<\/p>\n<p><strong>Zusammensetzung des Produkts:<\/strong><\/p>\n<p>Wasser, Cannabissamen\u00f6l (Cannabis Sativa L.) (23g\/100ml), Zucker, Apfelsaft (12%), Birnensaft (11.3%), nat\u00fcrliche Aromen einschlie\u00dflich anderer Aromen, L-Ascorbins\u00e4ure, Stabilisatoren: Xanthan, Akaziengummi, Guarkernmehl, Zitronenmelissenblattpulver, S\u00e4uerungsmittel: Zitronens\u00e4ure, Konservierungsmittel: Natriumbenzoat, Kaliumsorbat.<\/p>\n<p>Der THC-Gehalt in allen Nahrungserg\u00e4nzungsmitteln und Produkten, die f\u00fcr den oralen Verzehr bestimmt sind und \u00fcber diese Website verkauft werden, liegt unter der Nachweisgrenze.<\/p>\n<p>Die im Shop enthaltenen Produkte \u00fcberschreiten nicht 0,2% \u03949THC , \u03949THCa , \u03948THC , \u03948THCa<\/p>","protected":false},"excerpt":{"rendered":"<p>Nahrungserg\u00e4nzungsmittel mit Hanf\u00f6l mit Eisgeschmack, das 420 mg der nat\u00fcrlichen Phyton\u00e4hrstoffe und Terpene der ber\u00fchmten Hanfsorte Gelato enth\u00e4lt: Caryophyllen, D-Limonen, Linalool, Beta-Pinen, Myrcen, B-Cymol, Terpinolen, Alpha-Pinen.<\/p>\n<p>Es handelt sich bei 100% um ein nat\u00fcrliches, legales Produkt, das einzige mit einer solchen synergistischen Wirkung von Phyton\u00e4hrstoffen.<\/p>\n<ul>\n<li>Fassungsverm\u00f6gen - 100 ml<\/li>\n<li>Das Produkt enth\u00e4lt 20 Dosen von<\/li>\n<\/ul>","protected":false},"featured_media":2406,"comment_status":"open","ping_status":"open","template":"","meta":{"_acf_changed":false,"_gspb_post_css":"","rank_math_title":"","rank_math_description":"","rank_math_focus_keyword":"","rank_math_facebook_title":"","rank_math_facebook_description":"","rank_math_twitter_title":"","rank_math_twitter_description":""},"product_brand":[],"product_cat":[98],"product_tag":[],"woo-feed-brand":[],"class_list":{"0":"post-5756","1":"product","2":"type-product","3":"status-publish","4":"has-post-thumbnail","6":"product_cat-shoty","8":"first","9":"outofstock","10":"purchasable","11":"product-type-simple"},"ct_brands":[],"acf":[],"_links":{"self":[{"href":"https:\/\/ubucha.pl\/de\/wp-json\/wp\/v2\/product\/5756","targetHints":{"allow":["GET"]}}],"collection":[{"href":"https:\/\/ubucha.pl\/de\/wp-json\/wp\/v2\/product"}],"about":[{"href":"https:\/\/ubucha.pl\/de\/wp-json\/wp\/v2\/types\/product"}],"replies":[{"embeddable":true,"href":"https:\/\/ubucha.pl\/de\/wp-json\/wp\/v2\/comments?post=5756"}],"wp:featuredmedia":[{"embeddable":true,"href":"https:\/\/ubucha.pl\/de\/wp-json\/wp\/v2\/media\/2406"}],"wp:attachment":[{"href":"https:\/\/ubucha.pl\/de\/wp-json\/wp\/v2\/media?parent=5756"}],"wp:term":[{"taxonomy":"product_brand","embeddable":true,"href":"https:\/\/ubucha.pl\/de\/wp-json\/wp\/v2\/product_brand?post=5756"},{"taxonomy":"product_cat","embeddable":true,"href":"https:\/\/ubucha.pl\/de\/wp-json\/wp\/v2\/product_cat?post=5756"},{"taxonomy":"product_tag","embeddable":true,"href":"https:\/\/ubucha.pl\/de\/wp-json\/wp\/v2\/product_tag?post=5756"},{"taxonomy":"woo-feed-brand","embeddable":true,"href":"https:\/\/ubucha.pl\/de\/wp-json\/wp\/v2\/woo-feed-brand?post=5756"}],"curies":[{"name":"wp","href":"https:\/\/api.w.org\/{rel}","templated":true}]}}