{"id":57281,"date":"2026-01-07T14:03:04","date_gmt":"2026-01-07T13:03:04","guid":{"rendered":"https:\/\/ubucha.pl\/cannova-melatonina-cbd-25-mg-szt-3-szt\/"},"modified":"2026-04-10T12:30:30","modified_gmt":"2026-04-10T10:30:30","slug":"cannova-melatonin-cbd-25-mg-3-stuck","status":"publish","type":"product","link":"https:\/\/ubucha.pl\/de\/cannova-melatonina-cbd-25-mg-szt-3-szt\/","title":{"rendered":"CANNOVA + Melatonin CBD 25 mg\/St\u00fcck. 3 St\u00fcck."},"content":{"rendered":"<p>Zutaten: Zucker, Glukosesirup, Sorbit, Verdickungsmittel \u2013 Gelatine, S\u00e4ureregulator \u2013 Zitronens\u00e4ure, Aromen, Farbstoff \u2013 Brillantschwarz, Konservierungsmittel \u2013 Kaliumsorbat, Raps\u00f6l, Melatonin, breites Spektrum an Phyton\u00e4hrstoffen aus Hanf (Cannabis sativa L.).<\/p>\n<p>1 Gummib\u00e4rchen mit einem Gewicht von ca. 3 g enth\u00e4lt 25 mg eines breiten Spektrums an Phyton\u00e4hrstoffen aus Hanf (Cannabis sativa L.) und 1 mg Melatonin.<\/p>\n<p>Empfohlene Tagesdosis: 1 bis 2 Gummib\u00e4rchen oral einnehmen. Die empfohlene Tagesdosis darf nicht \u00fcberschritten werden.<\/p>\n<p>Hinweis: Dieses Produkt ist nicht f\u00fcr Kinder, Schwangere oder Stillende geeignet. Dieses Nahrungserg\u00e4nzungsmittel ist kein Ersatz f\u00fcr eine abwechslungsreiche Ern\u00e4hrung. Eine abwechslungsreiche Ern\u00e4hrung und eine gesunde Lebensweise sind wichtig f\u00fcr die Gesundheit.<\/p>\n<p>Lagerbedingungen: In einem dicht verschlossenen Beh\u00e4lter bei Raumtemperatur (15\u201325 \u00b0C) lagern. Vor Licht sch\u00fctzen. F\u00fcr Kinder unzug\u00e4nglich aufbewahren.<\/p>","protected":false},"excerpt":{"rendered":"<p>Sie unterst\u00fctzen einen nat\u00fcrlichen Schlaf, die Regeneration und ein Gef\u00fchl innerer Ruhe. Die Kombination aus CBD und Melatonin beruhigt den K\u00f6rper vor dem Schlafengehen schnell und effektiv und erleichtert das Einschlafen. Der dezente Geschmack und die sorgf\u00e4ltig ausgew\u00e4hlten Inhaltsstoffe garantieren h\u00f6chste Qualit\u00e4t und optimalen Anwendungskomfort. Ideal f\u00fcr alle, die auf nat\u00fcrliche Weise f\u00fcr einen erholsamen Schlaf sorgen m\u00f6chten.<\/p>","protected":false},"featured_media":57329,"comment_status":"open","ping_status":"closed","template":"","meta":{"_acf_changed":false,"_gspb_post_css":"","rank_math_title":"","rank_math_description":"","rank_math_focus_keyword":"","rank_math_facebook_title":"","rank_math_facebook_description":"","rank_math_twitter_title":"","rank_math_twitter_description":""},"product_brand":[497],"product_cat":[104],"product_tag":[],"woo-feed-brand":[],"class_list":{"0":"post-57281","1":"product","2":"type-product","3":"status-publish","4":"has-post-thumbnail","6":"product_brand-cannova","7":"product_cat-zelki","9":"first","10":"outofstock","11":"taxable","12":"shipping-taxable","13":"purchasable","14":"product-type-simple"},"ct_brands":[{"id":497,"name":"Cannova","slug":"cannova"}],"acf":[],"_links":{"self":[{"href":"https:\/\/ubucha.pl\/de\/wp-json\/wp\/v2\/product\/57281","targetHints":{"allow":["GET"]}}],"collection":[{"href":"https:\/\/ubucha.pl\/de\/wp-json\/wp\/v2\/product"}],"about":[{"href":"https:\/\/ubucha.pl\/de\/wp-json\/wp\/v2\/types\/product"}],"replies":[{"embeddable":true,"href":"https:\/\/ubucha.pl\/de\/wp-json\/wp\/v2\/comments?post=57281"}],"wp:featuredmedia":[{"embeddable":true,"href":"https:\/\/ubucha.pl\/de\/wp-json\/wp\/v2\/media\/57329"}],"wp:attachment":[{"href":"https:\/\/ubucha.pl\/de\/wp-json\/wp\/v2\/media?parent=57281"}],"wp:term":[{"taxonomy":"product_brand","embeddable":true,"href":"https:\/\/ubucha.pl\/de\/wp-json\/wp\/v2\/product_brand?post=57281"},{"taxonomy":"product_cat","embeddable":true,"href":"https:\/\/ubucha.pl\/de\/wp-json\/wp\/v2\/product_cat?post=57281"},{"taxonomy":"product_tag","embeddable":true,"href":"https:\/\/ubucha.pl\/de\/wp-json\/wp\/v2\/product_tag?post=57281"},{"taxonomy":"woo-feed-brand","embeddable":true,"href":"https:\/\/ubucha.pl\/de\/wp-json\/wp\/v2\/woo-feed-brand?post=57281"}],"curies":[{"name":"wp","href":"https:\/\/api.w.org\/{rel}","templated":true}]}}