{"id":57273,"date":"2026-01-07T14:02:44","date_gmt":"2026-01-07T13:02:44","guid":{"rendered":"https:\/\/ubucha.pl\/cannova-serdecznik-zelki-cbd-25mg-szt-60-szt\/"},"modified":"2026-04-23T09:36:54","modified_gmt":"2026-04-23T07:36:54","slug":"cannova-mutterkraut-cbd-geleebohnen-25-mg-60-stuck","status":"publish","type":"product","link":"https:\/\/ubucha.pl\/de\/cannova-serdecznik-zelki-cbd-25mg-szt-60-szt\/","title":{"rendered":"CANNOVA + Mutterkraut CBD-Gummib\u00e4rchen 25mg\/St\u00fcck. 60 St\u00fcck."},"content":{"rendered":"<p>Zutaten: Zucker, Glukosesirup, Sorbit, Verdickungsmittel \u2013 Gelatine, S\u00e4ureregulator \u2013 Zitronens\u00e4ure, Aromen, Farbstoff \u2013 Karamell, Konservierungsmittel \u2013 Kaliumsorbat, Raps\u00f6l, Herzgespannextrakt (Leonurus cardiaca), breites Spektrum an Phyton\u00e4hrstoffen aus Hanf (Cannabis sativa L.).<\/p>\n<p>Ein Fruchtgummi mit einem Gewicht von ca. 3 g enth\u00e4lt 25 mg eines breiten Spektrums an Phyton\u00e4hrstoffen aus Hanf (Cannabis sativa L.) und 120 mg Herzgespann.<\/p>\n<p>Empfohlene Tagesdosis: 1 bis 2 Gummib\u00e4rchen oral einnehmen. Die empfohlene Tagesdosis darf nicht \u00fcberschritten werden.<\/p>\n<p>Hinweis: Dieses Produkt ist nicht f\u00fcr Kinder, Schwangere oder Stillende geeignet. Dieses Nahrungserg\u00e4nzungsmittel ist kein Ersatz f\u00fcr eine abwechslungsreiche Ern\u00e4hrung. Eine abwechslungsreiche Ern\u00e4hrung und eine gesunde Lebensweise sind wichtig f\u00fcr die Gesundheit.<\/p>\n<p>Lagerbedingungen: In einem dicht verschlossenen Beh\u00e4lter bei Raumtemperatur (15\u201325 \u00b0C) lagern. Vor Licht sch\u00fctzen. F\u00fcr Kinder unzug\u00e4nglich aufbewahren.<\/p>\n<p>Hergestellt in Polen f\u00fcr HEMP PLANT Sp. z o. o.<\/p>","protected":false},"excerpt":{"rendered":"<p>Sie f\u00f6rdern Entspannung, ein gesundes Herz und emotionales Gleichgewicht. Sorgf\u00e4ltig ausgew\u00e4hlte Zutaten garantieren h\u00f6chste Qualit\u00e4t und schnelle Wirkung, w\u00e4hrend der Kr\u00e4utergeschmack f\u00fcr ein nat\u00fcrliches Geschmackserlebnis sorgt. Ideal f\u00fcr jedes Alter.<\/p>","protected":false},"featured_media":57286,"comment_status":"open","ping_status":"closed","template":"","meta":{"_acf_changed":false,"_gspb_post_css":"","rank_math_title":"","rank_math_description":"","rank_math_focus_keyword":"","rank_math_facebook_title":"","rank_math_facebook_description":"","rank_math_twitter_title":"","rank_math_twitter_description":""},"product_brand":[497],"product_cat":[104],"product_tag":[],"woo-feed-brand":[],"class_list":{"0":"post-57273","1":"product","2":"type-product","3":"status-publish","4":"has-post-thumbnail","6":"product_brand-cannova","7":"product_cat-zelki","9":"first","10":"outofstock","11":"taxable","12":"shipping-taxable","13":"purchasable","14":"product-type-simple"},"ct_brands":[{"id":497,"name":"Cannova","slug":"cannova"}],"acf":[],"_links":{"self":[{"href":"https:\/\/ubucha.pl\/de\/wp-json\/wp\/v2\/product\/57273","targetHints":{"allow":["GET"]}}],"collection":[{"href":"https:\/\/ubucha.pl\/de\/wp-json\/wp\/v2\/product"}],"about":[{"href":"https:\/\/ubucha.pl\/de\/wp-json\/wp\/v2\/types\/product"}],"replies":[{"embeddable":true,"href":"https:\/\/ubucha.pl\/de\/wp-json\/wp\/v2\/comments?post=57273"}],"wp:featuredmedia":[{"embeddable":true,"href":"https:\/\/ubucha.pl\/de\/wp-json\/wp\/v2\/media\/57286"}],"wp:attachment":[{"href":"https:\/\/ubucha.pl\/de\/wp-json\/wp\/v2\/media?parent=57273"}],"wp:term":[{"taxonomy":"product_brand","embeddable":true,"href":"https:\/\/ubucha.pl\/de\/wp-json\/wp\/v2\/product_brand?post=57273"},{"taxonomy":"product_cat","embeddable":true,"href":"https:\/\/ubucha.pl\/de\/wp-json\/wp\/v2\/product_cat?post=57273"},{"taxonomy":"product_tag","embeddable":true,"href":"https:\/\/ubucha.pl\/de\/wp-json\/wp\/v2\/product_tag?post=57273"},{"taxonomy":"woo-feed-brand","embeddable":true,"href":"https:\/\/ubucha.pl\/de\/wp-json\/wp\/v2\/woo-feed-brand?post=57273"}],"curies":[{"name":"wp","href":"https:\/\/api.w.org\/{rel}","templated":true}]}}