{"id":5711,"date":"2025-09-26T13:43:42","date_gmt":"2025-09-26T11:43:42","guid":{"rendered":"https:\/\/ubucha.pl\/hemp-shot-amnesia-mieta-560mg-fs-100ml\/"},"modified":"2026-04-23T09:10:22","modified_gmt":"2026-04-23T07:10:22","slug":"hanf-schuss-amnesie-minze-560mg-fs-100ml","status":"publish","type":"product","link":"https:\/\/ubucha.pl\/de\/hemp-shot-amnesia-mieta-560mg-fs-100ml\/","title":{"rendered":"Hanf Shot Amnesia (Minze) - 560mg FS 100ml"},"content":{"rendered":"<h2>Hanf Shot Amnesia (Minze) - die nat\u00fcrliche Kraft des Hanfs im praktischen 100 ml Format<\/h2>\n<p>Sind Sie auf der Suche nach einem nat\u00fcrlichen Nahrungserg\u00e4nzungsmittel, das das gesamte Spektrum der n\u00fctzlichen Phyton\u00e4hrstoffe von Hanf mit dem erfrischenden Geschmack von Minze kombiniert? Hemp Shot Amnesia ist ein einzigartiges Produkt, das Ihre Erwartungen erf\u00fcllt und es Ihnen erm\u00f6glicht, die synergetischen Wirkungen der in Faserhanf enthaltenen nat\u00fcrlichen Inhaltsstoffe zu genie\u00dfen.<\/p>\n<h3>Was zeichnet Hemp Shot Amnesia (mint) aus?<\/h3>\n<p>Dieser Hanfshot enth\u00e4lt bis zu 560 mg nat\u00fcrliche Phyton\u00e4hrstoffe pro 100 ml Flasche, d.h. ca. 20 Dosen \u00e0 5 ml. Damit ist sichergestellt, dass jede Anwendung eine genau abgestimmte Portion wertvoller Substanzen liefert.<\/p>\n<p>Das Produkt ist 100% nat\u00fcrlich und v\u00f6llig legal, so dass es eine sichere und bequeme Erg\u00e4nzung zu Ihrer t\u00e4glichen Ern\u00e4hrung ist. Die Zugabe des einzigartigen Terpenprofils von Amnesia Haze und das erfrischende Minzaroma machen Hemp Shot Amnesia nicht nur gesund, sondern auch zu einem Genuss f\u00fcr die Sinne.<\/p>\n<h3>Zusammensetzung und Eigenschaften des Produkts<\/h3>\n<p>Hanf Shot Amnesia (Minze) wurde sorgf\u00e4ltig aus nat\u00fcrlichen Inhaltsstoffen zusammengestellt, um die h\u00f6chste Qualit\u00e4t und Wirksamkeit zu gew\u00e4hrleisten:<\/p>\n<table style=\"border-collapse: collapse; margin-bottom: 20px;\" border=\"1\" cellspacing=\"0\" cellpadding=\"8\">\n<thead>\n<tr>\n<th>Komponente<\/th>\n<th>Inhalt \/ Funktion<\/th>\n<\/tr>\n<\/thead>\n<tbody>\n<tr>\n<td>Wasser<\/td>\n<td>Fl\u00fcssige Basis, nat\u00fcrlich und gereinigt<\/td>\n<\/tr>\n<tr>\n<td>Hanf\u00f6l (35 ml \/ 100 ml)<\/td>\n<td>Quelle des gesamten Spektrums an Phyton\u00e4hrstoffen aus Hanf, einschlie\u00dflich Omega-Fetts\u00e4uren<\/td>\n<\/tr>\n<tr>\n<td>Zucker<\/td>\n<td>Nat\u00fcrlicher S\u00fc\u00dfstoff, gleicht den Geschmack aus<\/td>\n<\/tr>\n<tr>\n<td>Apfelsaft aus Apfelsaftkonzentrat (12%)<\/td>\n<td>Verleiht nat\u00fcrliche S\u00fc\u00dfe und fruchtiges Aroma<\/td>\n<\/tr>\n<tr>\n<td>Birnensaft aus Birnensaftkonzentrat (11.3%)<\/td>\n<td>Bereichert den Geschmack, f\u00fcgt eine zarte fruchtige Note hinzu<\/td>\n<\/tr>\n<tr>\n<td>Geschmack: Minze<\/td>\n<td>Erfrischender, nat\u00fcrlicher Minzgeschmack<\/td>\n<\/tr>\n<tr>\n<td>Zitronens\u00e4ure<\/td>\n<td>Nat\u00fcrlicher S\u00e4ureregulator<\/td>\n<\/tr>\n<tr>\n<td>Pulverisierte Zitronenmelissebl\u00e4tter<\/td>\n<td>Entspannende und beruhigende Wirkung<\/td>\n<\/tr>\n<tr>\n<td>Stabilisatoren: Xanthangummi, Akaziengummi, Guarkernmehl<\/td>\n<td>Sicherstellung der richtigen Konsistenz und Haltbarkeit des Produkts<\/td>\n<\/tr>\n<tr>\n<td>Emulgator: Lecithine (aus Soja)<\/td>\n<td>Hilft, eine einheitliche Struktur zu erhalten<\/td>\n<\/tr>\n<tr>\n<td>Konservierungsstoffe: Natriumbenzoat, Kaliumsorbat<\/td>\n<td>Sorgt f\u00fcr l\u00e4ngere Frische und Produktsicherheit<\/td>\n<\/tr>\n<\/tbody>\n<\/table>\n<h3>Wie verwendet man Hemp Shot Amnesia (Minze)?<\/h3>\n<p>Sie fragen sich, wie Sie Hemp Shot Amnesia einfach und effektiv in Ihren Tagesablauf einbauen k\u00f6nnen? Das ist ganz einfach! Die empfohlene Dosis betr\u00e4gt 5 ml, was einer Portion entspricht - eine 100-ml-Flasche reicht also f\u00fcr etwa 20 Portionen.<\/p>\n<p>Um die volle Frische und Eigenschaften zu erhalten, sollte das Produkt bei Raumtemperatur, an einem trockenen und dunklen Ort und au\u00dferhalb der Reichweite von Kindern gelagert werden. Nach dem \u00d6ffnen sollte die Flasche im K\u00fchlschrank aufbewahrt (unter 5\u00b0C) und innerhalb von 21 Tagen verbraucht werden.<\/p>\n<h3>N\u00e4hrwert pro 100 ml<\/h3>\n<ul>\n<li>Energiewert: 1628 kJ \/ 394 kcal<\/li>\n<li>Fett: 36,6 g (davon ges\u00e4ttigte Fetts\u00e4uren: 3,7 g)<\/li>\n<li>Kohlenhydrate: 11,8 g (davon Zucker: 11,1 g)<\/li>\n<li>Eiwei\u00df: weniger als 0,5 g<\/li>\n<li>Salz: 0 g<\/li>\n<\/ul>\n<h3>Warum Hanf Shot Amnesia (Minze) w\u00e4hlen?<\/h3>\n<p>Wussten Sie, dass es bei Hemp Shot Amnesia nicht nur um Geschmack und Nat\u00fcrlichkeit geht? Es ist vor allem eine synergistische Kombination von Phyton\u00e4hrstoffen, die Ihren K\u00f6rper auf vielen Ebenen unterst\u00fctzen. Kunden sch\u00e4tzen dieses Produkt f\u00fcr:<\/p>\n<ul>\n<li>Deutliche, aber milde entspannende und stimmungsaufhellende Wirkung<\/li>\n<li>Einzigartiger, erfrischender Minzgeschmack mit einem Hauch von Hanf<\/li>\n<li>Hohe Qualit\u00e4t und nat\u00fcrliche Zusammensetzung, best\u00e4tigt durch zahlreiche positive Bewertungen<\/li>\n<li>Praktische Shot-Form - schnelle und einfache Dosierung<\/li>\n<\/ul>\n<h3>Nutzerbewertungen<\/h3>\n<p>Die Benutzer von Hemp Shot Amnesia betonen, dass das Produkt wirksam und empfehlenswert ist. Hier sind ein paar ausgew\u00e4hlte Bewertungen:<\/p>\n<ul>\n<li><em>\u201eMeine Lieblingsaufnahme - sie hat mich noch nie im Stich gelassen, ich w\u00fcrde sie jedem empfehlen!\u201d<\/em> - filip886<\/li>\n<li><em>\u201eEin gro\u00dfartiger Chillout, nicht zu stark, nicht zu schwach - die perfekte Balance.\u201d<\/em> - Pawe\u0142 P\u0119czkowski<\/li>\n<li><em>\u201eDer erfrischende Minzgeschmack und das ausgepr\u00e4gte Terpenprofil von Amnesia Haze sind etwas Besonderes.\u201d<\/em> - Pawe\u0142 Guzylak<\/li>\n<li><em>\u201eEin hochwertiges Produkt, mit dem man entspannt und ruhig schlafen kann.\u201d<\/em> - Kutscher<\/li>\n<\/ul>\n<h3>Zus\u00e4tzliche Anleitung und Sicherheit<\/h3>\n<p>Hemp Shot Amnesia ist ein Nahrungserg\u00e4nzungsmittel mit einer nat\u00fcrlichen Formulierung, das von Erwachsenen sicher verwendet werden kann. Denken Sie daran, die empfohlene Dosis nicht zu \u00fcberschreiten und das Produkt au\u00dferhalb der Reichweite von Kindern aufzubewahren. Nach dem \u00d6ffnen die Flasche im K\u00fchlschrank aufbewahren und innerhalb von 3 Wochen aufbrauchen.<\/p>\n<h3>Beispiele f\u00fcr die Verwendung des Produkts<\/h3>\n<ul>\n<li>Ideal als nat\u00fcrliche Erg\u00e4nzung zur Entspannung nach einem anstrengenden Arbeitstag.<\/li>\n<li>Ein gro\u00dfartiger Teil Ihrer Abendroutine, um Sie vor dem Schlafengehen zu beruhigen.<\/li>\n<li>Eine erfrischende Aufnahme f\u00fcr ein Treffen mit Freunden oder einen Moment der Ruhe w\u00e4hrend des Tages.<\/li>\n<\/ul>\n<h3>Zusammenfassung<\/h3>\n<p>Wenn Sie auf der Suche nach einem nat\u00fcrlichen, wirksamen und praktischen Nahrungserg\u00e4nzungsmittel sind, das auf dem gesamten Spektrum der Hanf-Inhaltsstoffe basiert, ist Hemp Shot Amnesia (mint) eine ausgezeichnete Wahl. Seine einzigartige Formel, die reichhaltige Zusammensetzung und die positiven Nutzerbewertungen garantieren Zufriedenheit und Unterst\u00fctzung f\u00fcr Ihre Gesundheit und Ihr Wohlbefinden.<\/p>","protected":false},"excerpt":{"rendered":"<p>Entdecken Sie Hemp Shot Amnesia (Minze) - ein nat\u00fcrliches Nahrungserg\u00e4nzungsmittel mit der einzigartigen Kraft von 560 mg Phyton\u00e4hrstoffen pro 100 ml.<\/p>\n<p>Ein Cannabis-Shot mit Faserhanf\u00f6l und Terpenen, der eine synergistische Wirkung der nat\u00fcrlichen Inhaltsstoffe bietet. Der erfrischende Minzgeschmack verleiht Energie und hilft zu entspannen.<\/p>\n<p>Legales Produkt, 100% nat\u00fcrlich, ideal f\u00fcr einen schnellen Chillout und um Ihr t\u00e4gliches Gleichgewicht zu unterst\u00fctzen. Enth\u00e4lt bis zu 20 Portionen, einfach zu dosieren - nur 5ml, um die volle Wirkung zu sp\u00fcren.<\/p>\n<p>An einem trockenen und dunklen Ort aufbewahren und nach dem \u00d6ffnen bis zu 21 Tage im K\u00fchlschrank aufbewahren.<\/p>","protected":false},"featured_media":2379,"comment_status":"open","ping_status":"closed","template":"","meta":{"_acf_changed":false,"_gspb_post_css":""},"product_brand":[],"product_cat":[98],"product_tag":[],"woo-feed-brand":[],"class_list":{"0":"post-5711","1":"product","2":"type-product","3":"status-publish","4":"has-post-thumbnail","6":"product_cat-shoty","8":"first","9":"instock","10":"sale","11":"purchasable","12":"product-type-simple"},"ct_brands":[],"acf":[],"_links":{"self":[{"href":"https:\/\/ubucha.pl\/de\/wp-json\/wp\/v2\/product\/5711","targetHints":{"allow":["GET"]}}],"collection":[{"href":"https:\/\/ubucha.pl\/de\/wp-json\/wp\/v2\/product"}],"about":[{"href":"https:\/\/ubucha.pl\/de\/wp-json\/wp\/v2\/types\/product"}],"replies":[{"embeddable":true,"href":"https:\/\/ubucha.pl\/de\/wp-json\/wp\/v2\/comments?post=5711"}],"wp:featuredmedia":[{"embeddable":true,"href":"https:\/\/ubucha.pl\/de\/wp-json\/wp\/v2\/media\/2379"}],"wp:attachment":[{"href":"https:\/\/ubucha.pl\/de\/wp-json\/wp\/v2\/media?parent=5711"}],"wp:term":[{"taxonomy":"product_brand","embeddable":true,"href":"https:\/\/ubucha.pl\/de\/wp-json\/wp\/v2\/product_brand?post=5711"},{"taxonomy":"product_cat","embeddable":true,"href":"https:\/\/ubucha.pl\/de\/wp-json\/wp\/v2\/product_cat?post=5711"},{"taxonomy":"product_tag","embeddable":true,"href":"https:\/\/ubucha.pl\/de\/wp-json\/wp\/v2\/product_tag?post=5711"},{"taxonomy":"woo-feed-brand","embeddable":true,"href":"https:\/\/ubucha.pl\/de\/wp-json\/wp\/v2\/woo-feed-brand?post=5711"}],"curies":[{"name":"wp","href":"https:\/\/api.w.org\/{rel}","templated":true}]}}