{"id":5707,"date":"2025-09-26T13:43:42","date_gmt":"2025-09-26T11:43:42","guid":{"rendered":"https:\/\/ubucha.pl\/hemp-shot-sleep-shot-forte-320-mg-fs-100ml\/"},"modified":"2025-10-20T12:21:16","modified_gmt":"2025-10-20T10:21:16","slug":"hanf-schuss-schlaf-schuss-forte-320-mg-fs-100ml","status":"publish","type":"product","link":"https:\/\/ubucha.pl\/de\/hemp-shot-sleep-shot-forte-320-mg-fs-100ml\/","title":{"rendered":"Hanf Shot Schlaf Shot Forte - 320 mg FS 100ml"},"content":{"rendered":"<p><strong>Hanf-Schuss<\/strong><\/p>\n<p>Die Marke Sleep Shot bietet Nahrungserg\u00e4nzungsmittel an, die Cannabis\u00f6l in ihrer Rezeptur enthalten. In Form von Spritzen verabreicht, bieten sie alle therapeutischen und gesundheitlichen Eigenschaften, kombiniert mit Kr\u00e4uterextrakten zur Unterst\u00fctzung der beruhigenden und entspannenden Wirkung. Sie sind die L\u00f6sung f\u00fcr Ihre Schlafprobleme und Ihren unruhigen Schlaf.<\/p>\n<p><strong>Dosierung und Lagerung:<br \/>\n<\/strong><br \/>\nEmpfohlene Dosis 5 ml<br \/>\nDas Produkt enth\u00e4lt etwa 20 Dosen \u00e0 5 ml.<br \/>\nBei Raumtemperatur an einem trockenen und dunklen Ort au\u00dferhalb der Reichweite von Kindern aufbewahren.<br \/>\nNach dem \u00d6ffnen im K\u00fchlschrank aufbewahren (Temperatur unter 5 Grad) und innerhalb von 21 Tagen verbrauchen.<\/p>\n<p><strong>N\u00e4hrwert pro 100 ml:<br \/>\n<\/strong><br \/>\nEnergiewert: 506 kJ\/ 122 kcal<br \/>\nFett: 9,5 g, davon ges\u00e4ttigte Fetts\u00e4uren: 1,0g<br \/>\nKohlenhydrate: 7,8 g, davon Zucker: 7,2 g<br \/>\nEiwei\u00df: &lt;0,5g<br \/>\nSalz: 0 g<\/p>\n<p><strong>Zusammensetzung des Produkts:<\/strong><\/p>\n<p>Wasser, Apfelsaft aus Apfelsaftkonzentrat (12%), Birnensaft aus Birnensaftkonzentrat (11.3%), Zucker, Aufguss aus getrockneten Pflanzen (Melissenblatt, Kordialblatt, Hopfenzapfen, Wei\u00dfdornfrucht), Hanf\u00f6l (10ml\/100ml), S\u00e4ure: Zitronens\u00e4ure, Stabilisatoren: Xanthangummi, Akaziengummi, Guarkernmehl), Aroma, Emulgator: Lecithine (aus Soja), Konservierungsstoffe: Natriumbenzoat, Kaliumsorbat<\/p>\n<p>Der THC-Gehalt in allen Nahrungserg\u00e4nzungsmitteln und Produkten, die f\u00fcr den oralen Verzehr bestimmt sind und \u00fcber diese Website verkauft werden, liegt unter der Nachweisgrenze.<\/p>\n<p>Die im Shop enthaltenen Produkte \u00fcberschreiten nicht 0,2% \u03949THC , \u03949THCa , \u03948THC , \u03948THCa<\/p>","protected":false},"excerpt":{"rendered":"<p>Nahrungserg\u00e4nzungsmittel mit Hanf\u00f6l, das 320 mg nat\u00fcrliche Phyton\u00e4hrstoffe pro Portion enth\u00e4lt.<\/p>\n<ul>\n<li>Empfohlene Dosis 5 ml<\/li>\n<li>Das Produkt enth\u00e4lt etwa 20 Dosen \u00e0 5 ml.<\/li>\n<\/ul>\n<p>HempMedicam-Produkte werden ausschlie\u00dflich aus nat\u00fcrlichen Inhaltsstoffen hergestellt.<\/p>\n<p>Das resultierende Faserhanf\u00f6l enth\u00e4lt das gesamte Spektrum der nat\u00fcrlich vorkommenden Phyton\u00e4hrstoffe, die in Hanf vorkommen. Es ist 100% ein nat\u00fcrliches, legales Produkt, das einzige mit solchen synergistischen Wirkungen von Phyton\u00e4hrstoffen.<\/p>","protected":false},"featured_media":2372,"comment_status":"open","ping_status":"open","template":"","meta":{"_acf_changed":false,"_gspb_post_css":"","rank_math_title":"","rank_math_description":"","rank_math_focus_keyword":"","rank_math_facebook_title":"","rank_math_facebook_description":"","rank_math_twitter_title":"","rank_math_twitter_description":""},"product_brand":[],"product_cat":[98],"product_tag":[],"woo-feed-brand":[],"class_list":{"0":"post-5707","1":"product","2":"type-product","3":"status-publish","4":"has-post-thumbnail","6":"product_cat-shoty","8":"first","9":"outofstock","10":"purchasable","11":"product-type-simple"},"ct_brands":[],"acf":[],"_links":{"self":[{"href":"https:\/\/ubucha.pl\/de\/wp-json\/wp\/v2\/product\/5707","targetHints":{"allow":["GET"]}}],"collection":[{"href":"https:\/\/ubucha.pl\/de\/wp-json\/wp\/v2\/product"}],"about":[{"href":"https:\/\/ubucha.pl\/de\/wp-json\/wp\/v2\/types\/product"}],"replies":[{"embeddable":true,"href":"https:\/\/ubucha.pl\/de\/wp-json\/wp\/v2\/comments?post=5707"}],"wp:featuredmedia":[{"embeddable":true,"href":"https:\/\/ubucha.pl\/de\/wp-json\/wp\/v2\/media\/2372"}],"wp:attachment":[{"href":"https:\/\/ubucha.pl\/de\/wp-json\/wp\/v2\/media?parent=5707"}],"wp:term":[{"taxonomy":"product_brand","embeddable":true,"href":"https:\/\/ubucha.pl\/de\/wp-json\/wp\/v2\/product_brand?post=5707"},{"taxonomy":"product_cat","embeddable":true,"href":"https:\/\/ubucha.pl\/de\/wp-json\/wp\/v2\/product_cat?post=5707"},{"taxonomy":"product_tag","embeddable":true,"href":"https:\/\/ubucha.pl\/de\/wp-json\/wp\/v2\/product_tag?post=5707"},{"taxonomy":"woo-feed-brand","embeddable":true,"href":"https:\/\/ubucha.pl\/de\/wp-json\/wp\/v2\/woo-feed-brand?post=5707"}],"curies":[{"name":"wp","href":"https:\/\/api.w.org\/{rel}","templated":true}]}}