{"id":55130,"date":"2025-11-28T10:12:44","date_gmt":"2025-11-28T09:12:44","guid":{"rendered":"https:\/\/ubucha.pl\/cosma-pure-herbs-pokrzywa-30-ml\/"},"modified":"2026-04-29T21:02:27","modified_gmt":"2026-04-29T19:02:27","slug":"cosma-pure-herbs-brennnessel-30-ml","status":"publish","type":"product","link":"https:\/\/ubucha.pl\/de\/cosma-pure-herbs-pokrzywa-30-ml\/","title":{"rendered":"Cosma Pure Herbs Brennnessel 30 ml"},"content":{"rendered":"<h2>Brennnessel \u2013 ein nat\u00fcrlicher Extrakt, der Gesundheit und Vitalit\u00e4t unterst\u00fctzt<\/h2>\n<p>Wussten Sie, dass die Brennnessel zu den wertvollsten Heilpflanzen z\u00e4hlt und seit Jahrhunderten bekannt ist? Dank ihrer einzigartigen gesundheitsf\u00f6rdernden Eigenschaften findet sie sowohl in der Naturheilkunde als auch in modernen Nahrungserg\u00e4nzungsmitteln Verwendung. Die Brennnessel ist eine wahre Fundgrube an N\u00e4hrstoffen, die das Immunsystem st\u00e4rken, das Hautbild verbessern und zum t\u00e4glichen Wohlbefinden beitragen.<\/p>\n<h3>Warum lohnt sich die Anwendung von Brennnesselextrakt?<\/h3>\n<p>Brennnesselextrakt ist reich an nat\u00fcrlichen Wirkstoffen wie Vitaminen (A, C, K), Mineralstoffen (Eisen, Magnesium, Kalzium), Flavonoiden und organischen S\u00e4uren. Diese Substanzen wirken entz\u00fcndungshemmend, st\u00e4rken das Immunsystem und unterst\u00fctzen die k\u00f6rpereigenen Entgiftungsprozesse. Brennnessel tr\u00e4gt au\u00dferdem zu gesunder Haut und gesundem Haar bei und ist somit ideal f\u00fcr alle, die ihr Aussehen auf nat\u00fcrliche Weise verbessern m\u00f6chten.<\/p>\n<h4>Vorteile f\u00fcr Ihren K\u00f6rper:<\/h4>\n<ul>\n<li>Unterst\u00fctzt die nat\u00fcrliche Immunit\u00e4t des K\u00f6rpers<\/li>\n<li>Hilft bei der Reinigung und Entgiftung<\/li>\n<li>St\u00e4rkt Haar, Haut und N\u00e4gel<\/li>\n<li>Es besitzt entz\u00fcndungshemmende Eigenschaften und lindert Symptome.<\/li>\n<li>Unterst\u00fctzt die ordnungsgem\u00e4\u00dfe Funktion des Harnsystems<\/li>\n<\/ul>\n<h3>Zusammensetzung des Produkts<\/h3>\n<p>Brennnesselblattextrakt, standardisiert auf den Gehalt an wertvollen Wirkstoffen, gewonnen durch ein Extraktionsverfahren, das die vollen nat\u00fcrlichen Eigenschaften der Pflanze erh\u00e4lt.<\/p>\n<table style=\"border-collapse: collapse; width: 100%; max-width: 600px;\" border=\"1\" cellspacing=\"0\" cellpadding=\"8\">\n<thead>\n<tr style=\"background-color: #f0f0f0;\">\n<th>Merkmal<\/th>\n<th>Einzelheiten<\/th>\n<\/tr>\n<\/thead>\n<tbody>\n<tr>\n<td>Produkttyp<\/td>\n<td>Brennnesselextrakt<\/td>\n<\/tr>\n<tr>\n<td>Formular<\/td>\n<td>Kapseln \/ Fl\u00fcssigextrakt (je nach Produkt)<\/td>\n<\/tr>\n<tr>\n<td>Aktive Bestandteile<\/td>\n<td>Vitamine A, C, K, Eisen, Magnesium, Kalzium, Flavonoide<\/td>\n<\/tr>\n<tr>\n<td>Aktion<\/td>\n<td>Entz\u00fcndungshemmend, immunst\u00e4rkend, reinigend<\/td>\n<\/tr>\n<tr>\n<td>Anmeldung<\/td>\n<td>St\u00e4rkung des Immunsystems, Haut- und Haarpflege, Entgiftung<\/td>\n<\/tr>\n<\/tbody>\n<\/table>\n<h3>Wie wendet man Brennnesselextrakt an?<\/h3>\n<p>Wir empfehlen die regelm\u00e4\u00dfige Einnahme von Brennnesselextrakt, am besten gem\u00e4\u00df der Packungsbeilage. \u00dcblicherweise werden Kapseln oder Tropfen zweimal t\u00e4glich, vorzugsweise zu den Mahlzeiten, eingenommen, um die Aufnahme der Wirkstoffe zu optimieren. So wird Ihr K\u00f6rper optimal im Kampf gegen Stress und M\u00fcdigkeit unterst\u00fctzt.<\/p>\n<h3>Beispiele f\u00fcr die Verwendung des Produkts<\/h3>\n<ul>\n<li>In Zeiten geschw\u00e4chter Immunit\u00e4t, um die nat\u00fcrliche Schutzbarriere des K\u00f6rpers wirksam zu unterst\u00fctzen.<\/li>\n<li>Zur Unterst\u00fctzung der nat\u00fcrlichen Prozesse der Giftstoffausscheidung w\u00e4hrend Reinigungs- und Entgiftungsbehandlungen.<\/li>\n<li>F\u00fcr Menschen mit Hautproblemen oder geschw\u00e4chtem Haar, die ihre Haarstruktur von innen st\u00e4rken m\u00f6chten.<\/li>\n<li>Als nat\u00fcrliche Unterst\u00fctzung f\u00fcr die Harnwege und die Nieren.<\/li>\n<\/ul>\n<h3>Sicherheit und Lagerung<\/h3>\n<p>Dieses Produkt ist sicher in der Anwendung und enth\u00e4lt keine k\u00fcnstlichen Zusatzstoffe oder Konservierungsmittel. Bitte halten Sie sich jedoch an die empfohlene Dosierung und \u00fcberschreiten Sie diese nicht ohne R\u00fccksprache mit Ihrem Arzt. K\u00fchl und trocken lagern, vor direkter Sonneneinstrahlung sch\u00fctzen und au\u00dferhalb der Reichweite von Kindern aufbewahren.<\/p>\n<h3>Nutzerbewertungen<\/h3>\n<p>Anwender sch\u00e4tzen Brennnesselextrakt f\u00fcr seine Wirksamkeit zur Verbesserung des Wohlbefindens und des Hautbildes. Viele berichten von einem sp\u00fcrbaren Energieschub und einer gest\u00e4rkten Abwehrkraft gegen Infektionen. Dank seiner nat\u00fcrlichen Zusammensetzung wird das Produkt zudem f\u00fcr seine Nebenwirkungsfreiheit gelobt.<\/p>\n<h3>Zusammenfassung<\/h3>\n<p>Brennnesselextrakt ist eine hervorragende Wahl f\u00fcr alle, die ihre Gesundheit und Sch\u00f6nheit auf nat\u00fcrliche Weise unterst\u00fctzen m\u00f6chten. Dank seiner einzigartigen Zusammensetzung und seines breiten Wirkungsspektrums st\u00e4rkt die Brennnessel das Immunsystem, reinigt den K\u00f6rper und pflegt Haut und Haar. Probieren Sie es aus \u2013 erg\u00e4nzen Sie Ihre t\u00e4gliche Nahrungserg\u00e4nzung mit Brennnessel und sp\u00fcren Sie den Unterschied!<\/p>","protected":false},"excerpt":{"rendered":"<ul>\n<li>Nat\u00fcrlicher Brennnesselextrakt in einer 30-ml-Flasche<\/li>\n<li>Quelle f\u00fcr Vitamine und Mineralstoffe<\/li>\n<li>Unterst\u00fctzung f\u00fcr Immunsystem, Haut und Haare<\/li>\n<li>Cosma Pure Herbs Linie \u2013 nat\u00fcrliche Zusammensetzung<\/li>\n<li>Kostenloser Versand ab 49 PLN<\/li>\n<\/ul>","protected":false},"featured_media":55332,"comment_status":"closed","ping_status":"closed","template":"","meta":{"_acf_changed":false,"_gspb_post_css":"","rank_math_title":"Cosma Pure Herbs Pokrzywa \u2013 ekstrakt 30 ml | u Bucha","rank_math_description":"Cosma Pure Herbs Pokrzywa \u2014 naturalny ekstrakt zio\u0142owy w butelce 30 ml. Witaminy i minera\u0142y, wsparcie odporno\u015bci, sk\u00f3ry i w\u0142os\u00f3w na co dzie\u0144.","rank_math_focus_keyword":"ekstrakt z pokrzywy","rank_math_facebook_title":"Cosma Pokrzywa \u2013 ekstrakt 30 ml","rank_math_facebook_description":"Naturalny ekstrakt z pokrzywy 30 ml. Witaminy i minera\u0142y, wsparcie odporno\u015bci, sk\u00f3ry i w\u0142os\u00f3w.","rank_math_twitter_title":"Cosma Pokrzywa 30 ml","rank_math_twitter_description":"Naturalny ekstrakt zio\u0142owy z pokrzywy."},"product_brand":[416],"product_cat":[437],"product_tag":[],"woo-feed-brand":[],"class_list":{"0":"post-55130","1":"product","2":"type-product","3":"status-publish","4":"has-post-thumbnail","6":"product_brand-cosma-cannabis","7":"product_cat-ekstrakty-roslinne","9":"first","10":"instock","11":"purchasable","12":"product-type-simple"},"ct_brands":[{"id":416,"name":"Cosma Cannabis","slug":"cosma-cannabis"}],"acf":[],"_links":{"self":[{"href":"https:\/\/ubucha.pl\/de\/wp-json\/wp\/v2\/product\/55130","targetHints":{"allow":["GET"]}}],"collection":[{"href":"https:\/\/ubucha.pl\/de\/wp-json\/wp\/v2\/product"}],"about":[{"href":"https:\/\/ubucha.pl\/de\/wp-json\/wp\/v2\/types\/product"}],"replies":[{"embeddable":true,"href":"https:\/\/ubucha.pl\/de\/wp-json\/wp\/v2\/comments?post=55130"}],"wp:featuredmedia":[{"embeddable":true,"href":"https:\/\/ubucha.pl\/de\/wp-json\/wp\/v2\/media\/55332"}],"wp:attachment":[{"href":"https:\/\/ubucha.pl\/de\/wp-json\/wp\/v2\/media?parent=55130"}],"wp:term":[{"taxonomy":"product_brand","embeddable":true,"href":"https:\/\/ubucha.pl\/de\/wp-json\/wp\/v2\/product_brand?post=55130"},{"taxonomy":"product_cat","embeddable":true,"href":"https:\/\/ubucha.pl\/de\/wp-json\/wp\/v2\/product_cat?post=55130"},{"taxonomy":"product_tag","embeddable":true,"href":"https:\/\/ubucha.pl\/de\/wp-json\/wp\/v2\/product_tag?post=55130"},{"taxonomy":"woo-feed-brand","embeddable":true,"href":"https:\/\/ubucha.pl\/de\/wp-json\/wp\/v2\/woo-feed-brand?post=55130"}],"curies":[{"name":"wp","href":"https:\/\/api.w.org\/{rel}","templated":true}]}}