{"id":54764,"date":"2025-11-21T09:50:48","date_gmt":"2025-11-21T08:50:48","guid":{"rendered":"https:\/\/ubucha.pl\/zelki-konopne-cbd-brain-wash-cola-100g-kofeina\/"},"modified":"2026-04-15T11:50:52","modified_gmt":"2026-04-15T09:50:52","slug":"hanfbonbons-cbd-brain-wash-cola-100-g-koffein","status":"publish","type":"product","link":"https:\/\/ubucha.pl\/de\/zelki-konopne-cbd-brain-wash-cola-100g-kofeina\/","title":{"rendered":"CBD-Hanf-Gummibonbons Brain Wash Cola 100 g + Koffein"},"content":{"rendered":"<h2>CBD-Hanf-Gummib\u00e4rchen Brain Wash Cola 100 g + Koffein \u2013 nat\u00fcrliche Energie und Entspannung in jedem Gummib\u00e4rchen<\/h2>\n<p>Suchen Sie nach einer nat\u00fcrlichen Unterst\u00fctzung f\u00fcr K\u00f6rper und Geist? Die CBD Brain Wash Hanf-Gummibonbons mit erfrischendem Cola-Geschmack und Koffeinzusatz sind die ideale L\u00f6sung f\u00fcr aktive, vielbesch\u00e4ftigte Menschen, die einen gesunden Lebensstil sch\u00e4tzen. Dank ihrer einzigartigen Formel, die die wohltuenden Eigenschaften von Hanf (Cannabis sativa L.) und Koffein kombiniert, sind diese Gummib\u00e4rchen eine hervorragende M\u00f6glichkeit, die Konzentration und Stimmung zu verbessern, ohne zu einer weiteren Tasse Kaffee zu greifen.<\/p>\n<h3>Was zeichnet CBD Brain Wash Cola Gummib\u00e4rchen aus?<\/h3>\n<p>Diese einzigartigen Gummib\u00e4rchen sind eine harmonische Kombination aus nat\u00fcrlichen Inhaltsstoffen, die Ihren K\u00f6rper und Geist unterst\u00fctzen:<\/p>\n<ul>\n<li><strong>Nat\u00fcrliche Phytokomponenten aus Hanf:<\/strong> Jedes Gummibonbon enth\u00e4lt bis zu 24 mg aktive Verbindungen aus Hanf\u00f6l, die helfen, das Gleichgewicht des K\u00f6rpers aufrechtzuerhalten und die geistige und k\u00f6rperliche Gesundheit zu unterst\u00fctzen.<\/li>\n<li><strong>Koffein in optimaler Dosierung:<\/strong> 10 mg Koffein pro Portion sind die ideale Menge, um K\u00f6rper und Geist effektiv zu stimulieren, die Wachsamkeit zu steigern und die Leistungsf\u00e4higkeit zu verbessern, ohne dass man sich \u00fcberm\u00e4\u00dfig angeregt oder nerv\u00f6s f\u00fchlt.<\/li>\n<li><strong>Der einzigartige Geschmack von Cola:<\/strong> Der klassische, leicht s\u00fc\u00dfe und erfrischende Cola-Geschmack macht die Einnahme der Gummib\u00e4rchen angenehm und lecker, ideal f\u00fcr Liebhaber von energiespendenden Geschmacksnoten.<\/li>\n<li><strong>Bequeme Form:<\/strong> Gummib\u00e4rchen lassen sich leicht \u00fcberallhin mitnehmen \u2013 Sie brauchen weder Wasser noch Kapseln, sondern k\u00f6nnen einfach jederzeit zu einem Gummib\u00e4rchen greifen, wenn Sie einen nat\u00fcrlichen Energieschub ben\u00f6tigen.<\/li>\n<li><strong>Nat\u00fcrliche Inhaltsstoffe:<\/strong> Das Produkt enth\u00e4lt keine k\u00fcnstlichen Zusatzstoffe, Farbstoffe oder Aromen. Es enth\u00e4lt ausschlie\u00dflich nat\u00fcrliche Inhaltsstoffe, die einen gesunden Lebensstil unterst\u00fctzen.<\/li>\n<\/ul>\n<h3>Vorteile der Verwendung von Brain Wash Cola Hanf-Gummib\u00e4rchen<\/h3>\n<p>Sie fragen sich, warum Sie sich gerade f\u00fcr diese Gummib\u00e4rchen entscheiden sollten? Hier sind die wichtigsten gesundheitlichen und praktischen Vorteile:<\/p>\n<ul>\n<li><strong>Nat\u00fcrliche Stimulation und Anregung:<\/strong> Die Kombination von CBD und Koffein f\u00f6rdert die Steigerung von Energie und Vitalit\u00e4t ohne negative Auswirkungen der Erregung.<\/li>\n<li><strong>Verbesserung der Konzentration und des Ged\u00e4chtnisses:<\/strong> Die ideale Unterst\u00fctzung bei der Arbeit, beim Lernen oder bei anspruchsvollen geistigen Aufgaben.<\/li>\n<li><strong>Unterst\u00fctzung des Gleichgewichts des Nervensystems:<\/strong> CBD hilft, Stress und Anspannung abzubauen, was zu einem besseren Wohlbefinden und mehr Ruhe nach dem Training f\u00fchrt.<\/li>\n<li><strong>Geschmackliches Vergn\u00fcgen:<\/strong> Der Cola-Geschmack macht die Nahrungserg\u00e4nzung einfach und angenehm, ohne dass Sie auf Ihre Lieblingsgeschmacksrichtungen verzichten m\u00fcssen.<\/li>\n<\/ul>\n<h3>Zusammensetzung des Produkts<\/h3>\n<table style=\"border-collapse: collapse;width: 100%;max-width: 600px\" border=\"1\" cellspacing=\"0\" cellpadding=\"8\">\n<thead>\n<tr>\n<th>Komponente<\/th>\n<th>Beschreibung<\/th>\n<th>Inhalt in 1 Gummibonbon<\/th>\n<\/tr>\n<\/thead>\n<tbody>\n<tr>\n<td>Hanf\u00f6l (Cannabis sativa L.)<\/td>\n<td>Nat\u00fcrliche Phytokomponenten, die das Gleichgewicht des K\u00f6rpers und des Nervensystems unterst\u00fctzen<\/td>\n<td>24 mg CBD<\/td>\n<\/tr>\n<tr>\n<td>Koffein<\/td>\n<td>Stimuliert das Nervensystem, steigert die Wachsamkeit und Energie<\/td>\n<td>10 mg<\/td>\n<\/tr>\n<tr>\n<td>Nat\u00fcrlicher Farbstoff und Cola-Aroma<\/td>\n<td>Sie sorgen f\u00fcr einen angenehmen, erfrischenden Geschmack ohne k\u00fcnstliche Zusatzstoffe.<\/td>\n<td>-<\/td>\n<\/tr>\n<tr>\n<td>Andere Zutaten<\/td>\n<td>Nat\u00fcrliche Gelier- und S\u00fc\u00dfungsmittel, ohne Konservierungsstoffe<\/td>\n<td>-<\/td>\n<\/tr>\n<\/tbody>\n<\/table>\n<h3>Wie werden CBD Brain Wash Cola Hanf-Gummib\u00e4rchen angewendet?<\/h3>\n<p>Die Anwendung der Gummib\u00e4rchen ist \u00e4u\u00dferst einfach und bequem. Wir empfehlen, t\u00e4glich ein Gummib\u00e4rchen oder je nach individuellem Bedarf einzunehmen, am besten morgens oder nachmittags als Energieschub. Dank ihrer kompakten Form k\u00f6nnen Sie sie mit zur Arbeit, zur Uni oder zum Training nehmen und immer dann zu sich nehmen, wenn Sie einen nat\u00fcrlichen Energieschub und Entspannung brauchen.<\/p>\n<h3>Beispiele f\u00fcr die Verwendung des Produkts<\/h3>\n<ul>\n<li>Ideale Unterst\u00fctzung bei langen Arbeitsstunden am Computer oder beim Lernen.<\/li>\n<li>Sie eignen sich perfekt vor dem Training als nat\u00fcrlicher Energiebooster.<\/li>\n<li>Sie helfen, Stress und Anspannung nach einem anstrengenden Tag abzubauen.<\/li>\n<li>Eine Alternative zu Kaffee oder Energy-Drinks, ohne unn\u00f6tige Kalorien und k\u00fcnstliche Zusatzstoffe.<\/li>\n<\/ul>\n<h3>Zus\u00e4tzliche Sicherheitsinformationen<\/h3>\n<p>Das Produkt wird aus nat\u00fcrlichen Inhaltsstoffen h\u00f6chster Qualit\u00e4t hergestellt, ohne k\u00fcnstliche Konservierungs- und Farbstoffe. Dennoch sollten Schwangere, Stillende und Personen, die Medikamente einnehmen, vor der Anwendung einen Arzt konsultieren. Die Gummib\u00e4rchen sind nicht f\u00fcr Kinder geeignet. Au\u00dferhalb der Reichweite von Kindern bei Raumtemperatur, vor Feuchtigkeit und Licht gesch\u00fctzt lagern.<\/p>\n<h3>Nutzerbewertungen<\/h3>\n<p><em>\u201eEin gro\u00dfartiges Produkt! Die Gummib\u00e4rchen schmecken wirklich gut und die stimulierende Wirkung ist nat\u00fcrlich und angenehm. Ideal gegen die M\u00fcdigkeit am Nachmittag.\u201d<\/em> - Marta K.<\/p>\n<p><em>\u201eDank Brain Wash hat sich meine Konzentration bei der Telearbeit verbessert. Ich empfehle es jedem, der nat\u00fcrliche Unterst\u00fctzung braucht.\u201d<\/em> \u2013 Pawe\u0142 D.<\/p>\n<p><em>\u201eIch liebe den Geschmack von Cola und die Tatsache, dass die Gummib\u00e4rchen Koffein und CBD enthalten. Das ist meine neue, gesunde Energiequelle.\u201d<\/em> - Anna M.<\/p>\n<h3>Hinweise zur Lagerung und Verwendung<\/h3>\n<ul>\n<li>Bewahren Sie die Gummib\u00e4rchen an einem trockenen, k\u00fchlen Ort auf und sch\u00fctzen Sie sie vor direkter Sonneneinstrahlung.<\/li>\n<li>Vermeiden Sie die Lagerung an Orten mit hoher Luftfeuchtigkeit, um ihre Frische und Konsistenz zu bewahren.<\/li>\n<li>\u00dcberschreiten Sie nicht die empfohlene Tagesdosis.<\/li>\n<li>Bei Zweifeln oder allergischen Reaktionen die Anwendung abbrechen und einen Arzt konsultieren.<\/li>\n<\/ul>\n<p>CBD Brain Wash Cola Hanf-Gummib\u00e4rchen sind eine nat\u00fcrliche, schmackhafte und wirksame Form der Nahrungserg\u00e4nzung, die Ihnen hilft, jeden Tag Energie, Ausgeglichenheit und hervorragende Konzentration zu bewahren. \u00dcberzeugen Sie sich selbst, wie einfach es ist, f\u00fcr Ihren Geist und K\u00f6rper zu sorgen!<\/p>","protected":false},"excerpt":{"rendered":"<p>Entdecken Sie die nat\u00fcrliche Kraft der CBD Brain Wash Cola Gummibonbons \u2013 eine einzigartige Kombination aus 24 mg aktiven Hanfwirkstoffen und 10 mg Koffein in einer Portion. Ideal f\u00fcr Menschen, die einen schnellen Energieschub und bessere Konzentration ben\u00f6tigen, ohne zu einer weiteren Tasse Kaffee zu greifen.<\/p>\n<p>Der erfrischende Geschmack von Cola und die praktische Form der Gummib\u00e4rchen sorgen daf\u00fcr, dass Sie sie \u00fcberallhin mitnehmen und jederzeit genie\u00dfen k\u00f6nnen. Sie sind die perfekte Wahl f\u00fcr aktive, vielbesch\u00e4ftigte Menschen, die Wert auf nat\u00fcrliche Unterst\u00fctzung f\u00fcr ihren K\u00f6rper legen.<\/p>\n<p>Ohne k\u00fcnstliche Zusatzstoffe, mit nat\u00fcrlichem Aroma und Farbstoff \u2013 Brain Wash ist Ihr t\u00e4glicher Weg, K\u00f6rper und Geist zu stimulieren. Bestellen Sie noch heute und sp\u00fcren Sie den Unterschied!<\/p>","protected":false},"featured_media":54770,"comment_status":"open","ping_status":"closed","template":"","meta":{"_acf_changed":false,"_gspb_post_css":"","rank_math_title":"","rank_math_description":"","rank_math_focus_keyword":"","rank_math_facebook_title":"","rank_math_facebook_description":"","rank_math_twitter_title":"","rank_math_twitter_description":""},"product_brand":[],"product_cat":[104],"product_tag":[],"woo-feed-brand":[],"class_list":{"0":"post-54764","1":"product","2":"type-product","3":"status-publish","4":"has-post-thumbnail","6":"product_cat-zelki","8":"first","9":"outofstock","10":"taxable","11":"shipping-taxable","12":"purchasable","13":"product-type-simple"},"ct_brands":[],"acf":[],"_links":{"self":[{"href":"https:\/\/ubucha.pl\/de\/wp-json\/wp\/v2\/product\/54764","targetHints":{"allow":["GET"]}}],"collection":[{"href":"https:\/\/ubucha.pl\/de\/wp-json\/wp\/v2\/product"}],"about":[{"href":"https:\/\/ubucha.pl\/de\/wp-json\/wp\/v2\/types\/product"}],"replies":[{"embeddable":true,"href":"https:\/\/ubucha.pl\/de\/wp-json\/wp\/v2\/comments?post=54764"}],"wp:featuredmedia":[{"embeddable":true,"href":"https:\/\/ubucha.pl\/de\/wp-json\/wp\/v2\/media\/54770"}],"wp:attachment":[{"href":"https:\/\/ubucha.pl\/de\/wp-json\/wp\/v2\/media?parent=54764"}],"wp:term":[{"taxonomy":"product_brand","embeddable":true,"href":"https:\/\/ubucha.pl\/de\/wp-json\/wp\/v2\/product_brand?post=54764"},{"taxonomy":"product_cat","embeddable":true,"href":"https:\/\/ubucha.pl\/de\/wp-json\/wp\/v2\/product_cat?post=54764"},{"taxonomy":"product_tag","embeddable":true,"href":"https:\/\/ubucha.pl\/de\/wp-json\/wp\/v2\/product_tag?post=54764"},{"taxonomy":"woo-feed-brand","embeddable":true,"href":"https:\/\/ubucha.pl\/de\/wp-json\/wp\/v2\/woo-feed-brand?post=54764"}],"curies":[{"name":"wp","href":"https:\/\/api.w.org\/{rel}","templated":true}]}}