{"id":54760,"date":"2025-11-21T09:50:38","date_gmt":"2025-11-21T08:50:38","guid":{"rendered":"https:\/\/ubucha.pl\/zelki-konopne-cbd-brain-wash-sour-apple-100g\/"},"modified":"2026-04-14T12:12:03","modified_gmt":"2026-04-14T10:12:03","slug":"hanfbonbons-cbd-brain-wash-sour-apple-100-g","status":"publish","type":"product","link":"https:\/\/ubucha.pl\/de\/zelki-konopne-cbd-brain-wash-sour-apple-100g\/","title":{"rendered":"CBD-Hanfbonbons Brain Wash Sour Apple 100 g"},"content":{"rendered":"<h2>Nat\u00fcrliche CBD-Hanf-Gummib\u00e4rchen Brain Wash Sour Apple \u2013 Ihre t\u00e4gliche Dosis Energie und Immunit\u00e4t<\/h2>\n<p>Entdecken Sie die einzigartigen CBD Brain Wash Hanf-Gummibonbons mit saurem Apfelgeschmack, die nat\u00fcrliche Inhaltsstoffe aus Hanf (Cannabis sativa L.) mit Vitamin C kombinieren, das f\u00fcr seine immunst\u00e4rkenden Eigenschaften bekannt ist. Sie sind ideal f\u00fcr aktive, vielbesch\u00e4ftigte Menschen und alle, die auf nat\u00fcrliche Weise ihre Vitalit\u00e4t und ihren K\u00f6rper sch\u00fctzen m\u00f6chten.<\/p>\n<h3>Was zeichnet die Hanf-Gummibonbons Brain Wash Sour Apple aus?<\/h3>\n<ul>\n<li><strong>Hoher Gehalt an Phytochemikalien aus Hanf:<\/strong> Jedes Gummibonbon enth\u00e4lt bis zu 18 mg aktive Verbindungen aus Hanf\u00f6l, die das innere Gleichgewicht des K\u00f6rpers unterst\u00fctzen und zum Wohlbefinden beitragen.<\/li>\n<li><strong>Vitamin C \u2013 10 mg (12,5% RWS):<\/strong> Ein wichtiger Inhaltsstoff, der dabei hilft, die Immunit\u00e4t zu st\u00e4rken und das Gef\u00fchl von M\u00fcdigkeit und Ersch\u00f6pfung zu reduzieren, was besonders bei einem hektischen Lebensstil wichtig ist.<\/li>\n<li><strong>Erfrischender Geschmack von sauren \u00c4pfeln:<\/strong> Ein intensiv s\u00e4uerlicher und frischer Geschmack, der jedem Liebhaber fruchtiger Snacks gefallen wird.<\/li>\n<li><strong>Bequeme Form der Gelees:<\/strong> Sie brauchen weder Wasser noch spezielle Kapseln \u2013 ein Gummib\u00e4rchen pro Tag reicht aus, das Sie \u00fcberallhin mitnehmen k\u00f6nnen.<\/li>\n<li><strong>Nat\u00fcrliche Zusammensetzung ohne k\u00fcnstliche Zusatzstoffe:<\/strong> Die Gummib\u00e4rchen enthalten ausschlie\u00dflich nat\u00fcrliche Farbstoffe und Aromen, was sie zu einer sicheren und gesunden Wahl macht.<\/li>\n<\/ul>\n<h3>Vorteile der Verwendung von Brain Wash Sour Apple Hanf-Gummib\u00e4rchen<\/h3>\n<p>Der regelm\u00e4\u00dfige Verzehr von Brain Wash Hanf-Gummib\u00e4rchen hat viele Vorteile:<\/p>\n<ul>\n<li>Sie unterst\u00fctzen das nat\u00fcrliche Gleichgewicht des K\u00f6rpers dank wertvoller Phytokomponenten aus Hanf.<\/li>\n<li>Sie st\u00e4rken das Immunsystem und sch\u00fctzen die Zellen dank ihres Vitamin-C-Gehalts vor oxidativem Stress.<\/li>\n<li>Sie helfen, M\u00fcdigkeit zu reduzieren, was zu mehr Energie und besserer Konzentration f\u00fchrt.<\/li>\n<li>Sie liefern einen leckeren, funktionellen Snack, der die Stimmung hebt und zum Handeln motiviert.<\/li>\n<\/ul>\n<h3>Zusammensetzung des Produkts<\/h3>\n<table style=\"border-collapse: collapse;width: 100%;max-width: 600px\" border=\"1\" cellspacing=\"0\" cellpadding=\"8\">\n<thead>\n<tr>\n<th>Komponente<\/th>\n<th>Beschreibung<\/th>\n<\/tr>\n<\/thead>\n<tbody>\n<tr>\n<td>Hanf\u00f6l (Cannabis sativa L.)<\/td>\n<td>Enth\u00e4lt aktive Phytokomponenten, die das Nerven- und Immunsystem unterst\u00fctzen.<\/td>\n<\/tr>\n<tr>\n<td>Vitamin C<\/td>\n<td>10 mg (12,5% RWS) \u2013 st\u00e4rkt die Immunit\u00e4t und sch\u00fctzt die Zellen vor oxidativem Stress<\/td>\n<\/tr>\n<tr>\n<td>Zucker, Glukose-Fruktose-Sirup<\/td>\n<td>Nat\u00fcrliche S\u00fc\u00dfstoffe, die den Gummib\u00e4rchen einen angenehmen Geschmack verleihen<\/td>\n<\/tr>\n<tr>\n<td>Nat\u00fcrliche Farbstoffe und Aromen<\/td>\n<td>Sie sorgen f\u00fcr einen intensiven Geschmack und ein attraktives Aussehen ohne k\u00fcnstliche Zusatzstoffe.<\/td>\n<\/tr>\n<\/tbody>\n<\/table>\n<h3>Wie werden Brain Wash Sour Apple Hanf-Gummib\u00e4rchen angewendet?<\/h3>\n<p>Die Anwendung der Gummib\u00e4rchen ist \u00e4u\u00dferst einfach und bequem. Es wird empfohlen, t\u00e4glich ein Gummib\u00e4rchen einzunehmen, am besten zu einer festen Uhrzeit, um die Regelm\u00e4\u00dfigkeit und Wirksamkeit der Wirkung zu unterst\u00fctzen. Die Gummib\u00e4rchen m\u00fcssen nicht mit Wasser eingenommen werden, sodass man sie leicht mit zur Arbeit, zum Training oder auf Reisen nehmen kann.<\/p>\n<h3>Beispiele f\u00fcr die Verwendung des Produkts<\/h3>\n<p>Die Brain Wash Sour Apple Gummib\u00e4rchen eignen sich ideal als:<\/p>\n<ul>\n<li>Ein nat\u00fcrlicher Energiesnack f\u00fcr zwischendurch.<\/li>\n<li>Unterst\u00fctzung in Zeiten erh\u00f6hter k\u00f6rperlicher und geistiger Aktivit\u00e4t.<\/li>\n<li>Erg\u00e4nzung zu einer gesunden Ern\u00e4hrung f\u00fcr Menschen, die auf ihr Immunsystem und ihr k\u00f6rperliches Gleichgewicht achten.<\/li>\n<li>Eine schmackhafte Alternative zu herk\u00f6mmlichen Nahrungserg\u00e4nzungsmitteln in Kapselform.<\/li>\n<\/ul>\n<h3>Zus\u00e4tzliche Sicherheitsinformationen<\/h3>\n<p>Das Produkt wurde mit Blick auf Sicherheit und Nat\u00fcrlichkeit entwickelt. Die Gummib\u00e4rchen enthalten keine k\u00fcnstlichen Farbstoffe oder Aromen und sind f\u00fcr Menschen geeignet, die auf einen gesunden Lebensstil achten. Wir empfehlen, das Produkt gem\u00e4\u00df den Anweisungen des Herstellers zu verwenden und an einem trockenen und k\u00fchlen Ort, fern von direkter Sonneneinstrahlung, zu lagern.<\/p>\n<h3>Nutzerbewertungen<\/h3>\n<p>Kunden sch\u00e4tzen Brain Wash Gummib\u00e4rchen wegen ihres intensiven, erfrischenden Geschmacks nach sauren \u00c4pfeln und ihrer sp\u00fcrbaren Unterst\u00fctzung im Alltag. Viele betonen die bequeme Anwendung und die positive Wirkung auf das Wohlbefinden und die Immunit\u00e4t, was das Produkt zu einer idealen Erg\u00e4nzung der Ern\u00e4hrung macht.<\/p>\n<h3>Hinweise zur Lagerung und Verwendung<\/h3>\n<ul>\n<li>Bewahren Sie die Gummib\u00e4rchen bei Raumtemperatur an einem trockenen und schattigen Ort auf.<\/li>\n<li>Au\u00dferhalb der Reichweite von Kindern aufbewahren.<\/li>\n<li>\u00dcberschreiten Sie nicht die empfohlene Tagesdosis.<\/li>\n<li>Das Produkt ist kein Arzneimittel und kann eine abwechslungsreiche Ern\u00e4hrung nicht ersetzen.<\/li>\n<\/ul>\n<p>Investieren Sie in Ihre Gesundheit und Ihr Wohlbefinden, indem Sie sich f\u00fcr die nat\u00fcrlichen CBD-Hanf-Gummib\u00e4rchen Brain Wash Sour Apple entscheiden \u2013 ein Geschmack, der anregt, und Inhaltsstoffe, die wirken!<\/p>","protected":false},"excerpt":{"rendered":"<p>Entdecken Sie die erfrischenden CBD-Hanf-Gummibonbons Brain Wash Sour Apple \u2013 Ihre t\u00e4gliche Dosis Ausgeglichenheit und Unterst\u00fctzung f\u00fcr Ihr Immunsystem in praktischer Form. Jedes Gummibonbon enth\u00e4lt 18 mg nat\u00fcrliche Phytochemikalien aus Hanf und 10 mg Vitamin C, das Ihre Zellen vor oxidativem Stress sch\u00fctzt und M\u00fcdigkeit reduziert.<\/p>\n<p>Der s\u00e4uerliche Geschmack des Apfels gibt Ihnen zu jeder Tageszeit Energie und Frische, und die nat\u00fcrliche Zusammensetzung ohne k\u00fcnstliche Zusatzstoffe garantiert Sicherheit und h\u00f6chste Qualit\u00e4t. Ideal f\u00fcr aktive Menschen, die Wert auf Gesundheit und Komfort legen \u2013 eine Gummib\u00e4rchen pro Tag reicht aus, ohne dass Sie Wasser trinken m\u00fcssen.<\/p>\n<p>Achten Sie auf Ihre Gesundheit auf nat\u00fcrliche Weise \u2013 bestellen Sie noch heute CBD Brain Wash Sour Apple Gummib\u00e4rchen und sp\u00fcren Sie den Unterschied!<\/p>","protected":false},"featured_media":54772,"comment_status":"open","ping_status":"closed","template":"","meta":{"_acf_changed":false,"_gspb_post_css":"","rank_math_title":"","rank_math_description":"","rank_math_focus_keyword":"","rank_math_facebook_title":"","rank_math_facebook_description":"","rank_math_twitter_title":"","rank_math_twitter_description":""},"product_brand":[],"product_cat":[104],"product_tag":[],"woo-feed-brand":[],"class_list":{"0":"post-54760","1":"product","2":"type-product","3":"status-publish","4":"has-post-thumbnail","6":"product_cat-zelki","8":"first","9":"outofstock","10":"taxable","11":"shipping-taxable","12":"purchasable","13":"product-type-simple"},"ct_brands":[],"acf":[],"_links":{"self":[{"href":"https:\/\/ubucha.pl\/de\/wp-json\/wp\/v2\/product\/54760","targetHints":{"allow":["GET"]}}],"collection":[{"href":"https:\/\/ubucha.pl\/de\/wp-json\/wp\/v2\/product"}],"about":[{"href":"https:\/\/ubucha.pl\/de\/wp-json\/wp\/v2\/types\/product"}],"replies":[{"embeddable":true,"href":"https:\/\/ubucha.pl\/de\/wp-json\/wp\/v2\/comments?post=54760"}],"wp:featuredmedia":[{"embeddable":true,"href":"https:\/\/ubucha.pl\/de\/wp-json\/wp\/v2\/media\/54772"}],"wp:attachment":[{"href":"https:\/\/ubucha.pl\/de\/wp-json\/wp\/v2\/media?parent=54760"}],"wp:term":[{"taxonomy":"product_brand","embeddable":true,"href":"https:\/\/ubucha.pl\/de\/wp-json\/wp\/v2\/product_brand?post=54760"},{"taxonomy":"product_cat","embeddable":true,"href":"https:\/\/ubucha.pl\/de\/wp-json\/wp\/v2\/product_cat?post=54760"},{"taxonomy":"product_tag","embeddable":true,"href":"https:\/\/ubucha.pl\/de\/wp-json\/wp\/v2\/product_tag?post=54760"},{"taxonomy":"woo-feed-brand","embeddable":true,"href":"https:\/\/ubucha.pl\/de\/wp-json\/wp\/v2\/woo-feed-brand?post=54760"}],"curies":[{"name":"wp","href":"https:\/\/api.w.org\/{rel}","templated":true}]}}