{"id":53045,"date":"2025-10-29T10:43:23","date_gmt":"2025-10-29T09:43:23","guid":{"rendered":"https:\/\/ubucha.pl\/zel-chlodzacy-muscle-relief-500mg-cbd\/"},"modified":"2026-03-23T10:30:45","modified_gmt":"2026-03-23T09:30:45","slug":"muskelentlastung-kuhlendes-gel-500mg-cbd","status":"publish","type":"product","link":"https:\/\/ubucha.pl\/de\/zel-chlodzacy-muscle-relief-500mg-cbd\/","title":{"rendered":"Muscle Relief K\u00fchlgel 500mg CBD"},"content":{"rendered":"<h2>Muscle Relief Cooling Gel 500mg CBD - Wirksame Linderung f\u00fcr m\u00fcde Muskeln<\/h2>\n<p>Haben Sie nach einem intensiven Training oder einem langen Tag Muskelkater oder Verspannungen? <strong>Muscle Relief K\u00fchlendes Gel 500mg CBD<\/strong> ist ein innovatives Produkt, das Ihren Muskeln schnell und effektiv Linderung verschafft. Mit einer hohen Konzentration von 500mg CBD ist dieses k\u00fchlende Gel die ideale Unterst\u00fctzung f\u00fcr k\u00f6rperlich aktive Menschen, Sportler und alle, die sich um den Komfort ihrer Muskeln k\u00fcmmern wollen.<\/p>\n<h3>Warum das Muscle Relief Cooling Gel 500mg CBD?<\/h3>\n<p>Das Gel hat eine einzigartige Formel mit nat\u00fcrlichen Inhaltsstoffen, die eine beruhigende und entz\u00fcndungshemmende Wirkung haben. Dank seiner k\u00fchlenden Wirkung lindert es sofort das Gef\u00fchl von Unbehagen, f\u00f6rdert die Muskelregeneration und reduziert Schwellungen. Das Produkt l\u00e4sst sich leicht auftragen, zieht schnell ein und hinterl\u00e4sst keinen Fettfilm auf der Haut.<\/p>\n<h3>Die wichtigsten Produktmerkmale und -vorteile:<\/h3>\n<table style=\"border-collapse: collapse; width: 100%; max-width: 600px;\" border=\"1\" cellspacing=\"0\" cellpadding=\"8\">\n<thead>\n<tr style=\"background-color: #f2f2f2;\">\n<th>Merkmal<\/th>\n<th>Beschreibung<\/th>\n<\/tr>\n<\/thead>\n<tbody>\n<tr>\n<td>CBD-Gehalt<\/td>\n<td>500mg hochwertiges Cannabidiol - ein nat\u00fcrlicher Inhaltsstoff mit entz\u00fcndungshemmenden und schmerzlindernden Eigenschaften<\/td>\n<\/tr>\n<tr>\n<td>K\u00fchlende Wirkung<\/td>\n<td>Sofortiges Gef\u00fchl der Erleichterung dank Menthol und anderen k\u00fchlenden Inhaltsstoffen<\/td>\n<\/tr>\n<tr>\n<td>Nat\u00fcrliche Formel<\/td>\n<td>Ausgew\u00e4hlte Pflanzenextrakte und \u00d6le, die die Haut pflegen und die Muskelregeneration f\u00f6rdern<\/td>\n<\/tr>\n<tr>\n<td>Einfache Anwendung<\/td>\n<td>Das Gel zieht schnell ein, ohne einen klebrigen Film zu hinterlassen<\/td>\n<\/tr>\n<tr>\n<td>Sicherheit<\/td>\n<td>THC-freies Produkt, sicher f\u00fcr den Benutzer, frei von k\u00fcnstlichen Farbstoffen und Parabenen<\/td>\n<\/tr>\n<\/tbody>\n<\/table>\n<h3>Zusammensetzung des Produkts<\/h3>\n<p>Muscle Relief Cooling Gel 500mg CBD enth\u00e4lt einen Komplex aus nat\u00fcrlichen Inhaltsstoffen, die zusammen eine wirksame Formel bilden:<\/p>\n<ul>\n<li><strong>Cannabidiol (CBD) - 500mg<\/strong>: ein nat\u00fcrliches Cannabinoid mit schmerzlindernden und entz\u00fcndungshemmenden Eigenschaften.<\/li>\n<li><strong>Menthol<\/strong>: hat eine k\u00fchlende Wirkung, lindert Schmerzen und Muskelverspannungen.<\/li>\n<li><strong>Arnika-Extrakt<\/strong>: bekannt f\u00fcr seine entz\u00fcndungshemmenden Eigenschaften und die Beschleunigung der Geweberegeneration.<\/li>\n<li><strong>Hanf\u00f6l<\/strong>: n\u00e4hrt und befeuchtet die Haut und f\u00f6rdert ihre Regeneration.<\/li>\n<li><strong>Gereinigtes Wasser<\/strong>: eine Gel-Basis, die eine bequeme Anwendung garantiert.<\/li>\n<li><strong>Glyzerin<\/strong>spendet Feuchtigkeit und macht die Haut geschmeidig.<\/li>\n<li><strong>Andere nat\u00fcrliche Inhaltsstoffe<\/strong>: einschlie\u00dflich Stabilisatoren und Konservierungsmittel, die f\u00fcr die Verwendung in Kosmetika zugelassen sind.<\/li>\n<\/ul>\n<h3>Wie verwendet man Muscle Relief Cooling Gel 500mg CBD?<\/h3>\n<p>Die Anwendung des Gels ist \u00e4u\u00dferst einfach und bequem. Tragen Sie einfach eine angemessene Menge des Produkts auf die von Schmerzen oder Muskelverspannungen betroffene Stelle auf und massieren Sie es dann sanft ein, bis es vollst\u00e4ndig eingezogen ist. Das Produkt kann mehrmals t\u00e4glich aufgetragen werden, insbesondere nach dem Sport, um die Erholung der Muskeln zu beschleunigen und Beschwerden zu lindern.<\/p>\n<p>Das Gel ist nur zur \u00e4u\u00dferlichen Anwendung bestimmt. Vermeiden Sie den Kontakt mit Augen und verletzter Haut.<\/p>\n<h3>Nutzerbewertungen<\/h3>\n<p>Die Kunden sch\u00e4tzen das Muscle Relief Cooling Gel f\u00fcr seine schnelle K\u00fchlwirkung und die effektive Linderung von Muskelschmerzen. Viele bemerken eine Verbesserung des Komforts nach dem Training und eine Verringerung des Steifheitsgef\u00fchls. Das Produkt wird f\u00fcr seine nat\u00fcrliche Zusammensetzung und angenehme Textur gelobt, die nicht klebt und keine Flecken auf der Kleidung hinterl\u00e4sst.<\/p>\n<h3>Zus\u00e4tzliche Informationen und Anleitungen<\/h3>\n<ul>\n<li><strong>Lagerung:<\/strong> Lagern Sie das Produkt an einem trockenen und k\u00fchlen Ort, gesch\u00fctzt vor direktem Sonnenlicht.<\/li>\n<li><strong>Sicherheit:<\/strong> Das Produkt enth\u00e4lt kein THC und ist f\u00fcr die Verwendung in den EU-L\u00e4ndern sicher und legal. Ideal f\u00fcr alle, die nach nat\u00fcrlichen Methoden zur Linderung von Muskelschmerzen ohne psychoaktive Wirkungen suchen.<\/li>\n<li><strong>Anwendung:<\/strong> Ideal f\u00fcr Sportler, k\u00f6rperlich aktive Menschen und alle, die t\u00e4glich mit Muskelverspannungen zu k\u00e4mpfen haben und schnelle Linderung brauchen.<\/li>\n<li><strong>Tipps f\u00fcr die Verwendung:<\/strong> Eine regelm\u00e4\u00dfige Anwendung erh\u00f6ht die Wirksamkeit. Es kann auch prophylaktisch vor dem Sport oder der Massage verwendet werden.<\/li>\n<\/ul>\n<h4>Zusammenfassung<\/h4>\n<p>Muscle Relief Cooling Gel 500mg CBD ist ein einzigartiges Produkt, das die Kraft von nat\u00fcrlichem CBD mit bew\u00e4hrten k\u00fchlenden und entz\u00fcndungshemmenden Inhaltsstoffen kombiniert. Es ist die perfekte L\u00f6sung f\u00fcr alle, die sich schnell und effektiv um ihre Muskeln k\u00fcmmern wollen, um sich nach dem Training zu erholen und zu entspannen. Entscheiden Sie sich f\u00fcr dieses Gel und erleben Sie, wie die nat\u00fcrliche Kraft des Hanfs Ihren K\u00f6rper jeden Tag unterst\u00fctzen kann!<\/p>","protected":false},"excerpt":{"rendered":"<p>Entdecken Sie Linderung f\u00fcr m\u00fcde Muskeln mit Muscle Relief Cooling Gel 500mg CBD von Reakiro. Unser k\u00fchlendes Gel lindert schnell Schmerzen und Verspannungen und bietet ein sofortiges Gef\u00fchl von Frische und Komfort.<\/p>\n<p>Angereichert mit 500 mg reinem CBD unterst\u00fctzt es die Muskelerholung nach intensivem Training, reduziert Entz\u00fcndungen und beschleunigt die Regeneration. Die leichte, nicht fettende Formel zieht leicht ein und hinterl\u00e4sst keine R\u00fcckst\u00e4nde.<\/p>\n<p>Profitieren Sie jetzt von einem exklusiven Angebot - 40% Rabatt! Pflegen Sie Ihre Muskeln noch heute und sp\u00fcren Sie den Unterschied mit Reakiro CBD.<\/p>","protected":false},"featured_media":53047,"comment_status":"open","ping_status":"closed","template":"","meta":{"_acf_changed":false,"_gspb_post_css":""},"product_brand":[476],"product_cat":[334],"product_tag":[],"woo-feed-brand":[],"class_list":{"0":"post-53045","1":"product","2":"type-product","3":"status-publish","4":"has-post-thumbnail","6":"product_brand-sool","7":"product_cat-zele","9":"first","10":"instock","11":"purchasable","12":"product-type-simple"},"ct_brands":[{"id":476,"name":"SOOL","slug":"sool"}],"acf":[],"_links":{"self":[{"href":"https:\/\/ubucha.pl\/de\/wp-json\/wp\/v2\/product\/53045","targetHints":{"allow":["GET"]}}],"collection":[{"href":"https:\/\/ubucha.pl\/de\/wp-json\/wp\/v2\/product"}],"about":[{"href":"https:\/\/ubucha.pl\/de\/wp-json\/wp\/v2\/types\/product"}],"replies":[{"embeddable":true,"href":"https:\/\/ubucha.pl\/de\/wp-json\/wp\/v2\/comments?post=53045"}],"wp:featuredmedia":[{"embeddable":true,"href":"https:\/\/ubucha.pl\/de\/wp-json\/wp\/v2\/media\/53047"}],"wp:attachment":[{"href":"https:\/\/ubucha.pl\/de\/wp-json\/wp\/v2\/media?parent=53045"}],"wp:term":[{"taxonomy":"product_brand","embeddable":true,"href":"https:\/\/ubucha.pl\/de\/wp-json\/wp\/v2\/product_brand?post=53045"},{"taxonomy":"product_cat","embeddable":true,"href":"https:\/\/ubucha.pl\/de\/wp-json\/wp\/v2\/product_cat?post=53045"},{"taxonomy":"product_tag","embeddable":true,"href":"https:\/\/ubucha.pl\/de\/wp-json\/wp\/v2\/product_tag?post=53045"},{"taxonomy":"woo-feed-brand","embeddable":true,"href":"https:\/\/ubucha.pl\/de\/wp-json\/wp\/v2\/woo-feed-brand?post=53045"}],"curies":[{"name":"wp","href":"https:\/\/api.w.org\/{rel}","templated":true}]}}