{"id":53036,"date":"2025-10-29T10:42:31","date_gmt":"2025-10-29T09:42:31","guid":{"rendered":"https:\/\/ubucha.pl\/kapsulki-menopause-active-complex-60szt-hormonal-balance\/"},"modified":"2026-04-29T09:23:55","modified_gmt":"2026-04-29T07:23:55","slug":"menopause-aktiv-komplex-kapseln-60-stuck-hormonelles-gleichgewicht","status":"publish","type":"product","link":"https:\/\/ubucha.pl\/de\/kapsulki-menopause-active-complex-60szt-hormonal-balance\/","title":{"rendered":"Menopause Active Complex Kapseln 60 St\u00fcck: Hormonelles Gleichgewicht"},"content":{"rendered":"<h2>Menopause Active Complex - Nat\u00fcrliche Unterst\u00fctzung f\u00fcr das hormonelle Gleichgewicht<\/h2>\n<p>Suchen Sie nach einer wirksamen L\u00f6sung, die Ihnen hilft, die Wechseljahre leichter und angenehmer zu \u00fcberstehen? <strong>Aktivkomplex Menopause<\/strong> ist ein spezielles Nahrungserg\u00e4nzungsmittel f\u00fcr Frauen, die in den Wechseljahren auf ihr hormonelles Gleichgewicht achten wollen. Dank einer einzigartigen Mischung aus nat\u00fcrlichen Inhaltsstoffen unterst\u00fctzen die Kapseln den K\u00f6rper, lindern typische Wechseljahrsbeschwerden und verbessern die Lebensqualit\u00e4t.<\/p>\n<h3>Warum ist Menopause Active Complex die ideale Wahl f\u00fcr Sie?<\/h3>\n<p>Die Wechseljahre sind eine Zeit vieler Ver\u00e4nderungen - sowohl k\u00f6rperlich als auch emotional. Sinkende \u00d6strogenspiegel verursachen oft l\u00e4stige Beschwerden wie Hitzewallungen, n\u00e4chtliche Schwei\u00dfausbr\u00fcche, M\u00fcdigkeit oder Stimmungsschwankungen. <strong>Aktivkomplex Menopause<\/strong> wurde entwickelt, um die Hormone auf nat\u00fcrliche Weise wieder ins Gleichgewicht zu bringen und diese Symptome zu lindern.<\/p>\n<p>Das Produkt hat eine multidimensionale Wirkung:<\/p>\n<ul>\n<li><strong>Verbessert die Funktion des endokrinen Systems<\/strong> - unterst\u00fctzt dank seiner pflanzlichen Inhaltsstoffe die Hormonproduktion und den Stoffwechsel.<\/li>\n<li><strong>Reduziert Wechseljahrsbeschwerden<\/strong> - lindert Hitzewallungen, Schwei\u00dfausbr\u00fcche, Reizbarkeit und M\u00fcdigkeit.<\/li>\n<li><strong>Verbessert das Wohlbefinden<\/strong> - Die adaptogenen Inhaltsstoffe helfen, das emotionale Gleichgewicht in einer schwierigen Phase des Wandels zu erhalten.<\/li>\n<li><strong>St\u00e4rkt den K\u00f6rper<\/strong> - liefert wertvolle Vitamine und Mineralstoffe zur Unterst\u00fctzung der Gesundheit von Knochen, Haut und Nervensystem.<\/li>\n<\/ul>\n<h3>Inhaltsstoffe - die Kraft der Natur in jeder Kapsel<\/h3>\n<p>Menopause Active Complex enth\u00e4lt sorgf\u00e4ltig ausgew\u00e4hlte Pflanzenextrakte und essentielle Vitamine und Mineralien, die synergetisch wirken, um Frauen in den Wechseljahren zu unterst\u00fctzen. Hier ist die vollst\u00e4ndige Zusammensetzung des Produkts:<\/p>\n<table border=\"1\" cellspacing=\"0\" cellpadding=\"8\">\n<thead>\n<tr>\n<th>Komponente<\/th>\n<th>Aktion<\/th>\n<\/tr>\n<\/thead>\n<tbody>\n<tr>\n<td>Sojabohnenextrakt (Isoflavone)<\/td>\n<td>Nat\u00fcrliche Phyto\u00f6strogene helfen, den Hormonhaushalt auszugleichen und Hitzewallungen zu lindern.<\/td>\n<\/tr>\n<tr>\n<td>Rotklee-Extrakt<\/td>\n<td>Quelle von Isoflavonen, unterst\u00fctzt die Gesundheit des Herz-Kreislauf-Systems und der Knochen.<\/td>\n<\/tr>\n<tr>\n<td>S\u00fc\u00dfholzwurzel-Extrakt<\/td>\n<td>Es hat eine entz\u00fcndungshemmende Wirkung und unterst\u00fctzt das hormonelle Gleichgewicht.<\/td>\n<\/tr>\n<tr>\n<td>Vitamin D3<\/td>\n<td>St\u00e4rkt die Knochen und das Immunsystem.<\/td>\n<\/tr>\n<tr>\n<td>Vitamin B6<\/td>\n<td>Es reguliert die Funktion des Nervensystems und verbessert die Stimmung.<\/td>\n<\/tr>\n<tr>\n<td>Magnesium<\/td>\n<td>Hilft bei der Verringerung von M\u00fcdigkeit und unterst\u00fctzt die richtige Muskelfunktion.<\/td>\n<\/tr>\n<\/tbody>\n<\/table>\n<h3>Wie wird Menopause Active Complex angewendet?<\/h3>\n<p>F\u00fcr beste Ergebnisse wird die Einnahme von <strong>1 Kapsel pro Tag<\/strong> - vorzugsweise zu einer Mahlzeit und mit viel Wasser einnehmen. Bei regelm\u00e4\u00dfiger Einnahme \u00fcber mindestens 2-3 Monate werden Sie eine deutliche Verbesserung Ihres Wohlbefindens und eine Verringerung der Wechseljahrsbeschwerden feststellen. Denken Sie daran, das Nahrungserg\u00e4nzungsmittel gem\u00e4\u00df den Empfehlungen des Herstellers einzunehmen und die empfohlene Dosierung nicht zu \u00fcberschreiten.<\/p>\n<h3>Feedback von zufriedenen Nutzern<\/h3>\n<p>\u201eDer Menopause Active Complex hat mein Leben wirklich ver\u00e4ndert. Die Hitzewallungen sind seltener geworden und ich f\u00fchle mich ruhiger und voller Energie.\u201d - Anna, 52<\/p>\n<p>\u201eDank dieser Kapseln ist meine Stimmung stabiler und die n\u00e4chtlichen Schwei\u00dfausbr\u00fcche st\u00f6ren mich nicht mehr. Ich empfehle sie jeder Frau in den Wechseljahren!\u201d - Marta, 49<\/p>\n<h3>Zus\u00e4tzliche Informationen und Anleitungen<\/h3>\n<ul>\n<li><strong>Sicherheit der Anwendung:<\/strong> Das Produkt wird nach hohen Qualit\u00e4tsstandards hergestellt und enth\u00e4lt keine k\u00fcnstlichen Zusatzstoffe oder Konservierungsmittel. Im Zweifelsfall ist es ratsam, Ihren Arzt zu konsultieren, bevor Sie mit der Supplementierung beginnen.<\/li>\n<li><strong>Lagerung:<\/strong> Lagern Sie die Kapseln an einem trockenen und k\u00fchlen Ort, bei einer Temperatur unter 25\u00b0C, au\u00dferhalb der Reichweite von Kindern.<\/li>\n<li><strong>Beispiele f\u00fcr die Verwendung:<\/strong> Menopause Active Complex eignet sich hervorragend zur t\u00e4glichen Unterst\u00fctzung von Frauen in den Wechseljahren, sowohl in den fr\u00fchen als auch in den sp\u00e4teren Phasen dieses nat\u00fcrlichen Prozesses.<\/li>\n<\/ul>\n<p><strong>Aktivkomplex Menopause<\/strong> ist eine umfassende, nat\u00fcrliche Unterst\u00fctzung, die Ihnen hilft, Ihr hormonelles Gleichgewicht wiederzufinden, Ihre Lebensqualit\u00e4t zu verbessern und jeden Tag trotz der Herausforderungen der Wechseljahre zu genie\u00dfen. Warten Sie nicht - k\u00fcmmern Sie sich noch heute um sich selbst!<\/p>","protected":false},"excerpt":{"rendered":"<ul>\n<li>60 Kapseln \u2013 2-Monats-Packung bei t\u00e4glicher Einnahme von 1 Kapsel.<\/li>\n<li>Isoflavone aus Soja und Rotklee<\/li>\n<li>Mit Vitaminen und Mineralstoffen zur Unterst\u00fctzung des t\u00e4glichen Gleichgewichts<\/li>\n<li>Adaptogene Inhaltsstoffe in einer Kapsel<\/li>\n<li>Kostenloser Versand ab 49 PLN<\/li>\n<\/ul>","protected":false},"featured_media":53038,"comment_status":"open","ping_status":"closed","template":"","meta":{"_acf_changed":false,"_gspb_post_css":"","rank_math_title":"Menopause Active Complex \u2014 60 kapsu\u0142ek SOOL | u Bucha","rank_math_description":"Menopause Active Complex \u2014 60 kapsu\u0142ek z izoflawonami z soi i czerwonej koniczyny, witaminami i minera\u0142ami. Naturalne wsparcie codziennej r\u00f3wnowagi.","rank_math_focus_keyword":"menopause active complex","rank_math_facebook_title":"Menopause Active Complex 60 kapsu\u0142ek | u Bucha","rank_math_facebook_description":"Izoflawony z soi i czerwonej koniczyny + witaminy i minera\u0142y. 60 kapsu\u0142ek \u2014 naturalne wsparcie codziennej r\u00f3wnowagi.","rank_math_twitter_title":"Menopause Active Complex 60 kapsu\u0142ek","rank_math_twitter_description":"Izoflawony, witaminy i minera\u0142y. 60 kapsu\u0142ek na codzienne wsparcie r\u00f3wnowagi."},"product_brand":[476],"product_cat":[311],"product_tag":[],"woo-feed-brand":[],"class_list":{"0":"post-53036","1":"product","2":"type-product","3":"status-publish","4":"has-post-thumbnail","6":"product_brand-sool","7":"product_cat-kapsulki","9":"first","10":"instock","11":"purchasable","12":"product-type-simple"},"ct_brands":[{"id":476,"name":"SOOL","slug":"sool"}],"acf":[],"_links":{"self":[{"href":"https:\/\/ubucha.pl\/de\/wp-json\/wp\/v2\/product\/53036","targetHints":{"allow":["GET"]}}],"collection":[{"href":"https:\/\/ubucha.pl\/de\/wp-json\/wp\/v2\/product"}],"about":[{"href":"https:\/\/ubucha.pl\/de\/wp-json\/wp\/v2\/types\/product"}],"replies":[{"embeddable":true,"href":"https:\/\/ubucha.pl\/de\/wp-json\/wp\/v2\/comments?post=53036"}],"wp:featuredmedia":[{"embeddable":true,"href":"https:\/\/ubucha.pl\/de\/wp-json\/wp\/v2\/media\/53038"}],"wp:attachment":[{"href":"https:\/\/ubucha.pl\/de\/wp-json\/wp\/v2\/media?parent=53036"}],"wp:term":[{"taxonomy":"product_brand","embeddable":true,"href":"https:\/\/ubucha.pl\/de\/wp-json\/wp\/v2\/product_brand?post=53036"},{"taxonomy":"product_cat","embeddable":true,"href":"https:\/\/ubucha.pl\/de\/wp-json\/wp\/v2\/product_cat?post=53036"},{"taxonomy":"product_tag","embeddable":true,"href":"https:\/\/ubucha.pl\/de\/wp-json\/wp\/v2\/product_tag?post=53036"},{"taxonomy":"woo-feed-brand","embeddable":true,"href":"https:\/\/ubucha.pl\/de\/wp-json\/wp\/v2\/woo-feed-brand?post=53036"}],"curies":[{"name":"wp","href":"https:\/\/api.w.org\/{rel}","templated":true}]}}