{"id":53027,"date":"2025-10-29T10:41:39","date_gmt":"2025-10-29T09:41:39","guid":{"rendered":"https:\/\/ubucha.pl\/zelki-4-mushroom-complex-vegan-60szt\/"},"modified":"2026-04-29T09:27:25","modified_gmt":"2026-04-29T07:27:25","slug":"zelki-4-pilzkomplex-vegan-60-stk","status":"publish","type":"product","link":"https:\/\/ubucha.pl\/de\/zelki-4-mushroom-complex-vegan-60szt\/","title":{"rendered":"Jelly 4 Pilz-Komplex Vegan 60pcs"},"content":{"rendered":"<h2>4 Mushroom Complex Vegan Gummies - Die nat\u00fcrliche Kraft von vier Pilzen in einer veganen Formel<\/h2>\n<p>Haben Sie sich schon einmal gefragt, wie Sie auf nat\u00fcrliche Weise Ihr Immunsystem st\u00e4rken, Ihre Konzentration verbessern und Ihre Erholung f\u00f6rdern k\u00f6nnen? <strong>4 Vegane Gummib\u00e4rchen mit Pilzkomplex<\/strong> sind k\u00f6stliche, vegane Gelees, die Extrakte aus vier einzigartigen Pilzen enthalten: <em>L\u00f6wenm\u00e4hne<\/em>, <em>Chaga<\/em>, <em>Reishi<\/em> und <em>Shiitake<\/em>. Jeder dieser Inhaltsstoffe ist seit Jahrhunderten f\u00fcr seine bemerkenswerten gesundheitlichen Vorteile bekannt, und jetzt k\u00f6nnen Sie ihre Vorteile in einer praktischen, schmackhaften Gelform genie\u00dfen.<\/p>\n<h3>Warum 4 Mushroom Complex Vegan Gummies w\u00e4hlen?<\/h3>\n<p>Vor allem ist das Produkt 100% vegan und enth\u00e4lt keine k\u00fcnstlichen Zusatzstoffe, was es zu einer ausgezeichneten Wahl f\u00fcr diejenigen macht, die sich f\u00fcr einen sauberen, pflanzlichen Lebensstil einsetzen. Die Kombination von vier leistungsstarken Pilzen macht das Supplement umfassend wirksam:<\/p>\n<ul>\n<li><strong>L\u00f6wenm\u00e4hne<\/strong> - unterst\u00fctzt die Gehirnfunktion, verbessert Ged\u00e4chtnis und Konzentration und f\u00f6rdert die Gesundheit des Nervensystems.<\/li>\n<li><strong>Chaga<\/strong> - ein starkes Antioxidans, das zur Bek\u00e4mpfung freier Radikale beitr\u00e4gt und die nat\u00fcrliche Immunit\u00e4t und Zellregeneration unterst\u00fctzt.<\/li>\n<li><strong>Reishi<\/strong> - bekannt als \u201cUnsterblichkeitspilz\u201d, hilft Stress abzubauen, verbessert die Schlafqualit\u00e4t und st\u00e4rkt das Immunsystem.<\/li>\n<li><strong>Shiitake<\/strong> - unterst\u00fctzt die Gesundheit des Herzens, hilft bei der Senkung des Cholesterinspiegels und hat antibakterielle und antivirale Eigenschaften.<\/li>\n<\/ul>\n<h3>Zutaten von 4 Pilzkomplex Vegane Gummib\u00e4rchen<\/h3>\n<table style=\"border-collapse: collapse;width: 100%;max-width: 600px\" border=\"1\" cellspacing=\"0\" cellpadding=\"8\">\n<thead>\n<tr style=\"background-color: #f2f2f2\">\n<th>Komponente<\/th>\n<th>Funktion\/Nutzen<\/th>\n<\/tr>\n<\/thead>\n<tbody>\n<tr>\n<td>L\u00f6wenm\u00e4hne-Extrakt<\/td>\n<td>Verbesserte kognitive Funktion, Unterst\u00fctzung des Nervensystems, erh\u00f6hte Konzentration<\/td>\n<\/tr>\n<tr>\n<td>Chaga-Extrakt (Inonotus obliquus)<\/td>\n<td>Starkes Antioxidans, Unterst\u00fctzung des Immunsystems, Schutz der Zellen vor oxidativem Stress<\/td>\n<\/tr>\n<tr>\n<td>Reishi-Extrakt (Gl\u00e4nzender Wachswurm)<\/td>\n<td>Abbau von Stress, Verbesserung der Schlafqualit\u00e4t, St\u00e4rkung des Immunsystems<\/td>\n<\/tr>\n<tr>\n<td>Shiitake-Extrakt (Chinesisches Lackkraut)<\/td>\n<td>Unterst\u00fctzung des Herz-Kreislauf-Systems, antibakterielle und antivirale Wirkung<\/td>\n<\/tr>\n<tr>\n<td>Andere Zutaten<\/td>\n<td>Gelee auf pflanzlicher Basis, nat\u00fcrliche Aromen, S\u00fc\u00dfungsmittel pflanzlichen Ursprungs<\/td>\n<\/tr>\n<\/tbody>\n<\/table>\n<h3>Wie verwendet man 4 Mushroom Complex Vegan Gummies?<\/h3>\n<p>Die Einnahme dieses Nahrungserg\u00e4nzungsmittels ist \u00e4u\u00dferst einfach und angenehm - nehmen Sie einfach t\u00e4glich 2-3 Gelees zu sich, vorzugsweise zu einer Mahlzeit. Kann es etwas Einfacheres geben? Es macht es einfach, nat\u00fcrliche Unterst\u00fctzung f\u00fcr Gesundheit und Wohlbefinden in Ihre Ern\u00e4hrung einzubauen, ohne Kapseln oder Tabletten einnehmen zu m\u00fcssen.<\/p>\n<h3>Vorteile f\u00fcr Ihre Gesundheit und Ihr Wohlbefinden<\/h3>\n<p>Regelm\u00e4\u00dfige Anwendung <strong>4 Vegane Gummib\u00e4rchen mit Pilzkomplex<\/strong> kann viele Vorteile bringen, die Sie t\u00e4glich sp\u00fcren werden. Eine verbesserte Konzentration und ein besseres Ged\u00e4chtnis machen Sie bei der Arbeit und beim Lernen effektiver, und die nat\u00fcrliche Unterst\u00fctzung des Immunsystems hilft Ihnen, widerstandsf\u00e4higer gegen saisonale Infektionen zu sein. Dar\u00fcber hinaus hilft Ihnen die Anti-Stress- und Erholungswirkung des Reishi, den t\u00e4glichen Stress besser zu bew\u00e4ltigen und die Qualit\u00e4t Ihres Schlafes zu verbessern, was zu mehr Energie und einem besseren Gef\u00fchl des Wohlbefindens f\u00fchrt.<\/p>\n<h3>Zus\u00e4tzliche Informationen und Beratung<\/h3>\n<p><strong>Beispiele f\u00fcr die Verwendung des Produkts:<\/strong> Wenn Sie einen arbeitsreichen Lebensstil f\u00fchren, geistige Unterst\u00fctzung brauchen oder Ihr Immunsystem st\u00e4rken wollen, sind diese veganen Gelees eine gro\u00dfartige Erg\u00e4nzung Ihrer t\u00e4glichen Ern\u00e4hrung. Sie eignen sich auch gut f\u00fcr diejenigen, die nach nat\u00fcrlichen Methoden suchen, um Stress abzubauen und den Schlaf zu verbessern.<\/p>\n<p><strong>Sicherheit und Lagerung:<\/strong> Das Produkt ist v\u00f6llig sicher f\u00fcr Erwachsene und enth\u00e4lt keine k\u00fcnstlichen Farb- oder Konservierungsstoffe. Um die Frische und die vollen Eigenschaften zu erhalten, bewahren Sie die Geleebohnen an einem trockenen, k\u00fchlen Ort ohne direkte Sonneneinstrahlung auf.<\/p>\n<p><strong>Benutzerbewertungen:<\/strong> Die Kunden loben das Produkt f\u00fcr seine Bequemlichkeit und die sp\u00fcrbare Verbesserung der Konzentration und Energie nach nur wenigen Wochen der Behandlung. Viele betonen auch den angenehmen Geschmack und die nat\u00fcrliche Zusammensetzung, die die Einnahme zu einem t\u00e4glichen Vergn\u00fcgen macht.<\/p>\n<p>Investieren Sie in Ihre Gesundheit und Ihr Wohlbefinden mit <strong>4 Vegane Gummib\u00e4rchen mit Pilzkomplex<\/strong> - eine nat\u00fcrliche Unterst\u00fctzung f\u00fcr Ihren K\u00f6rper in jeder Situation!<\/p>","protected":false},"excerpt":{"rendered":"<ul>\n<li>60 vegane Gelees mit vier Pilzextrakten<\/li>\n<li>L\u00f6wenm\u00e4hne, Chaga, Reishi, Shiitake in einem Gelee<\/li>\n<li>Keine k\u00fcnstlichen Zusatzstoffe \u2013 100% vegan<\/li>\n<li>Nat\u00fcrliche Unterst\u00fctzung f\u00fcr die t\u00e4gliche Konzentration und das Immunsystem<\/li>\n<li>Kostenloser Versand ab 49 PLN<\/li>\n<\/ul>","protected":false},"featured_media":53029,"comment_status":"open","ping_status":"closed","template":"","meta":{"_acf_changed":false,"_gspb_post_css":"","rank_math_title":"\u017belki 4 Mushroom Complex Vegan \u2014 60 szt SOOL | u Bucha","rank_math_description":"\u017belki 4 Mushroom Complex Vegan \u2014 60 sztuk z ekstraktami Lion's Mane, Chaga, Reishi i Shiitake. Wega\u0144ska formu\u0142a bez sztucznych dodatk\u00f3w ka\u017cdego dnia.","rank_math_focus_keyword":"\u017celki 4 mushroom vegan","rank_math_facebook_title":"\u017belki 4 Mushroom Complex Vegan 60 szt | u Bucha","rank_math_facebook_description":"60 wega\u0144skich \u017celek z ekstraktami Lion's Mane, Chaga, Reishi i Shiitake. Bez sztucznych dodatk\u00f3w, w 100% wega\u0144skie.","rank_math_twitter_title":"\u017belki 4 Mushroom Complex Vegan 60 szt","rank_math_twitter_description":"Lion's Mane, Chaga, Reishi, Shiitake w jednej \u017celce. 60 sztuk, w 100% wega\u0144skie."},"product_brand":[476],"product_cat":[122,104],"product_tag":[],"woo-feed-brand":[],"class_list":{"0":"post-53027","1":"product","2":"type-product","3":"status-publish","4":"has-post-thumbnail","6":"product_brand-sool","7":"product_cat-adaptogeny","8":"product_cat-zelki","10":"first","11":"instock","12":"purchasable","13":"product-type-simple"},"ct_brands":[{"id":476,"name":"SOOL","slug":"sool"}],"acf":[],"_links":{"self":[{"href":"https:\/\/ubucha.pl\/de\/wp-json\/wp\/v2\/product\/53027","targetHints":{"allow":["GET"]}}],"collection":[{"href":"https:\/\/ubucha.pl\/de\/wp-json\/wp\/v2\/product"}],"about":[{"href":"https:\/\/ubucha.pl\/de\/wp-json\/wp\/v2\/types\/product"}],"replies":[{"embeddable":true,"href":"https:\/\/ubucha.pl\/de\/wp-json\/wp\/v2\/comments?post=53027"}],"wp:featuredmedia":[{"embeddable":true,"href":"https:\/\/ubucha.pl\/de\/wp-json\/wp\/v2\/media\/53029"}],"wp:attachment":[{"href":"https:\/\/ubucha.pl\/de\/wp-json\/wp\/v2\/media?parent=53027"}],"wp:term":[{"taxonomy":"product_brand","embeddable":true,"href":"https:\/\/ubucha.pl\/de\/wp-json\/wp\/v2\/product_brand?post=53027"},{"taxonomy":"product_cat","embeddable":true,"href":"https:\/\/ubucha.pl\/de\/wp-json\/wp\/v2\/product_cat?post=53027"},{"taxonomy":"product_tag","embeddable":true,"href":"https:\/\/ubucha.pl\/de\/wp-json\/wp\/v2\/product_tag?post=53027"},{"taxonomy":"woo-feed-brand","embeddable":true,"href":"https:\/\/ubucha.pl\/de\/wp-json\/wp\/v2\/woo-feed-brand?post=53027"}],"curies":[{"name":"wp","href":"https:\/\/api.w.org\/{rel}","templated":true}]}}