{"id":52956,"date":"2025-10-29T10:29:24","date_gmt":"2025-10-29T09:29:24","guid":{"rendered":"https:\/\/ubucha.pl\/kapsulki-cbd-600mg-immune-support-60szt\/"},"modified":"2026-04-23T09:36:04","modified_gmt":"2026-04-23T07:36:04","slug":"cbd-600mg-immun-unterstutzung-kapseln-60pcs","status":"publish","type":"product","link":"https:\/\/ubucha.pl\/de\/kapsulki-cbd-600mg-immune-support-60szt\/","title":{"rendered":"CBD 600mg Immunsystem Unterst\u00fctzung Kapseln 60pcs"},"content":{"rendered":"<h2>Immune Support Capsules 600mg CBD - nat\u00fcrliche Unterst\u00fctzung f\u00fcr das Immunsystem<\/h2>\n<p>Haben Sie sich jemals gefragt, wie Sie Ihr Immunsystem auf nat\u00fcrliche Weise st\u00e4rken k\u00f6nnen? Die Immune Support Capsules von Reakiro sind ein innovatives Nahrungserg\u00e4nzungsmittel mit 600 mg hochwertigem CBD in 60 Kapseln, das speziell entwickelt wurde, um Ihr Immunsystem zu unterst\u00fctzen und Ihr allgemeines Wohlbefinden zu verbessern.<\/p>\n<h3>Was zeichnet die Immune Support Capsules 600mg CBD aus?<\/h3>\n<p>Unsere Kapseln sind eine exzellente Kombination aus hochwertigem Cannabidiol (CBD) mit nat\u00fcrlichen Inhaltsstoffen, die zusammen einen starken Cocktail zur Unterst\u00fctzung des Immunsystems bilden. Dank der sorgf\u00e4ltig entwickelten Formel hat das Produkt eine umfassende Wirkung - es unterst\u00fctzt die ordnungsgem\u00e4\u00dfe Funktion des Immunsystems, lindert Entz\u00fcndungen und verbessert das Gleichgewicht des K\u00f6rpers, was vor allem in Zeiten erh\u00f6hter Infektanf\u00e4lligkeit \u00e4u\u00dferst wichtig ist.<\/p>\n<h3>Inhaltsstoffe und ihre Vorteile<\/h3>\n<table style=\"border-collapse: collapse; width: 100%; max-width: 600px;\" border=\"1\" cellspacing=\"0\" cellpadding=\"8\">\n<thead>\n<tr>\n<th>Komponente<\/th>\n<th>Beschreibung und Vorteile<\/th>\n<\/tr>\n<\/thead>\n<tbody>\n<tr>\n<td>CBD (Cannabidiol) - 10 mg pro Kapsel<\/td>\n<td>Eine nat\u00fcrliche Verbindung, die aus Hanfsamen gewonnen wird und f\u00fcr ihre entz\u00fcndungshemmenden, antioxidativen und das Immunsystem modulierenden Eigenschaften bekannt ist. Hilft, Stress abzubauen und das Gleichgewicht des K\u00f6rpers zu unterst\u00fctzen.<\/td>\n<\/tr>\n<tr>\n<td>MCT-\u00d6l<\/td>\n<td>Eine Energiequelle f\u00fcr den K\u00f6rper, die die Aufnahme von CBD verbessert und den Stoffwechsel unterst\u00fctzt.<\/td>\n<\/tr>\n<tr>\n<td>Gelatinekapsel<\/td>\n<td>Leicht zu schlucken und gew\u00e4hrleistet die Stabilit\u00e4t der Wirkstoffe.<\/td>\n<\/tr>\n<\/tbody>\n<\/table>\n<h3>Wie werden die Immune Support Capsules 600mg CBD verwendet?<\/h3>\n<p>Regelm\u00e4\u00dfigkeit und richtige Dosierung sind der Schl\u00fcssel zum Erfolg. Wir empfehlen die Einnahme von 1 Kapsel pro Tag, die mit Wasser getrunken wird. Dies gibt Ihrem K\u00f6rper eine t\u00e4gliche Dosis von 10 mg CBD, um Ihnen zu helfen, sich effektiv um Ihre Immunit\u00e4t zu k\u00fcmmern, vor allem in Zeiten eines erh\u00f6hten Infektionsrisikos.<\/p>\n<p>Wichtig ist, dass das Produkt einfach anzuwenden ist und ohne Komplikationen in die t\u00e4gliche Routine integriert werden kann - eine einzige Kapsel pro Tag reicht aus, um den Unterschied zu sp\u00fcren.<\/p>\n<h3>Warum sollten Sie sich f\u00fcr Immune Support Capsules 600mg CBD entscheiden?<\/h3>\n<p>Wenn Sie sich f\u00fcr dieses Produkt entscheiden, investieren Sie in Ihre Gesundheit und Ihr Wohlbefinden. Die nat\u00fcrlichen Inhaltsstoffe und die hohe Qualit\u00e4t des CBD-Extrakts garantieren die Sicherheit und Wirksamkeit der Erg\u00e4nzung. Kunden loben die einfache Anwendung, die schnelle Wirkung und die sp\u00fcrbare Verbesserung der Immunit\u00e4t. Lohnt es sich also nicht, nach einer bew\u00e4hrten Unterst\u00fctzung des Immunsystems in Form von praktischen Kapseln zu greifen?<\/p>\n<h3>Zus\u00e4tzliche Informationen und Beratung<\/h3>\n<ul>\n<li><strong>Beispiele f\u00fcr die Verwendung:<\/strong> ideal f\u00fcr aktive Menschen, f\u00fcr Menschen, die unter stressigen Bedingungen arbeiten, und f\u00fcr Menschen, die ihr Immunsystem prophylaktisch st\u00e4rken wollen.<\/li>\n<li><strong>Sicherheit:<\/strong> Das Produkt enth\u00e4lt kein THC, ist frei von k\u00fcnstlichen Zusatzstoffen und wurde nach h\u00f6chsten Qualit\u00e4tsstandards hergestellt.<\/li>\n<li><strong>Lagerung:<\/strong> Trocken und k\u00fchl, vor Sonnenlicht und Kindern gesch\u00fctzt lagern.<\/li>\n<li><strong>Benutzerbewertungen:<\/strong> Viele Kunden bemerken bereits nach wenigen Wochen der Einnahme eine Verbesserung der Immunit\u00e4t, was die Nat\u00fcrlichkeit und das Fehlen von Nebenwirkungen unterstreicht.<\/li>\n<\/ul>\n<p>Warten Sie nicht, bis Ihre Form f\u00e4llt - nehmen Sie Ihre Gesundheit noch heute in die Hand mit den Immune Support Capsules 600mg CBD von Reakiro. Es ist ein nat\u00fcrlicher, sicherer und effektiver Weg zu einem st\u00e4rkeren K\u00f6rper und einem besseren Wohlbefinden jeden Tag.<\/p>","protected":false},"excerpt":{"rendered":"<p>Entdecken Sie die nat\u00fcrliche Unterst\u00fctzung f\u00fcr Ihr Immunsystem mit Immune Support 600mg CBD Kapseln von Reakiro. Jede Kapsel enth\u00e4lt hochwertiges CBD mit vollem Wirkungsspektrum, um das Immunsystem zu st\u00e4rken und die t\u00e4gliche Gesundheit zu unterst\u00fctzen.<\/p>\n<p>Das Produkt ist bequem zu verwenden - 60 Kapseln mit pr\u00e4ziser Dosierung erm\u00f6glichen eine einfache Dosierung und regelm\u00e4\u00dfige Anwendung. Ideal f\u00fcr diejenigen, die nat\u00fcrliche L\u00f6sungen sch\u00e4tzen und auf das Gleichgewicht des K\u00f6rpers achten.<\/p>\n<p>Bestellen Sie jetzt und k\u00fcmmern Sie sich auf einfache und effektive Weise um Ihre Gesundheit!<\/p>","protected":false},"featured_media":52958,"comment_status":"open","ping_status":"closed","template":"","meta":{"_acf_changed":false,"_gspb_post_css":"","rank_math_title":"","rank_math_description":"","rank_math_focus_keyword":"","rank_math_facebook_title":"","rank_math_facebook_description":"","rank_math_twitter_title":"","rank_math_twitter_description":""},"product_brand":[475],"product_cat":[311],"product_tag":[],"woo-feed-brand":[],"class_list":{"0":"post-52956","1":"product","2":"type-product","3":"status-publish","4":"has-post-thumbnail","6":"product_brand-reakiro","7":"product_cat-kapsulki","9":"first","10":"outofstock","11":"purchasable","12":"product-type-simple"},"ct_brands":[{"id":475,"name":"reakiro","slug":"reakiro"}],"acf":[],"_links":{"self":[{"href":"https:\/\/ubucha.pl\/de\/wp-json\/wp\/v2\/product\/52956","targetHints":{"allow":["GET"]}}],"collection":[{"href":"https:\/\/ubucha.pl\/de\/wp-json\/wp\/v2\/product"}],"about":[{"href":"https:\/\/ubucha.pl\/de\/wp-json\/wp\/v2\/types\/product"}],"replies":[{"embeddable":true,"href":"https:\/\/ubucha.pl\/de\/wp-json\/wp\/v2\/comments?post=52956"}],"wp:featuredmedia":[{"embeddable":true,"href":"https:\/\/ubucha.pl\/de\/wp-json\/wp\/v2\/media\/52958"}],"wp:attachment":[{"href":"https:\/\/ubucha.pl\/de\/wp-json\/wp\/v2\/media?parent=52956"}],"wp:term":[{"taxonomy":"product_brand","embeddable":true,"href":"https:\/\/ubucha.pl\/de\/wp-json\/wp\/v2\/product_brand?post=52956"},{"taxonomy":"product_cat","embeddable":true,"href":"https:\/\/ubucha.pl\/de\/wp-json\/wp\/v2\/product_cat?post=52956"},{"taxonomy":"product_tag","embeddable":true,"href":"https:\/\/ubucha.pl\/de\/wp-json\/wp\/v2\/product_tag?post=52956"},{"taxonomy":"woo-feed-brand","embeddable":true,"href":"https:\/\/ubucha.pl\/de\/wp-json\/wp\/v2\/woo-feed-brand?post=52956"}],"curies":[{"name":"wp","href":"https:\/\/api.w.org\/{rel}","templated":true}]}}