{"id":52950,"date":"2025-10-29T10:29:24","date_gmt":"2025-10-29T09:29:24","guid":{"rendered":"https:\/\/ubucha.pl\/kapsulki-cbd-forte-soft-gel-750mg-60-szt\/"},"modified":"2026-04-10T14:51:17","modified_gmt":"2026-04-10T12:51:17","slug":"cbd-forte-weichgelkapseln-750mg-60-stuck","status":"publish","type":"product","link":"https:\/\/ubucha.pl\/de\/kapsulki-cbd-forte-soft-gel-750mg-60-szt\/","title":{"rendered":"CBD FORTE Soft Gel 750mg Kapseln 60 St\u00fcck."},"content":{"rendered":"<h2>Forte CBD Soft Gel Kapseln 750mg - Nat\u00fcrliche Unterst\u00fctzung f\u00fcr Ihre Gesundheit<\/h2>\n<p>Sind Sie auf der Suche nach einem wirksamen und einfach anzuwendenden Nahrungserg\u00e4nzungsmittel, das Sie dabei unterst\u00fctzt, das t\u00e4gliche Gleichgewicht Ihres K\u00f6rpers zu erhalten? Die Forte CBD Weichgelkapseln 750mg sind eine ausgezeichnete Wahl f\u00fcr alle, die Wert auf nat\u00fcrliche Inhaltsstoffe und hohe Qualit\u00e4t legen. Diese Weichkapseln enthalten hochkonzentrierten Hanfsamen-Extrakt, der das Nervensystem unterst\u00fctzt, Stress abbaut und das Wohlbefinden verbessert.<\/p>\n<h3>Warum sollten Sie sich f\u00fcr Forte CBD Soft Gel Kapseln 750mg entscheiden?<\/h3>\n<p>Jede Kapsel enth\u00e4lt 12,5 mg reines CBD in Form von Hanf\u00f6l, das aus zertifizierten Bio-Hanfsamen gewonnen wird. Das Produkt ist THC-frei, hat also keine psychoaktiven Wirkungen, bietet aber das gesamte Spektrum an n\u00fctzlichen Cannabinoiden und Terpenen. Wussten Sie, dass CBD zum Gleichgewicht des Endocannabinoid-Systems beitr\u00e4gt, das unter anderem f\u00fcr die Regulierung von Stimmung, Schlaf und Immunit\u00e4t verantwortlich ist?<\/p>\n<p>Die Weichkapselform erm\u00f6glicht eine bequeme Anwendung und pr\u00e4zise Dosierung, ideal f\u00fcr Menschen mit einem aktiven Lebensstil. Sie m\u00fcssen das \u00d6l nicht mehr abmessen oder sich Gedanken \u00fcber den Geschmack machen - die Kapseln sind neutral und leicht zu schlucken.<\/p>\n<h3>Zusammensetzung des Produkts<\/h3>\n<table style=\"border-collapse: collapse; width: 100%;\" border=\"1\" cellspacing=\"0\" cellpadding=\"10\">\n<thead>\n<tr style=\"background-color: #f2f2f2;\">\n<th>Komponente<\/th>\n<th>Inhalt von 1 Kapsel<\/th>\n<th>Beschreibung<\/th>\n<\/tr>\n<\/thead>\n<tbody>\n<tr>\n<td>CBD-\u00d6l (Isolat) aus Hanfsamen<\/td>\n<td>12,5 mg<\/td>\n<td>Hochwertiger Extrakt mit dem gesamten Spektrum der Cannabinoide, ohne THC<\/td>\n<\/tr>\n<tr>\n<td>MCT-\u00d6l (mittelkettige Triglyceride)<\/td>\n<td>-<\/td>\n<td>Nat\u00fcrlicher Tr\u00e4ger, verbessert die Aufnahme von CBD<\/td>\n<\/tr>\n<tr>\n<td>Gelatine<\/td>\n<td>-<\/td>\n<td>Kapselh\u00fclle - weich und leicht zu schlucken<\/td>\n<\/tr>\n<tr>\n<td>Glycerin<\/td>\n<td>-<\/td>\n<td>Kapselschmiermittel, gew\u00e4hrleistet die richtige Konsistenz<\/td>\n<\/tr>\n<\/tbody>\n<\/table>\n<h3>Wie werden Forte CBD Soft Gel Kapseln 750mg verwendet?<\/h3>\n<p>Sie fragen sich, wie Sie CBD-Kapseln in Ihr t\u00e4gliches Ritual einbauen k\u00f6nnen? Das ist ganz einfach! Die empfohlene Dosis betr\u00e4gt 1-2 Kapseln pro Tag, vorzugsweise mit einer Mahlzeit, was ihre Bioverf\u00fcgbarkeit erh\u00f6ht. Schlucken Sie die Kapsel mit einem Schluck Wasser. Die regelm\u00e4\u00dfige Einnahme unterst\u00fctzt die nat\u00fcrliche Immunit\u00e4t des K\u00f6rpers, hilft Stress abzubauen und verbessert die Schlafqualit\u00e4t.<\/p>\n<h3>Vorteile einer regelm\u00e4\u00dfigen Nutzung<\/h3>\n<ul>\n<li>Unterst\u00fctzung des Nervensystems - Abbau von Spannungen und Stress<\/li>\n<li>Verbesserte Schlafqualit\u00e4t - entspannende Wirkung, ohne sich tags\u00fcber schl\u00e4frig zu f\u00fchlen<\/li>\n<li>Nat\u00fcrliche Regeneration nach dem Sport<\/li>\n<li>Unterst\u00fctzung des Immunsystems durch die entz\u00fcndungshemmenden Eigenschaften von CBD<\/li>\n<li>Einfache und diskrete Anwendung - die Kapseln sind geschmacks- und geruchsneutral<\/li>\n<\/ul>\n<h3>Sicherheit und Qualit\u00e4t<\/h3>\n<p>Das Produkt wird nach h\u00f6chsten Qualit\u00e4tsstandards hergestellt und ist nachweislich frei von psychoaktiven Substanzen und Verunreinigungen. Forte CBD Weichgelkapseln sind frei von GVO, Pestiziden und Schwermetallen. So k\u00f6nnen Sie sicher sein, dass Sie Ihren K\u00f6rper nur mit dem Besten versorgen.<\/p>\n<h3>Nutzerbewertungen<\/h3>\n<p>\u201eIch nehme die Forte CBD-Kapseln seit mehreren Monaten und habe eine deutliche Verbesserung bei der Reduzierung des t\u00e4glichen Stresses und der Schlafqualit\u00e4t festgestellt. Das Produkt ist sehr bequem in der Anwendung und wirkt effektiv!\u201d - Anna K.<\/p>\n<p>\u201eDank der Forte CBD Kapseln habe ich mich nach der Arbeit entspannter gef\u00fchlt und meine Beschwerden \u00fcber Muskelverspannungen wurden reduziert. Ich w\u00fcrde sie auf jeden Fall weiterempfehlen!\u201d - Marek W.<\/p>\n<h3>Zus\u00e4tzliche Informationen und Gebrauchsanweisungen<\/h3>\n<p><strong>Lagerung:<\/strong> Bewahren Sie die Kapseln an einem trockenen, k\u00fchlen Ort, vor direkter Sonneneinstrahlung gesch\u00fctzt und bei Temperaturen unter 25\u00b0C auf, um die Frische und Wirksamkeit des Produkts zu erhalten.<\/p>\n<p><strong>Sicherheit der Anwendung:<\/strong> Das Produkt ist f\u00fcr Erwachsene bestimmt. \u00dcberschreiten Sie nicht die empfohlene Tagesdosis. Nicht verwenden, wenn Sie schwanger sind, stillen oder allergisch auf einen der Inhaltsstoffe reagieren. Im Zweifelsfall fragen Sie Ihren Arzt.<\/p>\n<p><strong>Beispiele f\u00fcr die Verwendung:<\/strong> Die CBD-Kapseln von Forte sind eine ausgezeichnete Wahl f\u00fcr Menschen mit einem stressigen Lebensstil, f\u00fcr Sportler, die eine nat\u00fcrliche Regeneration ben\u00f6tigen, und f\u00fcr alle, die sich auf nat\u00fcrliche Weise um ihre geistige und k\u00f6rperliche Gesundheit k\u00fcmmern wollen.<\/p>\n<p>Mit den Forte CBD Soft Gel Kapseln 750mg k\u00f6nnen Sie Ihren K\u00f6rper jeden Tag einfach und bequem unterst\u00fctzen - sorgen Sie noch heute f\u00fcr Ihr Gleichgewicht und Wohlbefinden!<\/p>","protected":false},"excerpt":{"rendered":"<p>Entdecken Sie Forte CBD Soft Gel Kapseln 750mg - eine bequeme und effektive Form der CBD-Erg\u00e4nzung. Jede Kapsel enth\u00e4lt einen genau dosierten Extrakt, der das Gleichgewicht des K\u00f6rpers unterst\u00fctzt, Stress abbaut und die Stimmung verbessert.<\/p>\n<p>Die 60 Weichkapseln sind die ideale Dosis f\u00fcr mehrere Wochen, und ihre weiche Schale erm\u00f6glicht eine einfache Einnahme ohne unangenehmen Nachgeschmack. Das Produkt wird sorgf\u00e4ltig in der EU hergestellt und garantiert h\u00f6chste Qualit\u00e4t und Sicherheit.<\/p>\n<p>Investieren Sie noch heute in Ihre Gesundheit und genie\u00dfen Sie nat\u00fcrliche Entspannung mit Forte CBD!<\/p>","protected":false},"featured_media":52952,"comment_status":"open","ping_status":"closed","template":"","meta":{"_acf_changed":false,"_gspb_post_css":"","rank_math_title":"","rank_math_description":"","rank_math_focus_keyword":"","rank_math_facebook_title":"","rank_math_facebook_description":"","rank_math_twitter_title":"","rank_math_twitter_description":""},"product_brand":[475],"product_cat":[311],"product_tag":[],"woo-feed-brand":[],"class_list":{"0":"post-52950","1":"product","2":"type-product","3":"status-publish","4":"has-post-thumbnail","6":"product_brand-reakiro","7":"product_cat-kapsulki","9":"first","10":"outofstock","11":"purchasable","12":"product-type-simple"},"ct_brands":[{"id":475,"name":"reakiro","slug":"reakiro"}],"acf":[],"_links":{"self":[{"href":"https:\/\/ubucha.pl\/de\/wp-json\/wp\/v2\/product\/52950","targetHints":{"allow":["GET"]}}],"collection":[{"href":"https:\/\/ubucha.pl\/de\/wp-json\/wp\/v2\/product"}],"about":[{"href":"https:\/\/ubucha.pl\/de\/wp-json\/wp\/v2\/types\/product"}],"replies":[{"embeddable":true,"href":"https:\/\/ubucha.pl\/de\/wp-json\/wp\/v2\/comments?post=52950"}],"wp:featuredmedia":[{"embeddable":true,"href":"https:\/\/ubucha.pl\/de\/wp-json\/wp\/v2\/media\/52952"}],"wp:attachment":[{"href":"https:\/\/ubucha.pl\/de\/wp-json\/wp\/v2\/media?parent=52950"}],"wp:term":[{"taxonomy":"product_brand","embeddable":true,"href":"https:\/\/ubucha.pl\/de\/wp-json\/wp\/v2\/product_brand?post=52950"},{"taxonomy":"product_cat","embeddable":true,"href":"https:\/\/ubucha.pl\/de\/wp-json\/wp\/v2\/product_cat?post=52950"},{"taxonomy":"product_tag","embeddable":true,"href":"https:\/\/ubucha.pl\/de\/wp-json\/wp\/v2\/product_tag?post=52950"},{"taxonomy":"woo-feed-brand","embeddable":true,"href":"https:\/\/ubucha.pl\/de\/wp-json\/wp\/v2\/woo-feed-brand?post=52950"}],"curies":[{"name":"wp","href":"https:\/\/api.w.org\/{rel}","templated":true}]}}