{"id":52941,"date":"2025-10-29T10:24:18","date_gmt":"2025-10-29T09:24:18","guid":{"rendered":"https:\/\/ubucha.pl\/kapsulki-cbd-vegan-900mg-60szt-full-spectrum-piperyna\/"},"modified":"2026-04-23T09:36:15","modified_gmt":"2026-04-23T07:36:15","slug":"cbd-vegan-900mg-kapseln-60pcs-vollspektrum-piperine","status":"publish","type":"product","link":"https:\/\/ubucha.pl\/de\/kapsulki-cbd-vegan-900mg-60szt-full-spectrum-piperyna\/","title":{"rendered":"CBD Vegane Kapseln 900mg 60pcs - Vollspektrum (+ Piperin)"},"content":{"rendered":"<h2>CBD Vegane Kapseln mit Piperin 900mg - Die nat\u00fcrliche Kraft des Hanfs in einer praktischen Form<\/h2>\n<p>Sind Sie auf der Suche nach einer effektiven M\u00f6glichkeit, Ihre Gesundheit und Ihr Wohlbefinden t\u00e4glich zu unterst\u00fctzen? <strong>CBD Vegane Kapseln mit Piperin 900mg<\/strong> ist ein innovatives Produkt, das die Kraft von nat\u00fcrlichem CBD-\u00d6l mit schwarzem Pfefferextrakt (Piperin) kombiniert und so seine Bioverf\u00fcgbarkeit und Wirksamkeit erh\u00f6ht. In jeder Kapsel finden Sie einen hochwertigen, veganen CBD-Extrakt, der das Nervensystem und das Immunsystem unterst\u00fctzt und hilft, den K\u00f6rper auszugleichen.<\/p>\n<h3>Warum CBD Vegane Kapseln mit Piperin 900mg w\u00e4hlen?<\/h3>\n<p>Diese veganen Kapseln wurden f\u00fcr diejenigen entwickelt, die nach nat\u00fcrlichen Nahrungserg\u00e4nzungsmitteln mit einem breiten Wirkungsspektrum suchen. Der Zusatz von Piperin - dem Wirkstoff in schwarzem Pfeffer - erh\u00f6ht die Bioverf\u00fcgbarkeit von CBD um ein Vielfaches, was bedeutet, dass der K\u00f6rper die positiven Eigenschaften von Cannabidiol besser nutzen kann.<\/p>\n<p>Das Produkt ist 100% frei von tierischen Bestandteilen, was es zu einer idealen Wahl f\u00fcr Veganer und diejenigen macht, die auf eine ethische Produktion von Nahrungserg\u00e4nzungsmitteln achten. Dar\u00fcber hinaus enth\u00e4lt jede Kapsel genau abgemessenen, standardisierten Hanfextrakt, der eine gleichbleibende Dosis von 900 mg CBD pro Packung garantiert.<\/p>\n<h3>Zusammensetzung des Produkts<\/h3>\n<table style=\"border-collapse: collapse; width: 100%; max-width: 600px;\" border=\"1\" cellspacing=\"0\" cellpadding=\"8\">\n<thead>\n<tr style=\"background-color: #f2f2f2;\">\n<th>Komponente<\/th>\n<th>Beschreibung und Vorteile<\/th>\n<\/tr>\n<\/thead>\n<tbody>\n<tr>\n<td>Cannabidiol (CBD)<\/td>\n<td>Eine nat\u00fcrliche Verbindung, die aus Hanf gewonnen wird, um das Nervensystem zu unterst\u00fctzen, Stress abzubauen und die Schlafqualit\u00e4t zu verbessern.<\/td>\n<\/tr>\n<tr>\n<td>Piperin (Extrakt aus schwarzem Pfeffer)<\/td>\n<td>Es erh\u00f6ht die Bioverf\u00fcgbarkeit von CBD und anderen Inhaltsstoffen, f\u00f6rdert die Verdauung und hat eine entz\u00fcndungshemmende Wirkung.<\/td>\n<\/tr>\n<tr>\n<td>Inhaltsstoffe der Kapsel<\/td>\n<td>Vegane H\u00fclle aus Hydroxypropylmethylcellulose (HPMC), v\u00f6llig sicher und umweltfreundlich.<\/td>\n<\/tr>\n<\/tbody>\n<\/table>\n<h3>Wie verwendet man CBD-Kapseln mit Piperin?<\/h3>\n<p>Sie fragen sich, wie Sie die veganen CBD-Kapseln am besten in Ihren Alltag integrieren k\u00f6nnen? Das ist ganz einfach! Es wird empfohlen, ein bis zwei Kapseln t\u00e4glich einzunehmen, vorzugsweise mit einer Mahlzeit, um die Eigenschaften des Piperin zu maximieren, das die Absorption von Cannabidiol verbessert. Die regelm\u00e4\u00dfige Einnahme tr\u00e4gt dazu bei, dass sich die therapeutische Wirkung allm\u00e4hlich entfaltet und die Gesundheit langfristig unterst\u00fctzt wird.<\/p>\n<p>Sie brauchen sich keine Gedanken \u00fcber die Dosierung zu machen - jede Kapsel enth\u00e4lt eine genaue Menge CBD, so dass Sie die Einnahme leicht kontrollieren und individuell anpassen k\u00f6nnen.<\/p>\n<h3>Vorteile f\u00fcr Ihre Gesundheit und Ihr Wohlbefinden<\/h3>\n<p>CBD Vegane Kapseln mit Piperin 900mg sind eine ausgezeichnete Wahl f\u00fcr diejenigen, die nach nat\u00fcrlichen Methoden zur:<\/p>\n<ul>\n<li>Abbau von Spannungen und Stress<\/li>\n<li>Unterst\u00fctzung f\u00fcr das Nervensystem<\/li>\n<li>Verbesserung der Schlafqualit\u00e4t<\/li>\n<li>Unterst\u00fctzung von Immunit\u00e4t und Regeneration<\/li>\n<li>Erh\u00f6hte Energie und Vitalit\u00e4t<\/li>\n<\/ul>\n<p>Dank der Synergie von CBD und Piperin ist die Wirkung intensiver und schneller, was durch das positive Feedback unserer Kunden best\u00e4tigt wird.<\/p>\n<h3>Nutzerbewertungen<\/h3>\n<p>\u201eCBD-Kapseln mit Piperin haben meine Einstellung zur Nahrungserg\u00e4nzung wirklich ver\u00e4ndert. Ich f\u00fchle mich weniger gestresst und mein Schlaf ist tiefer und erholsamer geworden.\u201d - Anna K.<\/p>\n<p>\u201eAls Veganerin sch\u00e4tze ich es, dass das Produkt vollst\u00e4ndig auf pflanzlicher Basis ist. Au\u00dferdem ist die Wirkung schon nach wenigen Tagen sp\u00fcrbar.\u201d - Michael W.<\/p>\n<h3>Zus\u00e4tzliche Informationen und Anleitungen<\/h3>\n<p><strong>Lagerung:<\/strong> Lagern Sie das Produkt an einem trockenen und k\u00fchlen Ort, gesch\u00fctzt vor direktem Sonnenlicht, um seine volle Wirksamkeit und Frische zu erhalten.<\/p>\n<p><strong>Sicherheit:<\/strong> Die Kapseln sind frei von k\u00fcnstlichen Konservierungsmitteln, Farbstoffen und Zutaten tierischen Ursprungs. Das Produkt wird auf Reinheit und Einhaltung der Qualit\u00e4tsstandards gepr\u00fcft.<\/p>\n<p><strong>Beispiele f\u00fcr die Verwendung:<\/strong> Eine ideale Erg\u00e4nzung f\u00fcr Menschen mit einem aktiven Lebensstil, f\u00fcr Menschen, die unter Druck arbeiten, und f\u00fcr Menschen, die ihr Nervensystem und ihre Immunit\u00e4t auf nat\u00fcrliche Weise pflegen wollen. Hervorragend geeignet zur Unterst\u00fctzung der t\u00e4glichen Nahrungserg\u00e4nzung, insbesondere in Zeiten von erh\u00f6htem Stress und M\u00fcdigkeit.<\/p>\n<p>Entscheiden Sie sich f\u00fcr <strong>CBD Vegane Kapseln mit Piperin 900mg<\/strong> und erfahren Sie, wie die nat\u00fcrliche Kraft von Hanf und schwarzem Pfeffer Ihre Gesundheit und Ihr Wohlbefinden positiv beeinflussen kann!<\/p>","protected":false},"excerpt":{"rendered":"<p>Entdecken Sie die nat\u00fcrliche Kraft von <strong>CBD Vegane Kapseln mit Piperin 900mg<\/strong> - 60 vegane Kapseln zur Unterst\u00fctzung Ihres t\u00e4glichen Wohlbefindens.<\/p>\n<p>Die mit Piperin angereicherte Formel erh\u00f6ht die Bioverf\u00fcgbarkeit von CBD und sorgt f\u00fcr eine schnellere und effektivere Wirkung. Ideal f\u00fcr alle, die einen gesunden, pflanzenbasierten Lebensstil und eine nat\u00fcrliche Unterst\u00fctzung des Nerven- und Immunsystems sch\u00e4tzen.<\/p>\n<p>Ohne k\u00fcnstliche Zusatzstoffe, 100% ist vegan und einfach in der Anwendung - nur eine Kapsel pro Tag gen\u00fcgt, um den Unterschied zu sp\u00fcren.<\/p>","protected":false},"featured_media":52943,"comment_status":"open","ping_status":"closed","template":"","meta":{"_acf_changed":false,"_gspb_post_css":"","rank_math_title":"","rank_math_description":"","rank_math_focus_keyword":"","rank_math_facebook_title":"","rank_math_facebook_description":"","rank_math_twitter_title":"","rank_math_twitter_description":""},"product_brand":[475],"product_cat":[311],"product_tag":[],"woo-feed-brand":[],"class_list":{"0":"post-52941","1":"product","2":"type-product","3":"status-publish","4":"has-post-thumbnail","6":"product_brand-reakiro","7":"product_cat-kapsulki","9":"first","10":"outofstock","11":"purchasable","12":"product-type-simple"},"ct_brands":[{"id":475,"name":"reakiro","slug":"reakiro"}],"acf":[],"_links":{"self":[{"href":"https:\/\/ubucha.pl\/de\/wp-json\/wp\/v2\/product\/52941","targetHints":{"allow":["GET"]}}],"collection":[{"href":"https:\/\/ubucha.pl\/de\/wp-json\/wp\/v2\/product"}],"about":[{"href":"https:\/\/ubucha.pl\/de\/wp-json\/wp\/v2\/types\/product"}],"replies":[{"embeddable":true,"href":"https:\/\/ubucha.pl\/de\/wp-json\/wp\/v2\/comments?post=52941"}],"wp:featuredmedia":[{"embeddable":true,"href":"https:\/\/ubucha.pl\/de\/wp-json\/wp\/v2\/media\/52943"}],"wp:attachment":[{"href":"https:\/\/ubucha.pl\/de\/wp-json\/wp\/v2\/media?parent=52941"}],"wp:term":[{"taxonomy":"product_brand","embeddable":true,"href":"https:\/\/ubucha.pl\/de\/wp-json\/wp\/v2\/product_brand?post=52941"},{"taxonomy":"product_cat","embeddable":true,"href":"https:\/\/ubucha.pl\/de\/wp-json\/wp\/v2\/product_cat?post=52941"},{"taxonomy":"product_tag","embeddable":true,"href":"https:\/\/ubucha.pl\/de\/wp-json\/wp\/v2\/product_tag?post=52941"},{"taxonomy":"woo-feed-brand","embeddable":true,"href":"https:\/\/ubucha.pl\/de\/wp-json\/wp\/v2\/woo-feed-brand?post=52941"}],"curies":[{"name":"wp","href":"https:\/\/api.w.org\/{rel}","templated":true}]}}