{"id":52896,"date":"2025-10-29T10:24:18","date_gmt":"2025-10-29T09:24:18","guid":{"rendered":"https:\/\/ubucha.pl\/olej-cbd-forte-immune-boost-500mg-15ml\/"},"modified":"2026-04-10T14:51:26","modified_gmt":"2026-04-10T12:51:26","slug":"cbd-forte-immun-boost-ol-500mg-15ml","status":"publish","type":"product","link":"https:\/\/ubucha.pl\/de\/olej-cbd-forte-immune-boost-500mg-15ml\/","title":{"rendered":"CBD FORTE Immune Boost \u00d6l 500mg 15ml"},"content":{"rendered":"<h2>Reakiro Forte CBD Immune Boost 500mg 15ml - Nat\u00fcrliches Schutzschild f\u00fcr Ihr Immunsystem<\/h2>\n<p>Sind Sie auf der Suche nach einer wirksamen Methode zur F\u00f6rderung Ihrer Resilienz? <strong>Reakiro Forte CBD Immunit\u00e4tsschub 500mg<\/strong> ist ein innovatives Produkt, das die Kraft des nat\u00fcrlichen CBD-Extrakts mit wertvollen Inhaltsstoffen zur Unterst\u00fctzung des Immunsystems kombiniert. Mit einer hohen Konzentration an CBD (500 mg in 15 ml) und sorgf\u00e4ltig ausgew\u00e4hlten Zusatzstoffen ist dieses \u00d6l eine ausgezeichnete Wahl f\u00fcr alle, die sich auf nat\u00fcrliche Weise um ihre Gesundheit k\u00fcmmern m\u00f6chten.<\/p>\n<h3>Warum Reakiro Forte CBD Immune Boost w\u00e4hlen?<\/h3>\n<p>Dieses Produkt zeichnet sich vor allem durch seine hohe Qualit\u00e4t und Wirksamkeit aus. Die Verwendung von Cannabidiol (CBD) in hohen Konzentrationen unterst\u00fctzt den K\u00f6rper bei der Bek\u00e4mpfung von oxidativem Stress und hilft, die ordnungsgem\u00e4\u00dfe Funktion des Immunsystems zu erhalten. Und wussten Sie, dass CBD f\u00fcr seine entz\u00fcndungshemmenden und antioxidativen Eigenschaften bekannt ist? In Kombination mit anderen Inhaltsstoffen bildet Reakiro Forte eine umfassende Formel, die die nat\u00fcrlichen Abwehrmechanismen des K\u00f6rpers st\u00e4rkt.<\/p>\n<h3>Produktzusammensetzung - nat\u00fcrliche Kraft in jedem Tropfen<\/h3>\n<p>Reakiro Forte CBD Immune Boost enth\u00e4lt:<\/p>\n<ul>\n<li><strong>500 mg CBD-Extrakt<\/strong> - aus Hanfsamen auf eine Weise extrahiert, die Reinheit und Sicherheit garantiert.<\/li>\n<li><strong>MCT-\u00d6l<\/strong> - ein hoch bioverf\u00fcgbarer Tr\u00e4ger, der die Bioverf\u00fcgbarkeit von CBD erh\u00f6ht und den Stoffwechsel unterst\u00fctzt.<\/li>\n<li><strong>Nat\u00fcrliche Pflanzenextrakte<\/strong> - reich an Antioxidantien, die das Immunsystem zus\u00e4tzlich unterst\u00fctzen.<\/li>\n<\/ul>\n<table style=\"border-collapse: collapse; width: 100%; max-width: 600px; margin-top: 20px;\" border=\"1\" cellspacing=\"0\" cellpadding=\"8\">\n<thead>\n<tr style=\"background-color: #f2f2f2;\">\n<th>Merkmal<\/th>\n<th>Beschreibung<\/th>\n<\/tr>\n<\/thead>\n<tbody>\n<tr>\n<td>CBD-Gehalt<\/td>\n<td>500 mg in 15 ml (ca. 33 mg CBD pro 1 ml)<\/td>\n<\/tr>\n<tr>\n<td>Band<\/td>\n<td>15 ml<\/td>\n<\/tr>\n<tr>\n<td>Formular<\/td>\n<td>Tropf\u00f6l<\/td>\n<\/tr>\n<tr>\n<td>Zus\u00e4tzliche Inhaltsstoffe<\/td>\n<td>MCT-\u00d6l, nat\u00fcrliche Pflanzenextrakte<\/td>\n<\/tr>\n<tr>\n<td>Gebrauchsanweisung<\/td>\n<td>Unter die Zunge geben, 2-3 Tropfen 1-2 Mal t\u00e4glich<\/td>\n<\/tr>\n<\/tbody>\n<\/table>\n<h3>Wie verwendet man Reakiro Forte CBD Immune Boost, um die besten Ergebnisse zu erzielen?<\/h3>\n<p>Die besten Ergebnisse erzielen Sie, wenn Sie das \u00d6l t\u00e4glich anwenden. Es wird empfohlen, 1-2 Mal am Tag 2-3 Tropfen unter die Zunge zu nehmen. Durch diese Art der Anwendung gelangen die Inhaltsstoffe schneller in den Blutkreislauf, was eine schnellere und effektivere Wirkung gew\u00e4hrleistet. Sie fragen, ob es m\u00f6glich ist, die Dosierung zu erh\u00f6hen? Es ist ratsam, mit kleineren Mengen zu beginnen, die Reaktion des K\u00f6rpers zu beobachten und die Dosis gegebenenfalls schrittweise zu erh\u00f6hen.<\/p>\n<h3>Vorteile f\u00fcr Sie<\/h3>\n<ul>\n<li><strong>St\u00e4rkt die nat\u00fcrliche Immunit\u00e4t<\/strong> - hilft dem K\u00f6rper, sich besser gegen Infektionen zu wehren.<\/li>\n<li><strong>Reduziert Stress und Anspannung<\/strong> - CBD hat eine entspannende Wirkung auf das Nervensystem, was sich positiv auf das allgemeine Wohlbefinden auswirkt.<\/li>\n<li><strong>Verbessert die Regeneration<\/strong> - unterst\u00fctzt Reparaturprozesse und wirkt Entz\u00fcndungen entgegen.<\/li>\n<li><strong>Einfach zu bedienen und bequem<\/strong> - Die praktische Tropfflasche erm\u00f6glicht eine genaue Dosierung.<\/li>\n<\/ul>\n<h3>Zus\u00e4tzliche Informationen und Produktberatung<\/h3>\n<p><strong>Sicherheit der Anwendung:<\/strong> Das Produkt ist 100% nat\u00fcrlich, frei von Pestiziden, Schwermetallen und THC mit weniger als 0,2%, d.h. es hat keine psychoaktiven Eigenschaften und ist sicher im Gebrauch.<\/p>\n<p><strong>Lagerung:<\/strong> Es ist ratsam, das \u00d6l an einem k\u00fchlen, trockenen, licht- und w\u00e4rmegesch\u00fctzten Ort zu lagern, damit es seine volle Wirksamkeit und Frische beh\u00e4lt.<\/p>\n<h4>Feedback von zufriedenen Nutzern<\/h4>\n<p>\u201eIch nehme Reakiro Forte CBD nun seit einigen Wochen und habe eine deutliche Verbesserung meiner Immunit\u00e4t und ein besseres Wohlbefinden festgestellt. Das Produkt ist einfach in der Anwendung und wirkt sehr effektiv.\u201d - Michal, 34<\/p>\n<p>\u201eEin ideales \u00d6l f\u00fcr Menschen, die ihr Immunsystem auf nat\u00fcrliche Weise unterst\u00fctzen wollen. Ich w\u00fcrde es jedem empfehlen, der Wert auf Gesundheit und Qualit\u00e4t legt.\u201d - Anna, 27<\/p>\n<h4>Anwendungen und Beispiele f\u00fcr den Einsatz des Produkts<\/h4>\n<p>Reakiro Forte CBD Immune Boost eignet sich hervorragend zur t\u00e4glichen Unterst\u00fctzung des Immunsystems in Zeiten erh\u00f6hter Infektionsgefahr, wie z.B. in der Herbst- und Wintersaison. Sie k\u00f6nnen auch w\u00e4hrend intensiver Stressphasen oder nach dem Sport zu ihm greifen, um die Erholung zu beschleunigen. Es ist die perfekte Erg\u00e4nzung zu einem gesunden Lebensstil und einer ausgewogenen Ern\u00e4hrung.<\/p>\n<p>Investieren Sie noch heute in Ihre Gesundheit mit Reakiro Forte CBD Immune Boost 500mg - ein nat\u00fcrlicher Verb\u00fcndeter f\u00fcr Ihre Immunit\u00e4t!<\/p>","protected":false},"excerpt":{"rendered":"<p>Reakiro Forte CBD Immune Boost 500mg ist eine nat\u00fcrliche Erg\u00e4nzung zur Unterst\u00fctzung des Immunsystems und des Wohlbefindens.<\/p>\n<p>Es macht sich die Kraft von 500 mg reinem CBD zunutze, um das Immunsystem zu st\u00e4rken, die Entspannung zu f\u00f6rdern und den K\u00f6rper ins Gleichgewicht zu bringen.<\/p>\n<p>Ein Produkt in einer praktischen 15-ml-Flasche, das leicht aufzutragen ist und schnell wirkt.<\/p>\n<p>K\u00fcmmern Sie sich noch heute um Ihre Gesundheit und sp\u00fcren Sie den Unterschied mit Reakiro Forte.<\/p>","protected":false},"featured_media":52898,"comment_status":"open","ping_status":"closed","template":"","meta":{"_acf_changed":false,"_gspb_post_css":"","rank_math_title":"","rank_math_description":"","rank_math_focus_keyword":"","rank_math_facebook_title":"","rank_math_facebook_description":"","rank_math_twitter_title":"","rank_math_twitter_description":""},"product_brand":[475],"product_cat":[126],"product_tag":[],"woo-feed-brand":[],"class_list":{"0":"post-52896","1":"product","2":"type-product","3":"status-publish","4":"has-post-thumbnail","6":"product_brand-reakiro","7":"product_cat-olejki","9":"first","10":"outofstock","11":"purchasable","12":"product-type-simple"},"ct_brands":[{"id":475,"name":"reakiro","slug":"reakiro"}],"acf":[],"_links":{"self":[{"href":"https:\/\/ubucha.pl\/de\/wp-json\/wp\/v2\/product\/52896","targetHints":{"allow":["GET"]}}],"collection":[{"href":"https:\/\/ubucha.pl\/de\/wp-json\/wp\/v2\/product"}],"about":[{"href":"https:\/\/ubucha.pl\/de\/wp-json\/wp\/v2\/types\/product"}],"replies":[{"embeddable":true,"href":"https:\/\/ubucha.pl\/de\/wp-json\/wp\/v2\/comments?post=52896"}],"wp:featuredmedia":[{"embeddable":true,"href":"https:\/\/ubucha.pl\/de\/wp-json\/wp\/v2\/media\/52898"}],"wp:attachment":[{"href":"https:\/\/ubucha.pl\/de\/wp-json\/wp\/v2\/media?parent=52896"}],"wp:term":[{"taxonomy":"product_brand","embeddable":true,"href":"https:\/\/ubucha.pl\/de\/wp-json\/wp\/v2\/product_brand?post=52896"},{"taxonomy":"product_cat","embeddable":true,"href":"https:\/\/ubucha.pl\/de\/wp-json\/wp\/v2\/product_cat?post=52896"},{"taxonomy":"product_tag","embeddable":true,"href":"https:\/\/ubucha.pl\/de\/wp-json\/wp\/v2\/product_tag?post=52896"},{"taxonomy":"woo-feed-brand","embeddable":true,"href":"https:\/\/ubucha.pl\/de\/wp-json\/wp\/v2\/woo-feed-brand?post=52896"}],"curies":[{"name":"wp","href":"https:\/\/api.w.org\/{rel}","templated":true}]}}