{"id":52884,"date":"2025-10-29T10:24:18","date_gmt":"2025-10-29T09:24:18","guid":{"rendered":"https:\/\/ubucha.pl\/olej-cbd-500mg-full-spectrum-5-cbd-10ml\/"},"modified":"2026-04-23T09:36:29","modified_gmt":"2026-04-23T07:36:29","slug":"cbd-ol-500mg-volles-spektrum-5-cbd-10ml","status":"publish","type":"product","link":"https:\/\/ubucha.pl\/de\/olej-cbd-500mg-full-spectrum-5-cbd-10ml\/","title":{"rendered":"CBD \u00d6l 500mg Vollspektrum - 5% CBD 10ml"},"content":{"rendered":"<h2>Vollspektrum CBD-\u00d6l 500 mg (5% CBD) - Die nat\u00fcrliche Kraft des Hanfs von Reakiro<\/h2>\n<p>Sind Sie auf der Suche nach einer effektiven und nat\u00fcrlichen Methode, um Ihr Wohlbefinden zu verbessern und das t\u00e4gliche Gleichgewicht Ihres K\u00f6rpers zu unterst\u00fctzen? Das Full-Spectrum CBD-\u00d6l 500 mg von Reakiro ist ein Premiumprodukt, das dank seines vollen Spektrums an Cannabinoiden eine umfassende gesundheitsf\u00f6rdernde Wirkung bietet.<\/p>\n<h3>Was macht das Full-Spectrum 5% CBD-\u00d6l von Reakiro anders?<\/h3>\n<p>Dieses einzigartige \u00d6l enth\u00e4lt 500 mg Vollspektrum-CBD, was bedeutet, dass Sie neben Cannabidiol auch andere Cannabinoide, Terpene und Flavonoide finden, die nat\u00fcrlich im Hanf vorkommen. Diese synergistische Kombination, die als Entourage-Effekt bekannt ist, verst\u00e4rkt die positiven Eigenschaften des \u00d6ls und verbessert seine Wirksamkeit und Wirkung auf den K\u00f6rper.<\/p>\n<p>Das Produkt wurde mit gr\u00f6\u00dfter Aufmerksamkeit auf Reinheit und Qualit\u00e4t hergestellt, ohne k\u00fcnstliche Substanzen oder Pestizide hinzugef\u00fcgt. Reakiro \u00d6l ist 100% nat\u00fcrlich, sicher und f\u00fcr THC-Gehalt getestet, die zu den europ\u00e4ischen Standards gehalten wird - weniger als 0,2%.<\/p>\n<h3>Produkt-Highlights:<\/h3>\n<table>\n<thead>\n<tr>\n<th>Merkmal<\/th>\n<th>Beschreibung<\/th>\n<\/tr>\n<\/thead>\n<tbody>\n<tr>\n<td>CBD-Gehalt<\/td>\n<td>500 mg (5%-Konzentrationen)<\/td>\n<\/tr>\n<tr>\n<td>Spektrum der Wirkung<\/td>\n<td>Full-Spectrum - das gesamte Spektrum der Cannabinoide<\/td>\n<\/tr>\n<tr>\n<td>Volumen der Flasche<\/td>\n<td>10 ml<\/td>\n<\/tr>\n<tr>\n<td>Zusammensetzung<\/td>\n<td>Hanf\u00f6l (Tr\u00e4gerstoff), Hanfsamen-Extrakt, Terpene, Flavonoide<\/td>\n<\/tr>\n<tr>\n<td>THC-Konzentration<\/td>\n<td>weniger als 0,2% (in \u00dcbereinstimmung mit den EU-Vorschriften)<\/td>\n<\/tr>\n<tr>\n<td>Produkt<\/td>\n<td>Vegan, nicht gentechnisch ver\u00e4ndert, keine synthetischen Zusatzstoffe<\/td>\n<\/tr>\n<\/tbody>\n<\/table>\n<h3>Zusammensetzung von CBD-\u00d6l Reakiro 500 mg<\/h3>\n<p>Das \u00d6l basiert auf hochwertigem, unraffiniertem Hanf\u00f6l, das als nat\u00fcrlicher Tr\u00e4ger von wertvollen Substanzen fungiert. In der Zusammensetzung finden Sie:<\/p>\n<ul>\n<li>Hanfextrakt reich an Cannabidiol (CBD)<\/li>\n<li>Terpene - nat\u00fcrliche aromatische Verbindungen, die die gesundheitliche Wirkung verst\u00e4rken<\/li>\n<li>Flavonoide - nat\u00fcrliche Antioxidantien, die den Zellschutz f\u00f6rdern<\/li>\n<li>Nat\u00fcrliches Hanf\u00f6l<\/li>\n<\/ul>\n<h3>Wie wird Reakiro 500 mg CBD-\u00d6l verwendet?<\/h3>\n<p>Die Anwendung des \u00d6ls ist sehr einfach und bequem. Die empfohlene Dosierung betr\u00e4gt einige Tropfen pro Tag, die unter die Zunge gegeben und etwa 60 Sekunden lang gehalten werden sollten, damit die Inhaltsstoffe schnell in den Blutkreislauf aufgenommen werden k\u00f6nnen. Diese Form der Verabreichung gew\u00e4hrleistet die h\u00f6chste Bioverf\u00fcgbarkeit und eine schnelle Wirkung.<\/p>\n<p>Es ist ratsam, mit kleineren Dosen zu beginnen, z. B. 2-3 Tropfen, und die Reaktion des K\u00f6rpers zu beobachten und die Menge nach Bedarf allm\u00e4hlich zu erh\u00f6hen. Die regelm\u00e4\u00dfige Einnahme des \u00d6ls kann den Stressabbau, die Verbesserung der Schlafqualit\u00e4t und die Schmerzlinderung unterst\u00fctzen.<\/p>\n<h3>Warum Reakiro CBD-\u00d6l w\u00e4hlen?<\/h3>\n<p>Nicht nur die Zusammensetzung und die Qualit\u00e4t des Produkts machen den Unterschied - das Feedback zufriedener Kunden best\u00e4tigt die Wirksamkeit und Sicherheit dieses \u00d6ls. Die Nutzer loben es f\u00fcr seine schnelle Wirkung, die nat\u00fcrliche Unterst\u00fctzung des K\u00f6rpers und das Fehlen von Nebenwirkungen.<\/p>\n<p>Wussten Sie, dass CBD als Vollsortimenter umfassender wirkt als Isolate? Dank der Anwesenheit des gesamten Spektrums an Hanfverbindungen tr\u00e4gt Reakiro-\u00d6l dazu bei, die Funktionsweise des Endocannabinoid-Systems zu harmonisieren, was sich in einer besseren Immunit\u00e4t und einem allgemeinen Wohlbefinden niederschlagen kann.<\/p>\n<h3>Zus\u00e4tzliche Informationen zum Produkt<\/h3>\n<ul>\n<li><strong>Sicherheit:<\/strong> Das Produkt ist frei von sch\u00e4dlichen Pestiziden, Schwermetallen und Chemikalien. Es ist f\u00fcr Reinheit und Qualit\u00e4t zertifiziert.<\/li>\n<li><strong>Lagerung:<\/strong> Das \u00d6l sollte an einem k\u00fchlen und trockenen Ort, gesch\u00fctzt vor Sonnenlicht, gelagert werden, um seine Haltbarkeit und Wirksamkeit zu erhalten.<\/li>\n<li><strong>Tipps f\u00fcr die Verwendung:<\/strong> Unmittelbar vor dem F\u00fchren eines Fahrzeugs oder dem Bedienen von Maschinen ist der Gebrauch zu vermeiden, bis die individuelle Reaktion des K\u00f6rpers bekannt ist.<\/li>\n<\/ul>\n<h3>Beispiele f\u00fcr die Verwendung von CBD-\u00d6l Reakiro 500 mg<\/h3>\n<p>Dieses \u00d6l ist eine ausgezeichnete Wahl f\u00fcr alle, die ein nat\u00fcrliches Hilfsmittel suchen:<\/p>\n<ul>\n<li>Abbau von Spannung und Stress nach einem intensiven Tag<\/li>\n<li>Verbesserte Schlafqualit\u00e4t und Entspannung<\/li>\n<li>Linderung von chronischen Muskel- und Gelenkbeschwerden<\/li>\n<li>Unterst\u00fctzung der Gesundheit des Nerven- und Immunsystems<\/li>\n<\/ul>\n<h3>Was sagen die Nutzer?<\/h3>\n<p><em>\u201eDas Reakiro-\u00d6l ist mein t\u00e4gliches Ritual. Es hilft mir, mich nach der Arbeit zu entspannen und verbessert die Qualit\u00e4t meines Schlafes. Ich w\u00fcrde es jedem empfehlen, der eine nat\u00fcrliche Unterst\u00fctzung sucht.\u201d<\/em> - Anna K.<\/p>\n<p><em>\u201eDank dieses \u00d6ls habe ich meine Schmerzen nach dem Training reduziert. Es wirkt schnell und effektiv. Ich werde es auf jeden Fall wieder kaufen.\u201d<\/em> - Michael D.<\/p>\n<p><em>\u201eIch bin beeindruckt von der Qualit\u00e4t und dem Geschmack dieses \u00d6ls. Ich f\u00fchle mich ausgeglichener und ruhiger.\u201d<\/em> - Catherine M.<\/p>\n<p>Entscheiden Sie sich f\u00fcr Reakiro CBD Full-Spectrum 500 mg und erleben Sie, wie die nat\u00fcrliche Kraft des Hanfs Ihr Leben jeden Tag bereichern kann!<\/p>","protected":false},"excerpt":{"rendered":"<p>Entdecken Sie die Kraft der nat\u00fcrlichen Therapie mit 500mg CBD-Vollspektrum-\u00d6l von Reakiro. Enth\u00e4lt 5% reines CBD, um das Gleichgewicht von K\u00f6rper und Geist zu unterst\u00fctzen.<\/p>\n<p>Das Vollspektrumprodukt bietet das gesamte Spektrum an Cannabinoiden, was die therapeutische Wirkung durch einen Synergieeffekt verst\u00e4rkt. Das \u00d6l wird sorgf\u00e4ltig ausgew\u00e4hlt und getestet, um die h\u00f6chste Qualit\u00e4t und Reinheit zu garantieren.<\/p>\n<p>Einfach in der Anwendung, ideal f\u00fcr den t\u00e4glichen Gebrauch, hilft es Stress abzubauen, unterst\u00fctzt die Erholung und verbessert das Wohlbefinden. W\u00e4hlen Sie den nat\u00fcrlichen Weg zu einer besseren Lebensqualit\u00e4t!<\/p>\n<p>Bestellen Sie jetzt und sp\u00fcren Sie den Unterschied noch heute!<\/p>","protected":false},"featured_media":52886,"comment_status":"open","ping_status":"closed","template":"","meta":{"_acf_changed":false,"_gspb_post_css":"","rank_math_title":"","rank_math_description":"","rank_math_focus_keyword":"","rank_math_facebook_title":"","rank_math_facebook_description":"","rank_math_twitter_title":"","rank_math_twitter_description":""},"product_brand":[475],"product_cat":[126],"product_tag":[],"woo-feed-brand":[],"class_list":{"0":"post-52884","1":"product","2":"type-product","3":"status-publish","4":"has-post-thumbnail","6":"product_brand-reakiro","7":"product_cat-olejki","9":"first","10":"outofstock","11":"purchasable","12":"product-type-simple"},"ct_brands":[{"id":475,"name":"reakiro","slug":"reakiro"}],"acf":[],"_links":{"self":[{"href":"https:\/\/ubucha.pl\/de\/wp-json\/wp\/v2\/product\/52884","targetHints":{"allow":["GET"]}}],"collection":[{"href":"https:\/\/ubucha.pl\/de\/wp-json\/wp\/v2\/product"}],"about":[{"href":"https:\/\/ubucha.pl\/de\/wp-json\/wp\/v2\/types\/product"}],"replies":[{"embeddable":true,"href":"https:\/\/ubucha.pl\/de\/wp-json\/wp\/v2\/comments?post=52884"}],"wp:featuredmedia":[{"embeddable":true,"href":"https:\/\/ubucha.pl\/de\/wp-json\/wp\/v2\/media\/52886"}],"wp:attachment":[{"href":"https:\/\/ubucha.pl\/de\/wp-json\/wp\/v2\/media?parent=52884"}],"wp:term":[{"taxonomy":"product_brand","embeddable":true,"href":"https:\/\/ubucha.pl\/de\/wp-json\/wp\/v2\/product_brand?post=52884"},{"taxonomy":"product_cat","embeddable":true,"href":"https:\/\/ubucha.pl\/de\/wp-json\/wp\/v2\/product_cat?post=52884"},{"taxonomy":"product_tag","embeddable":true,"href":"https:\/\/ubucha.pl\/de\/wp-json\/wp\/v2\/product_tag?post=52884"},{"taxonomy":"woo-feed-brand","embeddable":true,"href":"https:\/\/ubucha.pl\/de\/wp-json\/wp\/v2\/woo-feed-brand?post=52884"}],"curies":[{"name":"wp","href":"https:\/\/api.w.org\/{rel}","templated":true}]}}