{"id":52666,"date":"2025-10-22T17:59:21","date_gmt":"2025-10-22T15:59:21","guid":{"rendered":"https:\/\/ubucha.pl\/?post_type=product&#038;p=52666"},"modified":"2025-12-03T17:15:15","modified_gmt":"2025-12-03T16:15:15","slug":"thermolka-extra-warmendes-gel","status":"publish","type":"product","link":"https:\/\/ubucha.pl\/de\/thermolka-extra-zel-rozgrzewajacy\/","title":{"rendered":"Thermolka EXTRA W\u00e4rmendes Gel"},"content":{"rendered":"<h2>EXTRA 4MAX HEATING Thermolka - wirksame Entlastung f\u00fcr Muskeln und Gelenke<\/h2>\n<p>Leiden Sie unter Verspannungen oder Schmerzen im Nacken-, Wirbels\u00e4ulen-, Lenden- oder Fu\u00dfbereich? Dann ist dieses Set von w\u00e4rmenden Gelen <strong>Thermolka Extra 4MAX<\/strong> ist nur f\u00fcr Sie gemacht! Dieses angereicherte Produkt ist ein absoluter Bestseller der Marke Cannaderm, der Erleichterung und Komfort f\u00fcr Ihren t\u00e4glichen Gebrauch bringt.<\/p>\n<h3>Warum sollten Sie sich f\u00fcr Thermolka EXTRA 4MAX entscheiden?<\/h3>\n<p>Thermolka Extra 4MAX ist eine Reihe von w\u00e4rmenden Gelen f\u00fcr die \u00f6rtliche Anwendung. Dank ihrer einzigartigen Formel erw\u00e4rmen die Produkte schnell und effektiv ausgew\u00e4hlte K\u00f6rperpartien, was Muskelverspannungen reduziert und die Blutzirkulation verbessert. Die w\u00e4rmende Wirkung hilft, Muskelschmerzen nach k\u00f6rperlicher Anstrengung oder l\u00e4ngerem Sitzen zu lindern.<\/p>\n<p>Was macht dieses Set so besonders? In erster Linie ist es die Kombination von Wirkstoffen mit w\u00e4rmenden und beruhigenden Eigenschaften, die zusammen eine synergetische Wirkung erzeugen. Infolgedessen bringt Thermolka Extra 4MAX schnell Linderung und f\u00f6rdert die Regeneration des K\u00f6rpers.<\/p>\n<h3>Wichtige Produktmerkmale und Vorteile<\/h3>\n<table style=\"border-collapse: collapse; width: 100%; max-width: 600px;\" border=\"1\" cellspacing=\"0\" cellpadding=\"8\">\n<thead>\n<tr style=\"background-color: #f2f2f2;\">\n<th>Merkmal<\/th>\n<th>Beschreibung<\/th>\n<th>Nutzen f\u00fcr den Nutzer<\/th>\n<\/tr>\n<\/thead>\n<tbody>\n<tr>\n<td>Set mit w\u00e4rmenden Gelen<\/td>\n<td>Mehrere Produkte mit verst\u00e4rkter W\u00e4rmewirkung<\/td>\n<td>Kann an verschiedene K\u00f6rperbereiche und Intensit\u00e4ten des Bedarfs angepasst werden<\/td>\n<\/tr>\n<tr>\n<td>\u00d6rtliche Anwendung<\/td>\n<td>Direkte Anwendung an Hals, Wirbels\u00e4ule, Lenden oder F\u00fc\u00dfen<\/td>\n<td>Schnelles und pr\u00e4zises Handeln, wo es n\u00f6tig ist<\/td>\n<\/tr>\n<tr>\n<td>Verst\u00e4rkte w\u00e4rmende Wirkung<\/td>\n<td>Leistungsstarke Wirkstoffe f\u00fcr ein intensives Gef\u00fchl von W\u00e4rme<\/td>\n<td>Wirksame Linderung von Muskelschmerzen und Verspannungen<\/td>\n<\/tr>\n<tr>\n<td>Bestseller der Marke Cannaderm<\/td>\n<td>Von den Kunden f\u00fcr seine Effizienz und Sicherheit gesch\u00e4tztes Produkt<\/td>\n<td>Garantie f\u00fcr Qualit\u00e4t und Zufriedenheit<\/td>\n<\/tr>\n<\/tbody>\n<\/table>\n<h3>Zusammensetzung des Produkts<\/h3>\n<p>Thermolka Extra 4MAX enth\u00e4lt sorgf\u00e4ltig ausgew\u00e4hlte Wirkstoffe, die zusammenarbeiten, um maximale Linderung zu bringen:<\/p>\n<ul>\n<li><strong>Menthol<\/strong> - hat eine k\u00fchlende und erfrischende Wirkung und lindert Schmerzen und Verspannungen.<\/li>\n<li><strong>Kampfer\u00f6l<\/strong> - w\u00e4rmt intensiv auf, verbessert die Mikrozirkulation.<\/li>\n<li><strong>Kr\u00e4uterextrakte<\/strong> - f\u00f6rdern die Regeneration und haben eine entz\u00fcndungshemmende Wirkung.<\/li>\n<li><strong>Andere nat\u00fcrliche Stoffe<\/strong> - verst\u00e4rken die w\u00e4rmende Wirkung und pflegen die Haut.<\/li>\n<\/ul>\n<p>Dank der auf diese Weise gew\u00e4hlten Zusammensetzung verbindet Thermolka Extra 4MAX Wirksamkeit mit Anwendungssicherheit, wie zahlreiche positive Nutzerbewertungen best\u00e4tigen.<\/p>\n<h3>Wie verwende ich Thermolka EXTRA 4MAX?<\/h3>\n<p>Die Anwendung des Gels ist \u00e4u\u00dferst einfach und bequem. Tragen Sie einfach eine kleine Menge des Produkts auf die gew\u00fcnschte Stelle wie Nacken, Wirbels\u00e4ule, Lendenbereich oder F\u00fc\u00dfe auf und massieren Sie es dann sanft ein, bis es vollst\u00e4ndig eingezogen ist. Auf diese Weise entfalten die Wirkstoffe schnell ihre Wirkung und sorgen f\u00fcr ein angenehmes Gef\u00fchl von W\u00e4rme und Linderung.<\/p>\n<p>Verwenden Sie das Produkt nach Bedarf und achten Sie darauf, es nicht auf gesch\u00e4digte Haut aufzutragen. Nach der Anwendung die H\u00e4nde gr\u00fcndlich waschen, um versehentlichen Kontakt mit Augen oder Schleimh\u00e4uten zu vermeiden.<\/p>\n<h3>Zus\u00e4tzliche Informationen und Anleitungen<\/h3>\n<p><strong>Beispiele f\u00fcr die Verwendung:<\/strong> Thermolka Extra 4MAX ist ideal f\u00fcr die Erholung nach dem Training, bei Erk\u00e4ltung oder bei l\u00e4ngerem Sitzen, das Muskelsteifheit verursacht. Es ist auch gro\u00dfartig f\u00fcr die Unterst\u00fctzung der Entspannung und Verbesserung des Komforts f\u00fcr diejenigen, die anf\u00e4llig f\u00fcr Muskel-und Gelenkschmerzen.<\/p>\n<p><strong>Sicherheit der Anwendung:<\/strong> Das Produkt ist sicher und dermatologisch getestet. Es ist jedoch ratsam, vor der ersten Anwendung einen Sensibilisierungstest auf einer kleinen Hautpartie durchzuf\u00fchren. Nicht auf Wunden, Absch\u00fcrfungen oder Reizungen anwenden.<\/p>\n<p><strong>Lagerung:<\/strong> An einem trockenen und k\u00fchlen Ort lagern, fern von direktem Sonnenlicht und Kindern. Die optimale Lagertemperatur betr\u00e4gt 15-25\u00b0C.<\/p>\n<h3>Was sagen die Nutzer?<\/h3>\n<p>Das Kundenfeedback zu Thermolka Extra 4MAX ist durchweg positiv. Die Anwender sch\u00e4tzen die schnelle w\u00e4rmende Wirkung, die lang anhaltende Linderung und die nat\u00fcrliche Zusammensetzung der Gele. Viele bemerken die Verbesserung des Komforts nach der ersten Anwendung und die Bequemlichkeit der Anwendung.<\/p>\n<p>Wenn Sie auf der Suche nach einer bew\u00e4hrten Methode zur Muskelentspannung und Schmerzlinderung sind, wird Thermolka Extra 4MAX sicher Ihre Erwartungen erf\u00fcllen!<\/p>","protected":false},"excerpt":{"rendered":"<p>Entdecken Sie die Kraft des Aufw\u00e4rmens mit dem <strong>Thermolka EXTRA 4MAX<\/strong> - die ideale Unterst\u00fctzung f\u00fcr Ihre Muskeln und Gelenke! Das intensiv w\u00e4rmende Gel wurde entwickelt, um Verspannungen im Nacken-, Wirbels\u00e4ulen-, Lenden- und Fu\u00dfbereich effektiv zu l\u00f6sen.<\/p>\n<p>Die mit Wirkstoffen angereicherte Formel sorgt f\u00fcr ein schnelles und lang anhaltendes W\u00e4rmegef\u00fchl, das nach Anstrengung oder einem langen Tag Linderung verschafft. Das Produkt ist ein Bestseller der Marke Cannaderm und wird f\u00fcr seine Wirksamkeit und einfache Anwendung gesch\u00e4tzt.<\/p>\n<p>Bestellen Sie noch heute und sp\u00fcren Sie den Unterschied! Kostenlose Lieferung bei Eink\u00e4ufen \u00fcber \u00a3135 und schneller Versand von bis zu 3 Werktagen garantieren Ihre volle Zufriedenheit.<\/p>","protected":false},"featured_media":52667,"comment_status":"open","ping_status":"closed","template":"","meta":{"_acf_changed":false,"_gspb_post_css":"","rank_math_title":"","rank_math_description":"","rank_math_focus_keyword":"","rank_math_facebook_title":"","rank_math_facebook_description":"","rank_math_twitter_title":"","rank_math_twitter_description":""},"product_brand":[128],"product_cat":[318],"product_tag":[],"woo-feed-brand":[],"class_list":{"0":"post-52666","1":"product","2":"type-product","3":"status-publish","4":"has-post-thumbnail","6":"product_brand-cannaderm","7":"product_cat-masci","9":"first","10":"outofstock","11":"purchasable","12":"product-type-simple"},"ct_brands":[{"id":128,"name":"Cannaderm","slug":"cannaderm"}],"acf":[],"_links":{"self":[{"href":"https:\/\/ubucha.pl\/de\/wp-json\/wp\/v2\/product\/52666","targetHints":{"allow":["GET"]}}],"collection":[{"href":"https:\/\/ubucha.pl\/de\/wp-json\/wp\/v2\/product"}],"about":[{"href":"https:\/\/ubucha.pl\/de\/wp-json\/wp\/v2\/types\/product"}],"replies":[{"embeddable":true,"href":"https:\/\/ubucha.pl\/de\/wp-json\/wp\/v2\/comments?post=52666"}],"wp:featuredmedia":[{"embeddable":true,"href":"https:\/\/ubucha.pl\/de\/wp-json\/wp\/v2\/media\/52667"}],"wp:attachment":[{"href":"https:\/\/ubucha.pl\/de\/wp-json\/wp\/v2\/media?parent=52666"}],"wp:term":[{"taxonomy":"product_brand","embeddable":true,"href":"https:\/\/ubucha.pl\/de\/wp-json\/wp\/v2\/product_brand?post=52666"},{"taxonomy":"product_cat","embeddable":true,"href":"https:\/\/ubucha.pl\/de\/wp-json\/wp\/v2\/product_cat?post=52666"},{"taxonomy":"product_tag","embeddable":true,"href":"https:\/\/ubucha.pl\/de\/wp-json\/wp\/v2\/product_tag?post=52666"},{"taxonomy":"woo-feed-brand","embeddable":true,"href":"https:\/\/ubucha.pl\/de\/wp-json\/wp\/v2\/woo-feed-brand?post=52666"}],"curies":[{"name":"wp","href":"https:\/\/api.w.org\/{rel}","templated":true}]}}