{"id":52379,"date":"2025-10-20T10:50:03","date_gmt":"2025-10-20T08:50:03","guid":{"rendered":"https:\/\/ubucha.pl\/boveda-humidity-control-regulator-wilgotnosci-62-saszetka-8-g\/"},"modified":"2026-03-27T09:18:11","modified_gmt":"2026-03-27T08:18:11","slug":"boveda-humidity-control-feuchtigkeitsregler-62-beutel-8-g","status":"publish","type":"product","link":"https:\/\/ubucha.pl\/de\/boveda-humidity-control-regulator-wilgotnosci-62-saszetka-8-g\/","title":{"rendered":"Boveda Humidity Control Feuchtigkeitsregler 62% 8 g Beutel"},"content":{"rendered":"<h2>Boveda Humidity Control - Feuchtigkeitsregler 62% 8 g Beutel<\/h2>\n<p>Sind Sie auf der Suche nach einer effektiven Methode, um den idealen Feuchtigkeitsgehalt Ihrer getrockneten Lebensmittel und Kr\u00e4uter zu erhalten? Boveda Humidity Control 62% im 8g-Beutel ist das Produkt, das f\u00fcr lange Zeit f\u00fcr die Frische und F\u00fclle Ihres Pflanzenmaterials sorgen wird. Dank seiner innovativen Zwei-Wege-Feuchtigkeitskontrolltechnologie h\u00e4lt der Beutel 62% die Feuchtigkeit automatisch auf einem konstanten Niveau, indem er \u00fcbersch\u00fcssige Feuchtigkeit aufnimmt oder sie abgibt, wenn die Trockenheit zu gro\u00df wird.<\/p>\n<h3>Warum sollten Sie sich f\u00fcr den Boveda Luftfeuchtigkeitsregler 62% entscheiden?<\/h3>\n<p>Haben Sie schon einmal erlebt, dass Ihre getrockneten Lebensmittel durch unsachgem\u00e4\u00dfe Lagerung ihr Aroma und ihre medizinischen Eigenschaften verloren haben? Dieser fortschrittliche Feuchtigkeitsregler verhindert dies und garantiert:<\/p>\n<ul>\n<li>Aufrechterhaltung eines optimalen Feuchtigkeitsgehalts von 62%, der ideal f\u00fcr getrocknete Lebensmittel und Kr\u00e4uter ist.<\/li>\n<li>Es bleiben bis zu 15% mehr der wertvollen Terpene erhalten, die den Geschmack, das Aroma und die Wirkung der Kr\u00e4uter beeinflussen.<\/li>\n<li>Zwei-Wege-Feuchtigkeitsregulierung - der Beutel nimmt Feuchtigkeit auf, wenn es zu viel ist, oder gibt sie ab, wenn es zu trocken ist.<\/li>\n<li>Die Frische der Bl\u00fctenst\u00e4nde bleibt bis zu einem Jahr erhalten, was einen langfristigen Schutz Ihrer Trockenfr\u00fcchte bedeutet.<\/li>\n<li>Eine nat\u00fcrliche und sichere Zusammensetzung, frei von jeglichen Chemikalien, wodurch das Produkt gesundheits- und umweltfreundlich ist.<\/li>\n<\/ul>\n<h3>Zusammensetzung des Produkts<\/h3>\n<p>Der Boveda Humidity Control-Beutel enth\u00e4lt eine einzigartige, nat\u00fcrliche L\u00f6sung aus Salz und Wasser, die in einer speziellen Membran eingeschlossen ist. Sie ist f\u00fcr eine pr\u00e4zise Feuchtigkeitsregulierung verantwortlich und wirkt in zwei Richtungen:<\/p>\n<ul>\n<li>Wasser - wird freigesetzt, wenn die Luft trocken ist;<\/li>\n<li>Salz - es absorbiert Feuchtigkeit, wenn die Luft zu feucht ist.<\/li>\n<\/ul>\n<p>So bleibt der Trockner in perfektem Zustand, ohne dass die Gefahr des Austrocknens oder Schimmelns besteht.<\/p>\n<h3>Wie verwende ich Boveda Humidity Control 62% 8g-Beutel?<\/h3>\n<p>Die Verwendung des Boveda-Beutels ist \u00e4u\u00dferst einfach und bequem. Sie m\u00fcssen ihn nur zusammen mit dem getrockneten Produkt in einen luftdichten Beh\u00e4lter oder Beutel geben - ein 8g-Beutel ist so konzipiert, dass er den Feuchtigkeitsgehalt von etwa 30g getrocknetem Produkt kontrolliert. Es ist keine besondere Wartung oder Aktivierung erforderlich.<\/p>\n<p>Auf diese Weise k\u00f6nnen Sie sicher sein, dass Ihre Kr\u00e4uter w\u00e4hrend der gesamten Lagerzeit frisch, aromatisch und wertvoll bleiben.<\/p>\n<table style=\"border-collapse: collapse;width: 100%;max-width: 600px\" border=\"1\" cellspacing=\"0\" cellpadding=\"8\">\n<thead>\n<tr style=\"background-color: #f2f2f2\">\n<th>Merkmal<\/th>\n<th>Einzelheiten<\/th>\n<\/tr>\n<\/thead>\n<tbody>\n<tr>\n<td>Produkttyp<\/td>\n<td>Feuchtigkeitsregler f\u00fcr getrocknete und getrocknete Kr\u00e4uter<\/td>\n<\/tr>\n<tr>\n<td>Luftfeuchtigkeit<\/td>\n<td>62%<\/td>\n<\/tr>\n<tr>\n<td>Gewicht des Beutels<\/td>\n<td>8 g<\/td>\n<\/tr>\n<tr>\n<td>Empfohlene Menge des getrockneten Produkts<\/td>\n<td>bis zu 30 g<\/td>\n<\/tr>\n<tr>\n<td>Technologie<\/td>\n<td>Bidirektionale Feuchtigkeitssteuerung (Aufnahme und Abgabe)<\/td>\n<\/tr>\n<tr>\n<td>Zusammensetzung<\/td>\n<td>Nat\u00fcrliche Salz- und Wasserl\u00f6sung, eingekapselt in eine Membran<\/td>\n<\/tr>\n<tr>\n<td>Sicherheit<\/td>\n<td>Naturprodukt, frei von Chemikalien, sicher f\u00fcr die Gesundheit<\/td>\n<\/tr>\n<tr>\n<td>Nachhaltigkeit<\/td>\n<td>H\u00e4lt sich bis zu 1 Jahr lang frisch<\/td>\n<\/tr>\n<\/tbody>\n<\/table>\n<h3>Zus\u00e4tzliche Informationen und Sicherheit<\/h3>\n<p>Boveda Humidity Control ist ein rein nat\u00fcrliches Produkt, das weder den Geschmack noch das Aroma Ihres Trockenprodukts beeintr\u00e4chtigt. Die Feuchtigkeitskontrolle wird durch spezielle Membranen erreicht, ohne den Einsatz von Chemikalien, so dass es sicher in der Anwendung ist. Das Produkt ist nur f\u00fcr die Verwendung mit getrockneten Kr\u00e4utern geeignet, es ist nicht zum Verzehr oder Rauchen bestimmt.<\/p>\n<p>Bewahren Sie den Beutel in der versiegelten Originalverpackung an einem trockenen, k\u00fchlen Ort auf, fern von direkter Hitze und Licht. Halten Sie das Produkt von Kindern und Tieren fern. Aufgrund der nat\u00fcrlichen Inhaltsstoffe ist bei Haut- oder Schleimhautreizungen die Anwendung abzubrechen und ein Arzt aufzusuchen.<\/p>\n<h3>Nutzerbewertungen<\/h3>\n<p>Kunden, die den Boveda Humidity Control 62% ausprobiert haben, loben das Produkt f\u00fcr seine Zuverl\u00e4ssigkeit und einfache Handhabung. Viele betonen, dass ihre Trockenheit ihr intensives Aroma und ihre medizinischen Eigenschaften f\u00fcr einen viel l\u00e4ngeren Zeitraum beibeh\u00e4lt. Der Beutel wird oft als unverzichtbare Erg\u00e4nzung zur Trockenlagerung empfohlen, da er Komfort und die Gewissheit bietet, dass das Produkt immer in bestem Zustand ist.<\/p>\n<h3>Beispiele f\u00fcr die Verwendung<\/h3>\n<p>Der Boveda Humidity Control 62% wird h\u00e4ufig verwendet in:<\/p>\n<ul>\n<li>Aufbewahrung von getrocknetem Hanf und Kr\u00e4utern in luftdichten Beh\u00e4ltern;<\/li>\n<li>Lagerung von Pflanzenmaterial im h\u00e4uslichen oder beruflichen Umfeld;<\/li>\n<li>Transport von Kr\u00e4utern, bei dem es wichtig ist, die optimale Luftfeuchtigkeit zu erhalten;<\/li>\n<li>Verdampfung, wobei Frische und Terpengehalt entscheidend f\u00fcr Geschmack und Wirkung sind.<\/li>\n<\/ul>\n<h3>Gebrauchsanweisung und Lagerung<\/h3>\n<ul>\n<li>Passen Sie die Gr\u00f6\u00dfe des Beutels immer an die Menge des gelagerten Trockenfutters an - 8 g pro 30 g Trockenfutter ist das optimale Verh\u00e4ltnis.<\/li>\n<li>Verwenden Sie luftdichte Beh\u00e4lter, um die Eigenschaften des Feuchtigkeitsreglers zu optimieren.<\/li>\n<li>Wenn Sie die Verpackung des Beutels \u00f6ffnen, bewahren Sie ihn an einem trockenen Ort auf, damit er seine Eigenschaften nicht verliert.<\/li>\n<li>Boveda-Beutel k\u00f6nnen im Durchschnitt alle paar Monate ersetzt werden, je nach Nutzungsintensit\u00e4t und Lagerbedingungen.<\/li>\n<\/ul>\n<p>Entscheiden Sie sich f\u00fcr Boveda Humidity Control 62% 8g Beutel und sorgen Sie daf\u00fcr, dass Ihr Trockner immer frisch, aromatisch und vollwertig ist!<\/p>","protected":false},"excerpt":{"rendered":"<p>Stellen Sie sicher, dass Ihr Trockner mit dem Beutel perfekt feucht ist. <strong>Boveda Luftfeuchtigkeitsregler 62%<\/strong> mit einem Fassungsverm\u00f6gen von 8 g. Das Produkt h\u00e4lt einen optimalen Feuchtigkeitsgehalt von 62% aufrecht und sch\u00fctzt so die Kr\u00e4uter vor dem Austrocknen oder zu nass werden.<\/p>\n<p>Dank der innovativen Zwei-Wege-Membrantechnologie nimmt der Beutel je nach Bedarf des getrockneten Krauts Feuchtigkeit auf oder gibt sie ab und bewahrt so sein volles Aroma, seinen Geschmack und seine medizinischen Eigenschaften bis zu einem Jahr lang. Ideal f\u00fcr die Aufbewahrung von bis zu 30 g Trockenfr\u00fcchten - nat\u00fcrlich, sicher und chemiefrei.<\/p>\n<p>Bestellen Sie noch heute und genie\u00dfen Sie die Frische Ihrer Kr\u00e4uter noch l\u00e4nger! <strong>Kostenlose Lieferung ab \u00a3300 und schneller Versand!<\/strong><\/p>","protected":false},"featured_media":52399,"comment_status":"open","ping_status":"closed","template":"","meta":{"_acf_changed":false,"_gspb_post_css":"","rank_math_title":"","rank_math_description":"","rank_math_focus_keyword":"","rank_math_facebook_title":"","rank_math_facebook_description":"","rank_math_twitter_title":"","rank_math_twitter_description":""},"product_brand":[],"product_cat":[468],"product_tag":[],"woo-feed-brand":[],"class_list":{"0":"post-52379","1":"product","2":"type-product","3":"status-publish","4":"has-post-thumbnail","6":"product_cat-przechowywanie","8":"first","9":"outofstock","10":"purchasable","11":"product-type-simple"},"ct_brands":[],"acf":[],"_links":{"self":[{"href":"https:\/\/ubucha.pl\/de\/wp-json\/wp\/v2\/product\/52379","targetHints":{"allow":["GET"]}}],"collection":[{"href":"https:\/\/ubucha.pl\/de\/wp-json\/wp\/v2\/product"}],"about":[{"href":"https:\/\/ubucha.pl\/de\/wp-json\/wp\/v2\/types\/product"}],"replies":[{"embeddable":true,"href":"https:\/\/ubucha.pl\/de\/wp-json\/wp\/v2\/comments?post=52379"}],"wp:featuredmedia":[{"embeddable":true,"href":"https:\/\/ubucha.pl\/de\/wp-json\/wp\/v2\/media\/52399"}],"wp:attachment":[{"href":"https:\/\/ubucha.pl\/de\/wp-json\/wp\/v2\/media?parent=52379"}],"wp:term":[{"taxonomy":"product_brand","embeddable":true,"href":"https:\/\/ubucha.pl\/de\/wp-json\/wp\/v2\/product_brand?post=52379"},{"taxonomy":"product_cat","embeddable":true,"href":"https:\/\/ubucha.pl\/de\/wp-json\/wp\/v2\/product_cat?post=52379"},{"taxonomy":"product_tag","embeddable":true,"href":"https:\/\/ubucha.pl\/de\/wp-json\/wp\/v2\/product_tag?post=52379"},{"taxonomy":"woo-feed-brand","embeddable":true,"href":"https:\/\/ubucha.pl\/de\/wp-json\/wp\/v2\/woo-feed-brand?post=52379"}],"curies":[{"name":"wp","href":"https:\/\/api.w.org\/{rel}","templated":true}]}}