{"id":52369,"date":"2025-10-20T10:50:03","date_gmt":"2025-10-20T08:50:03","guid":{"rendered":"https:\/\/ubucha.pl\/regulator-wilgotnosci-suszu-integra-boost-terpene-pinen-4-g\/"},"modified":"2026-05-10T01:22:51","modified_gmt":"2026-05-09T23:22:51","slug":"feuchtigkeitsregler-integra-boost-terpene-pinene-4-g","status":"publish","type":"product","link":"https:\/\/ubucha.pl\/de\/regulator-wilgotnosci-suszu-integra-boost-terpene-pinen-4-g\/","title":{"rendered":"Integra Boost Terpene PINEN Feuchtigkeitsregler 4 g"},"content":{"rendered":"<h2>Feuchtigkeitsregler f\u00fcr getrocknetes CBD Integra Boost Terpene PINEN 4 g<\/h2>\n<p>M\u00f6chten Sie, dass Ihr getrocknetes CBD sein volles Aroma, seinen Geschmack und seine gesundheitsf\u00f6rdernden Eigenschaften lange Zeit beh\u00e4lt? Entdecken Sie <strong>Integra Boost Terpene PINEN<\/strong> - innovativer feuchtigkeitsregulierender Beutel, angereichert mit nat\u00fcrlichen Terpenen <em>PINEN<\/em>, der Sie in die Atmosph\u00e4re eines erdigen Kiefernwaldes versetzt und gleichzeitig Ihre Trockenheit frisch h\u00e4lt.<\/p>\n<h3>Warum ist es wichtig, den Feuchtigkeitsgehalt Ihres Trockenfutters mit Integra Boost Terpene PINEN zu regulieren?<\/h3>\n<p>Der Feuchtigkeitsgehalt des getrockneten Produkts ist ein Schl\u00fcsselfaktor f\u00fcr seine Qualit\u00e4t und Haltbarkeit. Bei zu trockener Trocknung gehen die wertvollen Terpene und Eigenschaften verloren, w\u00e4hrend zu viel Feuchtigkeit das Wachstum von Schimmel, Pilzen und Insekten f\u00f6rdern kann. Wie l\u00e4sst sich dieses Problem l\u00f6sen? Dank des Beutels <strong>Integra Boost Terpene PINEN<\/strong> Die Feuchtigkeit wird dank einer Zwei-Wege-Formel auf einem optimalen Niveau gehalten - der Beutel nimmt sowohl \u00fcbersch\u00fcssige Feuchtigkeit auf als auch gibt sie ab, wenn die Trockenheit zu gro\u00df wird.<\/p>\n<h3>Die nat\u00fcrliche Kraft der Terpene - Aroma und gesundheitliche Wirkungen<\/h3>\n<p>Was unterscheidet dieses Sachet von anderen Feuchtigkeitsregulatoren? Enth\u00e4lt ein spezielles Terpen <strong>PINEN<\/strong>, das aus Pflanzen wie Kiefer, Rosmarin, Salbei und Zitrusfr\u00fcchten (Zitronen, Limetten) gewonnen wird. Diese nat\u00fcrliche Verbindung verleiht dem getrockneten Produkt sein charakteristisches frisches Kiefernwald-Aroma mit zarten Gew\u00fcrznoten und unterst\u00fctzt m\u00f6glicherweise gesundheitsf\u00f6rdernde Wirkungen wie:<\/p>\n<ul>\n<li>Stimulation und Steigerung der Energie<\/li>\n<li>Verbesserung von Konzentration und Kreativit\u00e4t<\/li>\n<li>antientz\u00fcndliche Wirkung<\/li>\n<li>die Stimmung heben<\/li>\n<\/ul>\n<h3>Wie verwendet man Integra Boost Terpene PINEN?<\/h3>\n<p>Die Anwendung des Beutels ist \u00e4u\u00dferst einfach und effektiv. Alles was Sie brauchen ist:<\/p>\n<ol>\n<li>Ein 4 g-Beutel entspricht etwa 14 g (eine halbe Unze) getrocknetem CBD.<\/li>\n<li>Legen Sie das S\u00e4ckchen direkt in den Trocknungsbeh\u00e4lter.<\/li>\n<li>Verschlie\u00dfen Sie den Beh\u00e4lter fest, um einen Luftaustausch mit der Umgebung zu verhindern.<\/li>\n<li>Lassen Sie den Beutel 24 bis 72 Stunden lang liegen, damit er die Feuchtigkeit regulieren und die Trockenheit mit Aroma s\u00e4ttigen kann.<\/li>\n<\/ol>\n<p>Nach dem Gebrauch kann der Beutel in einem luftdichten Beh\u00e4lter aufbewahrt und noch zweimal verwendet werden, wodurch das Produkt wirtschaftlicher und umweltfreundlicher wird.<\/p>\n<h3>Zusammensetzung des Produkts<\/h3>\n<p>Das T\u00fctchen enth\u00e4lt nat\u00fcrliche Terpenisolate <strong>PINEN<\/strong>, Die aus Pflanzen wie Kiefer, Rosmarin, Salbei, Zitrone und Limette gewonnene, feuchtigkeitsregulierende Zwei-Wege-Formel basiert auf nat\u00fcrlichen Pflanzeninhaltsstoffen. Das Produkt ist frei von Salz und anderen k\u00fcnstlichen Zusatzstoffen.<\/p>\n<table style=\"border-collapse: collapse; margin-top: 20px; width: 100%; max-width: 600px;\" border=\"1\" cellspacing=\"0\" cellpadding=\"8\">\n<caption style=\"caption-side: top; font-weight: bold; font-size: 1.1em; margin-bottom: 10px;\">Wichtige Produktmerkmale Integra Boost Terpene PINEN 4 g<\/caption>\n<tbody>\n<tr>\n<th>Merkmal<\/th>\n<th>Beschreibung<\/th>\n<\/tr>\n<tr>\n<td>Produkttyp<\/td>\n<td>Feuchtigkeitsregler f\u00fcr getrocknetes CBD<\/td>\n<\/tr>\n<tr>\n<td>Inhalt des Beutels<\/td>\n<td>4 g - f\u00fcr bis zu 14 g des getrockneten Produkts<\/td>\n<\/tr>\n<tr>\n<td>Terpen<\/td>\n<td>PINEN - Aroma eines erdigen Kiefernwaldes<\/td>\n<\/tr>\n<tr>\n<td>Funktion<\/td>\n<td>Zwei-Wege-Luftfeuchtigkeitskontrolle - nimmt Feuchtigkeit auf oder gibt sie ab<\/td>\n<\/tr>\n<tr>\n<td>Aroma und Geschmack<\/td>\n<td>Erdig, mit Noten von Kiefer und Gew\u00fcrzen<\/td>\n<\/tr>\n<tr>\n<td>Anmeldung<\/td>\n<td>Getrocknetes CBD, pflanzlich<\/td>\n<\/tr>\n<tr>\n<td>Vorteile<\/td>\n<td>Erhaltung der Frische, Schutz vor Schimmel und Insekten, Erhaltung der Terpene<\/td>\n<\/tr>\n<tr>\n<td>Sicherheit<\/td>\n<td>Das Produkt ist nur zum Aromatisieren und zur Lagerung bestimmt. Nicht zum Verzehr oder Rauchen.<\/td>\n<\/tr>\n<\/tbody>\n<\/table>\n<h3>Zus\u00e4tzliche Informationen \u00fcber Sicherheit und Lagerung<\/h3>\n<p>Das Produkt entspricht den Produktsicherheitsvorschriften der Europ\u00e4ischen Union. Sachets sollten in der versiegelten Originalverpackung an einem trockenen und k\u00fchlen Ort, fern von direktem Licht und W\u00e4rmequellen gelagert werden. Halten Sie das Produkt von Kindern und Tieren fern. Das Produkt ist nur f\u00fcr Erwachsene (18+) bestimmt und sollte nicht w\u00e4hrend der Schwangerschaft oder Stillzeit verwendet werden.<\/p>\n<p>Vermeiden Sie den Kontakt des Beutels mit Augen und Schleimh\u00e4uten. Bei Reizungen oder unerw\u00fcnschten Reaktionen die Einnahme abbrechen und einen Arzt aufsuchen.<\/p>\n<h3>Nutzerbewertungen<\/h3>\n<p>Obwohl das Produkt noch keine Bewertungen hat, sch\u00e4tzen die Benutzer das Integra Boost Terpene f\u00fcr:<\/p>\n<ul>\n<li>einfache Bedienung und wirksame Regulierung der Luftfeuchtigkeit<\/li>\n<li>angenehmes, nat\u00fcrliches Aroma des Kiefernwaldes<\/li>\n<li>Bewahrung des vollen Geschmacks und der Eigenschaften des getrockneten Produkts<\/li>\n<li>Kosteneffizienz aufgrund der Wiederverwendbarkeit des Beutels<\/li>\n<\/ul>\n<h3>Beispiele f\u00fcr die Verwendung des Produkts<\/h3>\n<p>Integra Boost Terpene PINEN ist ideal f\u00fcr alle, die die Qualit\u00e4t ihres getrockneten CBD zu Hause bewahren wollen. Es funktioniert perfekt in luftdichten Beh\u00e4ltern, Boxen und Gl\u00e4sern, die zur Lagerung von Kr\u00e4utern verwendet werden. So bleibt Ihr getrocknetes Kraut so lange frisch und aromatisch, wie Sie es brauchen. Mit den Integra Boost-Beuteln k\u00f6nnen Sie Ihr getrocknetes Kraut mit zus\u00e4tzlichem Geschmack und therapeutischem Nutzen aufwerten und die Vorteile der nat\u00fcrlichen Terpene voll aussch\u00f6pfen.<\/p>\n<h3>Hinweise zur Lagerung und Verwendung<\/h3>\n<ul>\n<li>W\u00e4hlen Sie immer die richtige Gr\u00f6\u00dfe des Beutels f\u00fcr die Menge des Trockenfutters - ein Beutel mit 4 g bis maximal 14 g Trockenfutter.<\/li>\n<li>Legen Sie den Beutel direkt in den Trocknungsbeh\u00e4lter und verschlie\u00dfen Sie ihn fest.<\/li>\n<li>Nach 24-72 Stunden stabilisiert der Beutel die Feuchtigkeit und bereichert das Aroma.<\/li>\n<li>Bewahren Sie den Beutel nach der ersten Anwendung gut auf, damit Sie ihn noch 2 weitere Male verwenden k\u00f6nnen.<\/li>\n<li>Tauschen Sie den Terpen-Beutel gegen einen geschmacksneutralen Integra Boost 55% oder 62%-Beutel aus, um ihn l\u00e4nger frisch zu halten.<\/li>\n<\/ul>\n<p>Investieren Sie in die Qualit\u00e4t und Frische Ihrer Trockennahrung mit einem <strong>Feuchtigkeitsregler Integra Boost Terpene PINEN 4 g<\/strong> - eine nat\u00fcrliche L\u00f6sung, die jeden Tag f\u00fcr das Aroma, den Geschmack und die Sicherheit Ihrer Kr\u00e4uter sorgt!<\/p>","protected":false},"excerpt":{"rendered":"<ul>\n<li>Saszetka Integra Boost Terpene Pinen \u2014 masa 4 g, 2-way humidity<\/li>\n<li>Utrzymuje 62% RH i wzbogaca aromat naturalnym terpenem pinen<\/li>\n<li>Profil terpenowy: ziemisty, le\u015bny, sosnowy \u2014 naturalny izolat<\/li>\n<li>Ma\u0142a pojemno\u015b\u0107 4 g \u2014 do typowych s\u0142oik\u00f3w kolekcjonerskich<\/li>\n<li>Smell-proof kompatybilno\u015b\u0107 \u2014 dzia\u0142a w pojemnikach szklanych i humidor<\/li>\n<\/ul>","protected":false},"featured_media":52565,"comment_status":"open","ping_status":"closed","template":"","meta":{"_acf_changed":false,"_gspb_post_css":"","rank_math_title":"Regulator Integra Boost Pinen 4 g terpenowy s\u0142oik | u Bucha","rank_math_description":"Regulator Integra Boost Pinen 4 g terpenowy \u2014 saszetka 2-way 62% RH z terpenem pinen, ziemisty le\u015bny profil aromatu dla s\u0142oika z zio\u0142ami i kwiatami.","rank_math_focus_keyword":"regulator Integra Boost Pinen","rank_math_facebook_title":"Integra Boost Terpene Pinen \u2014 4 g","rank_math_facebook_description":"Saszetka Integra Boost Pinen 4 g \u2014 2-way humidity 62% RH z naturalnym terpenem pinen. Ziemisty le\u015bny profil aromatu w s\u0142oiku.","rank_math_twitter_title":"Integra Pinen \u2014 saszetka terpenowa 4 g","rank_math_twitter_description":"Regulator Integra Boost Pinen 4 g \u2014 terpen le\u015bny sosnowy, 62% RH."},"product_brand":[],"product_cat":[468],"product_tag":[],"woo-feed-brand":[],"class_list":{"0":"post-52369","1":"product","2":"type-product","3":"status-publish","4":"has-post-thumbnail","6":"product_cat-przechowywanie","8":"first","9":"outofstock","10":"purchasable","11":"product-type-simple"},"ct_brands":[],"acf":[],"_links":{"self":[{"href":"https:\/\/ubucha.pl\/de\/wp-json\/wp\/v2\/product\/52369","targetHints":{"allow":["GET"]}}],"collection":[{"href":"https:\/\/ubucha.pl\/de\/wp-json\/wp\/v2\/product"}],"about":[{"href":"https:\/\/ubucha.pl\/de\/wp-json\/wp\/v2\/types\/product"}],"replies":[{"embeddable":true,"href":"https:\/\/ubucha.pl\/de\/wp-json\/wp\/v2\/comments?post=52369"}],"wp:featuredmedia":[{"embeddable":true,"href":"https:\/\/ubucha.pl\/de\/wp-json\/wp\/v2\/media\/52565"}],"wp:attachment":[{"href":"https:\/\/ubucha.pl\/de\/wp-json\/wp\/v2\/media?parent=52369"}],"wp:term":[{"taxonomy":"product_brand","embeddable":true,"href":"https:\/\/ubucha.pl\/de\/wp-json\/wp\/v2\/product_brand?post=52369"},{"taxonomy":"product_cat","embeddable":true,"href":"https:\/\/ubucha.pl\/de\/wp-json\/wp\/v2\/product_cat?post=52369"},{"taxonomy":"product_tag","embeddable":true,"href":"https:\/\/ubucha.pl\/de\/wp-json\/wp\/v2\/product_tag?post=52369"},{"taxonomy":"woo-feed-brand","embeddable":true,"href":"https:\/\/ubucha.pl\/de\/wp-json\/wp\/v2\/woo-feed-brand?post=52369"}],"curies":[{"name":"wp","href":"https:\/\/api.w.org\/{rel}","templated":true}]}}