{"id":51783,"date":"2025-10-16T08:35:23","date_gmt":"2025-10-16T06:35:23","guid":{"rendered":"https:\/\/ubucha.pl\/?post_type=product&#038;p=51783"},"modified":"2026-04-29T09:20:20","modified_gmt":"2026-04-29T07:20:20","slug":"darmparasiten-und-verdauung","status":"publish","type":"product","link":"https:\/\/ubucha.pl\/de\/parasitik-jelita-i-trawienie\/","title":{"rendered":"Parasit\u00e4rer Darm und Verdauung"},"content":{"rendered":"<h2>Parasit\u00e4rer Darm und Verdauung - Nat\u00fcrlicher Schutz gegen Parasiten<\/h2>\n<p>Leiden Sie unter wiederkehrenden Bl\u00e4hungen, Unwohlsein nach dem Essen oder Energiemangel? Dies sind Anzeichen daf\u00fcr, dass Sie sich um Ihre Darm- und Verdauungshygiene k\u00fcmmern sollten. <strong>Parasit\u00e4rer Darm und Verdauung<\/strong> ist ein einzigartiges Nahrungserg\u00e4nzungsmittel, das die Kraft von Pflanzenextrakten vereint, die seit Jahrhunderten f\u00fcr die traditionelle Unterst\u00fctzung der Darmgesundheit bekannt sind. Dank der sorgf\u00e4ltig ausgew\u00e4hlten Inhaltsstoffe k\u00f6nnen Sie Ihre Verdauung wirksam unterst\u00fctzen und das Gleichgewicht des Darms aufrechterhalten, was sich t\u00e4glich in einem besseren Wohlbefinden niederschl\u00e4gt.<\/p>\n<h3>Warum Parasitik Darm und Verdauung verwenden?<\/h3>\n<p>Darmparasiten sind ein Problem, von dem weltweit mehr als 1,5 Milliarden Menschen betroffen sind. Sie verursachen nicht immer eindeutige Symptome, k\u00f6nnen aber chronische M\u00fcdigkeit, Bl\u00e4hungen, Bauchschmerzen und ein geschw\u00e4chtes Immunsystem hervorrufen. Das Produkt Parasitik geht auf diese Herausforderungen ein und bietet nat\u00fcrliche Unterst\u00fctzung durch Extrakte aus Pflanzen wie Walnuss, Wermut und Nelke. K\u00fcmmern Sie sich bewusst um sich selbst und vertrauen Sie auf den nat\u00fcrlichen Schutz Ihres K\u00f6rpers!<\/p>\n<h3>Wirkstoffe - die Kraft der Natur in jedem Tropfen<\/h3>\n<p>Die Formel von Parasitik basiert auf traditionellen, bew\u00e4hrten Pflanzenextrakten, die eine starke reinigende Wirkung aus\u00fcben und die Darmgesundheit unterst\u00fctzen:<\/p>\n<ul>\n<li><strong>Walnussextrakt (250 ml)<\/strong> - enth\u00e4lt Juglon, das starke antiparasit\u00e4re und antiseptische Eigenschaften besitzt und die nat\u00fcrliche Reinigung des Verdauungssystems unterst\u00fctzt.<\/li>\n<li><strong>Nelkenknospenextrakt (250 ml)<\/strong> - reich an Eugenol, wirksam gegen Parasiten und zur Unterst\u00fctzung der Entgiftung des K\u00f6rpers.<\/li>\n<li><strong>Omanwurzel-Extrakt (250 ml)<\/strong> - Ein traditionelles Mittel zur Reinigung des K\u00f6rpers und zur Beseitigung von Darmparasiten.<\/li>\n<li><strong>Extrakt aus dem Rhizom des Kalmus (250 ml)<\/strong> - hat eine unterst\u00fctzende Wirkung auf das Verdauungssystem und tr\u00e4gt zur Aufrechterhaltung seiner normalen Funktion bei.<\/li>\n<li><strong>Wermutkraut-Extrakt (250 ml)<\/strong> - Ein starkes Kraut mit einer langen Tradition in der Parasitenbek\u00e4mpfung.<\/li>\n<li><strong>Vetiver-Kr\u00e4uter-Extrakt (250 ml)<\/strong> - unterst\u00fctzt den Reinigungsprozess und tr\u00e4gt zum Gleichgewicht der Mikroflora des Darms bei.<\/li>\n<\/ul>\n<h3>Wie wird Parasitik Darm und Verdauung angewendet?<\/h3>\n<p>Um die besten Ergebnisse zu erzielen, wird empfohlen, das Produkt \u00fcber einen Zeitraum von 14 Tagen nach dem folgenden Schema anzuwenden:<\/p>\n<ul>\n<li>Morgens, auf n\u00fcchternen Magen: 0,75 ml des Extrakts in einer kleinen Menge Wasser verd\u00fcnnt.<\/li>\n<li>Gegen 18:00 Uhr: weitere 0,75 ml.<\/li>\n<li>Nach Abschluss der Behandlung machen Sie eine 2-w\u00f6chige Pause.<\/li>\n<\/ul>\n<p>Durch die praktische Tropfenform kann das Produkt einfach in ein Getr\u00e4nk gegeben werden - Wasser, Tee oder Saft bis zu einer Temperatur von 60\u00b0C sind die ideale Wahl.<\/p>\n<h3>Wichtigste Produktmerkmale<\/h3>\n<table style=\"border-collapse: collapse; width: 100%;\" border=\"1\" cellspacing=\"0\" cellpadding=\"6\">\n<thead>\n<tr>\n<th>Eigenschaften<\/th>\n<th>Beschreibung<\/th>\n<\/tr>\n<\/thead>\n<tbody>\n<tr>\n<td>Formular<\/td>\n<td>Pflanzenextrakt in Tropfen<\/td>\n<\/tr>\n<tr>\n<td>Aktive Bestandteile<\/td>\n<td>Walnuss, Nelke, Omanu, Kalmus, Beifu\u00df, Eisenhut, Verticum<\/td>\n<\/tr>\n<tr>\n<td>Verpackungsvolumen<\/td>\n<td>50 ml (~1000 Tropfen)<\/td>\n<\/tr>\n<tr>\n<td>Empfohlene Dosierung<\/td>\n<td>0,75 ml zweimal t\u00e4glich<\/td>\n<\/tr>\n<tr>\n<td>Zweck<\/td>\n<td>Unterst\u00fctzung der Darm- und Verdauungshygiene<\/td>\n<\/tr>\n<tr>\n<td>Hersteller<\/td>\n<td>Green Zebras S.A., Polen<\/td>\n<\/tr>\n<tr>\n<td>Kontraindikationen<\/td>\n<td>Schwangere und stillende Frauen, Personen mit Allergien gegen die Inhaltsstoffe<\/td>\n<\/tr>\n<\/tbody>\n<\/table>\n<h3>Produktsicherheit und Lagerung<\/h3>\n<p>Parasitik Darm und Verdauung ist ein Produkt von h\u00f6chster Qualit\u00e4t, das in Polen unter der Leitung von Experten hergestellt und getestet wird. Jede Charge wird auf Pestizide und Schwermetalle getestet, was eine sichere Anwendung garantiert.<\/p>\n<p><strong>Vorsichtsma\u00dfnahmen:<\/strong><\/p>\n<ul>\n<li>Das Produkt ist nicht f\u00fcr schwangere oder stillende Frauen bestimmt.<\/li>\n<li>Die empfohlene Tagesdosis darf nicht \u00fcberschritten werden.<\/li>\n<li>Ein Nahrungserg\u00e4nzungsmittel ist kein Ersatz f\u00fcr eine abwechslungsreiche Ern\u00e4hrung und eine gesunde Lebensweise.<\/li>\n<li>Konsultieren Sie Ihren Arzt, wenn Sie Allergien oder chronische Krankheiten haben.<\/li>\n<\/ul>\n<p><strong>Lagerung:<\/strong> An einem trockenen, k\u00fchlen und schattigen Ort lagern, fern von W\u00e4rmequellen und Sonnenlicht. Au\u00dferhalb der Reichweite von Kindern aufbewahren. Nach dem \u00d6ffnen innerhalb von 2 Monaten aufbrauchen.<\/p>\n<h3>Benutzerbewertungen - was sagen sie \u00fcber Parasitik Darm und Verdauung?<\/h3>\n<p>Die Anwender loben das Produkt f\u00fcr seine nat\u00fcrliche Zusammensetzung und die sp\u00fcrbare Unterst\u00fctzung der Verdauung nach den ersten Wochen der Anwendung. Viele betonen, dass sie sich nach der Behandlung leicht f\u00fchlen, was sich in h\u00f6herer Energie und besserer Stimmung niederschl\u00e4gt. Die nat\u00fcrlichen Extrakte, das Fehlen von Nebenwirkungen und die einfache Anwendung sind weitere Vorteile, die von den Kunden genannt werden.<\/p>\n<h3>Zus\u00e4tzliche Informationen und Anleitungen<\/h3>\n<ul>\n<li><strong>Beispiele f\u00fcr die Verwendung:<\/strong> Das Produkt ist ideal zur Unterst\u00fctzung von Parasitenreinigungskuren und zur t\u00e4glichen Vorbeugung, insbesondere f\u00fcr Personen, die mit Tieren in Kontakt kommen oder rohes Fleisch essen.<\/li>\n<li><strong>Erweiterung der Rubrik \"Zutaten\":<\/strong> Jeder Extrakt stammt aus kontrolliertem Anbau und ist standardisiert, um eine gleichbleibende Qualit\u00e4t und Wirksamkeit zu gew\u00e4hrleisten. Walnuss und Wermut werden in der Naturheilkunde seit Jahrhunderten verwendet, um die Darmfunktion zu unterst\u00fctzen und unerw\u00fcnschte Organismen zu beseitigen.<\/li>\n<li><strong>Sicherheit:<\/strong> Das Produkt hat keine s\u00fcchtig machenden Eigenschaften und ist frei von k\u00fcnstlichen Zusatzstoffen, so dass es eine sichere Wahl f\u00fcr Erwachsene ist.<\/li>\n<li><strong>Lagerung und Verwendung:<\/strong> Nach dem \u00d6ffnen der Flasche empfehlen wir, sie im K\u00fchlschrank oder an einem k\u00fchlen Ort aufzubewahren und innerhalb von 2 Monaten zu verbrauchen, um ihre volle Frische und Wirksamkeit zu erhalten.<\/li>\n<\/ul>\n<p>Entscheiden Sie sich f\u00fcr eine nat\u00fcrliche Unterst\u00fctzung und sorgen Sie f\u00fcr die Gesundheit Ihres Verdauungssystems mit Parasitik Darm und Verdauung - einem Nahrungserg\u00e4nzungsmittel, das die Kraft der Natur und die traditionelle Weisheit der Kr\u00e4uterkunde vereint.<\/p>","protected":false},"excerpt":{"rendered":"<ul>\n<li>Nat\u00fcrlicher Extrakt \u2013 Walnuss, Wermut, Nelke<\/li>\n<li>Unterst\u00fctzung f\u00fcr die t\u00e4gliche Verdauungshygiene<\/li>\n<li>F\u00fcr Menschen, die nach dem Essen Bl\u00e4hungen und Unwohlsein versp\u00fcren.<\/li>\n<li>Eine traditionelle Kr\u00e4uterrezeptur, die seit Generationen bekannt ist.<\/li>\n<li>Hilft dabei, das Darmgleichgewicht aufrechtzuerhalten<\/li>\n<\/ul>","protected":false},"featured_media":51784,"comment_status":"open","ping_status":"closed","template":"","meta":{"_acf_changed":false,"_gspb_post_css":"","rank_math_title":"Parasitik Jelita i Trawienie \u2014 naturalny ekstrakt | u Bucha","rank_math_description":"Parasitik Jelita i Trawienie \u2014 naturalny ekstrakt z orzecha w\u0142oskiego, pio\u0142unu i go\u017adzika. Wsparcie codziennej higieny uk\u0142adu pokarmowego i jelit.","rank_math_focus_keyword":"Parasitik jelita","rank_math_facebook_title":"Parasitik Jelita i Trawienie \u2014 naturalny ekstrakt","rank_math_facebook_description":"Orzech w\u0142oski, pio\u0142un i go\u017adzik w jednej formule. Wsparcie codziennej higieny uk\u0142adu pokarmowego i r\u00f3wnowagi jelit. Sklep u Bucha.","rank_math_twitter_title":"Parasitik Jelita i Trawienie \u2014 ekstrakt ro\u015blinny","rank_math_twitter_description":"Naturalny ekstrakt z orzecha, pio\u0142unu i go\u017adzika dla r\u00f3wnowagi jelit."},"product_brand":[124],"product_cat":[440],"product_tag":[],"woo-feed-brand":[],"class_list":{"0":"post-51783","1":"product","2":"type-product","3":"status-publish","4":"has-post-thumbnail","6":"product_brand-divinegoods","7":"product_cat-probiotyki","9":"first","10":"instock","11":"purchasable","12":"product-type-simple"},"ct_brands":[{"id":124,"name":"divinegoods","slug":"divinegoods"}],"acf":[],"_links":{"self":[{"href":"https:\/\/ubucha.pl\/de\/wp-json\/wp\/v2\/product\/51783","targetHints":{"allow":["GET"]}}],"collection":[{"href":"https:\/\/ubucha.pl\/de\/wp-json\/wp\/v2\/product"}],"about":[{"href":"https:\/\/ubucha.pl\/de\/wp-json\/wp\/v2\/types\/product"}],"replies":[{"embeddable":true,"href":"https:\/\/ubucha.pl\/de\/wp-json\/wp\/v2\/comments?post=51783"}],"wp:featuredmedia":[{"embeddable":true,"href":"https:\/\/ubucha.pl\/de\/wp-json\/wp\/v2\/media\/51784"}],"wp:attachment":[{"href":"https:\/\/ubucha.pl\/de\/wp-json\/wp\/v2\/media?parent=51783"}],"wp:term":[{"taxonomy":"product_brand","embeddable":true,"href":"https:\/\/ubucha.pl\/de\/wp-json\/wp\/v2\/product_brand?post=51783"},{"taxonomy":"product_cat","embeddable":true,"href":"https:\/\/ubucha.pl\/de\/wp-json\/wp\/v2\/product_cat?post=51783"},{"taxonomy":"product_tag","embeddable":true,"href":"https:\/\/ubucha.pl\/de\/wp-json\/wp\/v2\/product_tag?post=51783"},{"taxonomy":"woo-feed-brand","embeddable":true,"href":"https:\/\/ubucha.pl\/de\/wp-json\/wp\/v2\/woo-feed-brand?post=51783"}],"curies":[{"name":"wp","href":"https:\/\/api.w.org\/{rel}","templated":true}]}}