{"id":51717,"date":"2025-10-15T09:41:39","date_gmt":"2025-10-15T07:41:39","guid":{"rendered":"https:\/\/ubucha.pl\/royal-box-mirror-card-karta-lusterko\/"},"modified":"2025-10-21T11:34:13","modified_gmt":"2025-10-21T09:34:13","slug":"konigliche-box-spiegelkarte-spiegelkarte","status":"publish","type":"product","link":"https:\/\/ubucha.pl\/de\/royal-box-mirror-card-karta-lusterko\/","title":{"rendered":"Royal Box-Spiegelkarte"},"content":{"rendered":"<h2>Royal Box-Spiegelkarte<\/h2>\n<p>Bereit f\u00fcr unvergessliche Momente? <strong>Royal Box Spiegelkarte<\/strong> ist die perfekte Erg\u00e4nzung Ihrer Royal Box-Kollektion und vereint Komfort mit einem Hauch von Luxus. Diese elegante Karte wurde aus <strong>Aluminium h\u00f6chster Qualit\u00e4t<\/strong>, pr\u00e4sentiert stolz das legend\u00e4re Royal Box-Logo.<\/p>\n<p>Jede Royal Box aus Aluminium enth\u00e4lt bereits eine Mirror Grinder Card, jetzt k\u00f6nnen Sie zus\u00e4tzlich <strong>Kaufen Sie eine Ersatzkarte<\/strong>. Ob Sie Ihre verloren haben, eine Ersatzkarte ben\u00f6tigen oder eine mit Freunden teilen m\u00f6chten \u2013 die Mirror Grinder Card ist ein Accessoire, auf das Sie nicht verzichten k\u00f6nnen!<\/p>\n<p>Die Karte hat <strong>Kreditkartengr\u00f6\u00dfe<\/strong>, Das bedeutet, dass es problemlos in Ihre Brieftasche passt.<strong>\u00a0gereinigt<\/strong> und sicher <strong>in Zellophan eingewickelt<\/strong>, was Hygiene und sofortige Gebrauchsbereitschaft nach dem Auspacken gew\u00e4hrleistet.<\/p>\n<p>Erfahren Sie, wie Mirror Card von Royal Box funktioniert und bereiten Sie sich auf Ihre n\u00e4chste Party vor!<\/p>\n<p><img loading=\"lazy\" decoding=\"async\" title=\"Royal Box Spiegelkarte Spiegelkarte - Snuffy\" src=\"https:\/\/vaporshop.pl\/img\/cms\/RB-MC_1.jpg\" alt=\"Royal Box Spiegelkarte Spiegelkarte - Snuffy\" width=\"500\" height=\"500\" \/><\/p>\n<p><strong>Kartenabmessungen:<\/strong><\/p>\n<ul>\n<li>8,6 x 5,4 cm<\/li>\n<\/ul>\n<h3>Royal Box-Spiegelkarte<\/h3>\n<ul>\n<li>aus Aluminium<\/li>\n<li>Abmessungen: 8,6 x 5,4 cm<\/li>\n<\/ul>","protected":false},"excerpt":{"rendered":"<p>Royal Box Mirror Card \u2714 Aus Aluminium, leicht zu reinigen, Kreditkartengr\u00f6\u00dfe. Jetzt auf Vaporshop.pl entdecken!<\/p>","protected":false},"featured_media":51719,"comment_status":"open","ping_status":"open","template":"","meta":{"_acf_changed":false,"_gspb_post_css":""},"product_brand":[],"product_cat":[470],"product_tag":[],"woo-feed-brand":[],"class_list":{"0":"post-51717","1":"product","2":"type-product","3":"status-publish","4":"has-post-thumbnail","6":"product_cat-tabaka","8":"first","9":"outofstock","10":"purchasable","11":"product-type-simple"},"ct_brands":[],"acf":[],"_links":{"self":[{"href":"https:\/\/ubucha.pl\/de\/wp-json\/wp\/v2\/product\/51717","targetHints":{"allow":["GET"]}}],"collection":[{"href":"https:\/\/ubucha.pl\/de\/wp-json\/wp\/v2\/product"}],"about":[{"href":"https:\/\/ubucha.pl\/de\/wp-json\/wp\/v2\/types\/product"}],"replies":[{"embeddable":true,"href":"https:\/\/ubucha.pl\/de\/wp-json\/wp\/v2\/comments?post=51717"}],"wp:featuredmedia":[{"embeddable":true,"href":"https:\/\/ubucha.pl\/de\/wp-json\/wp\/v2\/media\/51719"}],"wp:attachment":[{"href":"https:\/\/ubucha.pl\/de\/wp-json\/wp\/v2\/media?parent=51717"}],"wp:term":[{"taxonomy":"product_brand","embeddable":true,"href":"https:\/\/ubucha.pl\/de\/wp-json\/wp\/v2\/product_brand?post=51717"},{"taxonomy":"product_cat","embeddable":true,"href":"https:\/\/ubucha.pl\/de\/wp-json\/wp\/v2\/product_cat?post=51717"},{"taxonomy":"product_tag","embeddable":true,"href":"https:\/\/ubucha.pl\/de\/wp-json\/wp\/v2\/product_tag?post=51717"},{"taxonomy":"woo-feed-brand","embeddable":true,"href":"https:\/\/ubucha.pl\/de\/wp-json\/wp\/v2\/woo-feed-brand?post=51717"}],"curies":[{"name":"wp","href":"https:\/\/api.w.org\/{rel}","templated":true}]}}