{"id":51528,"date":"2025-10-15T09:31:29","date_gmt":"2025-10-15T07:31:29","guid":{"rendered":"https:\/\/ubucha.pl\/royal-box-snuff-box-dozownik-do-tabaki-wzor-python\/"},"modified":"2025-10-23T09:12:11","modified_gmt":"2025-10-23T07:12:11","slug":"royal-box-schnupftabakdose-schnupftabakspender-pythonmuster","status":"publish","type":"product","link":"https:\/\/ubucha.pl\/de\/royal-box-snuff-box-dozownik-do-tabaki-wzor-python\/","title":{"rendered":"Royal Box Schnupftabakdose - Schnupftabakspender Design PYTHON"},"content":{"rendered":"<h2>Royal Box Schnupftabakdose \u2013 PYTHON Exklusiver Schnupftabakspender<\/p>\n<\/h2>\n<p>Elegante Royal Box Schnupftabakdose mit F\u00e4chern und R\u00f6hrchen \u2013 PYTHON Exklusiv.<br \/>Erledigt<strong> Hergestellt aus hochwertigem, geb\u00fcrstetem Aluminium.<br \/>Die Vorderseite ist mit schwarzem Pythonleder veredelt.<\/strong><br \/>Royal Box ist ein einzigartiges Schnupftabak-Accessoire, das in Aussehen und Gr\u00f6\u00dfe einer Kreditkarte \u00e4hnelt.<br \/>\u00c4u\u00dferst diskret und elegant, <strong>Passt problemlos in Ihre Brieftasche oder Hosentasche.<\/strong><br \/><strong>Hochwertige Materialien<\/strong>, Das Material, aus dem die Royal Box gefertigt ist, sorgt daf\u00fcr, dass sie sich angenehm anf\u00fchlt und leicht sauber zu halten ist.<br \/>Das Set beinhaltet 2 Aluminium\u00a0<a href=\"https:\/\/vaporshop.pl\/pl\/97-rurki\" target=\"_self\" title=\"\" rel=\"nofollow noopener\">R\u00f6hren<\/a> mit der Aufschrift Royal Box und einem Ledereinband.<br \/><strong>Ausziehbare Schublade mit F\u00e4chern<\/strong>\u00a0erm\u00f6glicht es Ihnen, eine Portion im Voraus zuzubereiten und bequem darin aufzubewahren.<\/p>\n<p><img loading=\"lazy\" decoding=\"async\" title=\"Royal Box Schnupftabakdose - Schnupftabakspender Design PYTHON - Schnupftabakdose\" src=\"https:\/\/vaporshop.pl\/img\/cms\/Royal Boxy\/PYTHON_black00web-1.jpg\" alt=\"Royal Box Schnupftabakdose - Schnupftabakspender Design PYTHON - Schnupftabakdose\" width=\"500\" height=\"500\" class=\"\" \/><\/p>\n<p><strong>Abmessungen der Royal Box:<\/strong><\/p>\n<ul style=\"list-style-type: disc\">\n<li>8,6 x 5,4 x 0,8 cm<\/li>\n<\/ul>\n<p><strong>Verf\u00fcgbare Farben des PYTHON-Musters:<\/strong><\/p>\n<ul>\n<li>Schwarz<\/li>\n<li>Rosa<\/li>\n<li>tiefblau\u00a0<\/li>\n<li>Gold<\/li>\n<li>Pinke Limited Edition<\/li>\n<\/ul>\n<h3>Ein Schnupftabakspender aus hochwertigen Materialien? Entdecken Sie Royal Boxes auf Vaporshop.pl<\/h3>\n<h3>Royal Box Schnupftabakdose \u2013 PYTHON Exklusiver Schnupftabakspender<\/h3>\n<p>Exklusiver Royal Box Schnupftabakspender mit Waage und Tube \u2013 PYTHON Exklusiv.<br \/>Hergestellt aus hochwertigstem geb\u00fcrstetem Aluminium mit einer Oberfl\u00e4che aus schwarzem Pythonleder.<br \/>Ausgestattet mit 8 Unterteilungen zur Dosierung von Schnupftabak.<br \/>Das Set beinhaltet 2 Aluminium\u00a0<a href=\"https:\/\/vaporshop.pl\/pl\/97-rurki\" target=\"_self\" title=\"\" rel=\"nofollow noopener\">R\u00f6hren und ein Lederbezug.<\/a><\/p>","protected":false},"excerpt":{"rendered":"<p>Royal Box Schnupftabakspender mit Waage und R\u00f6hrchen \u2714Hochwertige Materialien \u2714Elegantes Design und diskret \u27148 Pulverf\u00e4cher. Jetzt auf Vaporshop.pl entdecken!<\/p>","protected":false},"featured_media":51530,"comment_status":"open","ping_status":"open","template":"","meta":{"_acf_changed":false,"_gspb_post_css":""},"product_brand":[],"product_cat":[470],"product_tag":[],"woo-feed-brand":[],"class_list":{"0":"post-51528","1":"product","2":"type-product","3":"status-publish","4":"has-post-thumbnail","6":"product_cat-tabaka","8":"first","9":"outofstock","10":"purchasable","11":"product-type-simple"},"ct_brands":[],"acf":[],"_links":{"self":[{"href":"https:\/\/ubucha.pl\/de\/wp-json\/wp\/v2\/product\/51528","targetHints":{"allow":["GET"]}}],"collection":[{"href":"https:\/\/ubucha.pl\/de\/wp-json\/wp\/v2\/product"}],"about":[{"href":"https:\/\/ubucha.pl\/de\/wp-json\/wp\/v2\/types\/product"}],"replies":[{"embeddable":true,"href":"https:\/\/ubucha.pl\/de\/wp-json\/wp\/v2\/comments?post=51528"}],"wp:featuredmedia":[{"embeddable":true,"href":"https:\/\/ubucha.pl\/de\/wp-json\/wp\/v2\/media\/51530"}],"wp:attachment":[{"href":"https:\/\/ubucha.pl\/de\/wp-json\/wp\/v2\/media?parent=51528"}],"wp:term":[{"taxonomy":"product_brand","embeddable":true,"href":"https:\/\/ubucha.pl\/de\/wp-json\/wp\/v2\/product_brand?post=51528"},{"taxonomy":"product_cat","embeddable":true,"href":"https:\/\/ubucha.pl\/de\/wp-json\/wp\/v2\/product_cat?post=51528"},{"taxonomy":"product_tag","embeddable":true,"href":"https:\/\/ubucha.pl\/de\/wp-json\/wp\/v2\/product_tag?post=51528"},{"taxonomy":"woo-feed-brand","embeddable":true,"href":"https:\/\/ubucha.pl\/de\/wp-json\/wp\/v2\/woo-feed-brand?post=51528"}],"curies":[{"name":"wp","href":"https:\/\/api.w.org\/{rel}","templated":true}]}}