{"id":51367,"date":"2025-10-14T20:45:06","date_gmt":"2025-10-14T18:45:06","guid":{"rendered":"https:\/\/ubucha.pl\/filtry-purize-z-aktywnym-weglem-regular-organic-50-szt-sr-9-mm\/"},"modified":"2025-10-30T12:44:26","modified_gmt":"2025-10-30T11:44:26","slug":"reinige-filter-mit-aktivkohle-regular-organisch-50-stuck-sr-9-mm","status":"publish","type":"product","link":"https:\/\/ubucha.pl\/de\/filtry-purize-z-aktywnym-weglem-regular-organic-50-szt-sr-9-mm\/","title":{"rendered":"REGULAR Organische Aktivkohle Purize-Filter 50 St\u00fcck, \u00d8 9 mm"},"content":{"rendered":"<h2>Purize REGULAR Bio-Kohlefilter \u2013 50 St\u00fcck<\/h2>\n<p>Entdecken Sie die einzigartigen Purize REGULAR Bio-Kohlefilter im praktischen 50er-Set \u2013 ideal f\u00fcr alle, die Wert auf nat\u00fcrliches und reines Rauchen legen. Diese hochwertigen Joint-Filter vereinen fortschrittliche Technologie mit nat\u00fcrlichen Inhaltsstoffen und sorgen so f\u00fcr besonders sanften, k\u00fchleren und reineren Rauch. Suchen Sie einen Filter, der unangenehmen Teer reduziert und den Geschmack Ihrer Mischung intensiviert? Dann sind die Purize REGULAR Bio-Filter die perfekte Wahl!<\/p>\n<h3>Warum sollten Sie sich f\u00fcr Purize REGULAR Bio-Kohlefilter entscheiden?<\/h3>\n<p><strong>K\u00fchlerer Rauch dank Keramik-Endkappen<\/strong><br \/>\nDie Filter sind beidseitig mit Keramikspitzen ausgestattet, die die Temperatur des eingeatmeten Rauchs effektiv senken. Dadurch wird jeder Zug sanfter im Hals und ein angenehmes Raucherlebnis gew\u00e4hrleistet.<\/p>\n<p><strong>Aktivkohle aus Kokosnussschalen \u2013 nat\u00fcrlicher Lungenschutz<\/strong><br \/>\nDie Filter sind mit Aktivkohle auf Kokosbasis gef\u00fcllt, die die Menge an Teer, die in die Lunge gelangt, wirksam reduziert. Diese Filtration ist nicht nur gesundheitsf\u00f6rdernd, sondern verbessert auch die Qualit\u00e4t und den Geschmack des Rauchs und beseitigt jegliche unangenehme Sch\u00e4rfe.<\/p>\n<p><strong>Minimale Beeintr\u00e4chtigung des Aromas \u2013 verst\u00e4rkt den Geschmack der Kr\u00e4uter.<\/strong><br \/>\nPurize-Filter wurden entwickelt, um die Beeintr\u00e4chtigung des nat\u00fcrlichen Aromas der Kr\u00e4utermischung zu minimieren. So k\u00f6nnen Sie das volle Aroma und den Geschmack Ihrer Kr\u00e4uter genie\u00dfen.<\/p>\n<p><strong>Bio-Variante mit unverwechselbarem Design<\/strong><br \/>\nDie stilvolle, organische Farbe der Filter mit dem PURIZE-Logo auf jedem einzelnen ist nicht nur \u00e4sthetisch ansprechend, sondern auch ein Garant f\u00fcr die Originalit\u00e4t und hohe Qualit\u00e4t des Produkts.<\/p>\n<p><strong>Praktische, wiederverwendbare Verpackung<\/strong><br \/>\nDie Filter sind in einem praktischen Netzbeutel verpackt, der eine dichte Aufbewahrung und Wiederverschlie\u00dfbarkeit erm\u00f6glicht und so verhindert, dass sie verschmutzen und ihre Eigenschaften verlieren.<\/p>\n<h3>Produktspezifikationen<\/h3>\n<table style=\"border-collapse: collapse; width: 100%; max-width: 600px;\" border=\"1\" cellspacing=\"0\" cellpadding=\"8\">\n<thead>\n<tr>\n<th>Merkmal<\/th>\n<th>Beschreibung<\/th>\n<\/tr>\n<\/thead>\n<tbody>\n<tr>\n<td>Typ<\/td>\n<td>Kohlefilter f\u00fcr Gelenke<\/td>\n<\/tr>\n<tr>\n<td>Gr\u00f6\u00dfe<\/td>\n<td>NORMAL (Durchmesser 8,3 mm, L\u00e4nge 35,7 mm)<\/td>\n<\/tr>\n<tr>\n<td>Beitrag<\/td>\n<td>Aktivierte Kokosnusskohle<\/td>\n<\/tr>\n<tr>\n<td>Tipps<\/td>\n<td>Keramik, doppelseitig (k\u00fchlt den Rauch)<\/td>\n<\/tr>\n<tr>\n<td>Farbe<\/td>\n<td>Bio (stilvoller gr\u00fcn-brauner Farbton mit PURIZE-Logo)<\/td>\n<\/tr>\n<tr>\n<td>Verpackung<\/td>\n<td>Ziplock-Beutel, 50 St\u00fcck<\/td>\n<\/tr>\n<tr>\n<td>Hersteller<\/td>\n<td>Reinigen Sie<\/td>\n<\/tr>\n<\/tbody>\n<\/table>\n<h3>Wie verwendet man Purize REGULAR Bio-Filter?<\/h3>\n<p>Die Verwendung der Filter ist kinderleicht und intuitiv. Setzen Sie den Filter einfach vor dem Drehen auf das Ende Ihres Zigarettenpapiers oder Joints. Die Keramikkappen an beiden Seiten erm\u00f6glichen eine einfache Handhabung. Die Filter entfernen effektiv Teer beim Rauchen und sorgen so f\u00fcr einen k\u00fchleren, sanfteren Rauch \u2013 f\u00fcr ein angenehmes Raucherlebnis und verbesserten Atemschutz.<\/p>\n<h3>Zus\u00e4tzliche Informationen zum Produkt<\/h3>\n<p><strong>Sicherheit und Qualit\u00e4t<\/strong><br \/>\nPurize-Filter werden aus hochwertigsten, anwenderfreundlichen Materialien hergestellt. Aktivkohle aus Kokosnussschalen ist ein nat\u00fcrliches und effektives Filtermittel, und die Keramikspitzen sind langlebig und hitzebest\u00e4ndig.<\/p>\n<p><strong>Lagerung<\/strong><br \/>\nUm die Frische und volle Wirksamkeit der Filter zu erhalten, bewahren Sie diese in ihrem originalen wiederverschlie\u00dfbaren Beutel, gesch\u00fctzt vor Feuchtigkeit und direkter Sonneneinstrahlung, auf.<\/p>\n<h3>Nutzerbewertungen<\/h3>\n<p>Nutzer sch\u00e4tzen die Purize REGULAR Organic Filter vor allem wegen der deutlichen Reduzierung des Krautgeschmacks und der Bewahrung des nat\u00fcrlichen Aromas der Kr\u00e4uter. Viele Rezensionen heben zudem die einfache Handhabung und das \u00e4sthetische, organische Aussehen der Filter hervor, die sie von anderen Produkten auf dem Markt abheben.<\/p>\n<h3>Beispiele f\u00fcr die Verwendung<\/h3>\n<ul>\n<li>Ideal f\u00fcr Gelenke mit CBD und anderen Kr\u00e4utern.<\/li>\n<li>Sie eignen sich auch hervorragend in Kombination mit Purize-Drehpapieren und sorgen f\u00fcr ein nat\u00fcrliches und sauberes Raucherlebnis.<\/li>\n<li>Eine hervorragende L\u00f6sung f\u00fcr Menschen, denen ihre Gesundheit und ihr Komfort beim Einatmen von Rauch wichtig sind.<\/li>\n<\/ul>\n<p>Purize REGULAR Bio-Kohlefilter sind ein Produkt, das sowohl Einsteiger als auch erfahrene Raucher zufriedenstellen wird, die Wert auf nat\u00fcrliche Reinheit und ein gleichm\u00e4\u00dfiges Raucherlebnis legen. Bestellen Sie noch heute und \u00fcberzeugen Sie sich selbst, welchen Unterschied der richtige Filter ausmacht!<\/p>","protected":false},"excerpt":{"rendered":"<p>Purize REGULAR Bio-Kohlefilter sind die perfekte L\u00f6sung f\u00fcr alle, die sauberen, sanften Rauch genie\u00dfen. Hergestellt aus Aktivkohle aus Kokosnussschalen und Keramikkappen, k\u00fchlen sie den Rauch effektiv und eliminieren unangenehmen Teer.<\/p>\n<p>Dank ihnen ist jeder Zug sanfter im Hals und das nat\u00fcrliche Aroma der Kr\u00e4uter bleibt erhalten. Die stilvolle, organische Farbe und die praktische Rei\u00dfverschlussverpackung machen Purize-Filter komfortabel und \u00e4sthetisch ansprechend in der Anwendung.<\/p>\n<p>Bestellen Sie jetzt 50 REGULAR Bio-Filter und erleben Sie den Unterschied in der Rauchqualit\u00e4t \u2013 reinerer Geschmack und absoluter Komfort bei jedem Zug!<\/p>","protected":false},"featured_media":51369,"comment_status":"open","ping_status":"closed","template":"","meta":{"_acf_changed":false,"_gspb_post_css":""},"product_brand":[341],"product_cat":[340],"product_tag":[],"woo-feed-brand":[],"class_list":{"0":"post-51367","1":"product","2":"type-product","3":"status-publish","4":"has-post-thumbnail","6":"product_brand-purize","7":"product_cat-filtry","9":"first","10":"outofstock","11":"purchasable","12":"product-type-simple"},"ct_brands":[{"id":341,"name":"Reinigen Sie","slug":"reinigen"}],"acf":[],"_links":{"self":[{"href":"https:\/\/ubucha.pl\/de\/wp-json\/wp\/v2\/product\/51367","targetHints":{"allow":["GET"]}}],"collection":[{"href":"https:\/\/ubucha.pl\/de\/wp-json\/wp\/v2\/product"}],"about":[{"href":"https:\/\/ubucha.pl\/de\/wp-json\/wp\/v2\/types\/product"}],"replies":[{"embeddable":true,"href":"https:\/\/ubucha.pl\/de\/wp-json\/wp\/v2\/comments?post=51367"}],"wp:featuredmedia":[{"embeddable":true,"href":"https:\/\/ubucha.pl\/de\/wp-json\/wp\/v2\/media\/51369"}],"wp:attachment":[{"href":"https:\/\/ubucha.pl\/de\/wp-json\/wp\/v2\/media?parent=51367"}],"wp:term":[{"taxonomy":"product_brand","embeddable":true,"href":"https:\/\/ubucha.pl\/de\/wp-json\/wp\/v2\/product_brand?post=51367"},{"taxonomy":"product_cat","embeddable":true,"href":"https:\/\/ubucha.pl\/de\/wp-json\/wp\/v2\/product_cat?post=51367"},{"taxonomy":"product_tag","embeddable":true,"href":"https:\/\/ubucha.pl\/de\/wp-json\/wp\/v2\/product_tag?post=51367"},{"taxonomy":"woo-feed-brand","embeddable":true,"href":"https:\/\/ubucha.pl\/de\/wp-json\/wp\/v2\/woo-feed-brand?post=51367"}],"curies":[{"name":"wp","href":"https:\/\/api.w.org\/{rel}","templated":true}]}}