{"id":51347,"date":"2025-10-14T20:43:26","date_gmt":"2025-10-14T18:43:26","guid":{"rendered":"https:\/\/ubucha.pl\/filtry-weglowe-purize-xtra-slim-yellow-100-szt-sr-6-mm\/"},"modified":"2026-04-29T02:46:26","modified_gmt":"2026-04-29T00:46:26","slug":"kohlefilter-purize-xtra-slim-gelb-100-stuck-sr-6-mm","status":"publish","type":"product","link":"https:\/\/ubucha.pl\/de\/filtry-weglowe-purize-xtra-slim-yellow-100-szt-sr-6-mm\/","title":{"rendered":"Kohlefilter Purize XTRA Slim Gelb 100 St\u00fcck \u00d8 6 mm"},"content":{"rendered":"<h2>Purize XTRA Slim Yellow Aktivkohlefilter - 100 St\u00fcck in einem Glasbeh\u00e4lter<\/h2>\n<p>Entdecken Sie eine neue Dimension der Sauberkeit und des Rauchkomforts mit Kohlefiltern <strong>Purize XTRA Slim Gelb<\/strong>. Dieses Set mit 100 ultrad\u00fcnnen gelben Filtern ist ideal f\u00fcr alle, die nicht nur Wert auf effektive Filtration, sondern auch auf \u00c4sthetik und Komfort legen. Verpackt in einem eleganten Glasbeh\u00e4lter, der die Filter vor Besch\u00e4digung und Feuchtigkeit sch\u00fctzt, sehen sie sowohl zu Hause als auch bei Zusammenk\u00fcnften mit Freunden toll aus.<\/p>\n<h3>Warum sollten Sie sich f\u00fcr Purize XTRA Slim Yellow Kohlefilter entscheiden?<\/h3>\n<p>Haben Sie sich jemals gefragt, wie Sie den Geschmack und die Qualit\u00e4t Ihrer Joints verbessern k\u00f6nnen? Die Purize XTRA Slim Yellow Filter sind die Antwort auf Ihre Bed\u00fcrfnisse. Durch die Verwendung von Aktivkohle aus der nat\u00fcrlichen Kokosnussschale reduzieren sie effektiv die Menge an Teer und anderen sch\u00e4dlichen Verbindungen in Ihrem Rauch. Das bedeutet weniger Reizung f\u00fcr Ihre Lungen und ein ges\u00fcnderes Raucherlebnis.<\/p>\n<p>Dar\u00fcber hinaus verhindern die Keramikspitzen auf beiden Seiten des Filters eine \u00dcberhitzung des Materials und sorgen f\u00fcr einen gleichm\u00e4\u00dfigen und freien Luftstrom. Das macht jeden Zug k\u00fchler, sanfter f\u00fcr die Kehle und befriedigender.<\/p>\n<p>Das Besondere an diesen Filtern ist, dass sie das Aroma des Trockensafts nicht d\u00e4mpfen - im Gegenteil, sie verst\u00e4rken den nat\u00fcrlichen Geschmack, so dass Sie das volle Geschmackserlebnis genie\u00dfen k\u00f6nnen. Au\u00dferdem sind sie durch ihre Umweltfreundlichkeit - sie bestehen aus biologisch abbaubaren Materialien - umweltfreundlich und ideal f\u00fcr bewusste Nutzer.<\/p>\n<h3>Produktspezifikationen<\/h3>\n<table style=\"border-collapse: collapse; width: 100%; max-width: 600px;\" border=\"1\" cellspacing=\"0\" cellpadding=\"8\">\n<thead>\n<tr style=\"background-color: #f0f0f0;\">\n<th>Merkmal<\/th>\n<th>Einzelheiten<\/th>\n<\/tr>\n<\/thead>\n<tbody>\n<tr>\n<td>Typ<\/td>\n<td>XTRA Slim Kohlefilter<\/td>\n<\/tr>\n<tr>\n<td>Durchmesser<\/td>\n<td>6 mm (5,9 mm, um genau zu sein)<\/td>\n<\/tr>\n<tr>\n<td>L\u00e4nge<\/td>\n<td>26,9 mm<\/td>\n<\/tr>\n<tr>\n<td>F\u00fcllen<\/td>\n<td>Aktivierte Kokosnussschalen-Holzkohle<\/td>\n<\/tr>\n<tr>\n<td>Tipps<\/td>\n<td>Keramik, beidseitig<\/td>\n<\/tr>\n<tr>\n<td>Farbe<\/td>\n<td>Gelb mit wei\u00dfem Purize-Logo<\/td>\n<\/tr>\n<tr>\n<td>Verpackung<\/td>\n<td>Glasgef\u00e4\u00df, 100 St\u00fcck<\/td>\n<\/tr>\n<tr>\n<td>Anmeldung<\/td>\n<td>F\u00fcr Fugen und d\u00fcnne Zuschnitte<\/td>\n<\/tr>\n<\/tbody>\n<\/table>\n<h3>Inhaltsstoffe und Materialien<\/h3>\n<p>Purize XTRA Slim Yellow-Filter sind mit der h\u00f6chsten Qualit\u00e4t gef\u00fcllt <strong>Kokosnuss-Aktivkohle<\/strong>, das aus nat\u00fcrlichen Kokosnussschalen gewonnen wird. Dieses Material ist f\u00fcr seine hervorragenden Absorptionseigenschaften bekannt, die sch\u00e4dlichen Teer und toxische Verbindungen wirksam zur\u00fcckhalten, ohne den Geschmack und das Aroma des gerauchten Rauches zu beeintr\u00e4chtigen.<\/p>\n<p>Die Filterspitzen bestehen aus langlebiger Keramik, die eine \u00dcberhitzung des Filters verhindert und so den Komfort des Rauchers und die Haltbarkeit des Produkts erh\u00f6ht.<\/p>\n<h3>Wie verwendet man Purize XTRA Slim Gelbfilter?<\/h3>\n<p>Die Verwendung der Filter ist \u00e4u\u00dferst einfach. Setzen Sie den Filter einfach auf das Ende eines Gelenks oder einer d\u00fcnnen Kugel, so dass er als Filterspitze dient. Dank des d\u00fcnnen und ergonomischen Designs des Filters ver\u00e4ndert er weder das Design noch die Bequemlichkeit des Gebrauchs. Mit jedem Zug wird der Rauch von unerw\u00fcnschten Verbindungen gereinigt und das Aroma bleibt intensiv und nat\u00fcrlich.<\/p>\n<h3>Nutzerbewertungen<\/h3>\n<p>Die Kunden sch\u00e4tzen die Purize XTRA Slim Yellow Filter f\u00fcr ihre Wirksamkeit und \u00c4sthetik. Ein Nutzer hebt hervor, dass \u201edie Filter den Teer wirklich reduzieren und der Geschmack des Joints voll und nat\u00fcrlich bleibt\u201d. Andere loben die praktische Verpackung und die lange Lebensdauer der Keramikspitzen. Ein Produkt, das Funktionalit\u00e4t mit modischem Design verbindet.<\/p>\n<h3>Zus\u00e4tzliche Informationen und Anleitungen<\/h3>\n<ul>\n<li><strong>Lagerung:<\/strong> Bewahren Sie die Filter im Original-Glasbeh\u00e4lter auf, um sie frisch zu halten und sie vor Feuchtigkeit und mechanischen Besch\u00e4digungen zu sch\u00fctzen.<\/li>\n<li><strong>Sicherheit:<\/strong> Die Filter sind v\u00f6llig sicher in der Anwendung, bestehen aus biologisch abbaubaren Materialien und enthalten keine sch\u00e4dlichen Chemikalien.<\/li>\n<li><strong>\u00d6kologie:<\/strong> Mit der Wahl von Purize-Filtern unterst\u00fctzen Sie gr\u00fcne L\u00f6sungen - sie sind umweltfreundlich und zersetzen sich auf nat\u00fcrliche Weise, wenn sie entsorgt werden.<\/li>\n<li><strong>Beispiele f\u00fcr die Verwendung:<\/strong> Sie sind ideal f\u00fcr alle Arten von Joints und d\u00fcnneren Blunts und eignen sich sowohl f\u00fcr Anf\u00e4nger als auch f\u00fcr Fortgeschrittene, die sauberes und aromatisches Rauchen sch\u00e4tzen.<\/li>\n<\/ul>\n<p>Investieren Sie in Qualit\u00e4t und Rauchkomfort - w\u00e4hlen Sie <strong>Purize XTRA Slim Gelb Kohlefilter 100 St\u00fcck<\/strong> und sp\u00fcren Sie den Unterschied vom ersten Schluck an!<\/p>","protected":false},"excerpt":{"rendered":"<p>Purize XTRA Slim Yellow Kohlefilter garantieren einen sauberen, k\u00fchleren Rauch und maximalen Rauchkomfort. Gef\u00fcllt mit Aktivkohle aus nat\u00fcrlicher Kokosnuss, reduzieren sie effektiv Teer, ohne das Aroma des getrockneten Produkts zu unterdr\u00fccken. Die Keramikspitzen sch\u00fctzen vor \u00dcberhitzung und sorgen f\u00fcr einen gleichm\u00e4\u00dfigen Luftstrom und angenehmere R\u00fclpser.<\/p>\n<p>Praktisch, umweltfreundlich und stilvoll - verpackt in einem praktischen Glasgef\u00e4\u00df, das die Filter in perfektem Zustand h\u00e4lt. Ideal f\u00fcr Joints und d\u00fcnne Rohlinge. Entscheiden Sie sich f\u00fcr Purize XTRA Slim Yellow und genie\u00dfen Sie jedes Mal reinen Geschmack!<\/p>","protected":false},"featured_media":51349,"comment_status":"open","ping_status":"closed","template":"","meta":{"_acf_changed":false,"_gspb_post_css":"","rank_math_title":"","rank_math_description":"","rank_math_focus_keyword":"","rank_math_facebook_title":"","rank_math_facebook_description":"","rank_math_twitter_title":"","rank_math_twitter_description":""},"product_brand":[341],"product_cat":[340],"product_tag":[],"woo-feed-brand":[],"class_list":{"0":"post-51347","1":"product","2":"type-product","3":"status-publish","4":"has-post-thumbnail","6":"product_brand-purize","7":"product_cat-filtry","9":"first","10":"outofstock","11":"purchasable","12":"product-type-simple"},"ct_brands":[{"id":341,"name":"Reinigen Sie","slug":"reinigen"}],"acf":[],"_links":{"self":[{"href":"https:\/\/ubucha.pl\/de\/wp-json\/wp\/v2\/product\/51347","targetHints":{"allow":["GET"]}}],"collection":[{"href":"https:\/\/ubucha.pl\/de\/wp-json\/wp\/v2\/product"}],"about":[{"href":"https:\/\/ubucha.pl\/de\/wp-json\/wp\/v2\/types\/product"}],"replies":[{"embeddable":true,"href":"https:\/\/ubucha.pl\/de\/wp-json\/wp\/v2\/comments?post=51347"}],"wp:featuredmedia":[{"embeddable":true,"href":"https:\/\/ubucha.pl\/de\/wp-json\/wp\/v2\/media\/51349"}],"wp:attachment":[{"href":"https:\/\/ubucha.pl\/de\/wp-json\/wp\/v2\/media?parent=51347"}],"wp:term":[{"taxonomy":"product_brand","embeddable":true,"href":"https:\/\/ubucha.pl\/de\/wp-json\/wp\/v2\/product_brand?post=51347"},{"taxonomy":"product_cat","embeddable":true,"href":"https:\/\/ubucha.pl\/de\/wp-json\/wp\/v2\/product_cat?post=51347"},{"taxonomy":"product_tag","embeddable":true,"href":"https:\/\/ubucha.pl\/de\/wp-json\/wp\/v2\/product_tag?post=51347"},{"taxonomy":"woo-feed-brand","embeddable":true,"href":"https:\/\/ubucha.pl\/de\/wp-json\/wp\/v2\/woo-feed-brand?post=51347"}],"curies":[{"name":"wp","href":"https:\/\/api.w.org\/{rel}","templated":true}]}}