{"id":51272,"date":"2025-10-14T20:30:25","date_gmt":"2025-10-14T18:30:25","guid":{"rendered":"https:\/\/ubucha.pl\/filtry-do-jointow-purize-xtra-slim-10-szt-sr-6-mm\/"},"modified":"2026-04-29T09:18:40","modified_gmt":"2026-04-29T07:18:40","slug":"purize-xtra-slim-fugenfilter-10-stuck-sr-6-mm","status":"publish","type":"product","link":"https:\/\/ubucha.pl\/de\/filtry-do-jointow-purize-xtra-slim-10-szt-sr-6-mm\/","title":{"rendered":"Purize XTRA Slim Fugenfilter 10 St\u00fcck, \u00d8 6 mm"},"content":{"rendered":"<h2>Purize XTRA Slim Aktivkohle-Gelenkfilter - Schutz und Reinheit des Rauchens<\/h2>\n<p>Sind Sie auf der Suche nach einem ges\u00fcnderen und schmackhafteren Joint-Raucherlebnis? Die Purize XTRA Slim Jointfilter sind die Antwort auf Ihre Bed\u00fcrfnisse! In dem Kit finden Sie 10 sorgf\u00e4ltig gefertigte Filter mit einem Durchmesser von 6 mm, die entwickelt wurden, um die Reduzierung von Schadstoffen, die in Ihre Lunge gelangen, zu maximieren und gleichzeitig den nat\u00fcrlichen Geschmack der Mischung zu erhalten.<\/p>\n<h3>Wodurch unterscheiden sich die Purize XTRA Slim-Filter?<\/h3>\n<p>Purize XTRA Slim Kohlefilter sind mit Aktivkohle auf Kokosnussbasis ausgestattet, die Teer und Staub effektiv absorbiert. Dadurch wird Ihre Inhalation sauberer und Ihr Rauch viel weicher und k\u00fchler. Die keramischen Oberfl\u00e4chen auf beiden Seiten der Filter k\u00fchlen den Rauch zus\u00e4tzlich, was zu einem angenehmeren und weniger irritierenden Rauch f\u00fchrt.<\/p>\n<p>Wichtig ist, dass diese Filter den Geschmack nicht beeintr\u00e4chtigen - im Gegenteil, sie verst\u00e4rken die nat\u00fcrlichen Eigenschaften der ger\u00f6steten Mischung, so dass das Aroma und die Wirkung voll zur Geltung kommen.<\/p>\n<h3>Produktspezifikationen<\/h3>\n<table style=\"border-collapse: collapse;width: 100%;max-width: 600px\" border=\"1\" cellspacing=\"0\" cellpadding=\"8\">\n<thead>\n<tr>\n<th>Merkmal<\/th>\n<th>Beschreibung<\/th>\n<\/tr>\n<\/thead>\n<tbody>\n<tr>\n<td>Marke<\/td>\n<td>Reinigen Sie<\/td>\n<\/tr>\n<tr>\n<td>Modell<\/td>\n<td>XTRA Schlank<\/td>\n<\/tr>\n<tr>\n<td>Durchmesser<\/td>\n<td>6 mm (5,9 mm, um genau zu sein)<\/td>\n<\/tr>\n<tr>\n<td>Verpackung<\/td>\n<td>10 St\u00fcck<\/td>\n<\/tr>\n<tr>\n<td>Farbe<\/td>\n<td>Wei\u00df<\/td>\n<\/tr>\n<tr>\n<td>Zusammensetzung<\/td>\n<td>Aktivierte Kokosnusskohle, Keramik (keramische Ausr\u00fcstungen)<\/td>\n<\/tr>\n<tr>\n<td>Anmeldung<\/td>\n<td>Gelenkfilter, Atemschutz<\/td>\n<\/tr>\n<\/tbody>\n<\/table>\n<h3>Wie verwendet man Purize XTRA Slim-Filter?<\/h3>\n<p>Die Verwendung der Purize XTRA Slim-Filter ist extrem einfach und intuitiv. Setzen Sie den Filter einfach vor dem Anz\u00fcnden an das Ende des Zuges. Dadurch wird der Rauch w\u00e4hrend des Rauchens durch den Filter geleitet, wodurch Schadstoffe effektiv zur\u00fcckgehalten werden, w\u00e4hrend der Rauch abk\u00fchlt und das volle Aroma der Mischung erhalten bleibt.<\/p>\n<p>Dank ihrer kompakten Gr\u00f6\u00dfe und der praktischen Verpackung k\u00f6nnen die Filter immer griffbereit gehalten werden, und ihr schlankes Design beeintr\u00e4chtigt das Raucherlebnis nicht.<\/p>\n<h3>Warum Purize XTRA Slim-Filter w\u00e4hlen?<\/h3>\n<ul>\n<li><strong>Gesundheitsversorgung:<\/strong> Aktivkohle reduziert wirksam den Teer und sorgt so f\u00fcr ges\u00fcnderes Rauchen.<\/li>\n<li><strong>Besserer Geschmack und Geruch:<\/strong> Die Filter ver\u00e4ndern den nat\u00fcrlichen Geschmack nicht und die Keramikspitzen k\u00fchlen den Rauch, was das Raucherlebnis verbessert.<\/li>\n<li><strong>Praktische Verpackung:<\/strong> Das 10-teilige Set passt in eine Tasche und ist in jeder Situation praktisch.<\/li>\n<li><strong>Umweltfreundliche Materialien:<\/strong> Die Aktivkohle wird aus der Kokosnuss gewonnen, die umweltfreundlich ist.<\/li>\n<\/ul>\n<h3>Zus\u00e4tzliche Informationen<\/h3>\n<p><strong>Sicherheit der Anwendung:<\/strong> Purize-Filter sind absolut sicher - sie enthalten weder Plastik noch andere sch\u00e4dliche Substanzen. Die keramischen Oberfl\u00e4chen gew\u00e4hrleisten eine hygienische Verwendung und erh\u00f6hen den Rauchkomfort.<\/p>\n<p><strong>Lagerung:<\/strong> Lagern Sie die Filter an einem trockenen Ort, gesch\u00fctzt vor hoher Luftfeuchtigkeit und direkter Sonneneinstrahlung, um ihre Frische und Filtereigenschaften zu erhalten.<\/p>\n<h3>Nutzerbewertungen<\/h3>\n<p>\u201eDie Purize XTRA Slim Filter sind f\u00fcr mich ein absolutes Muss! Ich sp\u00fcre einen deutlichen Unterschied im Geschmack und weniger Unbehagen beim Rauchen - ich w\u00fcrde sie auf jeden Fall jedem empfehlen, dem seine Gesundheit am Herzen liegt.\u201d - Claudia<\/p>\n<p>\u201eGro\u00dfartige L\u00f6sung f\u00fcr Leute, die ihre eigenen Joints drehen. Die Filter sind gut gemacht und die Keramikspitzen k\u00fchlen den Rauch wirklich ab. Sehr zu empfehlen!\u201d - Marek<\/p>\n<h3>Beispiele f\u00fcr die Verwendung des Produkts<\/h3>\n<p>Purize XTRA Slim Filter sind ideal f\u00fcr das t\u00e4gliche Rauchen von Joints, ob zu Hause oder im Freien. Sie machen jeden Moment der Entspannung ges\u00fcnder und geschmackvoller. Sie eignen sich auch gut als Zubeh\u00f6r f\u00fcr Partys oder Treffen mit Freunden und garantieren ein angenehmes und sauberes Raucherlebnis ohne unn\u00f6tigen Teer.<\/p>","protected":false},"excerpt":{"rendered":"<ul>\n<li>10 XTRA Slim Kohlefilter mit einem Durchmesser von 6 mm (5,9 mm)<\/li>\n<li>Aktivkohle aus Kokosnussschalen \u2013 Teerreduktion<\/li>\n<li>Keramikkappen auf beiden Seiten \u2013 f\u00fcr k\u00fchlen, gleichm\u00e4\u00dfigen Luftzug.<\/li>\n<li>Neutraler Geschmack \u2013 volles Aroma getrockneter Kr\u00e4uter<\/li>\n<li>Versand bis 17:45 Uhr - InPost<\/li>\n<\/ul>","protected":false},"featured_media":51274,"comment_status":"open","ping_status":"closed","template":"","meta":{"_acf_changed":false,"_gspb_post_css":"","rank_math_title":"Filtry Purize XTRA Slim 6 mm \u2014 paczka 10 szt. | u Bucha","rank_math_description":"Filtry Purize XTRA Slim 6 mm \u2014 10 sztuk z aktywnym w\u0119glem kokosowym i ceramicznymi ko\u0144c\u00f3wkami. Czystszy, ch\u0142odniejszy ci\u0105g w ka\u017cdym jointcie.","rank_math_focus_keyword":"filtry purize xtra slim","rank_math_facebook_title":"Filtry Purize XTRA Slim 6 mm \u2014 10 szt.","rank_math_facebook_description":"Aktywny w\u0119giel kokosowy + ceramiczne ko\u0144c\u00f3wki. 10 filtr\u00f3w 6 mm do joint\u00f3w. Darmowa wysy\u0142ka od 49 z\u0142.","rank_math_twitter_title":"Purize XTRA Slim 6 mm \u2014 10 szt.","rank_math_twitter_description":"Filtry w\u0119glowe z ceramicznymi za\u015blepkami. Czystszy i ch\u0142odniejszy ci\u0105g w ka\u017cdym jointcie."},"product_brand":[341],"product_cat":[340],"product_tag":[],"woo-feed-brand":[],"class_list":{"0":"post-51272","1":"product","2":"type-product","3":"status-publish","4":"has-post-thumbnail","6":"product_brand-purize","7":"product_cat-filtry","9":"first","10":"instock","11":"purchasable","12":"product-type-simple"},"ct_brands":[{"id":341,"name":"Reinigen Sie","slug":"reinigen"}],"acf":[],"_links":{"self":[{"href":"https:\/\/ubucha.pl\/de\/wp-json\/wp\/v2\/product\/51272","targetHints":{"allow":["GET"]}}],"collection":[{"href":"https:\/\/ubucha.pl\/de\/wp-json\/wp\/v2\/product"}],"about":[{"href":"https:\/\/ubucha.pl\/de\/wp-json\/wp\/v2\/types\/product"}],"replies":[{"embeddable":true,"href":"https:\/\/ubucha.pl\/de\/wp-json\/wp\/v2\/comments?post=51272"}],"wp:featuredmedia":[{"embeddable":true,"href":"https:\/\/ubucha.pl\/de\/wp-json\/wp\/v2\/media\/51274"}],"wp:attachment":[{"href":"https:\/\/ubucha.pl\/de\/wp-json\/wp\/v2\/media?parent=51272"}],"wp:term":[{"taxonomy":"product_brand","embeddable":true,"href":"https:\/\/ubucha.pl\/de\/wp-json\/wp\/v2\/product_brand?post=51272"},{"taxonomy":"product_cat","embeddable":true,"href":"https:\/\/ubucha.pl\/de\/wp-json\/wp\/v2\/product_cat?post=51272"},{"taxonomy":"product_tag","embeddable":true,"href":"https:\/\/ubucha.pl\/de\/wp-json\/wp\/v2\/product_tag?post=51272"},{"taxonomy":"woo-feed-brand","embeddable":true,"href":"https:\/\/ubucha.pl\/de\/wp-json\/wp\/v2\/woo-feed-brand?post=51272"}],"curies":[{"name":"wp","href":"https:\/\/api.w.org\/{rel}","templated":true}]}}