{"id":51078,"date":"2025-10-14T20:16:53","date_gmt":"2025-10-14T18:16:53","guid":{"rendered":"https:\/\/ubucha.pl\/bibulki-purize-420-king-size-slim-420-szt\/"},"modified":"2026-03-23T10:02:29","modified_gmt":"2026-03-23T09:02:29","slug":"purize-420-king-size-slim-zigarettenpapier-420-stuck","status":"publish","type":"product","link":"https:\/\/ubucha.pl\/de\/bibulki-purize-420-king-size-slim-420-szt\/","title":{"rendered":"Purize 420 King Size Slim Seidenpapier 420 St\u00fcck."},"content":{"rendered":"<h2>Purize 420 King Size Slim Zigarettenpapier \u2013 420 St\u00fcck<\/h2>\n<p>Sind Sie auf der Suche nach hochwertigen gemeinsamen Ver\u00f6ffentlichungen, die Ihre Erwartungen auch bei langen Sitzungen erf\u00fcllen? <strong>Purize 420 King Size Slim<\/strong> ist die perfekte L\u00f6sung, entwickelt von Kiffern f\u00fcr Kiffer, die Wert auf Nat\u00fcrlichkeit, Komfort und hervorragende Brenneigenschaften legen. In einer Packung finden Sie so viel wie <strong>420 ultrad\u00fcnne Papiere<\/strong> in der klassischen King Size Slim Gr\u00f6\u00dfe, die f\u00fcr ein leises und gleichm\u00e4\u00dfiges Abbrennen sorgt, ohne den Geschmack Ihrer Mischung zu beeintr\u00e4chtigen.<\/p>\n<h3>Warum sollte man sich f\u00fcr Purize 420 King Size Slim Zigarettenpapier entscheiden?<\/h3>\n<p><strong>Ultrad\u00fcnn und nahezu transparent<\/strong> \u2013 Durch ihr minimales Gewicht ist der papierartige Nachgeschmack kaum wahrnehmbar, sodass Sie das nat\u00fcrliche Aroma der getrockneten Fr\u00fcchte voll und ganz genie\u00dfen k\u00f6nnen.<\/p>\n<p><strong>Nat\u00fcrliche Inhaltsstoffe<\/strong> \u2013 Die Seidenpapiere bestehen aus hochwertigen Pflanzenfasern und der bei ihrer Herstellung verwendete Klebstoff ist <em>Bio, veganes Gummi arabicum<\/em>. Dadurch sind sie gesundheits- und umweltfreundlich.<\/p>\n<p><strong>Langsame und gleichm\u00e4\u00dfige Verbrennung<\/strong> \u2013 Die stabile Papierbirne erm\u00f6glicht ein ruhiges, kontrolliertes Abbrennen ohne unangenehme \u00dcberraschungen.<\/p>\n<p><strong>Neutrales Geschmacksprofil<\/strong> \u2013 Zigarettenpapiere beeintr\u00e4chtigen weder den Geschmack noch das Aroma Ihrer Mischung, sondern heben deren nat\u00fcrliche Noten subtil hervor.<\/p>\n<p><strong>Wirtschaftliche Gro\u00dfverpackung<\/strong> \u2013 420 St\u00fcck Zigarettenpapier in einer Packung sind die perfekte L\u00f6sung f\u00fcr Menschen, die regelm\u00e4\u00dfig Zigarettenpapier konsumieren und Wert auf Komfort und Kostenersparnis legen.<\/p>\n<h3>Produktspezifikationen<\/h3>\n<table style=\"border-collapse: collapse; width: 100%; max-width: 600px;\" border=\"1\" cellspacing=\"0\" cellpadding=\"8\">\n<thead>\n<tr style=\"background-color: #f2f2f2;\">\n<th>Merkmal<\/th>\n<th>Beschreibung<\/th>\n<\/tr>\n<\/thead>\n<tbody>\n<tr>\n<td>Format<\/td>\n<td>King Size Slim (ca. 109 \u00d7 44 mm)<\/td>\n<\/tr>\n<tr>\n<td>Material<\/td>\n<td>Pflanzliche Naturfasern<\/td>\n<\/tr>\n<tr>\n<td>Kleber<\/td>\n<td>Bio, veganes Gummi arabicum<\/td>\n<\/tr>\n<tr>\n<td>Farbe \/ Ausf\u00fchrung<\/td>\n<td>Zartes Braun, nat\u00fcrlich (ungebleichtes Aussehen)<\/td>\n<\/tr>\n<tr>\n<td>Eigenschaften<\/td>\n<td>Ultrad\u00fcnn, langsam und gleichm\u00e4\u00dfig brennend<\/td>\n<\/tr>\n<tr>\n<td>Geschmacksprofil<\/td>\n<td>Neutral, rein \u2013 beeinflusst den Geschmack nicht<\/td>\n<\/tr>\n<tr>\n<td>Kompatibilit\u00e4t<\/td>\n<td>Sie lassen sich perfekt mit Purize XTRA Slim Kohlefiltern kombinieren.<\/td>\n<\/tr>\n<tr>\n<td>Menge pro Packung<\/td>\n<td>420 St\u00fcck<\/td>\n<\/tr>\n<\/tbody>\n<\/table>\n<h3>Vollst\u00e4ndige Zusammensetzung der Purize 420 King Size Slim Zigarettenpapiere<\/h3>\n<p>Die Papiere werden aus nat\u00fcrlichen Pflanzenfasern hergestellt, die ihnen ihre ultrad\u00fcnne Struktur und Umweltfreundlichkeit verleihen. Der Klebstoff besteht aus organischem, rein pflanzlichem Gummi arabicum und gew\u00e4hrleistet so ein sicheres und effektives Verkleben ohne chemische Zus\u00e4tze.<\/p>\n<h3>Wie verwendet man Purize 420 King Size Slim Papers?<\/h3>\n<p>Die Verwendung dieser Papers ist kinderleicht. Einfach einzelne Papers aus der Packung abrei\u00dfen und mit den gew\u00fcnschten Kr\u00e4utern oder Mischungen von Hand rollen. Dank ihrer optimalen King Size Slim-Gr\u00f6\u00dfe liegen sie auch f\u00fcr Anf\u00e4nger angenehm in der Hand und lassen sich leicht drehen. F\u00fcr noch reineren und k\u00fchleren Rauch verwenden Sie sie mit Purize XTRA Slim Kohlefiltern.<\/p>\n<h3>Beispiele f\u00fcr die Verwendung des Produkts<\/h3>\n<ul>\n<li>Perfekt, um sich jeden Tag seine eigenen Joints zu drehen und f\u00fcr Treffen mit Freunden.<\/li>\n<li>Sie eignen sich perfekt f\u00fcr lange Sessions, wenn man einen sparsamen und ergiebigen Vorrat an Zigarettenpapier ben\u00f6tigt.<\/li>\n<li>Ideal zur Kombination mit Purize Kohlefiltern zur Verbesserung von Geschmack und Rauchqualit\u00e4t.<\/li>\n<\/ul>\n<h3>Zus\u00e4tzliche Sicherheitsinformationen<\/h3>\n<p>Dieses Produkt ist nur f\u00fcr Erwachsene (ab 18 Jahren) bestimmt. Die Papiere sind entz\u00fcndlich \u2013 k\u00fchl und trocken lagern, fern von Z\u00fcndquellen und hohen Temperaturen. Nicht zum Verzehr oder Spielen geeignet. Au\u00dferhalb der Reichweite von Kindern und Jugendlichen aufbewahren. Nur gem\u00e4\u00df Gebrauchsanweisung verwenden.<\/p>\n<h3>Nutzerbewertungen<\/h3>\n<p>Kunden loben die Purize 420 King Size Slim Papers f\u00fcr ihre ultrad\u00fcnne Struktur, die Geschmack und Aroma nicht beeintr\u00e4chtigt, und f\u00fcr ihr langsames, gleichm\u00e4\u00dfiges Abbrennen. Viele sch\u00e4tzen auch die Wirtschaftlichkeit der gro\u00dfen 420er-Packung, die ideal f\u00fcr den h\u00e4ufigen Gebrauch ist.<\/p>\n<h3>Hinweise zur Lagerung und Verwendung<\/h3>\n<ul>\n<li>Bewahren Sie Zigarettenpapier stets in einem luftdichten Beh\u00e4lter auf, um Feuchtigkeit zu vermeiden.<\/li>\n<li>Vermeiden Sie den Kontakt mit Sonnenlicht und hohen Temperaturen, da diese die Struktur des Seidenpapiers schw\u00e4chen k\u00f6nnen.<\/li>\n<li>Verwenden Sie beim Branntwalzen saubere, trockene Oberfl\u00e4chen und Werkzeuge, um eine hohe Brennqualit\u00e4t zu gew\u00e4hrleisten.<\/li>\n<li>Kombinieren Sie die Papers mit Purize XTRA Slim Kohlefiltern f\u00fcr ein noch besseres Geschmackserlebnis und reineren Rauch.<\/li>\n<\/ul>\n<p>Bestellen Sie noch heute Ihre Zigarettenpapiere. <strong>Purize 420 King Size Slim, 420 St\u00fcck<\/strong> und genie\u00dfen Sie h\u00f6chste Qualit\u00e4t bei jeder Session. Dank ihnen wird jedes Raucherlebnis reiner, nat\u00fcrlicher und angenehmer!<\/p>","protected":false},"excerpt":{"rendered":"<p>Entdecken Sie Purize 420 King Size Slim Papers \u2013 perfekt f\u00fcr anspruchsvolle Konsumenten! Hergestellt aus nat\u00fcrlichen Pflanzenfasern, ultrad\u00fcnn und geschmacksneutral, garantieren sie ein gleichm\u00e4\u00dfiges und langsames Abbrennen, das den Geschmack Ihrer Mischung intensiviert.<\/p>\n<p>Die Packung enth\u00e4lt 420 St\u00fcck \u2013 ideal f\u00fcr lange Sessions und sparsamen Verbrauch. Der Kleber aus organischem, veganem Gummi arabicum garantiert die Reinheit und Nat\u00fcrlichkeit des Produkts. Die Filter passen perfekt zu Purize XTRA Slim Kohlefiltern f\u00fcr noch reineren Rauch.<\/p>\n<p>Bestellen Sie jetzt und profitieren Sie von kostenlosem Versand ab einem Einkaufswert von 300 PLN! Diskreter Versand und schnelle Bearbeitung sind garantiert. Sichern Sie sich jetzt Ihren Vorrat \u2013 es lohnt sich!<\/p>","protected":false},"featured_media":51080,"comment_status":"open","ping_status":"closed","template":"","meta":{"_acf_changed":false,"_gspb_post_css":""},"product_brand":[341],"product_cat":[141],"product_tag":[],"woo-feed-brand":[],"class_list":{"0":"post-51078","1":"product","2":"type-product","3":"status-publish","4":"has-post-thumbnail","6":"product_brand-purize","7":"product_cat-bibulki","9":"first","10":"instock","11":"purchasable","12":"product-type-simple"},"ct_brands":[{"id":341,"name":"Reinigen Sie","slug":"reinigen"}],"acf":[],"_links":{"self":[{"href":"https:\/\/ubucha.pl\/de\/wp-json\/wp\/v2\/product\/51078","targetHints":{"allow":["GET"]}}],"collection":[{"href":"https:\/\/ubucha.pl\/de\/wp-json\/wp\/v2\/product"}],"about":[{"href":"https:\/\/ubucha.pl\/de\/wp-json\/wp\/v2\/types\/product"}],"replies":[{"embeddable":true,"href":"https:\/\/ubucha.pl\/de\/wp-json\/wp\/v2\/comments?post=51078"}],"wp:featuredmedia":[{"embeddable":true,"href":"https:\/\/ubucha.pl\/de\/wp-json\/wp\/v2\/media\/51080"}],"wp:attachment":[{"href":"https:\/\/ubucha.pl\/de\/wp-json\/wp\/v2\/media?parent=51078"}],"wp:term":[{"taxonomy":"product_brand","embeddable":true,"href":"https:\/\/ubucha.pl\/de\/wp-json\/wp\/v2\/product_brand?post=51078"},{"taxonomy":"product_cat","embeddable":true,"href":"https:\/\/ubucha.pl\/de\/wp-json\/wp\/v2\/product_cat?post=51078"},{"taxonomy":"product_tag","embeddable":true,"href":"https:\/\/ubucha.pl\/de\/wp-json\/wp\/v2\/product_tag?post=51078"},{"taxonomy":"woo-feed-brand","embeddable":true,"href":"https:\/\/ubucha.pl\/de\/wp-json\/wp\/v2\/woo-feed-brand?post=51078"}],"curies":[{"name":"wp","href":"https:\/\/api.w.org\/{rel}","templated":true}]}}