{"id":10443,"date":"2025-10-13T09:46:19","date_gmt":"2025-10-13T07:46:19","guid":{"rendered":"https:\/\/ubucha.pl\/kurkuma-500-mg-bcm-95-piperyna-kapsulki-60-szt\/"},"modified":"2026-05-09T21:51:38","modified_gmt":"2026-05-09T19:51:38","slug":"kurkuma-500-mg-bcm-95-piperin-60-kapseln","status":"publish","type":"product","link":"https:\/\/ubucha.pl\/de\/kurkuma-500-mg-bcm-95-piperyna-kapsulki-60-szt\/","title":{"rendered":"Kurkuma 500 mg BCM-95\u00ae + Piperin, Kapseln 60 Stk."},"content":{"rendered":"<h2>Kurkuma 500 mg BCM-95\u00ae + Piperin \u2013 nat\u00fcrliche Kraft f\u00fcr Ihre Gesundheit<\/h2>\n<p>Suchen Sie ein wirksames Nahrungserg\u00e4nzungsmittel mit nat\u00fcrlichen Inhaltsstoffen, das Ihre t\u00e4glichen K\u00f6rperfunktionen unterst\u00fctzt? BCM-95\u00ae Kurkuma 500 mg + Piperin ist eine einzigartige Rezeptur in praktischen Pflanzenzellulosekapseln, die die Kraft von hochwertigem Kurkuma-Rhizom-Extrakt und Schwarzem-Pfeffer-Extrakt vereint. Es ist die ideale L\u00f6sung f\u00fcr alle, die Wert auf nat\u00fcrliche Gesundheitsmethoden legen, einschlie\u00dflich Veganer und Vegetarier.<\/p>\n<h3>Warum sollten Sie sich f\u00fcr BCM-95\u00ae Kurkuma mit Piperin entscheiden?<\/h3>\n<p>Diese einzigartige Formel enth\u00e4lt 500 mg hochwertigen BCM-95\u00ae Kurkuma-Rhizom-Extrakt, standardisiert auf 861 TP3T Curcuminoide und 651 TP3T Curcumin. Diese Hauptwirkstoffe sind f\u00fcr ihre gesundheitsf\u00f6rdernden Eigenschaften bekannt. Wussten Sie, dass Curcumin die nat\u00fcrlichen entz\u00fcndungshemmenden und antioxidativen Prozesse des K\u00f6rpers unterst\u00fctzt? Dies tr\u00e4gt zur Aufrechterhaltung eines funktionierenden Immunsystems bei, f\u00f6rdert die Gelenkgesundheit und unterst\u00fctzt die Verdauung.<\/p>\n<p>Doch das ist noch nicht alles \u2013 das Produkt enth\u00e4lt au\u00dferdem BioPerine\u00ae, einen Markenextrakt aus schwarzem Pfeffer, standardisiert auf Piperin (95%). Warum ist das wichtig? Piperin erh\u00f6ht die Bioverf\u00fcgbarkeit von Curcumin deutlich, sodass Ihr K\u00f6rper die positiven Eigenschaften von Kurkuma besser nutzen kann. Das Ergebnis? Maximale Wirkung in jeder Kapsel.<\/p>\n<h3>Hochwertige Zutaten \u2013 nat\u00fcrlich und kompromisslos<\/h3>\n<p>BCM-95\u00ae Kurkuma + Piperin ist ein Nahrungserg\u00e4nzungsmittel mit einer reinen, einfachen Zusammensetzung, frei von unn\u00f6tigen Zusatzstoffen \u2013 eine Clean-Label-Formel, die Sicherheit und Transparenz garantiert. Die Kapselh\u00fclle besteht aus Hydroxypropylmethylcellulose und ist somit vegan. Sie enth\u00e4lt keine Gelatine. BCM-95\u00ae ist eine hervorragende Alternative zu herk\u00f6mmlichen Kapseln und bietet Komfort sowie eine l\u00e4nger anhaltende Freisetzung der Wirkstoffe.<\/p>\n<table style=\"border-collapse: collapse; margin: 15px 0; width: 100%; max-width: 600px;\" border=\"1\" cellspacing=\"0\" cellpadding=\"8\">\n<caption style=\"caption-side: top; font-weight: bold; font-size: 1.1em; padding-bottom: 10px;\">Hauptmerkmale des Produkts: Kurkuma 500 mg BCM-95\u00ae + Piperin<\/caption>\n<thead>\n<tr style=\"background-color: #f5f5f5;\">\n<th>Merkmal<\/th>\n<th>Beschreibung<\/th>\n<\/tr>\n<\/thead>\n<tbody>\n<tr>\n<td>BCM-95\u00ae Kurkuma-Extrakt<\/td>\n<td>500 mg, standardisiert auf 86%-Curcuminoide und 65%-Curcumin<\/td>\n<\/tr>\n<tr>\n<td>BioPerine\u00ae Schwarzer Pfefferextrakt<\/td>\n<td>2 mg, standardisiert auf 95% Piperin, f\u00fcr eine bessere Bioverf\u00fcgbarkeit<\/td>\n<\/tr>\n<tr>\n<td>Zusammensetzung der Kapsel<\/td>\n<td>Pflanzliche Zellulose \u2013 vegane Beschichtung in 100%<\/td>\n<\/tr>\n<tr>\n<td>Zus\u00e4tzliche Inhaltsstoffe<\/td>\n<td>Inulin, L-Leucin<\/td>\n<\/tr>\n<tr>\n<td>Anzahl der Kapseln<\/td>\n<td>60 Kapseln \u2013 30 Tage Nahrungserg\u00e4nzung<\/td>\n<\/tr>\n<tr>\n<td>Qualit\u00e4tszertifikate<\/td>\n<td>Laborgepr\u00fcftes Produkt, frei von Schwermetallen und mikrobiologischer Verunreinigung<\/td>\n<\/tr>\n<tr>\n<td>Zweck<\/td>\n<td>F\u00fcr Veganer, Vegetarier, Diabetiker, Senioren, Sportler und gesundheitsbewusste Menschen<\/td>\n<\/tr>\n<\/tbody>\n<\/table>\n<h3>Wirkstoffe und ihre Wirkungen<\/h3>\n<ul>\n<li><strong>BCM-95\u00ae Kurkuma-Rhizom-Extrakt:<\/strong> Enth\u00e4lt eine hohe Konzentration an Curcuminoiden und Curcumin, die das Immunsystem unterst\u00fctzen, entz\u00fcndungshemmende und antioxidative Eigenschaften besitzen und die ordnungsgem\u00e4\u00dfe Funktion der Gelenke und des Verdauungssystems unterst\u00fctzen.<\/li>\n<li><strong>BioPerine\u00ae Schwarzer Pfefferextrakt:<\/strong> Dank Piperin wird die Aufnahme von Curcumin sogar um ein Vielfaches gesteigert, was die Supplementierung effektiver macht.<\/li>\n<li><strong>Inulin:<\/strong> Ein nat\u00fcrliches Pr\u00e4biotikum, das die Darmflora und die Verdauung unterst\u00fctzt.<\/li>\n<li><strong>L-Leucin:<\/strong> Eine Aminos\u00e4ure, die die Muskelregeneration und einen ordnungsgem\u00e4\u00dfen Proteinstoffwechsel unterst\u00fctzt.<\/li>\n<\/ul>\n<h3>Wie wendet man Kurkuma 500 mg BCM-95\u00ae + Piperin an?<\/h3>\n<p>Die empfohlene Tagesdosis betr\u00e4gt 2 Kapseln. Nehmen Sie zweimal t\u00e4glich eine Kapsel mit ausreichend Wasser ein. Bei regelm\u00e4\u00dfiger Anwendung \u00fcber mindestens 30 Tage profitieren Sie von den vollen Vorteilen dieses Nahrungserg\u00e4nzungsmittels. \u00dcberschreiten Sie nicht die empfohlene Dosis und befolgen Sie die Anweisungen zur Anwendung.<\/p>\n<h3>Sicherheit und Qualit\u00e4t \u2013 Polnische Produktion, globale Standards<\/h3>\n<p>Das Nahrungserg\u00e4nzungsmittel Kurkuma 500 mg BCM-95\u00ae + Piperin wird von Aura Herbals in Polen in einer Anlage hergestellt, die h\u00f6chsten Qualit\u00e4tsstandards entspricht. Das Produkt wurde vom unabh\u00e4ngigen Labor JS Hamilton getestet, wodurch die Abwesenheit von mikrobiologischer Verunreinigung und Schwermetallen best\u00e4tigt und seine Sicherheit gew\u00e4hrleistet wurde.<\/p>\n<p>Dieses Produkt ist f\u00fcr Veganer und Vegetarier geeignet. Es enth\u00e4lt keine gentechnisch ver\u00e4nderten Organismen (GVO), Zucker, k\u00fcnstliche Zusatzstoffe oder S\u00fc\u00dfungsmittel. Nicht empfohlen f\u00fcr Kinder, Schwangere und Stillende. Es ist kein Ersatz f\u00fcr eine abwechslungsreiche Ern\u00e4hrung; daher werden ein gesunder Lebensstil und eine ausgewogene Ern\u00e4hrung zus\u00e4tzlich empfohlen.<\/p>\n<h3>Nutzerbewertungen \u2013 was sagen Menschen, die sich f\u00fcr BCM-95\u00ae Kurkuma entschieden haben?<\/h3>\n<p>Kunden loben das Nahrungserg\u00e4nzungsmittel f\u00fcr seine hohe Wirksamkeit und nat\u00fcrliche Zusammensetzung. Viele betonen, dass das enthaltene Piperin die Wirkung von Kurkuma beschleunigt und verst\u00e4rkt, das Wohlbefinden steigert und die Gelenkregeneration unterst\u00fctzt. Die praktischen, veganen Kapseln sind leicht zu schlucken und gut vertr\u00e4glich. Auch die zertifizierte Qualit\u00e4t und die transparente Zusammensetzung werden in den Rezensionen hervorgehoben.<\/p>\n<h3>Zus\u00e4tzliche Hinweise zur Lagerung und Verwendung<\/h3>\n<ul>\n<li>Das Nahrungserg\u00e4nzungsmittel sollte an einem trockenen Ort bei einer Temperatur zwischen 15 und 25 \u00b0C und vor direkter Sonneneinstrahlung gesch\u00fctzt aufbewahrt werden.<\/li>\n<li>Au\u00dferhalb der Reichweite von Kleinkindern aufbewahren.<\/li>\n<li>Achten Sie auf das Mindesthaltbarkeitsdatum und die Chargennummer auf der Verpackung.<\/li>\n<li>Regelm\u00e4\u00dfige Anwendung f\u00fchrt zu optimalen Ergebnissen bei der Nahrungserg\u00e4nzung.<\/li>\n<\/ul>\n<h3>Zusammenfassung<\/h3>\n<p><strong>Kurkuma 500 mg BCM-95\u00ae + Piperin<\/strong> Dieses hochwertige Nahrungserg\u00e4nzungsmittel gew\u00e4hrleistet dank der synergistischen Kombination von Curcumin und Piperin maximale Bioverf\u00fcgbarkeit und Wirksamkeit. Seine nat\u00fcrlichen, veganen Inhaltsstoffe und die zertifizierte Herstellung in Polen garantieren Sicherheit und Zufriedenheit. Es ist die ideale Wahl f\u00fcr alle, die ihre Gesundheit auf nat\u00fcrliche Weise unterst\u00fctzen und t\u00e4glich ihr Immunsystem, ihre Gelenke und ihre Verdauung st\u00e4rken m\u00f6chten.<\/p>","protected":false},"excerpt":{"rendered":"<ul>\n<li>Kurkuma 500 mg \u2013 standardisierter Extrakt BCM-95 (86% Kurkuminoide)<\/li>\n<li>BioPerine aus schwarzem Pfeffer in jeder Kapsel<\/li>\n<li>60 vegane Kapseln aus pflanzlicher Zellulose<\/li>\n<li>BioPerine unterst\u00fctzt die Aufnahme von Kurkumin<\/li>\n<li>Unterst\u00fctzung der Gelenkgesundheit und der nat\u00fcrlichen Abwehrkr\u00e4fte<\/li>\n<\/ul>","protected":false},"featured_media":10445,"comment_status":"open","ping_status":"closed","template":"","meta":{"_acf_changed":false,"_gspb_post_css":"","rank_math_title":"Kurkuma BCM-95 piperyna 500 mg 60 kapsu\u0142ek | u Bucha","rank_math_description":"Kurkuma BCM-95 piperyna 500 mg \u2013 60 wega\u0144skich kapsu\u0142ek z ekstraktem 86% kurkuminoid\u00f3w. BioPerine z czarnego pieprzu, wsparcie staw\u00f3w i odporno\u015bci.","rank_math_focus_keyword":"kurkuma BCM-95 piperyna","rank_math_facebook_title":"Kurkuma BCM-95 + piperyna \u2013 60 kapsu\u0142ek","rank_math_facebook_description":"BCM-95 z 86% kurkuminoid\u00f3w + BioPerine w 60 wega\u0144skich kapsu\u0142kach. Wsparcie kondycji staw\u00f3w i odporno\u015bci.","rank_math_twitter_title":"Kurkuma BCM-95 500 mg 60 kap","rank_math_twitter_description":"BCM-95 86% kurkuminoid\u00f3w + BioPerine, 60 kapsu\u0142ek."},"product_brand":[421],"product_cat":[454],"product_tag":[],"woo-feed-brand":[],"class_list":{"0":"post-10443","1":"product","2":"type-product","3":"status-publish","4":"has-post-thumbnail","6":"product_brand-aura-herbals","7":"product_cat-inne-suplementy","9":"first","10":"outofstock","11":"purchasable","12":"product-type-simple"},"ct_brands":[{"id":421,"name":"Aura-Kr\u00e4uter","slug":"aura-krauter"}],"acf":[],"_links":{"self":[{"href":"https:\/\/ubucha.pl\/de\/wp-json\/wp\/v2\/product\/10443","targetHints":{"allow":["GET"]}}],"collection":[{"href":"https:\/\/ubucha.pl\/de\/wp-json\/wp\/v2\/product"}],"about":[{"href":"https:\/\/ubucha.pl\/de\/wp-json\/wp\/v2\/types\/product"}],"replies":[{"embeddable":true,"href":"https:\/\/ubucha.pl\/de\/wp-json\/wp\/v2\/comments?post=10443"}],"wp:featuredmedia":[{"embeddable":true,"href":"https:\/\/ubucha.pl\/de\/wp-json\/wp\/v2\/media\/10445"}],"wp:attachment":[{"href":"https:\/\/ubucha.pl\/de\/wp-json\/wp\/v2\/media?parent=10443"}],"wp:term":[{"taxonomy":"product_brand","embeddable":true,"href":"https:\/\/ubucha.pl\/de\/wp-json\/wp\/v2\/product_brand?post=10443"},{"taxonomy":"product_cat","embeddable":true,"href":"https:\/\/ubucha.pl\/de\/wp-json\/wp\/v2\/product_cat?post=10443"},{"taxonomy":"product_tag","embeddable":true,"href":"https:\/\/ubucha.pl\/de\/wp-json\/wp\/v2\/product_tag?post=10443"},{"taxonomy":"woo-feed-brand","embeddable":true,"href":"https:\/\/ubucha.pl\/de\/wp-json\/wp\/v2\/woo-feed-brand?post=10443"}],"curies":[{"name":"wp","href":"https:\/\/api.w.org\/{rel}","templated":true}]}}