{"id":10419,"date":"2025-10-13T09:46:19","date_gmt":"2025-10-13T07:46:19","guid":{"rendered":"https:\/\/ubucha.pl\/chlorofil-z-morwy-bialej-koncentrat-krople-30-ml\/"},"modified":"2026-05-09T21:45:26","modified_gmt":"2026-05-09T19:45:26","slug":"weise-maulbeere-chlorophyllkonzentrat-tropfen-30-ml","status":"publish","type":"product","link":"https:\/\/ubucha.pl\/de\/chlorofil-z-morwy-bialej-koncentrat-krople-30-ml\/","title":{"rendered":"Chlorophyll aus wei\u00dfer Maulbeere, Konzentrat, Tropfen 30 ml"},"content":{"rendered":"<h2>Chlorophyll aus wei\u00dfer Maulbeere \u2013 Nat\u00fcrliches Konzentrat in Tropfenform, 30 ml<\/h2>\n<p>Entdecken Sie die Kraft der Natur in praktischer, pr\u00e4ziser Tropfenform! <strong>Chlorophyll aus wei\u00dfer Maulbeere<\/strong> Dieses Nahrungserg\u00e4nzungsmittel unterst\u00fctzt Ihre Gesundheit und Sch\u00f6nheit und bietet bis zu 90 Tagesdosen in einer 30-ml-Flasche. Es wurde im polnischen Labor von Aura Herbals entwickelt und garantiert h\u00f6chste Qualit\u00e4t und Anwendungssicherheit.<\/p>\n<h3>Warum sollte man sich f\u00fcr Chlorophyll aus wei\u00dfen Maulbeeren entscheiden?<\/h3>\n<p>Chlorophyll ist ein gr\u00fcner Farbstoff, der f\u00fcr die Photosynthese in Pflanzen verantwortlich ist \u2013 er tr\u00e4gt zur Sauerstoffproduktion bei und wirkt sich positiv auf die Funktion von Muskeln, Herz und Nervensystem aus. Die Einzigartigkeit unseres Produkts liegt in der Verwendung von Blattextrakt. <em>Wei\u00dfer Maulbeerbaum (Morus Alba L.)<\/em> \u2013 eine der besten nat\u00fcrlichen Chlorophyllquellen. Dadurch erhalten Sie eine konzentrierte Dosis an Wirkstoffen in einer einfachen, zusatzstofffreien Formel.<\/p>\n<h3>Wichtigste Produktmerkmale:<\/h3>\n<ul>\n<li>Perfekt f\u00fcr Veganer und Vegetarier<\/li>\n<li>Zuckerfrei, ohne S\u00fc\u00dfstoffe und alkoholfrei<\/li>\n<li>Clean Label \u2013 einfache Zusammensetzung ohne k\u00fcnstliche Zusatzstoffe<\/li>\n<li>Komfortable Dosierung \u2013 der Tropfapplikator gew\u00e4hrleistet pr\u00e4zises Dosieren<\/li>\n<li>Im Labor gepr\u00fcftes Produkt \u2013 keine mikrobiologische Kontamination<\/li>\n<\/ul>\n<h3>Zusammensetzung und Wirkstoffe<\/h3>\n<p>Unsere Tropfen sind ein reines, nat\u00fcrliches Konzentrat, das Folgendes enth\u00e4lt:<\/p>\n<table border=\"1\" cellspacing=\"0\" cellpadding=\"8\">\n<thead>\n<tr>\n<th>Komponente<\/th>\n<th>Quelle<\/th>\n<th>Inhalt pro Tagesdosis (7-9 Tropfen)<\/th>\n<\/tr>\n<\/thead>\n<tbody>\n<tr>\n<td>Natrium-Kupfer-Chlorophyllin (Chlorophyll aus wei\u00dfen Maulbeerbl\u00e4ttern)<\/td>\n<td>Morus Alba L.<\/td>\n<td>28-36 mg<\/td>\n<\/tr>\n<tr>\n<td>Wasser<\/td>\n<td>-<\/td>\n<td>-<\/td>\n<\/tr>\n<tr>\n<td>Pflanzliches Glyzerin<\/td>\n<td>-<\/td>\n<td>-<\/td>\n<\/tr>\n<tr>\n<td>Antioxidans: Alpha-Tocopherol (Vitamin E)<\/td>\n<td>-<\/td>\n<td>-<\/td>\n<\/tr>\n<\/tbody>\n<\/table>\n<h3>Wie verwendet man Chlorophyll aus wei\u00dfen Maulbeeren?<\/h3>\n<p>Vor Gebrauch die Flasche gut sch\u00fctteln, um die nat\u00fcrlichen Inhaltsstoffe zu vermischen. Geben Sie 7\u20139 Tropfen des Produkts auf einen Teel\u00f6ffel und trinken Sie es direkt oder mischen Sie es mit Wasser oder einem anderen kalten Getr\u00e4nk. Diese einfache Anwendung erm\u00f6glicht eine bequeme Integration des Nahrungserg\u00e4nzungsmittels in Ihre t\u00e4gliche Ern\u00e4hrung.<\/p>\n<h3>Sicherheit und Lagerung<\/h3>\n<p>Das Produkt ist f\u00fcr die meisten Anwender unbedenklich, wird jedoch nicht f\u00fcr Schwangere und Stillende empfohlen. Die empfohlene Tagesdosis darf nicht \u00fcberschritten werden. Die Tropfen sollten trocken, bei 15\u201325 \u00b0C und au\u00dferhalb der Reichweite von Kleinkindern aufbewahrt werden. Um die Eigenschaften des Produkts zu erhalten, darf es nicht eingefroren werden.<\/p>\n<h3>Welche Vorteile bietet die regelm\u00e4\u00dfige Anwendung?<\/h3>\n<p>Wussten Sie, dass Chlorophyll die Entgiftung des K\u00f6rpers unterst\u00fctzt, die Durchblutung f\u00f6rdert und f\u00fcr gesunde Haut und Haare sorgt? Die regelm\u00e4\u00dfige Einnahme von Chlorophyll aus der wei\u00dfen Maulbeere kann zudem Ihre Vitalit\u00e4t und Ihr Wohlbefinden steigern und sich positiv auf Konzentration und Immunsystem auswirken.<\/p>\n<h3>Nutzerbewertungen<\/h3>\n<p>Kunden sch\u00e4tzen dieses Produkt aufgrund seiner nat\u00fcrlichen Inhaltsstoffe und seiner Wirksamkeit. Ein Nutzer berichtete: \u201eNach wenigen Wochen Anwendung f\u00fchlte ich mich energiegeladener und mein Hautbild verbesserte sich.\u201d Ein anderer hob die einfache Dosierung und den im Vergleich zu anderen Chlorophyllpr\u00e4paraten angenehmen Geschmack hervor.<\/p>\n<h3>Beispiele f\u00fcr die Verwendung<\/h3>\n<ul>\n<li>F\u00fcgen Sie Ihrer t\u00e4glichen Portion Mineralwasser Chlorophyll hinzu, um die Entgiftung des K\u00f6rpers zu unterst\u00fctzen.<\/li>\n<li>Geben Sie ein paar Tropfen zu Smoothies oder Gem\u00fcses\u00e4ften hinzu, um diese mit nat\u00fcrlichen Antioxidantien anzureichern.<\/li>\n<li>Als nat\u00fcrliches Nahrungserg\u00e4nzungsmittel zur Unterst\u00fctzung der Gesundheit von Herz, Muskeln und Nervensystem verwenden.<\/li>\n<\/ul>\n<h3>Zusammenfassung \u2013 die nat\u00fcrliche Kraft des Chlorophylls in Tropfen<\/h3>\n<p>Wei\u00dfes Maulbeerchlorophyll ist eine ausgezeichnete Wahl f\u00fcr alle, die Wert auf nat\u00fcrliche und wirksame Nahrungserg\u00e4nzungsmittel legen. Seine einfache, reine und sichere Zusammensetzung, die unkomplizierte Anwendung und die vielf\u00e4ltigen gesundheitsf\u00f6rdernden Eigenschaften machen es zu einer unverzichtbaren Unterst\u00fctzung der t\u00e4glichen Gesundheitsvorsorge. Entscheiden Sie sich f\u00fcr Qualit\u00e4t vom polnischen Hersteller Aura Herbals und genie\u00dfen Sie jeden Tag Energie und Vitalit\u00e4t!<\/p>","protected":false},"excerpt":{"rendered":"<ul>\n<li>Wega\u0144ski koncentrat chlorofilu z morwy bia\u0142ej<\/li>\n<li>Buteleczka 30 ml = 90 porcji codziennej suplementacji<\/li>\n<li>Precyzyjny aplikator \u2013 7\u20139 kropli dziennie<\/li>\n<li>Mo\u017cna doda\u0107 do wody lub spo\u017cy\u0107 bezpo\u015brednio<\/li>\n<li>Wsparcie codziennej kondycji serca, mi\u0119\u015bni i uk\u0142adu nerwowego<\/li>\n<\/ul>","protected":false},"featured_media":10421,"comment_status":"open","ping_status":"closed","template":"","meta":{"_acf_changed":false,"_gspb_post_css":"","rank_math_title":"Chlorofil z morwy bia\u0142ej krople 30 ml wegan | u Bucha","rank_math_description":"Chlorofil z morwy bia\u0142ej krople 30 ml \u2013 wega\u0144ski koncentrat Aura Herbals, 90 porcji. Wsparcie codziennej kondycji serca, mi\u0119\u015bni i uk\u0142adu nerwowego.","rank_math_focus_keyword":"chlorofil z morwy bia\u0142ej krople","rank_math_facebook_title":"Chlorofil z morwy bia\u0142ej \u2013 krople 30 ml","rank_math_facebook_description":"Wega\u0144ski koncentrat chlorofilu w kroplach 30 ml. 90 porcji \u2013 wsparcie codziennej kondycji serca, mi\u0119\u015bni i uk\u0142adu nerwowego.","rank_math_twitter_title":"Chlorofil z morwy bia\u0142ej 30 ml","rank_math_twitter_description":"Wega\u0144ski koncentrat chlorofilu w kroplach, 30 ml = 90 porcji."},"product_brand":[421],"product_cat":[454],"product_tag":[],"woo-feed-brand":[],"class_list":{"0":"post-10419","1":"product","2":"type-product","3":"status-publish","4":"has-post-thumbnail","6":"product_brand-aura-herbals","7":"product_cat-inne-suplementy","9":"first","10":"outofstock","11":"purchasable","12":"product-type-simple"},"ct_brands":[{"id":421,"name":"Aura-Kr\u00e4uter","slug":"aura-krauter"}],"acf":[],"_links":{"self":[{"href":"https:\/\/ubucha.pl\/de\/wp-json\/wp\/v2\/product\/10419","targetHints":{"allow":["GET"]}}],"collection":[{"href":"https:\/\/ubucha.pl\/de\/wp-json\/wp\/v2\/product"}],"about":[{"href":"https:\/\/ubucha.pl\/de\/wp-json\/wp\/v2\/types\/product"}],"replies":[{"embeddable":true,"href":"https:\/\/ubucha.pl\/de\/wp-json\/wp\/v2\/comments?post=10419"}],"wp:featuredmedia":[{"embeddable":true,"href":"https:\/\/ubucha.pl\/de\/wp-json\/wp\/v2\/media\/10421"}],"wp:attachment":[{"href":"https:\/\/ubucha.pl\/de\/wp-json\/wp\/v2\/media?parent=10419"}],"wp:term":[{"taxonomy":"product_brand","embeddable":true,"href":"https:\/\/ubucha.pl\/de\/wp-json\/wp\/v2\/product_brand?post=10419"},{"taxonomy":"product_cat","embeddable":true,"href":"https:\/\/ubucha.pl\/de\/wp-json\/wp\/v2\/product_cat?post=10419"},{"taxonomy":"product_tag","embeddable":true,"href":"https:\/\/ubucha.pl\/de\/wp-json\/wp\/v2\/product_tag?post=10419"},{"taxonomy":"woo-feed-brand","embeddable":true,"href":"https:\/\/ubucha.pl\/de\/wp-json\/wp\/v2\/woo-feed-brand?post=10419"}],"curies":[{"name":"wp","href":"https:\/\/api.w.org\/{rel}","templated":true}]}}