{"id":10238,"date":"2025-10-10T12:02:31","date_gmt":"2025-10-10T10:02:31","guid":{"rendered":"https:\/\/ubucha.pl\/colladrop-beauty-kolagen-hmg-10000-mg-mango-saszetki-30-szt\/"},"modified":"2025-11-03T10:28:44","modified_gmt":"2025-11-03T09:28:44","slug":"colladrop-beauty-collagen-hmg-10000-mg-mango-beutel-30-stuck","status":"publish","type":"product","link":"https:\/\/ubucha.pl\/de\/colladrop-beauty-kolagen-hmg-10000-mg-mango-saszetki-30-szt\/","title":{"rendered":"Colladrop\u00ae Beauty, HMG\u2122 Kollagen 10000 mg, Mango, Beutel 30 St\u00fcck."},"content":{"rendered":"<h2>Colladrop\u00ae Beauty: Collagen HMG\u2122 10.000 mg in Mango-Geschmacksbeuteln \u2013 das Geheimnis sch\u00f6ner Haut, Haare und N\u00e4gel<\/h2>\n<p>Tr\u00e4umen Sie von gesunder, straffer Haut, kr\u00e4ftigem Haar und gl\u00e4nzenden N\u00e4geln? Colladrop\u00ae Beauty ist ein Nahrungserg\u00e4nzungsmittel mit 10.000 mg hochwertigem Meereskollagen, Collagen HMG\u2122, pro Tagesdosis. Dank seiner einzigartigen Formel mit hydrolysiertem Kollagen Typ I und III sowie Zus\u00e4tzen wie Vitamin C, Coenzym Q10 und Selen unterst\u00fctzt dieses Produkt Ihre nat\u00fcrliche Sch\u00f6nheit und Gesundheit von innen heraus.<\/p>\n<h3>Warum Colladrop\u00ae Beauty w\u00e4hlen?<\/h3>\n<p>Colladrop\u00ae Beauty enth\u00e4lt mikrogranuliertes, hoch bioverf\u00fcgbares Meereskollagen mit einem durchschnittlichen Molekulargewicht von ca. 2.000 Dalton, das eine schnelle und effektive Aufnahme durch den K\u00f6rper gew\u00e4hrleistet. Das hydrolysierte Kollagen wird aus der Haut ausgew\u00e4hlter Wildfische gewonnen und ist eine nat\u00fcrliche Quelle f\u00fcr Kollagen Typ I und III \u2013 essenziell f\u00fcr gesunde Haut, Haare, N\u00e4gel und Gelenke.<\/p>\n<p>Dar\u00fcber hinaus ist das Nahrungserg\u00e4nzungsmittel mit Vitamin Quali\u00ae-C (Vitamin C) der renommierten niederl\u00e4ndischen Firma DSM Nutritional Products angereichert, das an der ordnungsgem\u00e4\u00dfen Produktion von Kollagen beteiligt ist, sowie mit Coenzym Q10 \u2013 bekannt f\u00fcr seine antioxidativen Eigenschaften und die Unterst\u00fctzung der Zellenergie \u2013 und Selen, das zur Erhaltung gesunder Haare und N\u00e4gel beitr\u00e4gt.<\/p>\n<h3>Nat\u00fcrlicher Geschmack von saftiger Mango \u2013 eine wohlschmeckende Nahrungserg\u00e4nzung.<\/h3>\n<p>Colladrop\u00ae Beauty ist nicht nur wirksam, sondern auch ein Genuss in der Anwendung. Der neutrale Geschmack und das Aroma von Kollagen werden durch nat\u00fcrliche Mango- und Passionsfruchtaromen verfeinert und machen die t\u00e4gliche Einnahme zu einem k\u00f6stlichen und erfrischenden Erlebnis. Das Produkt enth\u00e4lt Sucralose als S\u00fc\u00dfungsmittel und ist daher ohne Zuckerzusatz auch f\u00fcr Diabetiker geeignet.<\/p>\n<h3>Wichtigste Produktmerkmale<\/h3>\n<table style=\"border-collapse: collapse; width: 100%; max-width: 600px;\" border=\"1\" cellspacing=\"0\" cellpadding=\"8\">\n<thead>\n<tr style=\"background-color: #f2f2f2;\">\n<th>Eigenschaften<\/th>\n<th>Einzelheiten<\/th>\n<\/tr>\n<\/thead>\n<tbody>\n<tr>\n<td>Formular<\/td>\n<td>Beutel 10,7 g x 30 St\u00fcck.<\/td>\n<\/tr>\n<tr>\n<td>Kollagengehalt<\/td>\n<td>10.000 mg hydrolysiertes Kollagen Typ I und III (Kollagen HMG\u2122)<\/td>\n<\/tr>\n<tr>\n<td>Aktive Bestandteile<\/td>\n<td>Vitamin C (Quali\u00ae-C) 150 mg, Coenzym Q10 10 mg, Selen 27,5 \u00b5g<\/td>\n<\/tr>\n<tr>\n<td>Geschmack<\/td>\n<td>Mango mit einem Hauch von Passionsfrucht<\/td>\n<\/tr>\n<tr>\n<td>S\u00fc\u00dfstoff<\/td>\n<td>Sucralose (zuckerfrei)<\/td>\n<\/tr>\n<tr>\n<td>Molekulargewicht von Kollagen<\/td>\n<td>Etwa 2000 Da \u2013 hohe Bioverf\u00fcgbarkeit<\/td>\n<\/tr>\n<tr>\n<td>Bescheinigungen und Pr\u00fcfungen<\/td>\n<td>Das Produkt wurde im unabh\u00e4ngigen Labor von JS Hamilton getestet \u2013 keine mikrobiologische Verunreinigung oder Schwermetalle.<\/td>\n<\/tr>\n<tr>\n<td>Land der Produktion<\/td>\n<td>Polen, Aura Herbals<\/td>\n<\/tr>\n<\/tbody>\n<\/table>\n<h3>Zutaten \u2013 volle Transparenz<\/h3>\n<p>Jedes Colladrop\u00ae Beauty Sachet enth\u00e4lt:<\/p>\n<ul>\n<li>Kollagen aus Meeresfischen (Collagen HMG\u2122 \u2013 hydrolysiertes Kollagen Typ I und III)<\/li>\n<li>S\u00e4ureregulator: Zitronens\u00e4ure<\/li>\n<li>L-Ascorbins\u00e4ure (Vitamin C, Quali\u00ae-C)<\/li>\n<li>Mango- und Passionsfruchtaroma<\/li>\n<li>S\u00fc\u00dfstoff: Sucralose<\/li>\n<li>Farbe: Beta-Carotin<\/li>\n<li>Ubichinon (Coenzym Q10, nat\u00fcrlich aus Maisglukose)<\/li>\n<li>Natriumselenat (Selen)<\/li>\n<\/ul>\n<h3>Wie wendet man Colladrop\u00ae Beauty f\u00fcr optimale Ergebnisse an?<\/h3>\n<p>\u00d6ffnen Sie t\u00e4glich einen Beutel und geben Sie den Inhalt in ein Glas. F\u00fcgen Sie ca. 250 ml Wasser oder ein anderes Getr\u00e4nk Ihrer Wahl (z. B. eine pflanzliche Alternative, Milch) hinzu. Gut umr\u00fchren, bis sich das Pulver vollst\u00e4ndig aufgel\u00f6st hat, und sofort trinken. F\u00fcr optimale Ergebnisse empfehlen wir eine Anwendungsdauer von mindestens drei Monaten.<\/p>\n<h3>Sicherheit und Lagerung<\/h3>\n<p>Das Produkt ist f\u00fcr die meisten Menschen unbedenklich. Schwangere und stillende Frauen sollten jedoch vor der Einnahme einen Arzt konsultieren. Nicht verwenden bei Allergie gegen einen der Inhaltsstoffe.<\/p>\n<p>Trocken und bei 15\u201325 \u00b0C lagern. F\u00fcr Kleinkinder unzug\u00e4nglich aufbewahren. Mindesthaltbarkeitsdatum und Chargennummer befinden sich auf der Verpackung.<\/p>\n<h3>Zus\u00e4tzliche Informationen und Empfehlungen<\/h3>\n<ul>\n<li>Colladrop\u00ae Beauty enth\u00e4lt keinen zugesetzten Zucker oder Alkohol, ist ein Clean-Label-Produkt, frei von Gentechnik und Kaliumsorbat.<\/li>\n<li>Markenrohstoffe (Collagen HMG\u2122 und Quali\u00ae-C) garantieren h\u00f6chste Qualit\u00e4t, Sicherheit und Wirksamkeit.<\/li>\n<li>Niedermolekulares HMG\u2122-Kollagen durchdringt schnell die Darmbarriere und unterst\u00fctzt die ordnungsgem\u00e4\u00dfe Regeneration von Haut und Bindegewebe.<\/li>\n<li>Bei regelm\u00e4\u00dfiger Anwendung wird die Hautelastizit\u00e4t erhalten, Haare und N\u00e4gel gest\u00e4rkt und die Gelenkgesundheit unterst\u00fctzt.<\/li>\n<\/ul>\n<h3>Nutzerbewertungen<\/h3>\n<p>Colladrop\u00ae Beauty-Anwender loben das Produkt f\u00fcr seine einfache Anwendung und die sichtbare Verbesserung des Haut- und Haarzustands bereits nach wenigen Wochen der Einnahme. Der saftige Mangogeschmack macht die Einnahme zu einem angenehmen Ritual, und der Verzicht auf Zucker wird von allen gesch\u00e4tzt, die Wert auf ihre Figur und ihren Stoffwechsel legen.<\/p>\n<h3>FAQ - H\u00e4ufig gestellte Fragen<\/h3>\n<dl>\n<dt>Ist Colladrop\u00ae Beauty f\u00fcr Diabetiker geeignet?<\/dt>\n<dd>Ja, das Produkt enth\u00e4lt keinen zugesetzten Zucker und ist mit Sucralose mit einem glyk\u00e4mischen Index von null ges\u00fc\u00dft.<\/dd>\n<dt>Wie viel Kollagen enth\u00e4lt ein Beutel?<\/dt>\n<dd>Ein Beutel enth\u00e4lt bis zu 10.000 mg hydrolysiertes Kollagen Typ I und III.<\/dd>\n<dt>Wie lange sollte man das Nahrungserg\u00e4nzungsmittel einnehmen, um eine Wirkung zu erzielen?<\/dt>\n<dd>F\u00fcr eine optimale Hautregeneration und zur St\u00e4rkung von Haaren und N\u00e4geln wird eine regelm\u00e4\u00dfige Anwendung \u00fcber mindestens 3 Monate empfohlen.<\/dd>\n<dt>Kann ich Colladrop\u00ae Beauty mit anderen Nahrungserg\u00e4nzungsmitteln kombinieren?<\/dt>\n<dd>Ja, es kann zusammen mit anderen Nahrungserg\u00e4nzungsmitteln verwendet werden, aber es ist immer ratsam, auf die Gesamtmenge der aufgenommenen N\u00e4hrstoffe zu achten.<\/dd>\n<dt>Was bedeutet ein Molekulargewicht von 2000 Da f\u00fcr Kollagen?<\/dt>\n<dd>Es handelt sich hierbei um eine Masse aus Kollagenpeptiden nach enzymatischer Hydrolyse. Ein niedrigeres Molekulargewicht bedeutet eine bessere Aufnahme im K\u00f6rper.<\/dd>\n<\/dl>\n<h3>Zusammenfassung<\/h3>\n<p>Colladrop\u00ae Beauty ist ein umfassendes Kollagenpr\u00e4parat, das dank einer hohen Dosis an Meereskollagen (Collagen HMG\u2122) und sorgf\u00e4ltig ausgew\u00e4hlten Wirkstoffen gesunde Haut, Haare und N\u00e4gel unterst\u00fctzt. Der nat\u00fcrliche Mangogeschmack und die praktische Portionsbeutelform machen die t\u00e4gliche Einnahme zum Vergn\u00fcgen. Entscheiden Sie sich f\u00fcr ein Produkt, das in Polen getestet und hergestellt wurde und somit Sicherheit und Wirksamkeit garantiert.<\/p>","protected":false},"excerpt":{"rendered":"<p>Entdecken Sie die Kraft von Colladrop\u00ae Beauty \u2013 hochwertiges HMG\u2122-Meereskollagen (10.000 mg) in praktischen, leckeren Mango-Portionsbeuteln. Die perfekte Erg\u00e4nzung f\u00fcr sch\u00f6ne und gesunde Haut, Haare und N\u00e4gel. Dank des niedrigen Molekulargewichts des Kollagens (durchschnittlich 2.000 Da) werden die Wirkstoffe schnell vom K\u00f6rper aufgenommen und sorgen bereits nach kurzer Anwendungsdauer f\u00fcr sichtbare Ergebnisse.<\/p>\n<p>Angereichert mit Quali\u00ae-C Vitamin C, Coenzym Q10 und Selen \u2013 wichtigen Inhaltsstoffen zur Unterst\u00fctzung der Zellregeneration und des Zellschutzes. Laborgepr\u00fcft, zuckerfrei, mit Sucralose als S\u00fc\u00dfungsmittel. Verpackt in 30 Beuteln \u2013 ausreichend f\u00fcr einen ganzen Monat.<\/p>\n<p>Bestellen Sie jetzt und pflegen Sie Ihre Haut auf einfache und leckere Weise!<\/p>","protected":false},"featured_media":10240,"comment_status":"open","ping_status":"closed","template":"","meta":{"_acf_changed":false,"_gspb_post_css":""},"product_brand":[421],"product_cat":[313],"product_tag":[],"woo-feed-brand":[],"class_list":{"0":"post-10238","1":"product","2":"type-product","3":"status-publish","4":"has-post-thumbnail","6":"product_brand-aura-herbals","7":"product_cat-kolagen","9":"first","10":"outofstock","11":"purchasable","12":"product-type-simple"},"ct_brands":[{"id":421,"name":"Aura-Kr\u00e4uter","slug":"aura-krauter"}],"acf":[],"_links":{"self":[{"href":"https:\/\/ubucha.pl\/de\/wp-json\/wp\/v2\/product\/10238","targetHints":{"allow":["GET"]}}],"collection":[{"href":"https:\/\/ubucha.pl\/de\/wp-json\/wp\/v2\/product"}],"about":[{"href":"https:\/\/ubucha.pl\/de\/wp-json\/wp\/v2\/types\/product"}],"replies":[{"embeddable":true,"href":"https:\/\/ubucha.pl\/de\/wp-json\/wp\/v2\/comments?post=10238"}],"wp:featuredmedia":[{"embeddable":true,"href":"https:\/\/ubucha.pl\/de\/wp-json\/wp\/v2\/media\/10240"}],"wp:attachment":[{"href":"https:\/\/ubucha.pl\/de\/wp-json\/wp\/v2\/media?parent=10238"}],"wp:term":[{"taxonomy":"product_brand","embeddable":true,"href":"https:\/\/ubucha.pl\/de\/wp-json\/wp\/v2\/product_brand?post=10238"},{"taxonomy":"product_cat","embeddable":true,"href":"https:\/\/ubucha.pl\/de\/wp-json\/wp\/v2\/product_cat?post=10238"},{"taxonomy":"product_tag","embeddable":true,"href":"https:\/\/ubucha.pl\/de\/wp-json\/wp\/v2\/product_tag?post=10238"},{"taxonomy":"woo-feed-brand","embeddable":true,"href":"https:\/\/ubucha.pl\/de\/wp-json\/wp\/v2\/woo-feed-brand?post=10238"}],"curies":[{"name":"wp","href":"https:\/\/api.w.org\/{rel}","templated":true}]}}