{"id":10158,"date":"2025-10-10T12:00:31","date_gmt":"2025-10-10T10:00:31","guid":{"rendered":"https:\/\/ubucha.pl\/witamina-a-e-krople-30-ml\/"},"modified":"2026-03-09T13:05:18","modified_gmt":"2026-03-09T12:05:18","slug":"vitamin-a-e-tropfen-30-ml","status":"publish","type":"product","link":"https:\/\/ubucha.pl\/de\/witamina-a-e-krople-30-ml\/","title":{"rendered":"Vitamin A + E, Tropfen 30 ml"},"content":{"rendered":"<h2>Vitamin A + E, Tropfen 30 ml - Umfassende Pflege f\u00fcr Gesundheit und Sch\u00f6nheit<\/h2>\n<p>Sind Sie auf der Suche nach einem Nahrungserg\u00e4nzungsmittel, das sich umfassend um Ihre Gesundheit, Ihre Haut und Ihre Sehkraft k\u00fcmmert? Vitamin A + E in Tropfenform von Aura Herbals ist eine ausgezeichnete Wahl, die 100% Ihres Tagesbedarfs an diesen essentiellen Vitaminen deckt. Dank seiner sorgf\u00e4ltig ausgew\u00e4hlten Inhaltsstoffe unterst\u00fctzt dieses Produkt Ihren K\u00f6rper auf vielen Ebenen und bietet eine nat\u00fcrliche, vegane Formel ohne k\u00fcnstliche Zusatzstoffe.<\/p>\n<h3>Warum Aura Herbals Vitamin A + E Tropfen w\u00e4hlen?<\/h3>\n<p>Vitamin A spielt eine wichtige Rolle bei der Aufrechterhaltung einer normalen Sehkraft und einer gesunden Haut. Es wirkt auch auf die Schleimh\u00e4ute und unterst\u00fctzt deren normalen Zustand. Vitamin E hingegen ist ein starkes Antioxidans, das die Zellen vor oxidativem Stress sch\u00fctzt, den Alterungsprozess verz\u00f6gert und die Immunit\u00e4t unterst\u00fctzt.<\/p>\n<p>Das Produkt zeichnet sich durch seine einfache und reine Zusammensetzung auf der Basis von Oliven\u00f6l aus - einem nat\u00fcrlichen Fetttr\u00e4ger, der eine optimale Vitaminaufnahme gew\u00e4hrleistet. Dar\u00fcber hinaus wird das Vitamin E aus Sonnenblumenkernen gewonnen, was die hohe Qualit\u00e4t und Nat\u00fcrlichkeit des Erg\u00e4nzungsmittels garantiert.<\/p>\n<h3>Wichtigste Produktmerkmale<\/h3>\n<table style=\"border-collapse: collapse; width: 100%; max-width: 600px;\" border=\"1\" cellspacing=\"0\" cellpadding=\"8\">\n<thead>\n<tr style=\"background-color: #f2f2f2;\">\n<th>Merkmal<\/th>\n<th>Beschreibung<\/th>\n<\/tr>\n<\/thead>\n<tbody>\n<tr>\n<td>Formular<\/td>\n<td>Tropfen - eine einfache und bequeme Form der Nahrungserg\u00e4nzung<\/td>\n<\/tr>\n<tr>\n<td>Band<\/td>\n<td>30 ml - bis zu 180 Tagesportionen<\/td>\n<\/tr>\n<tr>\n<td>Wirkstoffe in 5 Tropfen<\/td>\n<td>Vitamin A - 800 \u00b5g (100% RWS), Vitamin E - 12 mg (100% RWS)<\/td>\n<\/tr>\n<tr>\n<td>Quelle von Vitamin E<\/td>\n<td>Nat\u00fcrliches d-alpha-Tocopherol aus Sonnenblumen (Quali\u00ae-E)<\/td>\n<\/tr>\n<tr>\n<td>Zusammensetzung<\/td>\n<td>Oliven\u00f6l, d-alpha-Tocopherol, Rosmarin-Extrakt (Antioxidans), Retinylpalmitat (Vitamin A)<\/td>\n<\/tr>\n<tr>\n<td>Vegan<\/td>\n<td>Ja - 100% veganes Vitamin<\/td>\n<\/tr>\n<tr>\n<td>Reine Zusammensetzung<\/td>\n<td>Ohne Zucker, ohne S\u00fc\u00dfungsmittel, ohne Alkohol, ohne Kaliumsorbat<\/td>\n<\/tr>\n<tr>\n<td>Hersteller<\/td>\n<td>Aura Herbals - Polnischer Hersteller mit unabh\u00e4ngiger Qualit\u00e4tsforschung<\/td>\n<\/tr>\n<\/tbody>\n<\/table>\n<h3>Inhaltsstoffe und ihre Wirkungen<\/h3>\n<p><strong>Oliven\u00f6l<\/strong> - eine nat\u00fcrliche Basis, die die Aufnahme der fettl\u00f6slichen Vitamine erleichtert und ihre maximale Verwertung durch den K\u00f6rper gew\u00e4hrleistet.<\/p>\n<p><strong>d-alpha-Tocopherol (Vitamin E)<\/strong> - eine nat\u00fcrliche Form von Vitamin E, das aus der Sonnenblume gewonnen wird und die Zellen wirksam vor Sch\u00e4den durch freie Radikale sch\u00fctzt, das Immunsystem unterst\u00fctzt und den Zustand der Haut verbessert.<\/p>\n<p><strong>Rosmarin-Extrakt<\/strong> - ein nat\u00fcrliches Antioxidans, das die Stabilit\u00e4t von Vitamin E erh\u00f6ht und die Formel vor Oxidation sch\u00fctzt.<\/p>\n<p><strong>Retinylpalmitat (Vitamin A)<\/strong> - der hochwertigste Inhaltsstoff zur Unterst\u00fctzung der gesunden Sehkraft, der richtigen Hautregeneration und der Erhaltung gesunder Schleimh\u00e4ute.<\/p>\n<h3>Wie verwendet man Vitamin A + E Tropfen?<\/h3>\n<p>Sch\u00fctteln Sie die Flasche vor dem Gebrauch gr\u00fcndlich, damit sich die Inhaltsstoffe nat\u00fcrlich vermischen. Die empfohlene Tagesdosis betr\u00e4gt 5 Tropfen. Sie k\u00f6nnen sie in ein Glas Wasser, einen Saft oder eine andere k\u00fchle Fl\u00fcssigkeit geben, um die Einnahme und Aufnahme zu erleichtern. Denken Sie daran, die empfohlene Dosis nicht zu \u00fcberschreiten und verwenden Sie das Pr\u00e4parat als Erg\u00e4nzung zu einer abwechslungsreichen Ern\u00e4hrung und einer gesunden Lebensweise.<\/p>\n<h3>Sicherheit und Qualit\u00e4t durch Tests nachgewiesen<\/h3>\n<p>Vitamin A + E von Aura Herbals wurde in Polen mit gr\u00f6\u00dfter Sorgfalt hergestellt und im unabh\u00e4ngigen Labor von J.S. Hamilton getestet. Die Analysen haben best\u00e4tigt:<\/p>\n<ul>\n<li>keine mikrobiologische Kontamination,<\/li>\n<li>keine Schwermetalle,<\/li>\n<li>\u00dcbereinstimmung der Wirkstoffe mit den angegebenen Werten.<\/li>\n<\/ul>\n<p>Dies gibt Ihnen die Gewissheit, dass das Produkt f\u00fcr die t\u00e4gliche Einnahme sicher und wirksam ist.<\/p>\n<h3>Zus\u00e4tzliche Informationen und Anleitungen<\/h3>\n<ul>\n<li><strong>Lagerung:<\/strong> Lagern Sie das Produkt an einem trockenen Ort, bei 15-25\u00b0C, au\u00dferhalb der Reichweite von kleinen Kindern. Nicht einfrieren.<\/li>\n<li><strong>Potenzial f\u00fcr Sedimentation:<\/strong> nat\u00fcrliche Ablagerungen weisen auf das Vorhandensein nat\u00fcrlicher Inhaltsstoffe hin und sind kein Hinweis auf einen Produktfehler.<\/li>\n<li><strong>Nicht verwenden:<\/strong> im Falle einer Allergie gegen einen der Inhaltsstoffe des Nahrungserg\u00e4nzungsmittels.<\/li>\n<li><strong>Nahrungserg\u00e4nzung:<\/strong> ist kein Ersatz f\u00fcr eine abwechslungsreiche Ern\u00e4hrung und eine gesunde Lebensweise.<\/li>\n<\/ul>\n<h3>Nutzerbewertungen<\/h3>\n<p>Die Kunden sch\u00e4tzen das Vitamin A + E von Aura Herbals f\u00fcr seine hohe Qualit\u00e4t und nat\u00fcrliche Zusammensetzung. Viele bemerken eine Verbesserung des Hautzustands, ein besseres Wohlbefinden und eine Unterst\u00fctzung der Sehkraft. Die Form der Tropfen macht die t\u00e4gliche Einnahme einfach, und der feine Geschmack wird von denjenigen gelobt, die Schwierigkeiten beim Schlucken von Tabletten haben.<\/p>\n<h3>Beispiele f\u00fcr Produktanwendungen<\/h3>\n<p>Diese Vitaminformel ist ideal f\u00fcr alle, die sich um ein gesundes Aussehen ihrer Haut sorgen, f\u00fcr Senioren, die ihre Sehkraft unterst\u00fctzen wollen, und f\u00fcr Veganer und Vegetarier, die nach nat\u00fcrlichen, pflanzlichen Quellen f\u00fcr Vitamin A und E suchen. Dank der praktischen Tropfenform ist die Supplementierung schnell und praktisch, unabh\u00e4ngig vom t\u00e4glichen Lebensstil.<\/p>\n<h3>Zusammenfassung<\/h3>\n<p>Vitamin A + E Tropfen von Aura Herbals ist ein Nahrungserg\u00e4nzungsmittel, das Nat\u00fcrlichkeit, Wirksamkeit und Sicherheit vereint. Es ist ideal f\u00fcr alle, die sich um die Gesundheit der Haut, das Augenlicht und den Schutz der Zellen vor oxidativem Stress k\u00fcmmern wollen. Vertrauen Sie dem polnischen Hersteller und w\u00e4hlen Sie ein Produkt, das gr\u00fcndlich getestet wurde und den h\u00f6chsten Qualit\u00e4tsstandards entspricht.<\/p>","protected":false},"excerpt":{"rendered":"<p>Vitamin A + E in praktischen Tropfen ist eine nat\u00fcrliche Unterst\u00fctzung f\u00fcr Ihren K\u00f6rper jeden Tag. Das Produkt liefert 100% des Tagesbedarfs an Vitamin A und E - entscheidend f\u00fcr normales Sehen, gesunde Haut und Schutz der Zellen vor oxidativem Stress.<\/p>\n<p>Die auf Oliven\u00f6l basierende Formel sorgt f\u00fcr eine ausgezeichnete Absorption und das Vitamin E wird aus Sonnenblumen gewonnen, was eine nat\u00fcrliche und vegane Quelle von Inhaltsstoffen garantiert. Das Produkt enth\u00e4lt keine k\u00fcnstlichen Zusatzstoffe, ist alkoholfrei, zuckerfrei und frei von S\u00fc\u00dfungsmitteln.<\/p>\n<p>Die bequeme Dosierung - 5 Tropfen pro Tag - erm\u00f6glicht es Ihnen, die Nahrungserg\u00e4nzung leicht in Ihre t\u00e4gliche Routine einzuf\u00fchren. W\u00e4hlen Sie ein polnisches Produkt von Aura Herbals und k\u00fcmmern Sie sich noch heute um Ihre Gesundheit!<\/p>","protected":false},"featured_media":10160,"comment_status":"open","ping_status":"closed","template":"","meta":{"_acf_changed":false,"_gspb_post_css":"","rank_math_title":"","rank_math_description":"","rank_math_focus_keyword":"","rank_math_facebook_title":"","rank_math_facebook_description":"","rank_math_twitter_title":"","rank_math_twitter_description":""},"product_brand":[421],"product_cat":[332],"product_tag":[],"woo-feed-brand":[],"class_list":{"0":"post-10158","1":"product","2":"type-product","3":"status-publish","4":"has-post-thumbnail","6":"product_brand-aura-herbals","7":"product_cat-witaminy","9":"first","10":"outofstock","11":"purchasable","12":"product-type-simple"},"ct_brands":[{"id":421,"name":"Aura-Kr\u00e4uter","slug":"aura-krauter"}],"acf":[],"_links":{"self":[{"href":"https:\/\/ubucha.pl\/de\/wp-json\/wp\/v2\/product\/10158","targetHints":{"allow":["GET"]}}],"collection":[{"href":"https:\/\/ubucha.pl\/de\/wp-json\/wp\/v2\/product"}],"about":[{"href":"https:\/\/ubucha.pl\/de\/wp-json\/wp\/v2\/types\/product"}],"replies":[{"embeddable":true,"href":"https:\/\/ubucha.pl\/de\/wp-json\/wp\/v2\/comments?post=10158"}],"wp:featuredmedia":[{"embeddable":true,"href":"https:\/\/ubucha.pl\/de\/wp-json\/wp\/v2\/media\/10160"}],"wp:attachment":[{"href":"https:\/\/ubucha.pl\/de\/wp-json\/wp\/v2\/media?parent=10158"}],"wp:term":[{"taxonomy":"product_brand","embeddable":true,"href":"https:\/\/ubucha.pl\/de\/wp-json\/wp\/v2\/product_brand?post=10158"},{"taxonomy":"product_cat","embeddable":true,"href":"https:\/\/ubucha.pl\/de\/wp-json\/wp\/v2\/product_cat?post=10158"},{"taxonomy":"product_tag","embeddable":true,"href":"https:\/\/ubucha.pl\/de\/wp-json\/wp\/v2\/product_tag?post=10158"},{"taxonomy":"woo-feed-brand","embeddable":true,"href":"https:\/\/ubucha.pl\/de\/wp-json\/wp\/v2\/woo-feed-brand?post=10158"}],"curies":[{"name":"wp","href":"https:\/\/api.w.org\/{rel}","templated":true}]}}