{"id":10081,"date":"2025-10-10T11:59:19","date_gmt":"2025-10-10T09:59:19","guid":{"rendered":"https:\/\/ubucha.pl\/neuro-booster-kapsulki-60-szt\/"},"modified":"2025-11-03T13:51:40","modified_gmt":"2025-11-03T12:51:40","slug":"neuro-booster-kapseln-60-stuck","status":"publish","type":"product","link":"https:\/\/ubucha.pl\/de\/neuro-booster-kapsulki-60-szt\/","title":{"rendered":"Neuro Booster, Kapseln 60 Stk."},"content":{"rendered":"<h2>Neuro Booster \u2013 nat\u00fcrliche Energie- und Konzentrationsf\u00f6rderung in Kapseln<\/h2>\n<p>Suchen Sie nach einem wirksamen Nahrungserg\u00e4nzungsmittel, das Ihre Konzentration steigert, Ihr Ged\u00e4chtnis verbessert und Ihnen mehr Energie f\u00fcr den Alltag verleiht? Neuro Booster von Aura Herbals ist eine hervorragende L\u00f6sung. Es basiert auf nat\u00fcrlichen Pflanzenextrakten und bew\u00e4hrten Inhaltsstoffen, die die kognitiven und k\u00f6rperlichen Funktionen unterst\u00fctzen. Das Produkt ist in einer Packung mit 60 pflanzlichen Kapseln erh\u00e4ltlich und reicht f\u00fcr 30 Tage regelm\u00e4\u00dfiger Anwendung.<\/p>\n<h3>Warum Neuro Booster w\u00e4hlen?<\/h3>\n<p>Neuro Booster ist eine innovative Formel auf Basis des nat\u00fcrlichen CAFFTOP\u00ae-Extraktkomplexes, standardisiert auf 201 \u00b5g\/l Koffein, gewonnen aus ausgew\u00e4hlten s\u00fcdamerikanischen Pflanzen: Guarana, Yerba Mate und Kolasamen. Angereichert mit Kreatinmonohydrat, L-Leucin und BioPerine\u00ae-Schwarzpfefferextrakt mit 951 \u00b5g\/l Piperin, wirkt das Produkt auf mehreren Ebenen:<\/p>\n<ul>\n<li><strong>Steigert Energieniveau und Ausdauer<\/strong> \u2013 Koffein aus nat\u00fcrlichen Quellen stimuliert, und Kreatin unterst\u00fctzt die Muskelleistung, was sowohl f\u00fcr k\u00f6rperlich als auch geistig aktive Menschen wichtig ist.<\/li>\n<li><strong>Verbessert die kognitiven Funktionen<\/strong> \u2013 Pflanzenextrakte und L-Leucin haben eine positive Wirkung auf Ged\u00e4chtnis, Konzentration und geistige Leistungsf\u00e4higkeit.<\/li>\n<li><strong>Erh\u00f6ht die Aufnahme der Inhaltsstoffe<\/strong> \u2013 BioPerine\u00ae erh\u00f6ht die Bioverf\u00fcgbarkeit aller Wirkstoffe und sorgt so f\u00fcr deren effektivere Wirkung.<\/li>\n<li><strong>100% nat\u00fcrliches und veganes Produkt<\/strong> \u2013 Die Kapseln bestehen aus pflanzlicher Zellulose und die Zusammensetzung ist frei von unn\u00f6tigen Zusatzstoffen und Zucker, was durch das Clean Label best\u00e4tigt wird.<\/li>\n<\/ul>\n<h3>Aktive Inhaltsstoffe Neuro Booster \u2013 nat\u00fcrliche Energie f\u00fcr Ihr Gehirn und Ihren K\u00f6rper<\/h3>\n<table style=\"border-collapse: collapse; width: 100%;\" border=\"1\" cellspacing=\"0\" cellpadding=\"8\">\n<thead>\n<tr>\n<th>Komponente<\/th>\n<th>Inhalt pro 2 Kapseln<\/th>\n<th>Beschreibung und Vorteile<\/th>\n<\/tr>\n<\/thead>\n<tbody>\n<tr>\n<td>Kreatinmonohydrat<\/td>\n<td>700 mg<\/td>\n<td>Unterst\u00fctzt die Energieproduktion in Muskelzellen und Neuronen und steigert so die k\u00f6rperliche und geistige Ausdauer.<\/td>\n<\/tr>\n<tr>\n<td>CAFFTOP\u00ae (Guarana, Yerba Mate, Colasamenextrakte)<\/td>\n<td>300 mg (davon 60 mg Koffein)<\/td>\n<td>Eine nat\u00fcrliche Koffeinquelle, die den K\u00f6rper anregt, ohne die typischen Nebenwirkungen synthetischer Koffeinquellen. Sie f\u00f6rdert Konzentration und Aufmerksamkeit.<\/td>\n<\/tr>\n<tr>\n<td>L-Leucin<\/td>\n<td>30 mg<\/td>\n<td>Als eine der verzweigtkettigen Aminos\u00e4uren (BCAA) beeinflusst sie die Muskelregeneration und unterst\u00fctzt kognitive Funktionen.<\/td>\n<\/tr>\n<tr>\n<td>BioPerine\u00ae (Schwarzer-Pfeffer-Extrakt, 95% Piperin)<\/td>\n<td>2 mg (1,9 mg Piperin)<\/td>\n<td>Es erh\u00f6ht die Bioverf\u00fcgbarkeit der Inhaltsstoffe des Nahrungserg\u00e4nzungsmittels, was deren bessere Aufnahme und effektivere Wirkung gew\u00e4hrleistet.<\/td>\n<\/tr>\n<tr>\n<td>Kapselh\u00fclle<\/td>\n<td>Hydroxypropylmethylcellulose (pflanzliche Cellulose)<\/td>\n<td>Vegan, leicht verdaulich und f\u00fcr Menschen geeignet, die Zutaten tierischen Ursprungs vermeiden.<\/td>\n<\/tr>\n<\/tbody>\n<\/table>\n<h3>Wie wendet man Neuro Booster an?<\/h3>\n<p>F\u00fcr optimale Ergebnisse wird die Einnahme empfohlen. <strong>2 Kapseln einmal t\u00e4glich<\/strong>, Nehmen Sie das Pr\u00e4parat mit ausreichend Wasser ein. Am besten wirkt es, wenn Sie es morgens oder vor geplanten geistigen oder k\u00f6rperlichen Aktivit\u00e4ten einnehmen, um Ihre Konzentration und Energie den ganzen Tag \u00fcber aufrechtzuerhalten.<\/p>\n<h3>Sicherheit und Qualit\u00e4t \u2013 Neuro Booster von Aura Herbals<\/h3>\n<p>Neuro Booster wird in Polen in den Laboren von Aura Herbals hergestellt, die \u00fcber h\u00f6chste Qualit\u00e4tszertifizierungen wie GMP und ISO verf\u00fcgen. Das Produkt wurde unabh\u00e4ngigen Tests unterzogen, die die Abwesenheit mikrobiologischer Verunreinigungen und Schwermetalle best\u00e4tigen und somit eine sichere Anwendung gew\u00e4hrleisten.<\/p>\n<p>Dieses Nahrungserg\u00e4nzungsmittel enth\u00e4lt Koffein und ist daher nicht f\u00fcr Kinder, Schwangere oder Personen mit Koffein\u00fcberempfindlichkeit geeignet. Es sollte au\u00dferdem nicht mit anderen koffeinhaltigen Produkten oder Substanzen mit \u00e4hnlicher Wirkung kombiniert werden.<\/p>\n<h3>Neuro Booster \u2013 Nutzerbewertungen<\/h3>\n<p>Anwender loben Neuro Booster f\u00fcr seine schnell stimulierende Wirkung und die verbesserte geistige Klarheit. Viele berichten von gesteigerter Produktivit\u00e4t im Beruf und verbesserter Konzentration beim Lernen. Das Produkt wird au\u00dferdem f\u00fcr seine nat\u00fcrliche Zusammensetzung und das Fehlen der f\u00fcr synthetische Koffeinquellen typischen Nebenwirkungen gesch\u00e4tzt.<\/p>\n<h3>Zus\u00e4tzliche Hinweise zur Lagerung und Verwendung<\/h3>\n<ul>\n<li>Das Nahrungserg\u00e4nzungsmittel sollte an einem trockenen Ort bei 15-25 \u00b0C, vor Licht und Feuchtigkeit gesch\u00fctzt, aufbewahrt werden.<\/li>\n<li>Au\u00dferhalb der Reichweite von Kindern aufbewahren.<\/li>\n<li>\u00dcberschreiten Sie nicht die empfohlene t\u00e4gliche Verzehrsmenge.<\/li>\n<li>Verwenden Sie das Nahrungserg\u00e4nzungsmittel im Rahmen einer ausgewogenen Ern\u00e4hrung und einer gesunden Lebensweise.<\/li>\n<\/ul>\n<h3>Anwendungsbeispiele f\u00fcr Neuro Booster<\/h3>\n<p>Neuro Booster eignet sich perfekt f\u00fcr Situationen, die erh\u00f6hte Konzentration und Energie erfordern, wie zum Beispiel:<\/p>\n<ul>\n<li>Geistige Arbeit \u2013 lange Stunden am Computer, Erstellung und Analyse von Daten.<\/li>\n<li>Studium und Lernen \u2013 Pr\u00fcfungsvorbereitung, Seminare, Intensivkurse.<\/li>\n<li>K\u00f6rperliche Aktivit\u00e4t \u2013 Training, Sportarten, die Ausdauer und Dynamik erfordern.<\/li>\n<li>Alltagsstress und M\u00fcdigkeit \u2013 nat\u00fcrliche Unterst\u00fctzung f\u00fcr den K\u00f6rper in schwierigen Momenten.<\/li>\n<\/ul>\n<p>Zusammenfassend l\u00e4sst sich sagen, dass Neuro Booster ein umfassendes Nahrungserg\u00e4nzungsmittel ist, das die Wirksamkeit nat\u00fcrlicher Pflanzenextrakte mit der Kraft von Kreatin und der innovativen Bioverf\u00fcgbarkeitsunterst\u00fctzung von BioPerine\u00ae kombiniert. Es ist die perfekte Wahl f\u00fcr gesundheitsbewusste Menschen, die eine sichere und effektive Unterst\u00fctzung f\u00fcr Gehirn und K\u00f6rper suchen.<\/p>","protected":false},"excerpt":{"rendered":"<p>Neuro Booster von Aura Herbals ist ein nat\u00fcrliches Nahrungserg\u00e4nzungsmittel in veganen Kapseln (1001 \u00b5g\/l), das Ged\u00e4chtnis und Konzentration unterst\u00fctzt. Es enth\u00e4lt den einzigartigen CAFFTOP\u00ae-Extrakt mit standardisiertem Koffeingehalt von 201 \u00b5g\/l \u2013 eine Kombination aus Guarana, Yerba Mate und Kolasamen f\u00fcr nat\u00fcrliche Energie ohne Leistungstief.<\/p>\n<p>Zus\u00e4tzlich angereichert mit Kreatinmonohydrat und BioPerine\u00ae (Schwarzer-Pfeffer-Extrakt), das die Aufnahme der Inhaltsstoffe verbessert. Das Produkt ist vegan, GMP- und ISO-zertifiziert, frei von unn\u00f6tigen Zusatzstoffen und seine Qualit\u00e4t wird durch Labortests best\u00e4tigt.<\/p>\n<p>Bestellen Sie Neuro Booster jetzt und genie\u00dfen Sie jeden Tag bessere Konzentration und einen nat\u00fcrlichen Energieschub!<\/p>","protected":false},"featured_media":10083,"comment_status":"open","ping_status":"closed","template":"","meta":{"_acf_changed":false,"_gspb_post_css":"","rank_math_title":"","rank_math_description":"","rank_math_focus_keyword":"","rank_math_facebook_title":"","rank_math_facebook_description":"","rank_math_twitter_title":"","rank_math_twitter_description":""},"product_brand":[421],"product_cat":[437],"product_tag":[],"woo-feed-brand":[],"class_list":{"0":"post-10081","1":"product","2":"type-product","3":"status-publish","4":"has-post-thumbnail","6":"product_brand-aura-herbals","7":"product_cat-ekstrakty-roslinne","9":"first","10":"outofstock","11":"purchasable","12":"product-type-simple"},"ct_brands":[{"id":421,"name":"Aura-Kr\u00e4uter","slug":"aura-krauter"}],"acf":[],"_links":{"self":[{"href":"https:\/\/ubucha.pl\/de\/wp-json\/wp\/v2\/product\/10081","targetHints":{"allow":["GET"]}}],"collection":[{"href":"https:\/\/ubucha.pl\/de\/wp-json\/wp\/v2\/product"}],"about":[{"href":"https:\/\/ubucha.pl\/de\/wp-json\/wp\/v2\/types\/product"}],"replies":[{"embeddable":true,"href":"https:\/\/ubucha.pl\/de\/wp-json\/wp\/v2\/comments?post=10081"}],"wp:featuredmedia":[{"embeddable":true,"href":"https:\/\/ubucha.pl\/de\/wp-json\/wp\/v2\/media\/10083"}],"wp:attachment":[{"href":"https:\/\/ubucha.pl\/de\/wp-json\/wp\/v2\/media?parent=10081"}],"wp:term":[{"taxonomy":"product_brand","embeddable":true,"href":"https:\/\/ubucha.pl\/de\/wp-json\/wp\/v2\/product_brand?post=10081"},{"taxonomy":"product_cat","embeddable":true,"href":"https:\/\/ubucha.pl\/de\/wp-json\/wp\/v2\/product_cat?post=10081"},{"taxonomy":"product_tag","embeddable":true,"href":"https:\/\/ubucha.pl\/de\/wp-json\/wp\/v2\/product_tag?post=10081"},{"taxonomy":"woo-feed-brand","embeddable":true,"href":"https:\/\/ubucha.pl\/de\/wp-json\/wp\/v2\/woo-feed-brand?post=10081"}],"curies":[{"name":"wp","href":"https:\/\/api.w.org\/{rel}","templated":true}]}}