{"id":10009,"date":"2025-10-10T11:58:17","date_gmt":"2025-10-10T09:58:17","guid":{"rendered":"https:\/\/ubucha.pl\/witamina-d3-4000-iu-k2-mct-krople-50-ml\/"},"modified":"2026-02-11T14:56:21","modified_gmt":"2026-02-11T13:56:21","slug":"vitamin-d3-4000-iu-k2-mct-tropfen-50-ml","status":"publish","type":"product","link":"https:\/\/ubucha.pl\/de\/witamina-d3-4000-iu-k2-mct-krople-50-ml\/","title":{"rendered":"Vitamin D3 4000 IU + K2, MCT, Tropfen 50 ml"},"content":{"rendered":"<h2>Vitamin D3 4000 IU + K2, MCT, Tropfen 50 ml - Nat\u00fcrliche Nahrungserg\u00e4nzung von h\u00f6chster Qualit\u00e4t<\/h2>\n<p>Wissen Sie, wie wichtig die richtige Erg\u00e4nzung mit Vitamin D3 und K2 f\u00fcr Ihre Gesundheit ist? Vitamin D3 4000 IU + K2, MCT-Tropfen von Aura Herbals ist ein Produkt, das entwickelt wurde, um eine umfassende Unterst\u00fctzung f\u00fcr den K\u00f6rper zu bieten. Dank seiner nat\u00fcrlichen, sorgf\u00e4ltig ausgew\u00e4hlten Inhaltsstoffe und seiner innovativen Formulierung tr\u00e4gt dieses Nahrungserg\u00e4nzungsmittel dazu bei, gesunde Knochen, das reibungslose Funktionieren des Immunsystems und die Blutgerinnung zu unterst\u00fctzen. Es ist ideal f\u00fcr alle, die Wert auf nat\u00fcrliche, wirksame und sichere Nahrungserg\u00e4nzungsmittel legen.<\/p>\n<h3>Was macht dieses Nahrungserg\u00e4nzungsmittel so besonders?<\/h3>\n<p>Vitamin D3 4000 IU + K2, MCT ist eine Kombination aus einer hohen Dosis Vitamin D3 (Cholecalciferol) mit nat\u00fcrlichem Vitamin K2 in Form von Menachinon-7 (MenaQ7\u00ae), aufgel\u00f6st in MCT-\u00d6l aus der Kokosnuss, das ihre richtige Absorption unterst\u00fctzt, ohne die Notwendigkeit, Fette mit dem Produkt zu konsumieren.<\/p>\n<p>Das Produkt enth\u00e4lt nur Zutaten nat\u00fcrlichen Ursprungs und ist frei von k\u00fcnstlichen Zusatzstoffen, Zucker, S\u00fc\u00dfungsmitteln und Alkohol. Dadurch ist es auch f\u00fcr Vegetarier und Clean-Label-Konsumenten geeignet. Die bequeme Dosierung in Form von Tropfen mit einem Applikator erm\u00f6glicht eine genaue Dosierung der Erg\u00e4nzung.<\/p>\n<h3>Vorteile der Verwendung:<\/h3>\n<ul>\n<li>Vitamin D3 tr\u00e4gt zur Erhaltung gesunder Knochen bei und unterst\u00fctzt die normale Funktion der Muskeln und des Immunsystems.<\/li>\n<li>Vitamin K2 (MenaQ7\u00ae) unterst\u00fctzt die Knochengesundheit und tr\u00e4gt zu einer normalen Blutgerinnung bei.<\/li>\n<li>MCT-\u00d6l aus der Kokosnuss erh\u00f6ht die Bioverf\u00fcgbarkeit der fettl\u00f6slichen Vitamine und sorgt f\u00fcr eine optimale Aufnahme.<\/li>\n<li>Das Produkt wurde im Labor auf Sicherheit gepr\u00fcft und ist frei von Schwermetallen und mikrobiologischen Verunreinigungen.<\/li>\n<li>Die nat\u00fcrliche Zusammensetzung und die zertifizierten Rohstoffe Quali\u00ae-D (Vitamin D3) und MenaQ7\u00ae (Vitamin K2) garantieren h\u00f6chste Qualit\u00e4t und Wirksamkeit.<\/li>\n<\/ul>\n<h3>Inhaltsstoffe des Produkts<\/h3>\n<table border=\"1\" cellspacing=\"0\" cellpadding=\"5\">\n<thead>\n<tr>\n<th>Komponente<\/th>\n<th>Quelle<\/th>\n<th>Funktion<\/th>\n<\/tr>\n<\/thead>\n<tbody>\n<tr>\n<td>Cholecalciferol (Vitamin D3)<\/td>\n<td>Nat\u00fcrliches Vitamin D3 Quali\u00ae-D aus Lanolin (Schafwolle)<\/td>\n<td>Unterst\u00fctzt die Knochengesundheit, das Immunsystem und die Muskeln<\/td>\n<\/tr>\n<tr>\n<td>Menachinon-7 (Vitamin K2)<\/td>\n<td>Nat\u00fcrliches Vitamin K2 MenaQ7\u00ae aus Kichererbse<\/td>\n<td>Unterst\u00fctzt die Blutgerinnung und die Knochengesundheit<\/td>\n<\/tr>\n<tr>\n<td>MCT-\u00d6l<\/td>\n<td>Mittelkettige Triglyceride aus der Kokosnuss<\/td>\n<td>Verbessert die Aufnahme der Vitamine D und K<\/td>\n<\/tr>\n<tr>\n<td>Tocopherol-Mischung<\/td>\n<td>Antioxidationsmittel nat\u00fcrlichen Ursprungs<\/td>\n<td>Sch\u00fctzt die Wirkstoffe vor Oxidation<\/td>\n<\/tr>\n<\/tbody>\n<\/table>\n<h3>Wirkstoffe in einer Tagesportion (4 Anwendungen):<\/h3>\n<table border=\"1\" cellspacing=\"0\" cellpadding=\"5\">\n<thead>\n<tr>\n<th>Komponente<\/th>\n<th>Wert<\/th>\n<th>% RWS<\/th>\n<\/tr>\n<\/thead>\n<tbody>\n<tr>\n<td>Vitamin D3<\/td>\n<td>100 \u00b5g (4000 IU)<\/td>\n<td>2000%<\/td>\n<\/tr>\n<tr>\n<td>Vitamin K2 (MK-7)<\/td>\n<td>75 \u00b5g<\/td>\n<td>100%<\/td>\n<\/tr>\n<\/tbody>\n<\/table>\n<h3>Wie verwendet man Vitamin D3 4000 IU + K2, MCT?<\/h3>\n<p>Sch\u00fctteln Sie die Flasche vor Gebrauch gr\u00fcndlich, damit sich die Inhaltsstoffe vermischen. Die empfohlene Tagesdosis betr\u00e4gt 4 Anwendungen von Tropfen, die in Wasser oder ein anderes k\u00fchles Getr\u00e4nk gegeben werden k\u00f6nnen. Die Tropfenform macht die Einnahme schnell, bequem und pr\u00e4zise.<\/p>\n<p>Denken Sie daran, die empfohlene Dosis nicht zu \u00fcberschreiten und fragen Sie im Zweifelsfall Ihren Arzt oder Apotheker, insbesondere wenn Sie blutgerinnungshemmende Mittel (z. B. Warfarin oder Acenocoumarol) einnehmen.<\/p>\n<h3>Sicherheit und Qualit\u00e4t<\/h3>\n<p>Das Produkt wird im polnischen Werk von Aura Herbals hergestellt und im unabh\u00e4ngigen Labor von J.S. Hamilton getestet. Die Tests best\u00e4tigten die Abwesenheit von mikrobiologischen Verunreinigungen und Schwermetallen sowie die \u00dcbereinstimmung der Zusammensetzung mit den angegebenen Werten. Sowohl Quali\u00ae-D Vitamin D3 als auch MenaQ7\u00ae Vitamin K2 verf\u00fcgen \u00fcber zahlreiche Zertifizierungen, darunter Non-GMO, Vegan, Kosher, Halal und EFSA-Zulassung, die ihre Reinheit, Sicherheit und Wirksamkeit bescheinigen.<\/p>\n<h3>F\u00fcr wen ist dieses Produkt gedacht?<\/h3>\n<ul>\n<li>F\u00fcr alle, die sich um die Gesundheit der Knochen und des Immunsystems sorgen.<\/li>\n<li>F\u00fcr Senioren \u00fcber 75 Jahre, die eine hohe Dosis an Vitamin D ben\u00f6tigen.<\/li>\n<li>F\u00fcr Sportler, die Muskelunterst\u00fctzung und Erholung ben\u00f6tigen.<\/li>\n<li>F\u00fcr Vegetarier und diejenigen, die nat\u00fcrliche Nahrungserg\u00e4nzungsmittel ohne unn\u00f6tige Zusatzstoffe bevorzugen.<\/li>\n<li>F\u00fcr Diabetiker und M\u00e4nner und Frauen, die ihre Ern\u00e4hrung mit wichtigen Vitaminen erg\u00e4nzen m\u00f6chten.<\/li>\n<\/ul>\n<h3>Zus\u00e4tzliche Informationen<\/h3>\n<ul>\n<li>Das Produkt enth\u00e4lt keinen Zucker, S\u00fc\u00dfstoff, Alkohol oder Kaliumsorbat.<\/li>\n<li>Vitamin D3 wird aus dem Lanolin von Schafen gewonnen, die in Australien und Neuseeland auf der Weide gehalten werden.<\/li>\n<li>Vitamin K2 wird aus Kichererbsen gewonnen - eine nat\u00fcrliche, pflanzliche Quelle, die sich klinisch bew\u00e4hrt hat.<\/li>\n<li>Es wird empfohlen, es an einem trockenen Ort bei 15-25\u00b0C und au\u00dferhalb der Reichweite von Kindern zu lagern.<\/li>\n<li>Nicht anwenden bei Personen, die auf einen Bestandteil des Pr\u00e4parats allergisch reagieren.<\/li>\n<li>Das Produkt ist kein Ersatz f\u00fcr eine abwechslungsreiche Ern\u00e4hrung und eine gesunde Lebensweise.<\/li>\n<\/ul>\n<h3>Nutzerbewertungen<\/h3>\n<p>Vitamin D3 4000 IU + K2, MCT von Aura Herbals hat hervorragende Bewertungen erhalten - der Durchschnitt von mehr als 100 Bewertungen liegt bei 4,9\/5. Die Anwender loben die schnelle Wirkung der Nahrungserg\u00e4nzung, die nat\u00fcrliche Zusammensetzung, die einfache Anwendung und die sp\u00fcrbare Verbesserung des Wohlbefindens und der Immunst\u00e4rkung, insbesondere in der Herbst-\/Winterzeit.<\/p>\n<h3>Zusammenfassung<\/h3>\n<p>Wenn Sie auf der Suche nach einem wirksamen, nat\u00fcrlichen und sicheren Vitamin-D3- und K2-Erg\u00e4nzungsmittel sind, dann sind die 50-ml-Tropfen von Aura Herbals genau das richtige Produkt f\u00fcr Ihre Bed\u00fcrfnisse. Dank der hochwertigen Inhaltsstoffe, der durchdachten Rezeptur und der bequemen Dosierung werden Sie sich t\u00e4glich um Ihre Knochengesundheit, Ihr Immunsystem und das richtige Funktionieren Ihres K\u00f6rpers k\u00fcmmern.<\/p>","protected":false},"excerpt":{"rendered":"<p>Vitamin D3 4000 IU + K2 Tropfen von Aura Herbals ist ein nat\u00fcrliches Erg\u00e4nzungsmittel zur Unterst\u00fctzung der Knochengesundheit, der Immunit\u00e4t und der richtigen Muskelfunktion. Das Produkt enth\u00e4lt zertifiziertes Quali\u00ae-D Vitamin D aus Lanolin und MenaQ7\u00ae Vitamin K aus Kichererbsen, die eine hohe Bioverf\u00fcgbarkeit und Sicherheit garantieren. Die Formel auf der Basis von MCT-\u00d6l aus der Kokosnuss gew\u00e4hrleistet eine optimale Aufnahme, ohne dass zus\u00e4tzliche Fette zugef\u00fchrt werden m\u00fcssen.<\/p>\n<p>Sauberes Etikett, keine k\u00fcnstlichen Zusatzstoffe und bequeme Dosierung mit einem Applikator sind weitere Vorteile dieser Erg\u00e4nzung. Ideal f\u00fcr Menschen, denen eine nat\u00fcrliche Nahrungserg\u00e4nzung wichtig ist - Senioren, Sportler, Vegetarier und alle, die sich t\u00e4glich um ihre Gesundheit k\u00fcmmern wollen. Bestellen Sie jetzt und profitieren Sie von der Aktion!<\/p>","protected":false},"featured_media":10011,"comment_status":"open","ping_status":"closed","template":"","meta":{"_acf_changed":false,"_gspb_post_css":""},"product_brand":[421],"product_cat":[332],"product_tag":[],"woo-feed-brand":[],"class_list":{"0":"post-10009","1":"product","2":"type-product","3":"status-publish","4":"has-post-thumbnail","6":"product_brand-aura-herbals","7":"product_cat-witaminy","9":"first","10":"outofstock","11":"purchasable","12":"product-type-simple"},"ct_brands":[{"id":421,"name":"Aura-Kr\u00e4uter","slug":"aura-krauter"}],"acf":[],"_links":{"self":[{"href":"https:\/\/ubucha.pl\/de\/wp-json\/wp\/v2\/product\/10009","targetHints":{"allow":["GET"]}}],"collection":[{"href":"https:\/\/ubucha.pl\/de\/wp-json\/wp\/v2\/product"}],"about":[{"href":"https:\/\/ubucha.pl\/de\/wp-json\/wp\/v2\/types\/product"}],"replies":[{"embeddable":true,"href":"https:\/\/ubucha.pl\/de\/wp-json\/wp\/v2\/comments?post=10009"}],"wp:featuredmedia":[{"embeddable":true,"href":"https:\/\/ubucha.pl\/de\/wp-json\/wp\/v2\/media\/10011"}],"wp:attachment":[{"href":"https:\/\/ubucha.pl\/de\/wp-json\/wp\/v2\/media?parent=10009"}],"wp:term":[{"taxonomy":"product_brand","embeddable":true,"href":"https:\/\/ubucha.pl\/de\/wp-json\/wp\/v2\/product_brand?post=10009"},{"taxonomy":"product_cat","embeddable":true,"href":"https:\/\/ubucha.pl\/de\/wp-json\/wp\/v2\/product_cat?post=10009"},{"taxonomy":"product_tag","embeddable":true,"href":"https:\/\/ubucha.pl\/de\/wp-json\/wp\/v2\/product_tag?post=10009"},{"taxonomy":"woo-feed-brand","embeddable":true,"href":"https:\/\/ubucha.pl\/de\/wp-json\/wp\/v2\/woo-feed-brand?post=10009"}],"curies":[{"name":"wp","href":"https:\/\/api.w.org\/{rel}","templated":true}]}}