{"id":10004,"date":"2025-10-10T11:58:17","date_gmt":"2025-10-10T09:58:17","guid":{"rendered":"https:\/\/ubucha.pl\/witamina-d3-4000-iu-k2-kapsulki-90-szt\/"},"modified":"2026-05-09T19:57:58","modified_gmt":"2026-05-09T17:57:58","slug":"vitamin-d3-4000-ie-k2-kapseln-90-stuck","status":"publish","type":"product","link":"https:\/\/ubucha.pl\/de\/witamina-d3-4000-iu-k2-kapsulki-90-szt\/","title":{"rendered":"Vitamin D3 4000 IU + K2, Kapseln 90 Stk."},"content":{"rendered":"<h2>Vitamin D3 4000 IE + K2, 90 Kapseln \u2013 umfassende Versorgung f\u00fcr Ihre Gesundheit<\/h2>\n<p>Suchen Sie ein nat\u00fcrliches, wirksames Nahrungserg\u00e4nzungsmittel, das die Knochengesundheit, das Immunsystem und die ordnungsgem\u00e4\u00dfe K\u00f6rperfunktion unterst\u00fctzt? Die Vitamin D3 4000 IE + K2 Kapseln von Aura Herbals sind ein Produkt f\u00fcr anspruchsvolle Verbraucher, die Wert auf h\u00f6chste Qualit\u00e4t und Sicherheit bei Nahrungserg\u00e4nzungsmitteln legen.<\/p>\n<h3>Nat\u00fcrliche Inhaltsstoffe f\u00fcr optimale Aufnahme<\/h3>\n<p>Was unterscheidet dieses Nahrungserg\u00e4nzungsmittel von anderen auf dem Markt? In erster Linie verwendet es zertifizierte, hochwertige Inhaltsstoffe: <strong>Quali\u00ae-D \u2013 nat\u00fcrliches Vitamin D3 aus Lanolin<\/strong> und <strong>MenaQ7\u00ae - nat\u00fcrliches Vitamin K2 (Menachinon-7) aus der Kichererbse<\/strong>. Beide Inhaltsstoffe werden sorgf\u00e4ltig ausgew\u00e4hlt und unter Ber\u00fccksichtigung von Reinheit und Bioverf\u00fcgbarkeit hergestellt, um eine schnelle und effektive Aufnahme im K\u00f6rper zu gew\u00e4hrleisten.<\/p>\n<p>Die Kapselh\u00fclle besteht aus Vcaps\u00ae-Pflanzenzellulose und ist daher f\u00fcr Vegetarier und alle, die Wert auf ein nat\u00fcrliches Nahrungserg\u00e4nzungsmittel legen, geeignet. Das Pr\u00e4parat enth\u00e4lt keine unn\u00f6tigen Zusatzstoffe, S\u00fc\u00dfungsmittel, Zucker oder Alkohol und gilt somit als Clean-Label-Produkt.<\/p>\n<h3>Warum ist die Einnahme von Vitamin D3 zusammen mit K2 sinnvoll?<\/h3>\n<p>Vitamin D3 ist f\u00fcr den Erhalt gesunder Knochen unerl\u00e4sslich und unterst\u00fctzt die einwandfreie Funktion des Immunsystems und der Muskulatur. Die hohe Dosis von 4.000 IE pro Kapsel erm\u00f6glicht eine bequeme Supplementierung auch bei erh\u00f6htem Bedarf.<\/p>\n<p>Vitamin K2, das in Form von MenaQ7\u00ae vorliegt, tr\u00e4gt nicht nur zu einer ordnungsgem\u00e4\u00dfen Blutgerinnung bei, sondern arbeitet auch mit Vitamin D3 zusammen, um Kalzium in Knochen und Z\u00e4hne zu leiten und so dessen Ansammlung in Blutgef\u00e4\u00dfen und anderen Weichgeweben zu verhindern.<\/p>\n<h3>Umfassender Betrieb und Sicherheit<\/h3>\n<p>Das Nahrungserg\u00e4nzungsmittel wird in Polen bei Aura Herbals hergestellt und wurde vom unabh\u00e4ngigen Labor JS Hamilton strengen Tests unterzogen. Diese best\u00e4tigten die Abwesenheit mikrobiologischer Verunreinigungen und Schwermetalle sowie die \u00dcbereinstimmung der Wirkstoffe mit den Herstellerangaben. Dadurch werden die Sicherheit und Wirksamkeit des Produkts gew\u00e4hrleistet.<\/p>\n<h3>Wirkstoffe und ihre Werte in einer Kapsel<\/h3>\n<table style=\"border-collapse: collapse; width: 100%; max-width: 600px;\" border=\"1\" cellspacing=\"0\" cellpadding=\"8\">\n<thead>\n<tr style=\"background-color: #f2f2f2;\">\n<th>Komponente<\/th>\n<th>Menge pro Kapsel<\/th>\n<th>Prozentsatz der RWS*<\/th>\n<\/tr>\n<\/thead>\n<tbody>\n<tr>\n<td>Vitamin D3 (Cholecalciferol, Quali\u00ae-D)<\/td>\n<td>100 \u00b5g (4000 IU)<\/td>\n<td>2000%<\/td>\n<\/tr>\n<tr>\n<td>Vitamin K2 (Menachinon-7, MenaQ7\u00ae)<\/td>\n<td>100 \u00b5g<\/td>\n<td>133%<\/td>\n<\/tr>\n<tr>\n<td>L-Leucin<\/td>\n<td>8,75 mg<\/td>\n<td>\u2013<\/td>\n<\/tr>\n<tr>\n<td>Inulin<\/td>\n<td>Hilfsstoff<\/td>\n<td>\u2013<\/td>\n<\/tr>\n<\/tbody>\n<\/table>\n<p><small>*NRV \u2013 Referenzmenge f\u00fcr die t\u00e4gliche Zufuhr f\u00fcr Erwachsene<\/small><\/p>\n<h3>Vollst\u00e4ndige Zusammensetzung der Kapsel<\/h3>\n<p>Inulin, Menachinon-7 (MenaQ7\u00ae \u2013 Vitamin K aus Kichererbsen), Cholecalciferol (Vitamin D aus Lanolin, Quali\u00ae-D), L-Leucin, Kapselh\u00fclle: Hydroxypropylmethylcellulose.<\/p>\n<h3>Wie wendet man Vitamin D3 4000 IE + K2 an?<\/h3>\n<p>Die empfohlene Tagesdosis betr\u00e4gt <strong>1 Kapsel pro Tag<\/strong>, Das Pr\u00e4parat sollte mit Wasser eingenommen werden. Die regelm\u00e4\u00dfige Anwendung gem\u00e4\u00df Anweisung unterst\u00fctzt die nat\u00fcrlichen Immunmechanismen des K\u00f6rpers und tr\u00e4gt zur Erhaltung einer gesunden Knochenmineralisierung bei.<\/p>\n<h3>F\u00fcr wen ist diese Erg\u00e4nzung gedacht?<\/h3>\n<p>Dieses Produkt ist f\u00fcr gesunde Personen \u00fcber 75 Jahre sowie f\u00fcr Erwachsene mit Bedarf an Vitamin D3 und K2 bestimmt. Es wird insbesondere Senioren, Frauen, M\u00e4nnern, Vegetariern und Menschen mit geschw\u00e4chtem Immunsystem empfohlen, denen die Gesundheit ihres Bewegungsapparates wichtig ist.<\/p>\n<h3>Sicherheitshinweise und wichtige Informationen<\/h3>\n<ul>\n<li>Das Produkt sollte nicht von Personen angewendet werden, die Antikoagulanzien einnehmen, die Antivitamin K enthalten (z. B. Warfarin, Acenocoumarol).<\/li>\n<li>Es wird empfohlen, vor Beginn der Supplementierung den 25-(OH)D-Spiegel im Blut zu testen und das Ergebnis mit Ihrem Arzt oder Apotheker zu besprechen.<\/li>\n<li>Ein Nahrungserg\u00e4nzungsmittel ersetzt weder eine abwechslungsreiche Ern\u00e4hrung noch eine gesunde Lebensweise.<\/li>\n<li>Nicht verwenden, wenn Sie gegen einen der Inhaltsstoffe des Produkts allergisch sind.<\/li>\n<\/ul>\n<h3>Praktische Tipps zur Aufbewahrung<\/h3>\n<p>Die Kapseln trocken und bei einer Temperatur von 15\u201325 \u00b0C lagern. F\u00fcr Kleinkinder unzug\u00e4nglich aufbewahren. Mindesthaltbarkeitsdatum und Chargennummer auf der Verpackung beachten.<\/p>\n<h3>Nutzerbewertungen<\/h3>\n<p>Kunden sch\u00e4tzen dieses Nahrungserg\u00e4nzungsmittel aufgrund seiner hochwertigen Inhaltsstoffe und seiner Wirksamkeit. Viele berichten, dass die regelm\u00e4\u00dfige Einnahme ihr Wohlbefinden verbessert, ihr Immunsystem gest\u00e4rkt und die Gesundheit von Knochen und Muskeln gef\u00f6rdert hat. Das Produkt gilt als sicher und gut vertr\u00e4glich und wird daher empfohlen.<\/p>\n<h3>Zus\u00e4tzliche Anwendungen und Vorteile<\/h3>\n<p>Vitamin D3 4000 IE + K2 ist die ideale Unterst\u00fctzung nicht nur f\u00fcr \u00e4ltere Erwachsene, sondern auch f\u00fcr k\u00f6rperlich aktive Menschen, die eine effektive Supplementierung ben\u00f6tigen, um eine gesunde Muskelfunktion und ein starkes Immunsystem zu erhalten. Die Supplementierung ist besonders in den Herbst- und Wintermonaten wichtig, wenn die Sonneneinstrahlung begrenzt ist.<\/p>\n<p>M\u00f6chten Sie etwas f\u00fcr Ihre Knochen- und Kreislaufgesundheit tun? Dann w\u00e4hlen Sie nat\u00fcrliche, wissenschaftlich erprobte Inhaltsstoffe, die Aura Herbals in praktischer Kapselform anbietet.<\/p>","protected":false},"excerpt":{"rendered":"<ul>\n<li>Kompleks D3 4000 IU + K2 MenaQ7 w jednej kapsu\u0142ce<\/li>\n<li>Naturalna D z lanoliny (Quali-D) + K2 MenaQ7<\/li>\n<li>90 wega\u0144skich kapsu\u0142ek z celulozy ro\u015blinnej<\/li>\n<li>3 miesi\u0105ce codziennej suplementacji<\/li>\n<li>Unterst\u00fctzt die Knochengesundheit und eine ordnungsgem\u00e4\u00dfe Blutgerinnung<\/li>\n<\/ul>","protected":false},"featured_media":10006,"comment_status":"open","ping_status":"closed","template":"","meta":{"_acf_changed":false,"_gspb_post_css":"","rank_math_title":"Witamina D3 K2 kapsu\u0142ki 4000 IU 90 szt MenaQ7 | u Bucha","rank_math_description":"Witamina D3 K2 kapsu\u0142ki \u2013 90 sztuk D3 4000 IU + K2 MenaQ7. Wega\u0144skie kapsu\u0142ki z lanolin\u0105 Quali-D, wsparcie zdrowia ko\u015bci i prawid\u0142owego krzepni\u0119cia krwi.","rank_math_focus_keyword":"witamina D3 K2 kapsu\u0142ki","rank_math_facebook_title":"Witamina D3 + K2 \u2013 kapsu\u0142ki 90 szt","rank_math_facebook_description":"D3 4000 IU + K2 MenaQ7 w wega\u0144skich kapsu\u0142kach. 90 sztuk = 3 miesi\u0105ce suplementacji. Naturalne, certyfikowane sk\u0142adniki.","rank_math_twitter_title":"Witamina D3 K2 4000 IU 90 kap","rank_math_twitter_description":"D3 4000 IU + K2 MenaQ7 w 90 wega\u0144skich kapsu\u0142kach."},"product_brand":[421],"product_cat":[332],"product_tag":[],"woo-feed-brand":[],"class_list":{"0":"post-10004","1":"product","2":"type-product","3":"status-publish","4":"has-post-thumbnail","6":"product_brand-aura-herbals","7":"product_cat-witaminy","9":"first","10":"outofstock","11":"purchasable","12":"product-type-simple"},"ct_brands":[{"id":421,"name":"Aura-Kr\u00e4uter","slug":"aura-krauter"}],"acf":[],"_links":{"self":[{"href":"https:\/\/ubucha.pl\/de\/wp-json\/wp\/v2\/product\/10004","targetHints":{"allow":["GET"]}}],"collection":[{"href":"https:\/\/ubucha.pl\/de\/wp-json\/wp\/v2\/product"}],"about":[{"href":"https:\/\/ubucha.pl\/de\/wp-json\/wp\/v2\/types\/product"}],"replies":[{"embeddable":true,"href":"https:\/\/ubucha.pl\/de\/wp-json\/wp\/v2\/comments?post=10004"}],"wp:featuredmedia":[{"embeddable":true,"href":"https:\/\/ubucha.pl\/de\/wp-json\/wp\/v2\/media\/10006"}],"wp:attachment":[{"href":"https:\/\/ubucha.pl\/de\/wp-json\/wp\/v2\/media?parent=10004"}],"wp:term":[{"taxonomy":"product_brand","embeddable":true,"href":"https:\/\/ubucha.pl\/de\/wp-json\/wp\/v2\/product_brand?post=10004"},{"taxonomy":"product_cat","embeddable":true,"href":"https:\/\/ubucha.pl\/de\/wp-json\/wp\/v2\/product_cat?post=10004"},{"taxonomy":"product_tag","embeddable":true,"href":"https:\/\/ubucha.pl\/de\/wp-json\/wp\/v2\/product_tag?post=10004"},{"taxonomy":"woo-feed-brand","embeddable":true,"href":"https:\/\/ubucha.pl\/de\/wp-json\/wp\/v2\/woo-feed-brand?post=10004"}],"curies":[{"name":"wp","href":"https:\/\/api.w.org\/{rel}","templated":true}]}}