{"id":1992,"date":"2024-12-24T12:43:42","date_gmt":"2024-12-24T12:43:42","guid":{"rendered":"https:\/\/startersites.io\/blocksy\/kiddy\/?page_id=3"},"modified":"2025-10-20T14:44:08","modified_gmt":"2025-10-20T12:44:08","slug":"datenschutzbestimmungen","status":"publish","type":"page","link":"https:\/\/ubucha.pl\/de\/privacy-policy\/","title":{"rendered":"Datenschutzbestimmungen"},"content":{"rendered":"<p>Die vorliegende Datenschutzerkl\u00e4rung regelt die Erfassung, Verarbeitung und den Schutz personenbezogener Daten im Zusammenhang mit der Nutzung der Website ubucha.pl oder anderer vom Administrator dieser Website verwalteter Domains: ubucha.pl<\/p>\n\n\n\n<p>Daten des Verarbeiters der personenbezogenen Daten:<\/p>\n\n\n\n<p>Green Traders Ltd.<br>13B Czere\u015bniowa-Stra\u00dfe<br>02-457 Warschau<br>NIP: 5223243877<\/p>\n\n\n\n<p>Michael: +48 796 416 643<br>michal@zielonihandlowcy.pl<\/p>\n\n\n\n<h6 class=\"wp-block-heading\" id=\"administratorem-danych-osobowych-osob-korzystajacych-z-dostepu-do-serwisu-przekazanych-w-zwiazku-z-korzystaniem-z-uslug-jest-administrator-serwisu-konopnybuch-pl-adres-e-mail-buch-konopnybuch-pl\">Der Verwalter der Website konopnybuch.pl, E-Mail-Adresse: buch@konopnybuch.pl, ist der Verwalter der personenbezogenen Daten der Personen, die den Zugang zur Website nutzen, die im Zusammenhang mit der Nutzung der Dienstleistungen bereitgestellt werden.&nbsp;<\/h6>\n\n\n\n<h6 class=\"wp-block-heading\" id=\"administrator-przetwarza-dane-osobowe-zgodnie-z-przepisami-prawa-z-zakresu-ochrony-danych-osobowych-w-szczegolnosci-rozporzadzenie-parlamentu-europejskiego-i-rady-ue-2016-679-z-dnia-27-kwietnia-2016-r-w-sprawie-ochrony-osob-fizycznych-w-zwiazku-z-przetwarzaniem-danych-osobowych-i-w-sprawie-swobodnego-przeplywu-takich-danych-oraz-uchylenia-dyrektywy-95-46-we-ustawa-z-dnia-18-lipca-2002-r-o-swiadczeniu-uslug-droga-elektroniczna-t-jednolity-dz-u-2013-r-poz-1422-rozporzadzeniem-ministra-spraw-wewnetrznych-i-administracji-z-dnia-29-kwietnia-2004r-w-sprawie-dokumentacji-przetwarzania-danych-osobowych-oraz-warunkow-technicznych-i-organizacyjnych-jakim-powinny-odpowiadac-urzadzenia-i-systemy-informatyczne-sluzace-do-przetwarzania-danych-osobowych-dz-u-nr-100-poz-1024\">Der Verwalter verarbeitet personenbezogene Daten im Einklang mit den gesetzlichen Bestimmungen zum Schutz personenbezogener Daten, insbesondere: Verordnung (EU) 2016\/679 des Europ\u00e4ischen Parlaments und des Rates vom 27. April 2016 zum Schutz nat\u00fcrlicher Personen bei der Verarbeitung personenbezogener Daten, zum freien Datenverkehr und zur Aufhebung der Richtlinie 95\/46\/EG; das Gesetz vom 18. Juli 2002 \u00fcber die Erbringung von Dienstleistungen auf elektronischem Wege (konsolidierter Text: Gesetzblatt 2013, Nr. 1422); die Verordnung des Ministers f\u00fcr Inneres und Verwaltung vom 29. April 2004 \u00fcber die Dokumentation der Verarbeitung personenbezogener Daten und die technischen und organisatorischen Bedingungen, die Ger\u00e4te und IT-Systeme erf\u00fcllen m\u00fcssen, die f\u00fcr die Verarbeitung personenbezogener Daten verwendet werden (GBl. Nr. 100, Nr. 1024).<\/h6>\n\n\n\n<h2 class=\"wp-block-heading\" id=\"rodzaj-przetwarzanych-danych-cele-oraz-podstawa-prawna\"><strong>Art der verarbeiteten Daten, Zweck und Rechtsgrundlage<\/strong><\/h2>\n\n\n\n<p>2.1 Die Gesellschaft sammelt Informationen \u00fcber nat\u00fcrliche Personen, die eine Rechtshandlung vornehmen, die nicht unmittelbar mit ihrer T\u00e4tigkeit zusammenh\u00e4ngt, \u00fcber nat\u00fcrliche Personen, die in eigenem Namen eine gewerbliche oder berufliche T\u00e4tigkeit aus\u00fcben, und \u00fcber nat\u00fcrliche Personen, die juristische Personen oder Organisationseinheiten vertreten, die keine juristischen Personen sind, denen das Gesetz Rechtsf\u00e4higkeit verleiht, und die in eigenem Namen eine gewerbliche oder berufliche T\u00e4tigkeit aus\u00fcben, nachstehend zusammenfassend als Kunden bezeichnet.<\/p>\n\n\n\n<p>2.2 Die personenbezogenen Daten der Kunden werden im Falle von:<\/p>\n\n\n\n<ol class=\"wp-block-list\">\n<li>a) Registrierung eines Kontos im Online-Shop, um ein individuelles Konto zu erstellen und zu verwalten.&nbsp;<em>Rechtsgrundlage: erforderlich f\u00fcr die Erf\u00fcllung des Vertrags \u00fcber die Erbringung der Kontodienstleistung (Artikel 6 Absatz 1 Buchstabe b RODO)<\/em><\/li>\n\n\n\n<li>b) die Aufgabe einer Bestellung im Online-Shop zum Zweck der Erf\u00fcllung des Kaufvertrags.<em>&nbsp;Rechtsgrundlage: notwendig f\u00fcr die Erf\u00fcllung des Kaufvertrags (Artikel 6 Absatz 1 Buchstabe b) RODO)<\/em><\/li>\n\n\n\n<li>c) das Abonnement eines Newsletters (Newsletter) zum Zwecke der Erf\u00fcllung eines Vertrages \u00fcber eine elektronisch erbrachte Dienstleistung.<\/li>\n<\/ol>\n\n\n\n<p>&nbsp;2.3 Bei der Registrierung eines Kontos im Online-Shop muss der Kunde Folgendes angeben:<\/p>\n\n\n\n<ol class=\"wp-block-list\">\n<li>(a) E-Mail Adresse;<br>(b) Angaben zur Adresse:<br>- Postleitzahl und Ort;<br>- Land (Staat);<br>- Stra\u00dfe mit Haus-\/Wohnungsnummer.<br>(c) Name;<br>(d) Telefonnummer.<\/li>\n<\/ol>\n\n\n\n<p>2.4 Bei der Registrierung eines Kontos im Online-Shop legt der Kunde selbst\u00e4ndig ein individuelles Passwort f\u00fcr den Zugang zu seinem Konto fest. Der Kunde kann das Passwort zu einem sp\u00e4teren Zeitpunkt nach den in Abschnitt 7 beschriebenen Regeln \u00e4ndern.&nbsp;<\/p>\n\n\n\n<p>2.5 Bei einer Bestellung im Online-Shop gibt der Kunde die folgenden Daten an:<\/p>\n\n\n\n<ol class=\"wp-block-list\">\n<li>(a) E-Mail Adresse;<br>(b) Angaben zur Adresse:<br>- Postleitzahl und Ort;<br>- Land (Staat);<br>- Stra\u00dfe mit Haus-\/Wohnungsnummer.<br>(c) Name;<br>(d) Telefonnummer.<\/li>\n<\/ol>\n\n\n\n<p>2.6 Im Falle von Unternehmern wird der oben beschriebene Umfang der Daten noch erweitert:<\/p>\n\n\n\n<ol class=\"wp-block-list\">\n<li>(a) den Firmennamen des Unternehmers;<br>(b) die Umsatzsteuer-Identifikationsnummer.<\/li>\n<\/ol>\n\n\n\n<p>2.7 Bei der Nutzung des Newsletter-Dienstes gibt der Kunde nur seine E-Mail-Adresse an.<\/p>\n\n\n\n<h3 class=\"wp-block-heading\" id=\"1-informacje-ogolne\"><strong>1. allgemeine Informationen<\/strong><\/h3>\n\n\n\n<ol class=\"wp-block-list\">\n<li>Diese Politik gilt f\u00fcr die Website, die unter der Url:&nbsp;<strong>hanfnybuch.pl<\/strong><\/li>\n\n\n\n<li>Der Betreiber des Dienstes und Verwalter der personenbezogenen Daten ist: ZIELONI HANDLCY SP\u00d3\u0141KA Z OGRANICZON\u0104 ODPOWIEDZIALNO\u015aCI\u0104 NIP 5223243877 KRS 0001007583 REGON 523906394 buch@konopnybuch.pl +48 796416643<\/li>\n\n\n\n<li>E-Mail-Kontaktadresse des Betreibers: buch@konopnybuch.pl<\/li>\n\n\n\n<li>Der Betreiber ist der Verwalter Ihrer pers\u00f6nlichen Daten in Bezug auf die Daten, die Sie freiwillig auf der Website angeben.<\/li>\n\n\n\n<li>Der Dienst verwendet personenbezogene Daten f\u00fcr die folgenden Zwecke:\n<ol class=\"wp-block-list\">\n<li>Erstellung eines Newsletters<\/li>\n\n\n\n<li>Betrieb eines Kommentarsystems<\/li>\n\n\n\n<li>Ein Online-Forum betreiben<\/li>\n\n\n\n<li>F\u00fchren eines Online-Chats<\/li>\n\n\n\n<li>Betrieb eines Kleinanzeigensystems<\/li>\n\n\n\n<li>Anzeige von Benutzerdurchsagen<\/li>\n\n\n\n<li>Vorbereitung, Verpackung, Versand von Waren<\/li>\n\n\n\n<li>Erbringung der gew\u00fcnschten Dienstleistungen<\/li>\n\n\n\n<li>Pr\u00e4sentation eines Angebots oder einer Information<\/li>\n<\/ol>\n<\/li>\n\n\n\n<li>Der Dienst f\u00fchrt Funktionen aus, um Informationen \u00fcber die Nutzer und ihr Verhalten auf folgende Weise zu erhalten:\n<ol class=\"wp-block-list\">\n<li>Durch die freiwillig in die Formulare eingegebenen Daten, die in die Systeme des Betreibers eingegeben werden.<\/li>\n\n\n\n<li>Durch die Speicherung von Cookies (sog. \u201eCookies\u201d) auf den Endger\u00e4ten.<\/li>\n<\/ol>\n<\/li>\n<\/ol>\n\n\n\n<h3 class=\"wp-block-heading\" id=\"2-wybrane-metody-ochrony-danych-stosowane-przez-operatora\"><strong>2. ausgew\u00e4hlte Datenschutzmethoden des Betreibers<\/strong><\/h3>\n\n\n\n<ol class=\"wp-block-list\">\n<li>Die Login- und Personendaten-Eingabeseiten sind in der \u00dcbertragungsschicht gesch\u00fctzt (SSL-Zertifikat). Dadurch wird sichergestellt, dass die auf der Website eingegebenen pers\u00f6nlichen Daten und Anmeldedaten auf dem Computer des Benutzers verschl\u00fcsselt werden und nur auf dem Zielserver gelesen werden k\u00f6nnen.<\/li>\n\n\n\n<li>Die in der Datenbank gespeicherten personenbezogenen Daten werden so verschl\u00fcsselt, dass nur derjenige, der den Operator-Schl\u00fcssel besitzt, sie lesen kann. Auf diese Weise sind die Daten gesch\u00fctzt, falls die Datenbank vom Server gestohlen wird.<\/li>\n\n\n\n<li>Der Dienst verwendet eine Zwei-Faktor-Authentifizierung, die eine zus\u00e4tzliche Form des Schutzes f\u00fcr die Anmeldung bei dem Dienst darstellt.<\/li>\n\n\n\n<li>Der Betreiber \u00e4ndert in regelm\u00e4\u00dfigen Abst\u00e4nden seine administrativen Passw\u00f6rter.<\/li>\n\n\n\n<li>Um die Daten zu sch\u00fctzen, erstellt der Betreiber regelm\u00e4\u00dfig Sicherungskopien.<\/li>\n\n\n\n<li>Ein wichtiges Element des Datenschutzes ist die regelm\u00e4\u00dfige Aktualisierung der gesamten Software, die der Betreiber zur Verarbeitung personenbezogener Daten einsetzt, d.h. insbesondere die regelm\u00e4\u00dfige Aktualisierung der Softwarekomponenten.<\/li>\n<\/ol>\n\n\n\n<h3 class=\"wp-block-heading\" id=\"3-hosting\"><strong>3. das Hosting<\/strong><\/h3>\n\n\n\n<ol class=\"wp-block-list\">\n<li>Der Dienst wird auf dem Server des Betreibers gehostet (technisch gewartet): zenbox.pl<\/li>\n<\/ol>\n\n\n\n<h3 class=\"wp-block-heading\" id=\"4-twoje-prawa-i-dodatkowe-informacje-o-sposobie-wykorzystania-danych\"><strong>4. Ihre Rechte und zus\u00e4tzliche Informationen \u00fcber die Verwendung Ihrer Daten<\/strong><\/h3>\n\n\n\n<ol class=\"wp-block-list\">\n<li>In bestimmten Situationen hat der Verwalter das Recht, Ihre personenbezogenen Daten an andere Empf\u00e4nger zu \u00fcbermitteln, wenn dies f\u00fcr die Erf\u00fcllung eines mit Ihnen geschlossenen Vertrags oder f\u00fcr die Erf\u00fcllung der dem Verwalter obliegenden Verpflichtungen erforderlich ist. Dies gilt f\u00fcr solche Gruppen von Empf\u00e4ngern:\n<ul class=\"wp-block-list\">\n<li>Hosting-Unternehmen auf delegierter Basis<\/li>\n\n\n\n<li>Kuriere<\/li>\n\n\n\n<li>Betreiber des Kommentarsystems<\/li>\n\n\n\n<li>Unternehmen, die dem Verwalter Marketingdienstleistungen anbieten<\/li>\n<\/ul>\n<\/li>\n\n\n\n<li>Ihre personenbezogenen Daten werden vom Verwalter nur so lange verarbeitet, wie es f\u00fcr die Durchf\u00fchrung der damit verbundenen T\u00e4tigkeiten erforderlich ist, die in gesonderten Vorschriften festgelegt sind (z. B. zur Buchf\u00fchrung). Im Hinblick auf Marketingdaten werden die Daten nicht l\u00e4nger als 3 Jahre verarbeitet.<\/li>\n\n\n\n<li>Sie haben das Recht, sich an den Verwalter zu wenden:\n<ul class=\"wp-block-list\">\n<li>Zugang zu den Sie betreffenden personenbezogenen Daten,<\/li>\n\n\n\n<li>ihre Berichtigung,<\/li>\n\n\n\n<li>L\u00f6schungen,<\/li>\n\n\n\n<li>Einschr\u00e4nkung der Verarbeitung,<\/li>\n\n\n\n<li>und Daten\u00fcbertragbarkeit.<\/li>\n<\/ul>\n<\/li>\n\n\n\n<li>Sie haben das Recht, der unter 3.3 c) genannten Verarbeitung personenbezogener Daten zur Wahrung der berechtigten Interessen des f\u00fcr die Verarbeitung Verantwortlichen, einschlie\u00dflich des Profilings, zu widersprechen, wobei das Widerspruchsrecht nicht ausge\u00fcbt werden kann, wenn berechtigte Gr\u00fcnde f\u00fcr die Verarbeitung vorliegen, die Ihre Interessen, Rechte und Freiheiten \u00fcberwiegen, insbesondere die Feststellung, Geltendmachung oder Verteidigung von Anspr\u00fcchen.<\/li>\n\n\n\n<li>Gegen die Handlungen des Administrators kann beim Pr\u00e4sidenten des Amtes f\u00fcr den Schutz personenbezogener Daten, ul. Stawki 2, 00-193 Warschau, Beschwerde eingelegt werden.<\/li>\n\n\n\n<li>Die Angabe von personenbezogenen Daten ist freiwillig, aber f\u00fcr den Betrieb des Dienstes erforderlich.<\/li>\n\n\n\n<li>Eine automatisierte Entscheidungsfindung, einschlie\u00dflich Profiling, kann in Bezug auf Sie zum Zweck der Erbringung von Dienstleistungen im Rahmen des geschlossenen Vertrags und zum Zweck der Direktwerbung durch den Verwalter erfolgen.<\/li>\n\n\n\n<li>Personenbezogene Daten werden nicht aus Drittl\u00e4ndern im Sinne der Datenschutzgesetzgebung \u00fcbermittelt. Das bedeutet, dass wir sie nicht in L\u00e4nder au\u00dferhalb der Europ\u00e4ischen Union \u00fcbermitteln.<\/li>\n<\/ol>\n\n\n\n<h3 class=\"wp-block-heading\" id=\"5-informacje-w-formularzach\"><strong>5. Informationen zu den Formularen<\/strong><\/h3>\n\n\n\n<ol class=\"wp-block-list\">\n<li>Die Website sammelt Informationen, die der Nutzer freiwillig zur Verf\u00fcgung stellt, einschlie\u00dflich personenbezogener Daten, sofern diese zur Verf\u00fcgung gestellt werden.<\/li>\n\n\n\n<li>Der Dienst kann Informationen \u00fcber die Verbindungsparameter (Zeitstempel, IP-Adresse) speichern.<\/li>\n\n\n\n<li>Die Website kann in einigen F\u00e4llen Informationen speichern, um die Daten im Formular mit der E-Mail-Adresse des Benutzers, der das Formular ausf\u00fcllt, zu verkn\u00fcpfen. In diesem Fall erscheint die E-Mail-Adresse des Nutzers innerhalb der URL der Seite, die das Formular enth\u00e4lt.<\/li>\n\n\n\n<li>Die im Formular angegebenen Daten werden zu dem Zweck verarbeitet, der sich aus der Funktion des jeweiligen Formulars ergibt, z. B. zur Bearbeitung einer Serviceanfrage oder eines Verkaufskontakts, zur Registrierung von Dienstleistungen usw. Aus dem Kontext und der Beschreibung des Formulars geht jeweils klar hervor, wof\u00fcr es verwendet wird.<\/li>\n<\/ol>\n\n\n\n<h3 class=\"wp-block-heading\" id=\"6-logi-administratora\"><strong>6 Administratorprotokolle<\/strong><\/h3>\n\n\n\n<ol class=\"wp-block-list\">\n<li>Informationen \u00fcber das Nutzerverhalten auf der Website k\u00f6nnen protokolliert werden. Diese Daten werden f\u00fcr die Verwaltung der Website verwendet.<\/li>\n<\/ol>\n\n\n\n<h3 class=\"wp-block-heading\" id=\"7-istotne-techniki-marketingowe\"><strong>7 Relevante Marketingtechniken<\/strong><\/h3>\n\n\n\n<ol class=\"wp-block-list\">\n<li>Der Betreiber nutzt die statistische Auswertung des Website-Verkehrs \u00fcber Google Analytics (Google Inc., mit Sitz in den USA). Der Betreiber \u00fcbermittelt keine personenbezogenen Daten an den Betreiber dieses Dienstes, sondern nur anonymisierte Informationen. Der Dienst basiert auf der Verwendung von Cookies auf dem Endger\u00e4t des Nutzers. Was die vom Google-Werbenetzwerk gesammelten Informationen \u00fcber die Nutzerpr\u00e4ferenzen betrifft, so kann der Nutzer die aus den Cookies resultierenden Informationen mit Hilfe des folgenden Tools einsehen und bearbeiten: https:\/\/www.google.com\/ads\/preferences\/.<\/li>\n\n\n\n<li>Der Betreiber verwendet Remarketing-Techniken, um Werbebotschaften auf das Verhalten des Nutzers auf der Website abzustimmen, was den Anschein erwecken kann, dass die pers\u00f6nlichen Daten des Nutzers verwendet werden, um den Nutzer zu verfolgen, aber in der Praxis werden keine pers\u00f6nlichen Daten vom Betreiber an die Werbebetreiber \u00fcbertragen. Eine technische Voraussetzung f\u00fcr solche Aktivit\u00e4ten ist, dass Cookies aktiviert sind.<\/li>\n\n\n\n<li>Der Betreiber verwendet das Facebook-Pixel. Diese Technologie stellt sicher, dass Facebook (Facebook Inc., USA) wei\u00df, dass eine dort registrierte Person die Website nutzt. Der Betreiber \u00fcbermittelt keine zus\u00e4tzlichen personenbezogenen Daten an Facebook. Der Dienst basiert auf der Verwendung von Cookies auf dem Endger\u00e4t des Nutzers.<\/li>\n\n\n\n<li>Der Betreiber verwendet eine L\u00f6sung, die das Nutzerverhalten durch Heatmapping und Aufzeichnung des Verhaltens auf der Website untersucht. Diese Informationen werden anonymisiert, bevor sie an den Betreiber des Dienstes \u00fcbermittelt werden, so dass dieser nicht wei\u00df, auf welche Person sie sich beziehen. Insbesondere werden eingegebene Passw\u00f6rter und andere pers\u00f6nliche Daten nicht aufgezeichnet.<\/li>\n\n\n\n<li>Der Betreiber verwendet eine L\u00f6sung, die den Betrieb der Website in Bezug auf die Nutzer automatisiert, z.B. kann er einem Nutzer nach dem Besuch einer bestimmten Unterseite eine E-Mail schicken, vorausgesetzt, der Nutzer hat zugestimmt, kommerzielle Korrespondenz vom Betreiber zu erhalten.<\/li>\n<\/ol>\n\n\n\n<h3 class=\"wp-block-heading\" id=\"8-informacja-o-plikach-cookies\"><strong>8 Informationen \u00fcber Cookies<\/strong><\/h3>\n\n\n\n<ol class=\"wp-block-list\">\n<li>Die Website verwendet Cookies.<\/li>\n\n\n\n<li>Cookies (sog. \u201eKekse\u201d) sind IT-Daten, insbesondere Textdateien, die auf dem Endger\u00e4t des Dienstnutzers gespeichert werden und f\u00fcr die Nutzung der Website bestimmt sind. Cookies enthalten in der Regel den Namen der Website, von der sie stammen, die Zeit, in der sie auf dem Endger\u00e4t gespeichert werden, und eine eindeutige Nummer.<\/li>\n\n\n\n<li>Die Stelle, die Cookies auf den Endger\u00e4ten der Nutzer platziert und Zugang zu ihnen erh\u00e4lt, ist der Betreiber des Dienstes.<\/li>\n\n\n\n<li>Cookies werden f\u00fcr die folgenden Zwecke verwendet:\n<ol class=\"wp-block-list\">\n<li>Aufrechterhaltung einer Sitzung des Website-Benutzers (nach dem Einloggen), dank derer der Benutzer sein Login und sein Passwort nicht auf jeder Unterseite der Website erneut eingeben muss;<\/li>\n\n\n\n<li>um die oben unter \u201eWesentliche Marketingtechniken\u201d genannten Ziele zu erreichen;<\/li>\n<\/ol>\n<\/li>\n\n\n\n<li>Die Website verwendet zwei Haupttypen von Cookies: \u201eSession\u201d (Sitzungscookies) und \u201epermanente\u201d (dauerhafte Cookies). \u201eSitzungs-Cookies\u201d sind tempor\u00e4re Dateien, die auf dem Endger\u00e4t des Nutzers gespeichert werden, bis dieser sich abmeldet, die Website verl\u00e4sst oder die Software (Webbrowser) ausschaltet. \u201eDauerhafte\u201d Cookies werden auf dem Endger\u00e4t des Nutzers f\u00fcr die in den Cookie-Parametern angegebene Zeit oder bis zu ihrer L\u00f6schung durch den Nutzer gespeichert.<\/li>\n\n\n\n<li>Die Web-Browsing-Software (Webbrowser) erlaubt in der Regel standardm\u00e4\u00dfig die Speicherung von Cookies auf dem Endger\u00e4t des Nutzers. Die Nutzer der Website k\u00f6nnen ihre diesbez\u00fcglichen Einstellungen \u00e4ndern. Der Internet-Browser bietet die M\u00f6glichkeit, Cookies zu l\u00f6schen. Es ist auch m\u00f6glich, Cookies automatisch zu blockieren. Einzelheiten entnehmen Sie bitte der Hilfe oder Dokumentation Ihres Internet-Browsers.<\/li>\n\n\n\n<li>Einschr\u00e4nkungen bei der Verwendung von Cookies k\u00f6nnen einige der auf der Website verf\u00fcgbaren Funktionen beeintr\u00e4chtigen.<\/li>\n\n\n\n<li>Die im Endger\u00e4t des Nutzers des Dienstes platzierten Cookies k\u00f6nnen auch von Einrichtungen verwendet werden, die mit dem Betreiber des Dienstes zusammenarbeiten, insbesondere von Unternehmen: Google (Google Inc. mit Sitz in den USA), Facebook (Facebook Inc. mit Sitz in den USA), Twitter (Twitter Inc. mit Sitz in den USA).<\/li>\n<\/ol>\n\n\n\n<h3 class=\"wp-block-heading\" id=\"9-zarzadzanie-plikami-cookies-jak-w-praktyce-wyrazac-i-cofac-zgode\"><strong>9. die Verwaltung von Cookies - wie wird die Zustimmung in der Praxis erteilt und zur\u00fcckgezogen?<\/strong><\/h3>\n\n\n\n<ol class=\"wp-block-list\">\n<li>Wenn Sie keine Cookies erhalten m\u00f6chten, k\u00f6nnen Sie Ihre Browsereinstellungen \u00e4ndern. Wir weisen darauf hin, dass die Deaktivierung von Cookies, die f\u00fcr Authentifizierungsprozesse, die Sicherheit und die Beibehaltung von Benutzerpr\u00e4ferenzen unerl\u00e4sslich sind, die Nutzung der Websites erschweren und in extremen F\u00e4llen unm\u00f6glich machen kann<\/li>\n\n\n\n<li>Um Ihre Cookie-Einstellungen zu verwalten, w\u00e4hlen Sie den von Ihnen verwendeten Webbrowser aus der nachstehenden Liste aus und folgen Sie den Anweisungen:\n<ul class=\"wp-block-list\">\n<li><a href=\"https:\/\/support.microsoft.com\/pl-pl\/help\/10607\/microsoft-edge-view-delete-browser-history\" target=\"_blank\" rel=\"noreferrer noopener nofollow\">Kante<\/a><\/li>\n\n\n\n<li><a href=\"https:\/\/support.microsoft.com\/pl-pl\/help\/278835\/how-to-delete-cookie-files-in-internet-explorer\" target=\"_blank\" rel=\"noreferrer noopener nofollow\">Internet Explorer<\/a><\/li>\n\n\n\n<li><a href=\"http:\/\/support.google.com\/chrome\/bin\/answer.py?hl=pl&amp;answer=95647\" target=\"_blank\" rel=\"noreferrer noopener nofollow\">Chrom<\/a><\/li>\n\n\n\n<li><a href=\"http:\/\/support.apple.com\/kb\/PH5042\" target=\"_blank\" rel=\"noreferrer noopener nofollow\">Safari<\/a><\/li>\n\n\n\n<li><a href=\"http:\/\/support.mozilla.org\/pl\/kb\/W%C5%82%C4%85czanie%20i%20wy%C5%82%C4%85czanie%20obs%C5%82ugi%20ciasteczek\" target=\"_blank\" rel=\"noreferrer noopener nofollow\">Firefox<\/a><\/li>\n\n\n\n<li><a href=\"http:\/\/help.opera.com\/Windows\/12.10\/pl\/cookies.html\" target=\"_blank\" rel=\"noreferrer noopener nofollow\">Oper<\/a><\/li>\n\n\n\n<li>Mobile Ger\u00e4te:<\/li>\n\n\n\n<li><a href=\"http:\/\/support.google.com\/chrome\/bin\/answer.py?hl=pl&amp;answer=95647\" target=\"_blank\" rel=\"noreferrer noopener nofollow\">Android<\/a><\/li>\n\n\n\n<li><a href=\"http:\/\/support.apple.com\/kb\/HT1677?viewlocale=pl_PL\" target=\"_blank\" rel=\"noreferrer noopener nofollow\">Safari (iOS)<\/a><\/li>\n\n\n\n<li>Windows Phone<\/li>\n<\/ul>\n<\/li>\n<\/ol>\n\n\n\n<p>Wir m\u00f6chten sicherstellen, dass unser Kooperationsmodell, das auch die Verarbeitung Ihrer personenbezogenen Daten umfasst, transparent und freundlich ist. In \u00dcbereinstimmung mit den Grunds\u00e4tzen der Verwendung der Pixel-Technologie und den Grunds\u00e4tzen von RODO ist es \u00e4u\u00dferst wichtig, Ihre Nutzer klar dar\u00fcber zu informieren, dass alle Unternehmen der Wirtualna Polska Capital Group im Umfeld Ihrer Dienste t\u00e4tig sind und an den Prozessen der Verarbeitung von Nutzerdaten teilnehmen. Wir empfehlen Ihnen, nach der Einf\u00fchrung von WP Pixel eine Informationsklausel auf Ihrer Datenschutzseite zu implementieren, die z. B. den folgenden Text enth\u00e4lt:<\/p>\n\n\n\n<p><strong>Auf unseren Websites platzieren Dritte Informationen in Form von Cookies und anderen \u00e4hnlichen Technologien auf Ihrem Endger\u00e4t (z. B. Computer, Smartphone) und greifen auf diese zu. Dabei handelt es sich um unsere vertrauensw\u00fcrdigen Partner, mit denen wir kontinuierlich zusammenarbeiten, um die Werbung auf unseren und ihren Websites sowie die Dienstleistungen, die wir und unsere vertrauensw\u00fcrdigen Partner anbieten, auf Ihre Bed\u00fcrfnisse und Interessen abzustimmen. Diese vertrauensw\u00fcrdigen Partner sind Unternehmen innerhalb der Wirtualna Polska Kapitalgruppe. Detaillierte Informationen dar\u00fcber, wie Ihre Daten von Wirtualna Polska verarbeitet werden, finden Sie in der&nbsp;<a href=\"https:\/\/holding.wp.pl\/poufnosc\" rel=\"noreferrer noopener nofollow\" target=\"_blank\">die Datenschutzpolitik von Wirtualna Polska<\/a>.<\/strong><\/p>","protected":false},"excerpt":{"rendered":"<p>Niniejsza Polityka Prywatno\u015bci okre\u015bla zasady zbierania, przetwarzania i ochrony danych osobowych w zwi\u0105zku z korzystaniem z serwisu internetowego ubucha.pl lub innych domenach administrowanych przez Administratora tego serwisu: ubucha.pl Dane podmiotu przetwarzaj\u0105cego dane osobowe: Zieloni Handlowcy Sp. z o. o.ul. Czere\u015bniowa 13B02-457 WarszawaNIP: 5223243877 Micha\u0142: +48 796 416 643michal@zielonihandlowcy.pl Administratorem danych osobowych os\u00f3b korzystaj\u0105cych z dost\u0119pu [&hellip;]<\/p>\n","protected":false},"author":1,"featured_media":0,"parent":0,"menu_order":0,"comment_status":"closed","ping_status":"open","template":"","meta":{"_acf_changed":false,"_gspb_post_css":"","footnotes":""},"class_list":["post-1992","page","type-page","status-publish","hentry"],"blocksy_meta":[],"acf":[],"_links":{"self":[{"href":"https:\/\/ubucha.pl\/de\/wp-json\/wp\/v2\/pages\/1992","targetHints":{"allow":["GET"]}}],"collection":[{"href":"https:\/\/ubucha.pl\/de\/wp-json\/wp\/v2\/pages"}],"about":[{"href":"https:\/\/ubucha.pl\/de\/wp-json\/wp\/v2\/types\/page"}],"author":[{"embeddable":true,"href":"https:\/\/ubucha.pl\/de\/wp-json\/wp\/v2\/users\/1"}],"replies":[{"embeddable":true,"href":"https:\/\/ubucha.pl\/de\/wp-json\/wp\/v2\/comments?post=1992"}],"version-history":[{"count":2,"href":"https:\/\/ubucha.pl\/de\/wp-json\/wp\/v2\/pages\/1992\/revisions"}],"predecessor-version":[{"id":52560,"href":"https:\/\/ubucha.pl\/de\/wp-json\/wp\/v2\/pages\/1992\/revisions\/52560"}],"wp:attachment":[{"href":"https:\/\/ubucha.pl\/de\/wp-json\/wp\/v2\/media?parent=1992"}],"curies":[{"name":"wp","href":"https:\/\/api.w.org\/{rel}","templated":true}]}}